{"id":9997,"date":"2019-11-28T14:41:34","date_gmt":"2019-11-28T13:41:34","guid":{"rendered":"https:\/\/americancollegeusa.com\/?post_type=product&#038;p=9997"},"modified":"2023-10-10T17:06:54","modified_gmt":"2023-10-10T15:06:54","slug":"short-molleton-bombers-logo-french-terry-marine-0036","status":"publish","type":"product","link":"https:\/\/americancollegeusa.com\/en\/product\/short-molleton-bombers-logo-french-terry-marine-0036\/","title":{"rendered":"Fleece shorts - Bombers logo French Terry Marine 0036"},"content":{"rendered":"<h2>Discover our men's navy jogging pants with logo:<span style=\"color: #b1273f;\"><span style=\"caret-color: #b1273f;\">\u00a0 \u00a0Short \u00a0Molleton French Terry<\/span><\/span><\/h2>\n<p>Adorned with the emblem <strong>American College USA<\/strong>, also present on our <a style=\"color: #b1273f;\" href=\"https:\/\/americancollegeusa.com\/en\/product-category\/homme\/blouson\/blouson-teddy-varsity-blouson\/\">Bombers<\/a>, notre Short jogging marine avec logo est 100% coton. Il est souvent difficile de trouver le v\u00eatement id\u00e9al \u00e0 porter quelles que soient les occasions. Alors n&rsquo;h\u00e9sitez plus, profitez de notre pantalon de jogging qui allie style et confort pour vous accompagner \u00e0 chaque instant de la journ\u00e9e !<\/p>\n<p>Notre Short de jogging est disponible en plusieurs tailles: M et L. De plus, la taille et les chevilles sont \u00e0 nos couleurs et l&rsquo;ensemble est bleu marine. Vous pouvez \u00e9galement retrouver la d\u00e9clinaison grise, anthracite et noire de notre produit.<br \/>\nEn effet, trendy, l\u00e9ger, d\u00e9contract\u00e9, souples, Pantalon Molleton\u00a0s&rsquo;adapte autant aux moments de d\u00e9tente, de sorties, qu&rsquo;aux entra\u00eenement sportifs ! Les adeptes de loungewear sauront reconna\u00eetre le confort sup\u00e9rieur des Shorte Molleton tandis que les mordus de <a style=\"text-decoration: none; color: black;\" href=\"https:\/\/fr.wikipedia.org\/wiki\/Sport\">sport<\/a> will appreciate its elastic qualities which allow a nice range of motion.<\/p>\n<p>When you buy a garment from our brand known as a guarantee of quality, you are choosing a product that lasts over time. Indeed, solid and well cut, the clothes <a style=\"color: #b1273f;\" href=\"https:\/\/americancollegeusa.com\/en\/\">American College USA<\/a> reflect our desire to bring you a high-end product.<\/p>","protected":false},"excerpt":{"rendered":"<p>Disponible en tailles \u00a0M L, ce Short de jogging est 100% coton et de couleur marine.<br \/>\nAdorned with a badge <a style=\"color: #b1273f;\" href=\"https:\/\/americancollegeusa.com\/en\/\">American College USA<\/a>.<\/p>","protected":false},"featured_media":10003,"comment_status":"open","ping_status":"closed","template":"","meta":{"_et_pb_use_builder":"","_et_pb_old_content":"","_et_gb_content_width":"","_exactmetrics_skip_tracking":false,"_exactmetrics_sitenote_active":false,"_exactmetrics_sitenote_note":"","_exactmetrics_sitenote_category":0},"product_brand":[],"product_cat":[39],"product_tag":[],"class_list":{"0":"post-9997","1":"product","2":"type-product","3":"status-publish","4":"has-post-thumbnail","6":"product_cat-pantalons","8":"first","9":"outofstock","10":"taxable","11":"shipping-taxable","12":"purchasable","13":"product-type-variable"},"yoast_head":"<!-- This site is optimized with the Yoast SEO plugin v26.9 - https:\/\/yoast.com\/product\/yoast-seo-wordpress\/ -->\n<title>Short Molleton French Terry bombers logo Marine - Jogging - American College USA<\/title>\n<meta name=\"description\" content=\"Trendy, d\u00e9contract\u00e9, souple, Short Molleton French Terry est un pantalon jogging Marine avec logo adapt\u00e9 autant aux moments de d\u00e9tente, qu&#039;aux entra\u00eenement sportifs !\" \/>\n<meta name=\"robots\" content=\"index, follow, max-snippet:-1, max-image-preview:large, max-video-preview:-1\" \/>\n<link rel=\"canonical\" href=\"https:\/\/americancollegeusa.com\/en\/product\/short-molleton-bombers-logo-french-terry-marine-0036\/\" \/>\n<meta property=\"og:locale\" content=\"en_US\" \/>\n<meta property=\"og:type\" content=\"article\" \/>\n<meta property=\"og:title\" content=\"Short Molleton French Terry bombers logo Marine - Jogging - American College USA\" \/>\n<meta property=\"og:description\" content=\"Trendy, d\u00e9contract\u00e9, souple, Short Molleton French Terry est un pantalon jogging Marine avec logo adapt\u00e9 autant aux moments de d\u00e9tente, qu&#039;aux entra\u00eenement sportifs !\" \/>\n<meta property=\"og:url\" content=\"https:\/\/americancollegeusa.com\/en\/product\/short-molleton-bombers-logo-french-terry-marine-0036\/\" \/>\n<meta property=\"og:site_name\" content=\"American College USA\" \/>\n<meta property=\"article:publisher\" content=\"https:\/\/www.facebook.com\/AmericanCollegeofficial\/?ref=bookmarks\" \/>\n<meta property=\"article:modified_time\" content=\"2023-10-10T15:06:54+00:00\" \/>\n<meta property=\"og:image\" content=\"https:\/\/americancollegeusa.com\/wp-content\/uploads\/2019\/11\/0046_SHORT_NAVY_2-scaled.jpg\" \/>\n\t<meta property=\"og:image:width\" content=\"1536\" \/>\n\t<meta property=\"og:image:height\" content=\"2560\" \/>\n\t<meta property=\"og:image:type\" content=\"image\/jpeg\" \/>\n<meta name=\"twitter:card\" content=\"summary_large_image\" \/>\n<meta name=\"twitter:label1\" content=\"Est. reading time\" \/>\n\t<meta name=\"twitter:data1\" content=\"1 minute\" \/>\n<script type=\"application\/ld+json\" class=\"yoast-schema-graph\">{\"@context\":\"https:\/\/schema.org\",\"@graph\":[{\"@type\":\"WebPage\",\"@id\":\"https:\/\/americancollegeusa.com\/produit\/short-molleton-bombers-logo-french-terry-marine-0036\/\",\"url\":\"https:\/\/americancollegeusa.com\/produit\/short-molleton-bombers-logo-french-terry-marine-0036\/\",\"name\":\"Short Molleton French Terry bombers logo Marine - Jogging - American College USA\",\"isPartOf\":{\"@id\":\"https:\/\/americancollegeusa.com\/#website\"},\"primaryImageOfPage\":{\"@id\":\"https:\/\/americancollegeusa.com\/produit\/short-molleton-bombers-logo-french-terry-marine-0036\/#primaryimage\"},\"image\":{\"@id\":\"https:\/\/americancollegeusa.com\/produit\/short-molleton-bombers-logo-french-terry-marine-0036\/#primaryimage\"},\"thumbnailUrl\":\"https:\/\/americancollegeusa.com\/wp-content\/uploads\/2019\/11\/0046_SHORT_NAVY_2-scaled.jpg\",\"datePublished\":\"2019-11-28T13:41:34+00:00\",\"dateModified\":\"2023-10-10T15:06:54+00:00\",\"description\":\"Trendy, d\u00e9contract\u00e9, souple, Short Molleton French Terry est un pantalon jogging Marine avec logo adapt\u00e9 autant aux moments de d\u00e9tente, qu'aux entra\u00eenement sportifs !\",\"breadcrumb\":{\"@id\":\"https:\/\/americancollegeusa.com\/produit\/short-molleton-bombers-logo-french-terry-marine-0036\/#breadcrumb\"},\"inLanguage\":\"en-US\",\"potentialAction\":[{\"@type\":\"ReadAction\",\"target\":[\"https:\/\/americancollegeusa.com\/produit\/short-molleton-bombers-logo-french-terry-marine-0036\/\"]}]},{\"@type\":\"ImageObject\",\"inLanguage\":\"en-US\",\"@id\":\"https:\/\/americancollegeusa.com\/produit\/short-molleton-bombers-logo-french-terry-marine-0036\/#primaryimage\",\"url\":\"https:\/\/americancollegeusa.com\/wp-content\/uploads\/2019\/11\/0046_SHORT_NAVY_2-scaled.jpg\",\"contentUrl\":\"https:\/\/americancollegeusa.com\/wp-content\/uploads\/2019\/11\/0046_SHORT_NAVY_2-scaled.jpg\",\"width\":1536,\"height\":2560},{\"@type\":\"BreadcrumbList\",\"@id\":\"https:\/\/americancollegeusa.com\/produit\/short-molleton-bombers-logo-french-terry-marine-0036\/#breadcrumb\",\"itemListElement\":[{\"@type\":\"ListItem\",\"position\":1,\"name\":\"Accueil\",\"item\":\"https:\/\/americancollegeusa.com\/\"},{\"@type\":\"ListItem\",\"position\":2,\"name\":\"Boutique\",\"item\":\"https:\/\/americancollegeusa.com\/boutique\/\"},{\"@type\":\"ListItem\",\"position\":3,\"name\":\"Short Molleton &#8211; Bombers logo French Terry Marine 0036\"}]},{\"@type\":\"WebSite\",\"@id\":\"https:\/\/americancollegeusa.com\/#website\",\"url\":\"https:\/\/americancollegeusa.com\/\",\"name\":\"American College USA\",\"description\":\"\",\"potentialAction\":[{\"@type\":\"SearchAction\",\"target\":{\"@type\":\"EntryPoint\",\"urlTemplate\":\"https:\/\/americancollegeusa.com\/?s={search_term_string}\"},\"query-input\":{\"@type\":\"PropertyValueSpecification\",\"valueRequired\":true,\"valueName\":\"search_term_string\"}}],\"inLanguage\":\"en-US\"}]}<\/script>\n<!-- \/ Yoast SEO plugin. -->","yoast_head_json":{"title":"Short Molleton French Terry bombers logo Marine - Jogging - American College USA","description":"Trendy, d\u00e9contract\u00e9, souple, Short Molleton French Terry est un pantalon jogging Marine avec logo adapt\u00e9 autant aux moments de d\u00e9tente, qu'aux entra\u00eenement sportifs !","robots":{"index":"index","follow":"follow","max-snippet":"max-snippet:-1","max-image-preview":"max-image-preview:large","max-video-preview":"max-video-preview:-1"},"canonical":"https:\/\/americancollegeusa.com\/en\/product\/short-molleton-bombers-logo-french-terry-marine-0036\/","og_locale":"en_US","og_type":"article","og_title":"Short Molleton French Terry bombers logo Marine - Jogging - American College USA","og_description":"Trendy, d\u00e9contract\u00e9, souple, Short Molleton French Terry est un pantalon jogging Marine avec logo adapt\u00e9 autant aux moments de d\u00e9tente, qu'aux entra\u00eenement sportifs !","og_url":"https:\/\/americancollegeusa.com\/en\/product\/short-molleton-bombers-logo-french-terry-marine-0036\/","og_site_name":"American College USA","article_publisher":"https:\/\/www.facebook.com\/AmericanCollegeofficial\/?ref=bookmarks","article_modified_time":"2023-10-10T15:06:54+00:00","og_image":[{"width":1536,"height":2560,"url":"https:\/\/americancollegeusa.com\/wp-content\/uploads\/2019\/11\/0046_SHORT_NAVY_2-scaled.jpg","type":"image\/jpeg"}],"twitter_card":"summary_large_image","twitter_misc":{"Est. reading time":"1 minute"},"schema":{"@context":"https:\/\/schema.org","@graph":[{"@type":"WebPage","@id":"https:\/\/americancollegeusa.com\/produit\/short-molleton-bombers-logo-french-terry-marine-0036\/","url":"https:\/\/americancollegeusa.com\/produit\/short-molleton-bombers-logo-french-terry-marine-0036\/","name":"Short Molleton French Terry bombers logo Marine - Jogging - American College USA","isPartOf":{"@id":"https:\/\/americancollegeusa.com\/#website"},"primaryImageOfPage":{"@id":"https:\/\/americancollegeusa.com\/produit\/short-molleton-bombers-logo-french-terry-marine-0036\/#primaryimage"},"image":{"@id":"https:\/\/americancollegeusa.com\/produit\/short-molleton-bombers-logo-french-terry-marine-0036\/#primaryimage"},"thumbnailUrl":"https:\/\/americancollegeusa.com\/wp-content\/uploads\/2019\/11\/0046_SHORT_NAVY_2-scaled.jpg","datePublished":"2019-11-28T13:41:34+00:00","dateModified":"2023-10-10T15:06:54+00:00","description":"Trendy, d\u00e9contract\u00e9, souple, Short Molleton French Terry est un pantalon jogging Marine avec logo adapt\u00e9 autant aux moments de d\u00e9tente, qu'aux entra\u00eenement sportifs !","breadcrumb":{"@id":"https:\/\/americancollegeusa.com\/produit\/short-molleton-bombers-logo-french-terry-marine-0036\/#breadcrumb"},"inLanguage":"en-US","potentialAction":[{"@type":"ReadAction","target":["https:\/\/americancollegeusa.com\/produit\/short-molleton-bombers-logo-french-terry-marine-0036\/"]}]},{"@type":"ImageObject","inLanguage":"en-US","@id":"https:\/\/americancollegeusa.com\/produit\/short-molleton-bombers-logo-french-terry-marine-0036\/#primaryimage","url":"https:\/\/americancollegeusa.com\/wp-content\/uploads\/2019\/11\/0046_SHORT_NAVY_2-scaled.jpg","contentUrl":"https:\/\/americancollegeusa.com\/wp-content\/uploads\/2019\/11\/0046_SHORT_NAVY_2-scaled.jpg","width":1536,"height":2560},{"@type":"BreadcrumbList","@id":"https:\/\/americancollegeusa.com\/produit\/short-molleton-bombers-logo-french-terry-marine-0036\/#breadcrumb","itemListElement":[{"@type":"ListItem","position":1,"name":"Accueil","item":"https:\/\/americancollegeusa.com\/"},{"@type":"ListItem","position":2,"name":"Boutique","item":"https:\/\/americancollegeusa.com\/boutique\/"},{"@type":"ListItem","position":3,"name":"Short Molleton &#8211; Bombers logo French Terry Marine 0036"}]},{"@type":"WebSite","@id":"https:\/\/americancollegeusa.com\/#website","url":"https:\/\/americancollegeusa.com\/","name":"American College USA","description":"","potentialAction":[{"@type":"SearchAction","target":{"@type":"EntryPoint","urlTemplate":"https:\/\/americancollegeusa.com\/?s={search_term_string}"},"query-input":{"@type":"PropertyValueSpecification","valueRequired":true,"valueName":"search_term_string"}}],"inLanguage":"en-US"}]}},"_links":{"self":[{"href":"https:\/\/americancollegeusa.com\/en\/wp-json\/wp\/v2\/product\/9997","targetHints":{"allow":["GET"]}}],"collection":[{"href":"https:\/\/americancollegeusa.com\/en\/wp-json\/wp\/v2\/product"}],"about":[{"href":"https:\/\/americancollegeusa.com\/en\/wp-json\/wp\/v2\/types\/product"}],"replies":[{"embeddable":true,"href":"https:\/\/americancollegeusa.com\/en\/wp-json\/wp\/v2\/comments?post=9997"}],"wp:featuredmedia":[{"embeddable":true,"href":"https:\/\/americancollegeusa.com\/en\/wp-json\/wp\/v2\/media\/10003"}],"wp:attachment":[{"href":"https:\/\/americancollegeusa.com\/en\/wp-json\/wp\/v2\/media?parent=9997"}],"wp:term":[{"taxonomy":"product_brand","embeddable":true,"href":"https:\/\/americancollegeusa.com\/en\/wp-json\/wp\/v2\/product_brand?post=9997"},{"taxonomy":"product_cat","embeddable":true,"href":"https:\/\/americancollegeusa.com\/en\/wp-json\/wp\/v2\/product_cat?post=9997"},{"taxonomy":"product_tag","embeddable":true,"href":"https:\/\/americancollegeusa.com\/en\/wp-json\/wp\/v2\/product_tag?post=9997"}],"curies":[{"name":"wp","href":"https:\/\/api.w.org\/{rel}","templated":true}]}}