{"id":9989,"date":"2019-11-28T14:29:22","date_gmt":"2019-11-28T13:29:22","guid":{"rendered":"https:\/\/americancollegeusa.com\/?post_type=product&#038;p=9989"},"modified":"2023-10-10T16:21:52","modified_gmt":"2023-10-10T14:21:52","slug":"pantalon-molleton-bombers-logo-marine-0036-frenchterry","status":"publish","type":"product","link":"https:\/\/americancollegeusa.com\/en\/product\/pantalon-molleton-bombers-logo-marine-0036-frenchterry\/","title":{"rendered":"Fleece pants - Bombers logo French Terry Marine 0036"},"content":{"rendered":"<h2>Discover our black jogging pants navy with logo:\u00a0<span style=\"color: #b1273f;\"><span style=\"caret-color: #b1273f;\">French Terry Fleece Pants<\/span><\/span><\/h2>\n<p>Adorned with the emblem <strong>American College USA<\/strong>, also present on our <a style=\"color: #b1273f;\" href=\"https:\/\/americancollegeusa.com\/en\/product-category\/homme\/blouson\/blouson-teddy-varsity-blouson\/\">Bombers<\/a>, our black jogging pants with logo are made of cotton and polyester. It is often difficult to find the ideal garment to wear on any occasion. So do not hesitate, take advantage of our jogging pants which combine style and comfort to accompany you at every moment of the day!<\/p>\n<p>Our jogging pants are available in several sizes: M and L. In addition, the size and ankles are in our colors and the whole is black. You can also find the grey, navy and anthracite version of our product.<br \/>\nIndeed, trendy, light, relaxed, flexible, Fleece Pants adapts as much to moments of relaxation, outings, as to sports training! Loungewear enthusiasts will recognize the superior comfort of Fleece Pants while fans of <a style=\"text-decoration: none; color: black;\" href=\"https:\/\/fr.wikipedia.org\/wiki\/Sport\">sport<\/a> will appreciate its elastic qualities which allow a nice range of motion.<\/p>\n<p>When you buy a garment from our brand known as a guarantee of quality, you are choosing a product that lasts over time. Indeed, solid and well cut, the clothes <a style=\"color: #b1273f;\" href=\"https:\/\/americancollegeusa.com\/en\/\">American College USA<\/a> reflect our desire to bring you a high-end product.<\/p>","protected":false},"excerpt":{"rendered":"<p>Available in sizes S, M L, these jogging pants are made of 100% cotton and navy.<br \/>\nAdorned with a badge <a style=\"color: #b1273f;\" href=\"https:\/\/americancollegeusa.com\/en\/\">American College USA<\/a>.<\/p>","protected":false},"featured_media":9994,"comment_status":"open","ping_status":"closed","template":"","meta":{"_et_pb_use_builder":"","_et_pb_old_content":"","_et_gb_content_width":"","_exactmetrics_skip_tracking":false,"_exactmetrics_sitenote_active":false,"_exactmetrics_sitenote_note":"","_exactmetrics_sitenote_category":0},"product_brand":[],"product_cat":[39,40],"product_tag":[],"class_list":{"0":"post-9989","1":"product","2":"type-product","3":"status-publish","4":"has-post-thumbnail","6":"product_cat-pantalons","7":"product_cat-pantalons-femme","9":"first","10":"outofstock","11":"taxable","12":"shipping-taxable","13":"purchasable","14":"product-type-variable"},"yoast_head":"<!-- This site is optimized with the Yoast SEO plugin v26.9 - https:\/\/yoast.com\/product\/yoast-seo-wordpress\/ -->\n<title>Pantalon Molleton French Terry bombers logo Marine - Jogging - American College USA<\/title>\n<meta name=\"description\" content=\"Trendy, d\u00e9contract\u00e9, souple, Pantalon Molleton French Terry est un pantalon jogging Marine avec logo adapt\u00e9 autant aux moments de d\u00e9tente, qu&#039;aux entra\u00eenement sportifs !\" \/>\n<meta name=\"robots\" content=\"index, follow, max-snippet:-1, max-image-preview:large, max-video-preview:-1\" \/>\n<link rel=\"canonical\" href=\"https:\/\/americancollegeusa.com\/en\/product\/pantalon-molleton-bombers-logo-marine-0036-frenchterry\/\" \/>\n<meta property=\"og:locale\" content=\"en_US\" \/>\n<meta property=\"og:type\" content=\"article\" \/>\n<meta property=\"og:title\" content=\"Pantalon Molleton French Terry bombers logo Marine - Jogging - American College USA\" \/>\n<meta property=\"og:description\" content=\"Trendy, d\u00e9contract\u00e9, souple, Pantalon Molleton French Terry est un pantalon jogging Marine avec logo adapt\u00e9 autant aux moments de d\u00e9tente, qu&#039;aux entra\u00eenement sportifs !\" \/>\n<meta property=\"og:url\" content=\"https:\/\/americancollegeusa.com\/en\/product\/pantalon-molleton-bombers-logo-marine-0036-frenchterry\/\" \/>\n<meta property=\"og:site_name\" content=\"American College USA\" \/>\n<meta property=\"article:publisher\" content=\"https:\/\/www.facebook.com\/AmericanCollegeofficial\/?ref=bookmarks\" \/>\n<meta property=\"article:modified_time\" content=\"2023-10-10T14:21:52+00:00\" \/>\n<meta property=\"og:image\" content=\"https:\/\/americancollegeusa.com\/wp-content\/uploads\/2019\/11\/0028-marine-frenc-scaled.jpg\" \/>\n\t<meta property=\"og:image:width\" content=\"1536\" \/>\n\t<meta property=\"og:image:height\" content=\"2560\" \/>\n\t<meta property=\"og:image:type\" content=\"image\/jpeg\" \/>\n<meta name=\"twitter:card\" content=\"summary_large_image\" \/>\n<meta name=\"twitter:label1\" content=\"Est. reading time\" \/>\n\t<meta name=\"twitter:data1\" content=\"1 minute\" \/>\n<script type=\"application\/ld+json\" class=\"yoast-schema-graph\">{\"@context\":\"https:\/\/schema.org\",\"@graph\":[{\"@type\":\"WebPage\",\"@id\":\"https:\/\/americancollegeusa.com\/produit\/pantalon-molleton-bombers-logo-marine-0036-frenchterry\/\",\"url\":\"https:\/\/americancollegeusa.com\/produit\/pantalon-molleton-bombers-logo-marine-0036-frenchterry\/\",\"name\":\"Pantalon Molleton French Terry bombers logo Marine - Jogging - American College USA\",\"isPartOf\":{\"@id\":\"https:\/\/americancollegeusa.com\/#website\"},\"primaryImageOfPage\":{\"@id\":\"https:\/\/americancollegeusa.com\/produit\/pantalon-molleton-bombers-logo-marine-0036-frenchterry\/#primaryimage\"},\"image\":{\"@id\":\"https:\/\/americancollegeusa.com\/produit\/pantalon-molleton-bombers-logo-marine-0036-frenchterry\/#primaryimage\"},\"thumbnailUrl\":\"https:\/\/americancollegeusa.com\/wp-content\/uploads\/2019\/11\/0028-marine-frenc-scaled.jpg\",\"datePublished\":\"2019-11-28T13:29:22+00:00\",\"dateModified\":\"2023-10-10T14:21:52+00:00\",\"description\":\"Trendy, d\u00e9contract\u00e9, souple, Pantalon Molleton French Terry est un pantalon jogging Marine avec logo adapt\u00e9 autant aux moments de d\u00e9tente, qu'aux entra\u00eenement sportifs !\",\"breadcrumb\":{\"@id\":\"https:\/\/americancollegeusa.com\/produit\/pantalon-molleton-bombers-logo-marine-0036-frenchterry\/#breadcrumb\"},\"inLanguage\":\"en-US\",\"potentialAction\":[{\"@type\":\"ReadAction\",\"target\":[\"https:\/\/americancollegeusa.com\/produit\/pantalon-molleton-bombers-logo-marine-0036-frenchterry\/\"]}]},{\"@type\":\"ImageObject\",\"inLanguage\":\"en-US\",\"@id\":\"https:\/\/americancollegeusa.com\/produit\/pantalon-molleton-bombers-logo-marine-0036-frenchterry\/#primaryimage\",\"url\":\"https:\/\/americancollegeusa.com\/wp-content\/uploads\/2019\/11\/0028-marine-frenc-scaled.jpg\",\"contentUrl\":\"https:\/\/americancollegeusa.com\/wp-content\/uploads\/2019\/11\/0028-marine-frenc-scaled.jpg\",\"width\":1536,\"height\":2560},{\"@type\":\"BreadcrumbList\",\"@id\":\"https:\/\/americancollegeusa.com\/produit\/pantalon-molleton-bombers-logo-marine-0036-frenchterry\/#breadcrumb\",\"itemListElement\":[{\"@type\":\"ListItem\",\"position\":1,\"name\":\"Accueil\",\"item\":\"https:\/\/americancollegeusa.com\/\"},{\"@type\":\"ListItem\",\"position\":2,\"name\":\"Boutique\",\"item\":\"https:\/\/americancollegeusa.com\/boutique\/\"},{\"@type\":\"ListItem\",\"position\":3,\"name\":\"Pantalon Molleton &#8211; Bombers logo French Terry Marine 0036\"}]},{\"@type\":\"WebSite\",\"@id\":\"https:\/\/americancollegeusa.com\/#website\",\"url\":\"https:\/\/americancollegeusa.com\/\",\"name\":\"American College USA\",\"description\":\"\",\"potentialAction\":[{\"@type\":\"SearchAction\",\"target\":{\"@type\":\"EntryPoint\",\"urlTemplate\":\"https:\/\/americancollegeusa.com\/?s={search_term_string}\"},\"query-input\":{\"@type\":\"PropertyValueSpecification\",\"valueRequired\":true,\"valueName\":\"search_term_string\"}}],\"inLanguage\":\"en-US\"}]}<\/script>\n<!-- \/ Yoast SEO plugin. -->","yoast_head_json":{"title":"Pantalon Molleton French Terry bombers logo Marine - Jogging - American College USA","description":"Trendy, d\u00e9contract\u00e9, souple, Pantalon Molleton French Terry est un pantalon jogging Marine avec logo adapt\u00e9 autant aux moments de d\u00e9tente, qu'aux entra\u00eenement sportifs !","robots":{"index":"index","follow":"follow","max-snippet":"max-snippet:-1","max-image-preview":"max-image-preview:large","max-video-preview":"max-video-preview:-1"},"canonical":"https:\/\/americancollegeusa.com\/en\/product\/pantalon-molleton-bombers-logo-marine-0036-frenchterry\/","og_locale":"en_US","og_type":"article","og_title":"Pantalon Molleton French Terry bombers logo Marine - Jogging - American College USA","og_description":"Trendy, d\u00e9contract\u00e9, souple, Pantalon Molleton French Terry est un pantalon jogging Marine avec logo adapt\u00e9 autant aux moments de d\u00e9tente, qu'aux entra\u00eenement sportifs !","og_url":"https:\/\/americancollegeusa.com\/en\/product\/pantalon-molleton-bombers-logo-marine-0036-frenchterry\/","og_site_name":"American College USA","article_publisher":"https:\/\/www.facebook.com\/AmericanCollegeofficial\/?ref=bookmarks","article_modified_time":"2023-10-10T14:21:52+00:00","og_image":[{"width":1536,"height":2560,"url":"https:\/\/americancollegeusa.com\/wp-content\/uploads\/2019\/11\/0028-marine-frenc-scaled.jpg","type":"image\/jpeg"}],"twitter_card":"summary_large_image","twitter_misc":{"Est. reading time":"1 minute"},"schema":{"@context":"https:\/\/schema.org","@graph":[{"@type":"WebPage","@id":"https:\/\/americancollegeusa.com\/produit\/pantalon-molleton-bombers-logo-marine-0036-frenchterry\/","url":"https:\/\/americancollegeusa.com\/produit\/pantalon-molleton-bombers-logo-marine-0036-frenchterry\/","name":"Pantalon Molleton French Terry bombers logo Marine - Jogging - American College USA","isPartOf":{"@id":"https:\/\/americancollegeusa.com\/#website"},"primaryImageOfPage":{"@id":"https:\/\/americancollegeusa.com\/produit\/pantalon-molleton-bombers-logo-marine-0036-frenchterry\/#primaryimage"},"image":{"@id":"https:\/\/americancollegeusa.com\/produit\/pantalon-molleton-bombers-logo-marine-0036-frenchterry\/#primaryimage"},"thumbnailUrl":"https:\/\/americancollegeusa.com\/wp-content\/uploads\/2019\/11\/0028-marine-frenc-scaled.jpg","datePublished":"2019-11-28T13:29:22+00:00","dateModified":"2023-10-10T14:21:52+00:00","description":"Trendy, d\u00e9contract\u00e9, souple, Pantalon Molleton French Terry est un pantalon jogging Marine avec logo adapt\u00e9 autant aux moments de d\u00e9tente, qu'aux entra\u00eenement sportifs !","breadcrumb":{"@id":"https:\/\/americancollegeusa.com\/produit\/pantalon-molleton-bombers-logo-marine-0036-frenchterry\/#breadcrumb"},"inLanguage":"en-US","potentialAction":[{"@type":"ReadAction","target":["https:\/\/americancollegeusa.com\/produit\/pantalon-molleton-bombers-logo-marine-0036-frenchterry\/"]}]},{"@type":"ImageObject","inLanguage":"en-US","@id":"https:\/\/americancollegeusa.com\/produit\/pantalon-molleton-bombers-logo-marine-0036-frenchterry\/#primaryimage","url":"https:\/\/americancollegeusa.com\/wp-content\/uploads\/2019\/11\/0028-marine-frenc-scaled.jpg","contentUrl":"https:\/\/americancollegeusa.com\/wp-content\/uploads\/2019\/11\/0028-marine-frenc-scaled.jpg","width":1536,"height":2560},{"@type":"BreadcrumbList","@id":"https:\/\/americancollegeusa.com\/produit\/pantalon-molleton-bombers-logo-marine-0036-frenchterry\/#breadcrumb","itemListElement":[{"@type":"ListItem","position":1,"name":"Accueil","item":"https:\/\/americancollegeusa.com\/"},{"@type":"ListItem","position":2,"name":"Boutique","item":"https:\/\/americancollegeusa.com\/boutique\/"},{"@type":"ListItem","position":3,"name":"Pantalon Molleton &#8211; Bombers logo French Terry Marine 0036"}]},{"@type":"WebSite","@id":"https:\/\/americancollegeusa.com\/#website","url":"https:\/\/americancollegeusa.com\/","name":"American College USA","description":"","potentialAction":[{"@type":"SearchAction","target":{"@type":"EntryPoint","urlTemplate":"https:\/\/americancollegeusa.com\/?s={search_term_string}"},"query-input":{"@type":"PropertyValueSpecification","valueRequired":true,"valueName":"search_term_string"}}],"inLanguage":"en-US"}]}},"_links":{"self":[{"href":"https:\/\/americancollegeusa.com\/en\/wp-json\/wp\/v2\/product\/9989","targetHints":{"allow":["GET"]}}],"collection":[{"href":"https:\/\/americancollegeusa.com\/en\/wp-json\/wp\/v2\/product"}],"about":[{"href":"https:\/\/americancollegeusa.com\/en\/wp-json\/wp\/v2\/types\/product"}],"replies":[{"embeddable":true,"href":"https:\/\/americancollegeusa.com\/en\/wp-json\/wp\/v2\/comments?post=9989"}],"wp:featuredmedia":[{"embeddable":true,"href":"https:\/\/americancollegeusa.com\/en\/wp-json\/wp\/v2\/media\/9994"}],"wp:attachment":[{"href":"https:\/\/americancollegeusa.com\/en\/wp-json\/wp\/v2\/media?parent=9989"}],"wp:term":[{"taxonomy":"product_brand","embeddable":true,"href":"https:\/\/americancollegeusa.com\/en\/wp-json\/wp\/v2\/product_brand?post=9989"},{"taxonomy":"product_cat","embeddable":true,"href":"https:\/\/americancollegeusa.com\/en\/wp-json\/wp\/v2\/product_cat?post=9989"},{"taxonomy":"product_tag","embeddable":true,"href":"https:\/\/americancollegeusa.com\/en\/wp-json\/wp\/v2\/product_tag?post=9989"}],"curies":[{"name":"wp","href":"https:\/\/api.w.org\/{rel}","templated":true}]}}