{"id":9966,"date":"2019-11-28T12:23:32","date_gmt":"2019-11-28T11:23:32","guid":{"rendered":"https:\/\/americancollegeusa.com\/?post_type=product&#038;p=9966"},"modified":"2023-10-10T16:39:09","modified_gmt":"2023-10-10T14:39:09","slug":"sweat-zippe-hoodie-university-marine-0038-frechterry","status":"publish","type":"product","link":"https:\/\/americancollegeusa.com\/en\/product\/sweat-zippe-hoodie-university-marine-0038-frechterry\/","title":{"rendered":"Zipped Hoodie University French Terry Navy 0038"},"content":{"rendered":"<h2>Discover our Zipped Sweatshirt\u00a0<span style=\"color: #b1273f;\">Hoodie University French Terry Marine!<\/span><\/h2>\n<p>Loungewear fans will appreciate the superior comfort of <a style=\"color: #b1273f;\" href=\"https:\/\/americancollegeusa.com\/en\/product-category\/homme\/hoodies\/\">Hoodies<\/a>\u00a0University French Terry marine 100% Cotton. While the followers of <a style=\"text-decoration: none; color: black;\" href=\"https:\/\/fr.wikipedia.org\/wiki\/Sport\">sport<\/a> will benefit from its elastic material which allows ample movements, whatever the sporting practice! Are you looking for a piece of clothing that can accompany you throughout the day? Do not hesitate !<\/p>\n<p>Indeed, our sweatshirt is available in sizes M and L. In addition, you can also find it in variations of burgundy and gray, as well as in its female version, in the woman category. In fact, this hoodie is flexible, relaxed and perfectly suited to your outings, moments of relaxation, or sports training.<br \/>\nAdjustable drawstring hood and large kangaroo pocket. Ribbed cuffs and hem. patch <strong>American College USA<\/strong> on the sleeve and inserts on the sides. The set is 100% cotton and navy colored.<\/p>\n<p>By purchasing one of the products of our brand known for its quality, you choose an item that will last you over time. Indeed, solid and well cut, the clothes <a style=\"color: #b1273f;\" href=\"https:\/\/americancollegeusa.com\/en\/\">American College USA<\/a> reflect our desire to bring you a high-end product.<\/p>","protected":false},"excerpt":{"rendered":"<p>Available in sizes M, L, this Hoodie Jacket University French Terry navy man is made of 100% cotton.<br \/>\nAdjustable drawstring hood and large kangaroo pocket. Ribbed cuffs and hem. patch <a style=\"color: #b1273f;\" href=\"https:\/\/americancollegeusa.com\/en\/\">American College USA<\/a> on the sleeve and inserts on the sides. The set is in cotton and polyester and in Navy color.<\/p>\n<p>&nbsp;<\/p>","protected":false},"featured_media":9955,"comment_status":"open","ping_status":"closed","template":"","meta":{"_et_pb_use_builder":"","_et_pb_old_content":"","_et_gb_content_width":"","_exactmetrics_skip_tracking":false,"_exactmetrics_sitenote_active":false,"_exactmetrics_sitenote_note":"","_exactmetrics_sitenote_category":0},"product_brand":[],"product_cat":[47,48],"product_tag":[],"class_list":{"0":"post-9966","1":"product","2":"type-product","3":"status-publish","4":"has-post-thumbnail","6":"product_cat-hoodies","7":"product_cat-hoodies-femme","9":"first","10":"outofstock","11":"taxable","12":"shipping-taxable","13":"purchasable","14":"product-type-variable"},"yoast_head":"<!-- This site is optimized with the Yoast SEO plugin v26.9 - https:\/\/yoast.com\/product\/yoast-seo-wordpress\/ -->\n<title>Sweat Zipp\u00e9 Hoodie University French Terry Marine - American College USA<\/title>\n<meta name=\"description\" content=\"D\u00e9couvrez notre Sweat Zipp\u00e9 Hoodie University French Terry Marine. Capuche r\u00e9glable \u00e0 cordon et grande poche kangourou. Les fans de loungewear sauront appr\u00e9cier !\" \/>\n<meta name=\"robots\" content=\"index, follow, max-snippet:-1, max-image-preview:large, max-video-preview:-1\" \/>\n<link rel=\"canonical\" href=\"https:\/\/americancollegeusa.com\/en\/product\/sweat-zippe-hoodie-university-marine-0038-frechterry\/\" \/>\n<meta property=\"og:locale\" content=\"en_US\" \/>\n<meta property=\"og:type\" content=\"article\" \/>\n<meta property=\"og:title\" content=\"Sweat Zipp\u00e9 Hoodie University French Terry Marine - American College USA\" \/>\n<meta property=\"og:description\" content=\"D\u00e9couvrez notre Sweat Zipp\u00e9 Hoodie University French Terry Marine. Capuche r\u00e9glable \u00e0 cordon et grande poche kangourou. Les fans de loungewear sauront appr\u00e9cier !\" \/>\n<meta property=\"og:url\" content=\"https:\/\/americancollegeusa.com\/en\/product\/sweat-zippe-hoodie-university-marine-0038-frechterry\/\" \/>\n<meta property=\"og:site_name\" content=\"American College USA\" \/>\n<meta property=\"article:publisher\" content=\"https:\/\/www.facebook.com\/AmericanCollegeofficial\/?ref=bookmarks\" \/>\n<meta property=\"article:modified_time\" content=\"2023-10-10T14:39:09+00:00\" \/>\n<meta property=\"og:image\" content=\"https:\/\/americancollegeusa.com\/wp-content\/uploads\/2019\/11\/AC_SWEAT_0040-scaled.jpg\" \/>\n\t<meta property=\"og:image:width\" content=\"1536\" \/>\n\t<meta property=\"og:image:height\" content=\"2560\" \/>\n\t<meta property=\"og:image:type\" content=\"image\/jpeg\" \/>\n<meta name=\"twitter:card\" content=\"summary_large_image\" \/>\n<meta name=\"twitter:label1\" content=\"Est. reading time\" \/>\n\t<meta name=\"twitter:data1\" content=\"1 minute\" \/>\n<script type=\"application\/ld+json\" class=\"yoast-schema-graph\">{\"@context\":\"https:\/\/schema.org\",\"@graph\":[{\"@type\":\"WebPage\",\"@id\":\"https:\/\/americancollegeusa.com\/produit\/sweat-zippe-hoodie-university-marine-0038-frechterry\/\",\"url\":\"https:\/\/americancollegeusa.com\/produit\/sweat-zippe-hoodie-university-marine-0038-frechterry\/\",\"name\":\"Sweat Zipp\u00e9 Hoodie University French Terry Marine - American College USA\",\"isPartOf\":{\"@id\":\"https:\/\/americancollegeusa.com\/#website\"},\"primaryImageOfPage\":{\"@id\":\"https:\/\/americancollegeusa.com\/produit\/sweat-zippe-hoodie-university-marine-0038-frechterry\/#primaryimage\"},\"image\":{\"@id\":\"https:\/\/americancollegeusa.com\/produit\/sweat-zippe-hoodie-university-marine-0038-frechterry\/#primaryimage\"},\"thumbnailUrl\":\"https:\/\/americancollegeusa.com\/wp-content\/uploads\/2019\/11\/AC_SWEAT_0040-scaled.jpg\",\"datePublished\":\"2019-11-28T11:23:32+00:00\",\"dateModified\":\"2023-10-10T14:39:09+00:00\",\"description\":\"D\u00e9couvrez notre Sweat Zipp\u00e9 Hoodie University French Terry Marine. Capuche r\u00e9glable \u00e0 cordon et grande poche kangourou. Les fans de loungewear sauront appr\u00e9cier !\",\"breadcrumb\":{\"@id\":\"https:\/\/americancollegeusa.com\/produit\/sweat-zippe-hoodie-university-marine-0038-frechterry\/#breadcrumb\"},\"inLanguage\":\"en-US\",\"potentialAction\":[{\"@type\":\"ReadAction\",\"target\":[\"https:\/\/americancollegeusa.com\/produit\/sweat-zippe-hoodie-university-marine-0038-frechterry\/\"]}]},{\"@type\":\"ImageObject\",\"inLanguage\":\"en-US\",\"@id\":\"https:\/\/americancollegeusa.com\/produit\/sweat-zippe-hoodie-university-marine-0038-frechterry\/#primaryimage\",\"url\":\"https:\/\/americancollegeusa.com\/wp-content\/uploads\/2019\/11\/AC_SWEAT_0040-scaled.jpg\",\"contentUrl\":\"https:\/\/americancollegeusa.com\/wp-content\/uploads\/2019\/11\/AC_SWEAT_0040-scaled.jpg\",\"width\":1536,\"height\":2560},{\"@type\":\"BreadcrumbList\",\"@id\":\"https:\/\/americancollegeusa.com\/produit\/sweat-zippe-hoodie-university-marine-0038-frechterry\/#breadcrumb\",\"itemListElement\":[{\"@type\":\"ListItem\",\"position\":1,\"name\":\"Accueil\",\"item\":\"https:\/\/americancollegeusa.com\/\"},{\"@type\":\"ListItem\",\"position\":2,\"name\":\"Boutique\",\"item\":\"https:\/\/americancollegeusa.com\/boutique\/\"},{\"@type\":\"ListItem\",\"position\":3,\"name\":\"Sweat Zipp\u00e9 Hoodie University French Terry Marine 0038\"}]},{\"@type\":\"WebSite\",\"@id\":\"https:\/\/americancollegeusa.com\/#website\",\"url\":\"https:\/\/americancollegeusa.com\/\",\"name\":\"American College USA\",\"description\":\"\",\"potentialAction\":[{\"@type\":\"SearchAction\",\"target\":{\"@type\":\"EntryPoint\",\"urlTemplate\":\"https:\/\/americancollegeusa.com\/?s={search_term_string}\"},\"query-input\":{\"@type\":\"PropertyValueSpecification\",\"valueRequired\":true,\"valueName\":\"search_term_string\"}}],\"inLanguage\":\"en-US\"}]}<\/script>\n<!-- \/ Yoast SEO plugin. -->","yoast_head_json":{"title":"Sweat Zipp\u00e9 Hoodie University French Terry Marine - American College USA","description":"D\u00e9couvrez notre Sweat Zipp\u00e9 Hoodie University French Terry Marine. Capuche r\u00e9glable \u00e0 cordon et grande poche kangourou. Les fans de loungewear sauront appr\u00e9cier !","robots":{"index":"index","follow":"follow","max-snippet":"max-snippet:-1","max-image-preview":"max-image-preview:large","max-video-preview":"max-video-preview:-1"},"canonical":"https:\/\/americancollegeusa.com\/en\/product\/sweat-zippe-hoodie-university-marine-0038-frechterry\/","og_locale":"en_US","og_type":"article","og_title":"Sweat Zipp\u00e9 Hoodie University French Terry Marine - American College USA","og_description":"D\u00e9couvrez notre Sweat Zipp\u00e9 Hoodie University French Terry Marine. Capuche r\u00e9glable \u00e0 cordon et grande poche kangourou. Les fans de loungewear sauront appr\u00e9cier !","og_url":"https:\/\/americancollegeusa.com\/en\/product\/sweat-zippe-hoodie-university-marine-0038-frechterry\/","og_site_name":"American College USA","article_publisher":"https:\/\/www.facebook.com\/AmericanCollegeofficial\/?ref=bookmarks","article_modified_time":"2023-10-10T14:39:09+00:00","og_image":[{"width":1536,"height":2560,"url":"https:\/\/americancollegeusa.com\/wp-content\/uploads\/2019\/11\/AC_SWEAT_0040-scaled.jpg","type":"image\/jpeg"}],"twitter_card":"summary_large_image","twitter_misc":{"Est. reading time":"1 minute"},"schema":{"@context":"https:\/\/schema.org","@graph":[{"@type":"WebPage","@id":"https:\/\/americancollegeusa.com\/produit\/sweat-zippe-hoodie-university-marine-0038-frechterry\/","url":"https:\/\/americancollegeusa.com\/produit\/sweat-zippe-hoodie-university-marine-0038-frechterry\/","name":"Sweat Zipp\u00e9 Hoodie University French Terry Marine - American College USA","isPartOf":{"@id":"https:\/\/americancollegeusa.com\/#website"},"primaryImageOfPage":{"@id":"https:\/\/americancollegeusa.com\/produit\/sweat-zippe-hoodie-university-marine-0038-frechterry\/#primaryimage"},"image":{"@id":"https:\/\/americancollegeusa.com\/produit\/sweat-zippe-hoodie-university-marine-0038-frechterry\/#primaryimage"},"thumbnailUrl":"https:\/\/americancollegeusa.com\/wp-content\/uploads\/2019\/11\/AC_SWEAT_0040-scaled.jpg","datePublished":"2019-11-28T11:23:32+00:00","dateModified":"2023-10-10T14:39:09+00:00","description":"D\u00e9couvrez notre Sweat Zipp\u00e9 Hoodie University French Terry Marine. Capuche r\u00e9glable \u00e0 cordon et grande poche kangourou. Les fans de loungewear sauront appr\u00e9cier !","breadcrumb":{"@id":"https:\/\/americancollegeusa.com\/produit\/sweat-zippe-hoodie-university-marine-0038-frechterry\/#breadcrumb"},"inLanguage":"en-US","potentialAction":[{"@type":"ReadAction","target":["https:\/\/americancollegeusa.com\/produit\/sweat-zippe-hoodie-university-marine-0038-frechterry\/"]}]},{"@type":"ImageObject","inLanguage":"en-US","@id":"https:\/\/americancollegeusa.com\/produit\/sweat-zippe-hoodie-university-marine-0038-frechterry\/#primaryimage","url":"https:\/\/americancollegeusa.com\/wp-content\/uploads\/2019\/11\/AC_SWEAT_0040-scaled.jpg","contentUrl":"https:\/\/americancollegeusa.com\/wp-content\/uploads\/2019\/11\/AC_SWEAT_0040-scaled.jpg","width":1536,"height":2560},{"@type":"BreadcrumbList","@id":"https:\/\/americancollegeusa.com\/produit\/sweat-zippe-hoodie-university-marine-0038-frechterry\/#breadcrumb","itemListElement":[{"@type":"ListItem","position":1,"name":"Accueil","item":"https:\/\/americancollegeusa.com\/"},{"@type":"ListItem","position":2,"name":"Boutique","item":"https:\/\/americancollegeusa.com\/boutique\/"},{"@type":"ListItem","position":3,"name":"Sweat Zipp\u00e9 Hoodie University French Terry Marine 0038"}]},{"@type":"WebSite","@id":"https:\/\/americancollegeusa.com\/#website","url":"https:\/\/americancollegeusa.com\/","name":"American College USA","description":"","potentialAction":[{"@type":"SearchAction","target":{"@type":"EntryPoint","urlTemplate":"https:\/\/americancollegeusa.com\/?s={search_term_string}"},"query-input":{"@type":"PropertyValueSpecification","valueRequired":true,"valueName":"search_term_string"}}],"inLanguage":"en-US"}]}},"_links":{"self":[{"href":"https:\/\/americancollegeusa.com\/en\/wp-json\/wp\/v2\/product\/9966","targetHints":{"allow":["GET"]}}],"collection":[{"href":"https:\/\/americancollegeusa.com\/en\/wp-json\/wp\/v2\/product"}],"about":[{"href":"https:\/\/americancollegeusa.com\/en\/wp-json\/wp\/v2\/types\/product"}],"replies":[{"embeddable":true,"href":"https:\/\/americancollegeusa.com\/en\/wp-json\/wp\/v2\/comments?post=9966"}],"wp:featuredmedia":[{"embeddable":true,"href":"https:\/\/americancollegeusa.com\/en\/wp-json\/wp\/v2\/media\/9955"}],"wp:attachment":[{"href":"https:\/\/americancollegeusa.com\/en\/wp-json\/wp\/v2\/media?parent=9966"}],"wp:term":[{"taxonomy":"product_brand","embeddable":true,"href":"https:\/\/americancollegeusa.com\/en\/wp-json\/wp\/v2\/product_brand?post=9966"},{"taxonomy":"product_cat","embeddable":true,"href":"https:\/\/americancollegeusa.com\/en\/wp-json\/wp\/v2\/product_cat?post=9966"},{"taxonomy":"product_tag","embeddable":true,"href":"https:\/\/americancollegeusa.com\/en\/wp-json\/wp\/v2\/product_tag?post=9966"}],"curies":[{"name":"wp","href":"https:\/\/api.w.org\/{rel}","templated":true}]}}