{"id":9947,"date":"2019-11-28T11:22:05","date_gmt":"2019-11-28T10:22:05","guid":{"rendered":"https:\/\/americancollegeusa.com\/?post_type=product&#038;p=9947"},"modified":"2025-08-01T08:30:24","modified_gmt":"2025-08-01T06:30:24","slug":"polo-ac-gris","status":"publish","type":"product","link":"https:\/\/americancollegeusa.com\/en\/product\/polo-ac-gris\/","title":{"rendered":"Polo logo Bombers Gray 0012"},"content":{"rendered":"<h2>Discover our <span style=\"color: #b1273f;\">Polo AC Gray Men<\/span><\/h2>\n<p>Am\u00e9liorez votre style de fa\u00e7on \u00e9l\u00e9gante gr\u00e2ce au polo American College parfaitement adapt\u00e9 \u00e0 vos sorties et moments de d\u00e9tentes.<\/p>\n<p>Ce Polo est souple, d\u00e9contract\u00e9 et extr\u00eamement confortable gr\u00e2ce \u00e0 tout le savoir faire de la marque qui propose des v\u00eatements loungewear \u00e0 ses passionn\u00e9s.<\/p>\n<p>De fait, il n&rsquo;est pas toujours ais\u00e9 de trouver un v\u00eatement qui puisse \u00eatre port\u00e9 toute la journ\u00e9e alliant confort et style, alors n&rsquo;h\u00e9sitez plus et profitez\u00a0 de nos v\u00eatements disponibles sur le site !<\/p>\n<p>Notre Polo est propos\u00e9 avec notre logo <strong>AC<\/strong> gaufr\u00e9 en relief sur la poitrine. L&rsquo;ensemble est en coton et polyester et de couleur grise.<\/p>\n<p>In fact, by purchasing one of the products of our brand recognized as a guarantee of quality, you are choosing an article that will last over time. Indeed, solid and well cut, the clothes <a style=\"color: #b1273f;\" href=\"https:\/\/americancollegeusa.com\/en\/\">American College USA<\/a> refl\u00e8tent notre volont\u00e9 de vous apporter un produit haut de gamme et durable.<\/p>","protected":false},"excerpt":{"rendered":"<p>Available in sizes M, this men's navy AC vest is made of cotton \/ polyester.<br \/>\nAdorned with the logo <a style=\"color: #b1273f;\" href=\"https:\/\/americancollegeusa.com\/en\/\">American College USA<\/a> embossed on the chest.<\/p>","protected":false},"featured_media":10007,"comment_status":"open","ping_status":"closed","template":"","meta":{"_et_pb_use_builder":"","_et_pb_old_content":"","_et_gb_content_width":"","_exactmetrics_skip_tracking":false,"_exactmetrics_sitenote_active":false,"_exactmetrics_sitenote_note":"","_exactmetrics_sitenote_category":0},"product_brand":[],"product_cat":[42],"product_tag":[],"class_list":{"0":"post-9947","1":"product","2":"type-product","3":"status-publish","4":"has-post-thumbnail","6":"product_cat-t-shirt-homme-polo","8":"first","9":"instock","10":"taxable","11":"shipping-taxable","12":"purchasable","13":"product-type-variable"},"yoast_head":"<!-- This site is optimized with the Yoast SEO plugin v26.9 - https:\/\/yoast.com\/product\/yoast-seo-wordpress\/ -->\n<title>Polo AC - Marine Homme - American College USA<\/title>\n<meta name=\"description\" content=\"Les adeptes de loungewear sauront reconna\u00eetre le confort sup\u00e9rieur du polo AC et son logo en relief !\" \/>\n<meta name=\"robots\" content=\"index, follow, max-snippet:-1, max-image-preview:large, max-video-preview:-1\" \/>\n<link rel=\"canonical\" href=\"https:\/\/americancollegeusa.com\/en\/product\/polo-ac-gris\/\" \/>\n<meta property=\"og:locale\" content=\"en_US\" \/>\n<meta property=\"og:type\" content=\"article\" \/>\n<meta property=\"og:title\" content=\"Polo AC - Marine Homme - American College USA\" \/>\n<meta property=\"og:description\" content=\"Les adeptes de loungewear sauront reconna\u00eetre le confort sup\u00e9rieur du polo AC et son logo en relief !\" \/>\n<meta property=\"og:url\" content=\"https:\/\/americancollegeusa.com\/en\/product\/polo-ac-gris\/\" \/>\n<meta property=\"og:site_name\" content=\"American College USA\" \/>\n<meta property=\"article:publisher\" content=\"https:\/\/www.facebook.com\/AmericanCollegeofficial\/?ref=bookmarks\" \/>\n<meta property=\"article:modified_time\" content=\"2025-08-01T06:30:24+00:00\" \/>\n<meta property=\"og:image\" content=\"https:\/\/americancollegeusa.com\/wp-content\/uploads\/2019\/11\/AC_20191016_L33_4598-scaled.jpg\" \/>\n\t<meta property=\"og:image:width\" content=\"1706\" \/>\n\t<meta property=\"og:image:height\" content=\"2560\" \/>\n\t<meta property=\"og:image:type\" content=\"image\/jpeg\" \/>\n<meta name=\"twitter:card\" content=\"summary_large_image\" \/>\n<meta name=\"twitter:label1\" content=\"Est. reading time\" \/>\n\t<meta name=\"twitter:data1\" content=\"1 minute\" \/>\n<script type=\"application\/ld+json\" class=\"yoast-schema-graph\">{\"@context\":\"https:\/\/schema.org\",\"@graph\":[{\"@type\":\"WebPage\",\"@id\":\"https:\/\/americancollegeusa.com\/produit\/polo-ac-gris\/\",\"url\":\"https:\/\/americancollegeusa.com\/produit\/polo-ac-gris\/\",\"name\":\"Polo AC - Marine Homme - American College USA\",\"isPartOf\":{\"@id\":\"https:\/\/americancollegeusa.com\/#website\"},\"primaryImageOfPage\":{\"@id\":\"https:\/\/americancollegeusa.com\/produit\/polo-ac-gris\/#primaryimage\"},\"image\":{\"@id\":\"https:\/\/americancollegeusa.com\/produit\/polo-ac-gris\/#primaryimage\"},\"thumbnailUrl\":\"https:\/\/americancollegeusa.com\/wp-content\/uploads\/2019\/11\/AC_20191016_L33_4598-scaled.jpg\",\"datePublished\":\"2019-11-28T10:22:05+00:00\",\"dateModified\":\"2025-08-01T06:30:24+00:00\",\"description\":\"Les adeptes de loungewear sauront reconna\u00eetre le confort sup\u00e9rieur du polo AC et son logo en relief !\",\"breadcrumb\":{\"@id\":\"https:\/\/americancollegeusa.com\/produit\/polo-ac-gris\/#breadcrumb\"},\"inLanguage\":\"en-US\",\"potentialAction\":[{\"@type\":\"ReadAction\",\"target\":[\"https:\/\/americancollegeusa.com\/produit\/polo-ac-gris\/\"]}]},{\"@type\":\"ImageObject\",\"inLanguage\":\"en-US\",\"@id\":\"https:\/\/americancollegeusa.com\/produit\/polo-ac-gris\/#primaryimage\",\"url\":\"https:\/\/americancollegeusa.com\/wp-content\/uploads\/2019\/11\/AC_20191016_L33_4598-scaled.jpg\",\"contentUrl\":\"https:\/\/americancollegeusa.com\/wp-content\/uploads\/2019\/11\/AC_20191016_L33_4598-scaled.jpg\",\"width\":1706,\"height\":2560},{\"@type\":\"BreadcrumbList\",\"@id\":\"https:\/\/americancollegeusa.com\/produit\/polo-ac-gris\/#breadcrumb\",\"itemListElement\":[{\"@type\":\"ListItem\",\"position\":1,\"name\":\"Accueil\",\"item\":\"https:\/\/americancollegeusa.com\/\"},{\"@type\":\"ListItem\",\"position\":2,\"name\":\"Boutique\",\"item\":\"https:\/\/americancollegeusa.com\/boutique\/\"},{\"@type\":\"ListItem\",\"position\":3,\"name\":\"Polo logo Bombers Gris 0012\"}]},{\"@type\":\"WebSite\",\"@id\":\"https:\/\/americancollegeusa.com\/#website\",\"url\":\"https:\/\/americancollegeusa.com\/\",\"name\":\"American College USA\",\"description\":\"\",\"potentialAction\":[{\"@type\":\"SearchAction\",\"target\":{\"@type\":\"EntryPoint\",\"urlTemplate\":\"https:\/\/americancollegeusa.com\/?s={search_term_string}\"},\"query-input\":{\"@type\":\"PropertyValueSpecification\",\"valueRequired\":true,\"valueName\":\"search_term_string\"}}],\"inLanguage\":\"en-US\"}]}<\/script>\n<!-- \/ Yoast SEO plugin. -->","yoast_head_json":{"title":"Polo AC - Marine Homme - American College USA","description":"Les adeptes de loungewear sauront reconna\u00eetre le confort sup\u00e9rieur du polo AC et son logo en relief !","robots":{"index":"index","follow":"follow","max-snippet":"max-snippet:-1","max-image-preview":"max-image-preview:large","max-video-preview":"max-video-preview:-1"},"canonical":"https:\/\/americancollegeusa.com\/en\/product\/polo-ac-gris\/","og_locale":"en_US","og_type":"article","og_title":"Polo AC - Marine Homme - American College USA","og_description":"Les adeptes de loungewear sauront reconna\u00eetre le confort sup\u00e9rieur du polo AC et son logo en relief !","og_url":"https:\/\/americancollegeusa.com\/en\/product\/polo-ac-gris\/","og_site_name":"American College USA","article_publisher":"https:\/\/www.facebook.com\/AmericanCollegeofficial\/?ref=bookmarks","article_modified_time":"2025-08-01T06:30:24+00:00","og_image":[{"width":1706,"height":2560,"url":"https:\/\/americancollegeusa.com\/wp-content\/uploads\/2019\/11\/AC_20191016_L33_4598-scaled.jpg","type":"image\/jpeg"}],"twitter_card":"summary_large_image","twitter_misc":{"Est. reading time":"1 minute"},"schema":{"@context":"https:\/\/schema.org","@graph":[{"@type":"WebPage","@id":"https:\/\/americancollegeusa.com\/produit\/polo-ac-gris\/","url":"https:\/\/americancollegeusa.com\/produit\/polo-ac-gris\/","name":"Polo AC - Marine Homme - American College USA","isPartOf":{"@id":"https:\/\/americancollegeusa.com\/#website"},"primaryImageOfPage":{"@id":"https:\/\/americancollegeusa.com\/produit\/polo-ac-gris\/#primaryimage"},"image":{"@id":"https:\/\/americancollegeusa.com\/produit\/polo-ac-gris\/#primaryimage"},"thumbnailUrl":"https:\/\/americancollegeusa.com\/wp-content\/uploads\/2019\/11\/AC_20191016_L33_4598-scaled.jpg","datePublished":"2019-11-28T10:22:05+00:00","dateModified":"2025-08-01T06:30:24+00:00","description":"Les adeptes de loungewear sauront reconna\u00eetre le confort sup\u00e9rieur du polo AC et son logo en relief !","breadcrumb":{"@id":"https:\/\/americancollegeusa.com\/produit\/polo-ac-gris\/#breadcrumb"},"inLanguage":"en-US","potentialAction":[{"@type":"ReadAction","target":["https:\/\/americancollegeusa.com\/produit\/polo-ac-gris\/"]}]},{"@type":"ImageObject","inLanguage":"en-US","@id":"https:\/\/americancollegeusa.com\/produit\/polo-ac-gris\/#primaryimage","url":"https:\/\/americancollegeusa.com\/wp-content\/uploads\/2019\/11\/AC_20191016_L33_4598-scaled.jpg","contentUrl":"https:\/\/americancollegeusa.com\/wp-content\/uploads\/2019\/11\/AC_20191016_L33_4598-scaled.jpg","width":1706,"height":2560},{"@type":"BreadcrumbList","@id":"https:\/\/americancollegeusa.com\/produit\/polo-ac-gris\/#breadcrumb","itemListElement":[{"@type":"ListItem","position":1,"name":"Accueil","item":"https:\/\/americancollegeusa.com\/"},{"@type":"ListItem","position":2,"name":"Boutique","item":"https:\/\/americancollegeusa.com\/boutique\/"},{"@type":"ListItem","position":3,"name":"Polo logo Bombers Gris 0012"}]},{"@type":"WebSite","@id":"https:\/\/americancollegeusa.com\/#website","url":"https:\/\/americancollegeusa.com\/","name":"American College USA","description":"","potentialAction":[{"@type":"SearchAction","target":{"@type":"EntryPoint","urlTemplate":"https:\/\/americancollegeusa.com\/?s={search_term_string}"},"query-input":{"@type":"PropertyValueSpecification","valueRequired":true,"valueName":"search_term_string"}}],"inLanguage":"en-US"}]}},"_links":{"self":[{"href":"https:\/\/americancollegeusa.com\/en\/wp-json\/wp\/v2\/product\/9947","targetHints":{"allow":["GET"]}}],"collection":[{"href":"https:\/\/americancollegeusa.com\/en\/wp-json\/wp\/v2\/product"}],"about":[{"href":"https:\/\/americancollegeusa.com\/en\/wp-json\/wp\/v2\/types\/product"}],"replies":[{"embeddable":true,"href":"https:\/\/americancollegeusa.com\/en\/wp-json\/wp\/v2\/comments?post=9947"}],"wp:featuredmedia":[{"embeddable":true,"href":"https:\/\/americancollegeusa.com\/en\/wp-json\/wp\/v2\/media\/10007"}],"wp:attachment":[{"href":"https:\/\/americancollegeusa.com\/en\/wp-json\/wp\/v2\/media?parent=9947"}],"wp:term":[{"taxonomy":"product_brand","embeddable":true,"href":"https:\/\/americancollegeusa.com\/en\/wp-json\/wp\/v2\/product_brand?post=9947"},{"taxonomy":"product_cat","embeddable":true,"href":"https:\/\/americancollegeusa.com\/en\/wp-json\/wp\/v2\/product_cat?post=9947"},{"taxonomy":"product_tag","embeddable":true,"href":"https:\/\/americancollegeusa.com\/en\/wp-json\/wp\/v2\/product_tag?post=9947"}],"curies":[{"name":"wp","href":"https:\/\/api.w.org\/{rel}","templated":true}]}}