{"id":9916,"date":"2019-11-28T09:27:54","date_gmt":"2019-11-28T08:27:54","guid":{"rendered":"https:\/\/americancollegeusa.com\/?post_type=product&#038;p=9916"},"modified":"2025-06-08T22:53:47","modified_gmt":"2025-06-08T20:53:47","slug":"denim-jacket-sky-blue","status":"publish","type":"product","link":"https:\/\/americancollegeusa.com\/en\/product\/denim-jacket-sky-blue\/","title":{"rendered":"Denim Jacket Sky Blue"},"content":{"rendered":"<h2>Discover the Denim Jacket Sky Blue<span style=\"color: #b1273f;\">\u00a0<\/span>original in jeans for men!<\/h2>\n<p>Enjoy a quality jacket with our unbeatable Denim Jacket Sky Blue for men! It is always difficult to find the ideal jacket, one that will match all your outfits, while giving you a unique and trendy style. So don\u2019t hesitate, try our jacket! Indeed, it is perfect for all seasons, and can be worn at any time of the day. Because a day is a succession of moments and occasions, choose the jacket that combines comfort, elegance and style, and that will adapt to each moment.<\/p>\n<p>Notre Teddy Varsity est disponible en plusieurs tailles : M, et L. Notre blouson poss\u00e8de quatre poches avant, une doublure, et se ferme avec des boutons ext\u00e9rieurs. Vous retrouverez le badge original AC American coll\u00e8ge en bouclette sur la manche ! De plus, son devant et son dos\u00a0 et manche sont 100% en jean. Profitez de l\u2019\u00e9l\u00e9gance et du confort in\u00e9gal\u00e9 de nos mati\u00e8res !<\/p>\n<p>Our Denim Jacket Sky Blue is currently in stock<\/p>\n<p>By purchasing a garment from our well-known brand as a guarantee of quality, you are choosing a product that lasts over time. Indeed, solid and well cut, the clothes <a style=\"color: #b1273f;\" href=\"https:\/\/americancollegeusa.com\/en\/\">American College USA<\/a> reflect our desire to bring you a high-end product.<\/p>","protected":false},"excerpt":{"rendered":"<p>Front and back and sleeve 100% jeans<\/p>\n<p class=\"tab-title bold-medium-title\">Jackets &amp; Coats<\/p>","protected":false},"featured_media":9914,"comment_status":"open","ping_status":"closed","template":"","meta":{"_et_pb_use_builder":"","_et_pb_old_content":"","_et_gb_content_width":"","_exactmetrics_skip_tracking":false,"_exactmetrics_sitenote_active":false,"_exactmetrics_sitenote_note":"","_exactmetrics_sitenote_category":0},"product_brand":[],"product_cat":[46],"product_tag":[],"class_list":{"0":"post-9916","1":"product","2":"type-product","3":"status-publish","4":"has-post-thumbnail","6":"product_cat-blouson-teddy-varsity-blouson","8":"first","9":"outofstock","10":"taxable","11":"shipping-taxable","12":"purchasable","13":"product-type-variable"},"yoast_head":"<!-- This site is optimized with the Yoast SEO plugin v26.9 - https:\/\/yoast.com\/product\/yoast-seo-wordpress\/ -->\n<title>Denim Jacket - Denim Jacket Sky Blue - Amercian College USA<\/title>\n<meta name=\"description\" content=\"Faites l&#039;exp\u00e9rience de notre Denim Jacket Sky Blue nouvelle g\u00e9n\u00e9ration en jean ! Bouton sur le devant, il allie confort et style pour vos journ\u00e9es !\" \/>\n<meta name=\"robots\" content=\"index, follow, max-snippet:-1, max-image-preview:large, max-video-preview:-1\" \/>\n<link rel=\"canonical\" href=\"https:\/\/americancollegeusa.com\/en\/product\/denim-jacket-sky-blue\/\" \/>\n<meta property=\"og:locale\" content=\"en_US\" \/>\n<meta property=\"og:type\" content=\"article\" \/>\n<meta property=\"og:title\" content=\"Denim Jacket - Denim Jacket Sky Blue - Amercian College USA\" \/>\n<meta property=\"og:description\" content=\"Faites l&#039;exp\u00e9rience de notre Denim Jacket Sky Blue nouvelle g\u00e9n\u00e9ration en jean ! Bouton sur le devant, il allie confort et style pour vos journ\u00e9es !\" \/>\n<meta property=\"og:url\" content=\"https:\/\/americancollegeusa.com\/en\/product\/denim-jacket-sky-blue\/\" \/>\n<meta property=\"og:site_name\" content=\"American College USA\" \/>\n<meta property=\"article:publisher\" content=\"https:\/\/www.facebook.com\/AmericanCollegeofficial\/?ref=bookmarks\" \/>\n<meta property=\"article:modified_time\" content=\"2025-06-08T20:53:47+00:00\" \/>\n<meta property=\"og:image\" content=\"https:\/\/americancollegeusa.com\/wp-content\/uploads\/2019\/05\/varsity-jeans-scaled.jpg\" \/>\n\t<meta property=\"og:image:width\" content=\"1536\" \/>\n\t<meta property=\"og:image:height\" content=\"2560\" \/>\n\t<meta property=\"og:image:type\" content=\"image\/jpeg\" \/>\n<meta name=\"twitter:card\" content=\"summary_large_image\" \/>\n<meta name=\"twitter:label1\" content=\"Est. reading time\" \/>\n\t<meta name=\"twitter:data1\" content=\"1 minute\" \/>\n<script type=\"application\/ld+json\" class=\"yoast-schema-graph\">{\"@context\":\"https:\/\/schema.org\",\"@graph\":[{\"@type\":\"WebPage\",\"@id\":\"https:\/\/americancollegeusa.com\/produit\/denim-jacket-sky-blue\/\",\"url\":\"https:\/\/americancollegeusa.com\/produit\/denim-jacket-sky-blue\/\",\"name\":\"Denim Jacket - Denim Jacket Sky Blue - Amercian College USA\",\"isPartOf\":{\"@id\":\"https:\/\/americancollegeusa.com\/#website\"},\"primaryImageOfPage\":{\"@id\":\"https:\/\/americancollegeusa.com\/produit\/denim-jacket-sky-blue\/#primaryimage\"},\"image\":{\"@id\":\"https:\/\/americancollegeusa.com\/produit\/denim-jacket-sky-blue\/#primaryimage\"},\"thumbnailUrl\":\"https:\/\/americancollegeusa.com\/wp-content\/uploads\/2019\/05\/varsity-jeans-scaled.jpg\",\"datePublished\":\"2019-11-28T08:27:54+00:00\",\"dateModified\":\"2025-06-08T20:53:47+00:00\",\"description\":\"Faites l'exp\u00e9rience de notre Denim Jacket Sky Blue nouvelle g\u00e9n\u00e9ration en jean ! Bouton sur le devant, il allie confort et style pour vos journ\u00e9es !\",\"breadcrumb\":{\"@id\":\"https:\/\/americancollegeusa.com\/produit\/denim-jacket-sky-blue\/#breadcrumb\"},\"inLanguage\":\"en-US\",\"potentialAction\":[{\"@type\":\"ReadAction\",\"target\":[\"https:\/\/americancollegeusa.com\/produit\/denim-jacket-sky-blue\/\"]}]},{\"@type\":\"ImageObject\",\"inLanguage\":\"en-US\",\"@id\":\"https:\/\/americancollegeusa.com\/produit\/denim-jacket-sky-blue\/#primaryimage\",\"url\":\"https:\/\/americancollegeusa.com\/wp-content\/uploads\/2019\/05\/varsity-jeans-scaled.jpg\",\"contentUrl\":\"https:\/\/americancollegeusa.com\/wp-content\/uploads\/2019\/05\/varsity-jeans-scaled.jpg\",\"width\":1536,\"height\":2560},{\"@type\":\"BreadcrumbList\",\"@id\":\"https:\/\/americancollegeusa.com\/produit\/denim-jacket-sky-blue\/#breadcrumb\",\"itemListElement\":[{\"@type\":\"ListItem\",\"position\":1,\"name\":\"Accueil\",\"item\":\"https:\/\/americancollegeusa.com\/\"},{\"@type\":\"ListItem\",\"position\":2,\"name\":\"Boutique\",\"item\":\"https:\/\/americancollegeusa.com\/boutique\/\"},{\"@type\":\"ListItem\",\"position\":3,\"name\":\"Denim Jacket Sky Blue\"}]},{\"@type\":\"WebSite\",\"@id\":\"https:\/\/americancollegeusa.com\/#website\",\"url\":\"https:\/\/americancollegeusa.com\/\",\"name\":\"American College USA\",\"description\":\"\",\"potentialAction\":[{\"@type\":\"SearchAction\",\"target\":{\"@type\":\"EntryPoint\",\"urlTemplate\":\"https:\/\/americancollegeusa.com\/?s={search_term_string}\"},\"query-input\":{\"@type\":\"PropertyValueSpecification\",\"valueRequired\":true,\"valueName\":\"search_term_string\"}}],\"inLanguage\":\"en-US\"}]}<\/script>\n<!-- \/ Yoast SEO plugin. -->","yoast_head_json":{"title":"Denim Jacket - Denim Jacket Sky Blue - Amercian College USA","description":"Faites l'exp\u00e9rience de notre Denim Jacket Sky Blue nouvelle g\u00e9n\u00e9ration en jean ! Bouton sur le devant, il allie confort et style pour vos journ\u00e9es !","robots":{"index":"index","follow":"follow","max-snippet":"max-snippet:-1","max-image-preview":"max-image-preview:large","max-video-preview":"max-video-preview:-1"},"canonical":"https:\/\/americancollegeusa.com\/en\/product\/denim-jacket-sky-blue\/","og_locale":"en_US","og_type":"article","og_title":"Denim Jacket - Denim Jacket Sky Blue - Amercian College USA","og_description":"Faites l'exp\u00e9rience de notre Denim Jacket Sky Blue nouvelle g\u00e9n\u00e9ration en jean ! Bouton sur le devant, il allie confort et style pour vos journ\u00e9es !","og_url":"https:\/\/americancollegeusa.com\/en\/product\/denim-jacket-sky-blue\/","og_site_name":"American College USA","article_publisher":"https:\/\/www.facebook.com\/AmericanCollegeofficial\/?ref=bookmarks","article_modified_time":"2025-06-08T20:53:47+00:00","og_image":[{"width":1536,"height":2560,"url":"https:\/\/americancollegeusa.com\/wp-content\/uploads\/2019\/05\/varsity-jeans-scaled.jpg","type":"image\/jpeg"}],"twitter_card":"summary_large_image","twitter_misc":{"Est. reading time":"1 minute"},"schema":{"@context":"https:\/\/schema.org","@graph":[{"@type":"WebPage","@id":"https:\/\/americancollegeusa.com\/produit\/denim-jacket-sky-blue\/","url":"https:\/\/americancollegeusa.com\/produit\/denim-jacket-sky-blue\/","name":"Denim Jacket - Denim Jacket Sky Blue - Amercian College USA","isPartOf":{"@id":"https:\/\/americancollegeusa.com\/#website"},"primaryImageOfPage":{"@id":"https:\/\/americancollegeusa.com\/produit\/denim-jacket-sky-blue\/#primaryimage"},"image":{"@id":"https:\/\/americancollegeusa.com\/produit\/denim-jacket-sky-blue\/#primaryimage"},"thumbnailUrl":"https:\/\/americancollegeusa.com\/wp-content\/uploads\/2019\/05\/varsity-jeans-scaled.jpg","datePublished":"2019-11-28T08:27:54+00:00","dateModified":"2025-06-08T20:53:47+00:00","description":"Faites l'exp\u00e9rience de notre Denim Jacket Sky Blue nouvelle g\u00e9n\u00e9ration en jean ! Bouton sur le devant, il allie confort et style pour vos journ\u00e9es !","breadcrumb":{"@id":"https:\/\/americancollegeusa.com\/produit\/denim-jacket-sky-blue\/#breadcrumb"},"inLanguage":"en-US","potentialAction":[{"@type":"ReadAction","target":["https:\/\/americancollegeusa.com\/produit\/denim-jacket-sky-blue\/"]}]},{"@type":"ImageObject","inLanguage":"en-US","@id":"https:\/\/americancollegeusa.com\/produit\/denim-jacket-sky-blue\/#primaryimage","url":"https:\/\/americancollegeusa.com\/wp-content\/uploads\/2019\/05\/varsity-jeans-scaled.jpg","contentUrl":"https:\/\/americancollegeusa.com\/wp-content\/uploads\/2019\/05\/varsity-jeans-scaled.jpg","width":1536,"height":2560},{"@type":"BreadcrumbList","@id":"https:\/\/americancollegeusa.com\/produit\/denim-jacket-sky-blue\/#breadcrumb","itemListElement":[{"@type":"ListItem","position":1,"name":"Accueil","item":"https:\/\/americancollegeusa.com\/"},{"@type":"ListItem","position":2,"name":"Boutique","item":"https:\/\/americancollegeusa.com\/boutique\/"},{"@type":"ListItem","position":3,"name":"Denim Jacket Sky Blue"}]},{"@type":"WebSite","@id":"https:\/\/americancollegeusa.com\/#website","url":"https:\/\/americancollegeusa.com\/","name":"American College USA","description":"","potentialAction":[{"@type":"SearchAction","target":{"@type":"EntryPoint","urlTemplate":"https:\/\/americancollegeusa.com\/?s={search_term_string}"},"query-input":{"@type":"PropertyValueSpecification","valueRequired":true,"valueName":"search_term_string"}}],"inLanguage":"en-US"}]}},"_links":{"self":[{"href":"https:\/\/americancollegeusa.com\/en\/wp-json\/wp\/v2\/product\/9916","targetHints":{"allow":["GET"]}}],"collection":[{"href":"https:\/\/americancollegeusa.com\/en\/wp-json\/wp\/v2\/product"}],"about":[{"href":"https:\/\/americancollegeusa.com\/en\/wp-json\/wp\/v2\/types\/product"}],"replies":[{"embeddable":true,"href":"https:\/\/americancollegeusa.com\/en\/wp-json\/wp\/v2\/comments?post=9916"}],"wp:featuredmedia":[{"embeddable":true,"href":"https:\/\/americancollegeusa.com\/en\/wp-json\/wp\/v2\/media\/9914"}],"wp:attachment":[{"href":"https:\/\/americancollegeusa.com\/en\/wp-json\/wp\/v2\/media?parent=9916"}],"wp:term":[{"taxonomy":"product_brand","embeddable":true,"href":"https:\/\/americancollegeusa.com\/en\/wp-json\/wp\/v2\/product_brand?post=9916"},{"taxonomy":"product_cat","embeddable":true,"href":"https:\/\/americancollegeusa.com\/en\/wp-json\/wp\/v2\/product_cat?post=9916"},{"taxonomy":"product_tag","embeddable":true,"href":"https:\/\/americancollegeusa.com\/en\/wp-json\/wp\/v2\/product_tag?post=9916"}],"curies":[{"name":"wp","href":"https:\/\/api.w.org\/{rel}","templated":true}]}}