{"id":9460,"date":"2019-10-23T15:00:50","date_gmt":"2019-10-23T13:00:50","guid":{"rendered":"https:\/\/americancollegeusa.com\/?post_type=product&#038;p=9460"},"modified":"2024-11-18T13:11:04","modified_gmt":"2024-11-18T12:11:04","slug":"the-fleece-jacket-red","status":"publish","type":"product","link":"https:\/\/americancollegeusa.com\/en\/product\/the-fleece-jacket-red\/","title":{"rendered":"The Fleece Jacket \u2013 Red 0027"},"content":{"rendered":"<h2>Discover our Sweatshirt <span style=\"color: #b1273f;\">the Fleece Jacket Red for man<\/span><\/h2>\n<p>Loungewear fans will appreciate the superior comfort of <a style=\"color: #b1273f;\" href=\"https:\/\/americancollegeusa.com\/en\/product-category\/homme\/hoodies\/\">Fleece Jacket<\/a> Red for men. While the followers of <a style=\"text-decoration: none; color: black;\" href=\"https:\/\/fr.wikipedia.org\/wiki\/Sport\">sport<\/a> will benefit from its elastic material which allows ample movements. Indeed, it is rare to find a garment that adapts at any time of the day; but with our jacket, combine comfort and elegance, for a trendy and relaxed style! You can wear our Fleece Jacket for an indoor session, but also for an afternoon in the city, this jacket adapts to all styles!<\/p>\n<p>Our sweatshirt is available in several sizes: XS, S, M and L. In addition, this hooded zipped sweatshirt is flexible, relaxed and perfectly suited to your outings, moments of relaxation, or sports training. You will also find it in variations of Navy, red and gray, as well as in their female versions, in the woman category.<\/p>\n<p>Adjustable drawstring hood, ribbed cuffs and hem. Badge <strong>American College USA<\/strong> and embroidery on the sleeve. The set is made of cotton and polyester and red in color.<\/p>\n<p>When you buy a garment from our brand recognized as a guarantee of quality, you are choosing a product that lasts over time. Indeed, solid and well cut, the clothes <a style=\"color: #b1273f;\" href=\"https:\/\/americancollegeusa.com\/en\/\">American College USA<\/a> reflect our desire to bring you a high-end product.<\/p>","protected":false},"excerpt":{"rendered":"<p>Available in sizes XS, S, M L, this orange men's Fleece Jacket is made of cotton \/ polyester.<br \/>\nAdjustable drawstring hood, ribbed cuffs and hem. Badge <strong>American College USA<\/strong> and embroidery on the sleeve. The set is cotton and polyester and orange in color.<\/p>\n<p>&nbsp;<\/p>","protected":false},"featured_media":9465,"comment_status":"open","ping_status":"closed","template":"","meta":{"_et_pb_use_builder":"","_et_pb_old_content":"","_et_gb_content_width":"","_exactmetrics_skip_tracking":false,"_exactmetrics_sitenote_active":false,"_exactmetrics_sitenote_note":"","_exactmetrics_sitenote_category":0},"product_brand":[],"product_cat":[47,48],"product_tag":[],"class_list":{"0":"post-9460","1":"product","2":"type-product","3":"status-publish","4":"has-post-thumbnail","6":"product_cat-hoodies","7":"product_cat-hoodies-femme","9":"first","10":"outofstock","11":"taxable","12":"shipping-taxable","13":"purchasable","14":"product-type-variable"},"yoast_head":"<!-- This site is optimized with the Yoast SEO plugin v26.9 - https:\/\/yoast.com\/product\/yoast-seo-wordpress\/ -->\n<title>The Fleece Jacket Red Homme - American College USA<\/title>\n<meta name=\"description\" content=\"D\u00e9couvrez notre Fleece Jacket Red Homme. Les poignets et ourlets sont c\u00f4tel\u00e9s. Badge American College USA sur la manche !\" \/>\n<meta name=\"robots\" content=\"index, follow, max-snippet:-1, max-image-preview:large, max-video-preview:-1\" \/>\n<link rel=\"canonical\" href=\"https:\/\/americancollegeusa.com\/en\/product\/the-fleece-jacket-red\/\" \/>\n<meta property=\"og:locale\" content=\"en_US\" \/>\n<meta property=\"og:type\" content=\"article\" \/>\n<meta property=\"og:title\" content=\"The Fleece Jacket Red Homme - American College USA\" \/>\n<meta property=\"og:description\" content=\"D\u00e9couvrez notre Fleece Jacket Red Homme. Les poignets et ourlets sont c\u00f4tel\u00e9s. Badge American College USA sur la manche !\" \/>\n<meta property=\"og:url\" content=\"https:\/\/americancollegeusa.com\/en\/product\/the-fleece-jacket-red\/\" \/>\n<meta property=\"og:site_name\" content=\"American College USA\" \/>\n<meta property=\"article:publisher\" content=\"https:\/\/www.facebook.com\/AmericanCollegeofficial\/?ref=bookmarks\" \/>\n<meta property=\"article:modified_time\" content=\"2024-11-18T12:11:04+00:00\" \/>\n<meta property=\"og:image\" content=\"https:\/\/americancollegeusa.com\/wp-content\/uploads\/2019\/10\/AC_SWEAT_0027_RED-614x1024.jpg\" \/>\n\t<meta property=\"og:image:width\" content=\"614\" \/>\n\t<meta property=\"og:image:height\" content=\"1024\" \/>\n\t<meta property=\"og:image:type\" content=\"image\/jpeg\" \/>\n<meta name=\"twitter:card\" content=\"summary_large_image\" \/>\n<meta name=\"twitter:label1\" content=\"Est. reading time\" \/>\n\t<meta name=\"twitter:data1\" content=\"1 minute\" \/>\n<script type=\"application\/ld+json\" class=\"yoast-schema-graph\">{\"@context\":\"https:\/\/schema.org\",\"@graph\":[{\"@type\":\"WebPage\",\"@id\":\"https:\/\/americancollegeusa.com\/produit\/the-fleece-jacket-red\/\",\"url\":\"https:\/\/americancollegeusa.com\/produit\/the-fleece-jacket-red\/\",\"name\":\"The Fleece Jacket Red Homme - American College USA\",\"isPartOf\":{\"@id\":\"https:\/\/americancollegeusa.com\/#website\"},\"primaryImageOfPage\":{\"@id\":\"https:\/\/americancollegeusa.com\/produit\/the-fleece-jacket-red\/#primaryimage\"},\"image\":{\"@id\":\"https:\/\/americancollegeusa.com\/produit\/the-fleece-jacket-red\/#primaryimage\"},\"thumbnailUrl\":\"https:\/\/americancollegeusa.com\/wp-content\/uploads\/2019\/10\/AC_SWEAT_0027_RED.jpg\",\"datePublished\":\"2019-10-23T13:00:50+00:00\",\"dateModified\":\"2024-11-18T12:11:04+00:00\",\"description\":\"D\u00e9couvrez notre Fleece Jacket Red Homme. Les poignets et ourlets sont c\u00f4tel\u00e9s. Badge American College USA sur la manche !\",\"breadcrumb\":{\"@id\":\"https:\/\/americancollegeusa.com\/produit\/the-fleece-jacket-red\/#breadcrumb\"},\"inLanguage\":\"en-US\",\"potentialAction\":[{\"@type\":\"ReadAction\",\"target\":[\"https:\/\/americancollegeusa.com\/produit\/the-fleece-jacket-red\/\"]}]},{\"@type\":\"ImageObject\",\"inLanguage\":\"en-US\",\"@id\":\"https:\/\/americancollegeusa.com\/produit\/the-fleece-jacket-red\/#primaryimage\",\"url\":\"https:\/\/americancollegeusa.com\/wp-content\/uploads\/2019\/10\/AC_SWEAT_0027_RED.jpg\",\"contentUrl\":\"https:\/\/americancollegeusa.com\/wp-content\/uploads\/2019\/10\/AC_SWEAT_0027_RED.jpg\",\"width\":3543,\"height\":5906},{\"@type\":\"BreadcrumbList\",\"@id\":\"https:\/\/americancollegeusa.com\/produit\/the-fleece-jacket-red\/#breadcrumb\",\"itemListElement\":[{\"@type\":\"ListItem\",\"position\":1,\"name\":\"Accueil\",\"item\":\"https:\/\/americancollegeusa.com\/\"},{\"@type\":\"ListItem\",\"position\":2,\"name\":\"Boutique\",\"item\":\"https:\/\/americancollegeusa.com\/boutique\/\"},{\"@type\":\"ListItem\",\"position\":3,\"name\":\"The Fleece Jacket &#8211; Red 0027\"}]},{\"@type\":\"WebSite\",\"@id\":\"https:\/\/americancollegeusa.com\/#website\",\"url\":\"https:\/\/americancollegeusa.com\/\",\"name\":\"American College USA\",\"description\":\"\",\"potentialAction\":[{\"@type\":\"SearchAction\",\"target\":{\"@type\":\"EntryPoint\",\"urlTemplate\":\"https:\/\/americancollegeusa.com\/?s={search_term_string}\"},\"query-input\":{\"@type\":\"PropertyValueSpecification\",\"valueRequired\":true,\"valueName\":\"search_term_string\"}}],\"inLanguage\":\"en-US\"}]}<\/script>\n<!-- \/ Yoast SEO plugin. -->","yoast_head_json":{"title":"The Fleece Jacket Red Homme - American College USA","description":"D\u00e9couvrez notre Fleece Jacket Red Homme. Les poignets et ourlets sont c\u00f4tel\u00e9s. Badge American College USA sur la manche !","robots":{"index":"index","follow":"follow","max-snippet":"max-snippet:-1","max-image-preview":"max-image-preview:large","max-video-preview":"max-video-preview:-1"},"canonical":"https:\/\/americancollegeusa.com\/en\/product\/the-fleece-jacket-red\/","og_locale":"en_US","og_type":"article","og_title":"The Fleece Jacket Red Homme - American College USA","og_description":"D\u00e9couvrez notre Fleece Jacket Red Homme. Les poignets et ourlets sont c\u00f4tel\u00e9s. Badge American College USA sur la manche !","og_url":"https:\/\/americancollegeusa.com\/en\/product\/the-fleece-jacket-red\/","og_site_name":"American College USA","article_publisher":"https:\/\/www.facebook.com\/AmericanCollegeofficial\/?ref=bookmarks","article_modified_time":"2024-11-18T12:11:04+00:00","og_image":[{"width":614,"height":1024,"url":"https:\/\/americancollegeusa.com\/wp-content\/uploads\/2019\/10\/AC_SWEAT_0027_RED-614x1024.jpg","type":"image\/jpeg"}],"twitter_card":"summary_large_image","twitter_misc":{"Est. reading time":"1 minute"},"schema":{"@context":"https:\/\/schema.org","@graph":[{"@type":"WebPage","@id":"https:\/\/americancollegeusa.com\/produit\/the-fleece-jacket-red\/","url":"https:\/\/americancollegeusa.com\/produit\/the-fleece-jacket-red\/","name":"The Fleece Jacket Red Homme - American College USA","isPartOf":{"@id":"https:\/\/americancollegeusa.com\/#website"},"primaryImageOfPage":{"@id":"https:\/\/americancollegeusa.com\/produit\/the-fleece-jacket-red\/#primaryimage"},"image":{"@id":"https:\/\/americancollegeusa.com\/produit\/the-fleece-jacket-red\/#primaryimage"},"thumbnailUrl":"https:\/\/americancollegeusa.com\/wp-content\/uploads\/2019\/10\/AC_SWEAT_0027_RED.jpg","datePublished":"2019-10-23T13:00:50+00:00","dateModified":"2024-11-18T12:11:04+00:00","description":"D\u00e9couvrez notre Fleece Jacket Red Homme. Les poignets et ourlets sont c\u00f4tel\u00e9s. Badge American College USA sur la manche !","breadcrumb":{"@id":"https:\/\/americancollegeusa.com\/produit\/the-fleece-jacket-red\/#breadcrumb"},"inLanguage":"en-US","potentialAction":[{"@type":"ReadAction","target":["https:\/\/americancollegeusa.com\/produit\/the-fleece-jacket-red\/"]}]},{"@type":"ImageObject","inLanguage":"en-US","@id":"https:\/\/americancollegeusa.com\/produit\/the-fleece-jacket-red\/#primaryimage","url":"https:\/\/americancollegeusa.com\/wp-content\/uploads\/2019\/10\/AC_SWEAT_0027_RED.jpg","contentUrl":"https:\/\/americancollegeusa.com\/wp-content\/uploads\/2019\/10\/AC_SWEAT_0027_RED.jpg","width":3543,"height":5906},{"@type":"BreadcrumbList","@id":"https:\/\/americancollegeusa.com\/produit\/the-fleece-jacket-red\/#breadcrumb","itemListElement":[{"@type":"ListItem","position":1,"name":"Accueil","item":"https:\/\/americancollegeusa.com\/"},{"@type":"ListItem","position":2,"name":"Boutique","item":"https:\/\/americancollegeusa.com\/boutique\/"},{"@type":"ListItem","position":3,"name":"The Fleece Jacket &#8211; Red 0027"}]},{"@type":"WebSite","@id":"https:\/\/americancollegeusa.com\/#website","url":"https:\/\/americancollegeusa.com\/","name":"American College USA","description":"","potentialAction":[{"@type":"SearchAction","target":{"@type":"EntryPoint","urlTemplate":"https:\/\/americancollegeusa.com\/?s={search_term_string}"},"query-input":{"@type":"PropertyValueSpecification","valueRequired":true,"valueName":"search_term_string"}}],"inLanguage":"en-US"}]}},"_links":{"self":[{"href":"https:\/\/americancollegeusa.com\/en\/wp-json\/wp\/v2\/product\/9460","targetHints":{"allow":["GET"]}}],"collection":[{"href":"https:\/\/americancollegeusa.com\/en\/wp-json\/wp\/v2\/product"}],"about":[{"href":"https:\/\/americancollegeusa.com\/en\/wp-json\/wp\/v2\/types\/product"}],"replies":[{"embeddable":true,"href":"https:\/\/americancollegeusa.com\/en\/wp-json\/wp\/v2\/comments?post=9460"}],"wp:featuredmedia":[{"embeddable":true,"href":"https:\/\/americancollegeusa.com\/en\/wp-json\/wp\/v2\/media\/9465"}],"wp:attachment":[{"href":"https:\/\/americancollegeusa.com\/en\/wp-json\/wp\/v2\/media?parent=9460"}],"wp:term":[{"taxonomy":"product_brand","embeddable":true,"href":"https:\/\/americancollegeusa.com\/en\/wp-json\/wp\/v2\/product_brand?post=9460"},{"taxonomy":"product_cat","embeddable":true,"href":"https:\/\/americancollegeusa.com\/en\/wp-json\/wp\/v2\/product_cat?post=9460"},{"taxonomy":"product_tag","embeddable":true,"href":"https:\/\/americancollegeusa.com\/en\/wp-json\/wp\/v2\/product_tag?post=9460"}],"curies":[{"name":"wp","href":"https:\/\/api.w.org\/{rel}","templated":true}]}}