{"id":9296,"date":"2019-10-03T16:52:28","date_gmt":"2019-10-03T14:52:28","guid":{"rendered":"https:\/\/americancollegeusa.com\/?post_type=product&#038;p=9296"},"modified":"2024-07-24T17:18:35","modified_gmt":"2024-07-24T15:18:35","slug":"casquette-trucker-tiger","status":"publish","type":"product","link":"https:\/\/americancollegeusa.com\/en\/product\/casquette-trucker-tiger\/","title":{"rendered":"Trucker Tiger Cap"},"content":{"rendered":"<h2>Try our <span style=\"color: #b1273f;\">Trucker Cap\u00a0<\/span>Tiger pour homme American College USA !<\/h2>\n<p>Travaillez votre style avec notre nouvelle casquette Trucker Tiger pour homme <strong>American College USA<\/strong>. Ideal for embellishing your outfits, whether it's a city outing, a time in the gym, or a cozy afternoon, our cap will be perfect to enhance your outfit for the day.<\/p>\n<p>The beautiful days are coming, so do not hesitate any longer, get one of our caps, which combine comfort, style and quality!<\/p>\n<p>Our Cap <strong>American College USA<\/strong> est propos\u00e9e avec un badge brod\u00e9 \u00e0 l&rsquo;avant. Et pour finir, le r\u00e9glage se fait \u00e0 l&rsquo;arri\u00e8re, avec pressions, pour un ajustement parfait \u00e0 votre t\u00eate.<br \/>\nYou can find other products of our brand American College USA exclusively on our site, in order to benefit from superior quality articles!<\/p>\n<p>When you buy a product from our brand <strong>American College USA<\/strong> well known as a guarantee of quality, you choose a product that lasts over time. Indeed, solid and well cut, the clothes <a style=\"color: #b1273f;\" href=\"https:\/\/americancollegeusa.com\/en\/\">American College USA<\/a> reflect our desire to bring you a high-end product.<\/p>","protected":false},"excerpt":{"rendered":"<p>American College USA<\/p>\n<p>Embroidered logo on the front<\/p>\n<p>Mesh back panel<\/p>\n<p>Clip adjustment with pressures<\/p>","protected":false},"featured_media":9297,"comment_status":"open","ping_status":"closed","template":"","meta":{"_et_pb_use_builder":"","_et_pb_old_content":"","_et_gb_content_width":"","_exactmetrics_skip_tracking":false,"_exactmetrics_sitenote_active":false,"_exactmetrics_sitenote_note":"","_exactmetrics_sitenote_category":0},"product_brand":[],"product_cat":[27],"product_tag":[],"class_list":{"0":"post-9296","1":"product","2":"type-product","3":"status-publish","4":"has-post-thumbnail","6":"product_cat-accessoires","8":"first","9":"outofstock","10":"taxable","11":"shipping-taxable","12":"purchasable","13":"product-type-simple"},"yoast_head":"<!-- This site is optimized with the Yoast SEO plugin v26.9 - https:\/\/yoast.com\/product\/yoast-seo-wordpress\/ -->\n<title>Casquette Trucker - Tiger - Amercian College USA<\/title>\n<meta name=\"description\" content=\"D\u00e9couvrez notre nouvelle casquette trucker Tiger pour homme ! Trendy, confortable et d\u00e9contract\u00e9e, elle vous accompagnera toute la journ\u00e9e !\" \/>\n<meta name=\"robots\" content=\"index, follow, max-snippet:-1, max-image-preview:large, max-video-preview:-1\" \/>\n<link rel=\"canonical\" href=\"https:\/\/americancollegeusa.com\/en\/product\/casquette-trucker-tiger\/\" \/>\n<meta property=\"og:locale\" content=\"en_US\" \/>\n<meta property=\"og:type\" content=\"article\" \/>\n<meta property=\"og:title\" content=\"Casquette Trucker - Tiger - Amercian College USA\" \/>\n<meta property=\"og:description\" content=\"D\u00e9couvrez notre nouvelle casquette trucker Tiger pour homme ! Trendy, confortable et d\u00e9contract\u00e9e, elle vous accompagnera toute la journ\u00e9e !\" \/>\n<meta property=\"og:url\" content=\"https:\/\/americancollegeusa.com\/en\/product\/casquette-trucker-tiger\/\" \/>\n<meta property=\"og:site_name\" content=\"American College USA\" \/>\n<meta property=\"article:publisher\" content=\"https:\/\/www.facebook.com\/AmericanCollegeofficial\/?ref=bookmarks\" \/>\n<meta property=\"article:modified_time\" content=\"2024-07-24T15:18:35+00:00\" \/>\n<meta property=\"og:image\" content=\"https:\/\/americancollegeusa.com\/wp-content\/uploads\/2019\/10\/AMERICAN_COLLEGE_6_F.jpg\" \/>\n\t<meta property=\"og:image:width\" content=\"1900\" \/>\n\t<meta property=\"og:image:height\" content=\"1900\" \/>\n\t<meta property=\"og:image:type\" content=\"image\/jpeg\" \/>\n<meta name=\"twitter:card\" content=\"summary_large_image\" \/>\n<meta name=\"twitter:label1\" content=\"Est. reading time\" \/>\n\t<meta name=\"twitter:data1\" content=\"1 minute\" \/>\n<script type=\"application\/ld+json\" class=\"yoast-schema-graph\">{\"@context\":\"https:\/\/schema.org\",\"@graph\":[{\"@type\":\"WebPage\",\"@id\":\"https:\/\/americancollegeusa.com\/produit\/casquette-trucker-tiger\/\",\"url\":\"https:\/\/americancollegeusa.com\/produit\/casquette-trucker-tiger\/\",\"name\":\"Casquette Trucker - Tiger - Amercian College USA\",\"isPartOf\":{\"@id\":\"https:\/\/americancollegeusa.com\/#website\"},\"primaryImageOfPage\":{\"@id\":\"https:\/\/americancollegeusa.com\/produit\/casquette-trucker-tiger\/#primaryimage\"},\"image\":{\"@id\":\"https:\/\/americancollegeusa.com\/produit\/casquette-trucker-tiger\/#primaryimage\"},\"thumbnailUrl\":\"https:\/\/americancollegeusa.com\/wp-content\/uploads\/2019\/10\/AMERICAN_COLLEGE_6_F.jpg\",\"datePublished\":\"2019-10-03T14:52:28+00:00\",\"dateModified\":\"2024-07-24T15:18:35+00:00\",\"description\":\"D\u00e9couvrez notre nouvelle casquette trucker Tiger pour homme ! Trendy, confortable et d\u00e9contract\u00e9e, elle vous accompagnera toute la journ\u00e9e !\",\"breadcrumb\":{\"@id\":\"https:\/\/americancollegeusa.com\/produit\/casquette-trucker-tiger\/#breadcrumb\"},\"inLanguage\":\"en-US\",\"potentialAction\":[{\"@type\":\"ReadAction\",\"target\":[\"https:\/\/americancollegeusa.com\/produit\/casquette-trucker-tiger\/\"]}]},{\"@type\":\"ImageObject\",\"inLanguage\":\"en-US\",\"@id\":\"https:\/\/americancollegeusa.com\/produit\/casquette-trucker-tiger\/#primaryimage\",\"url\":\"https:\/\/americancollegeusa.com\/wp-content\/uploads\/2019\/10\/AMERICAN_COLLEGE_6_F.jpg\",\"contentUrl\":\"https:\/\/americancollegeusa.com\/wp-content\/uploads\/2019\/10\/AMERICAN_COLLEGE_6_F.jpg\",\"width\":1900,\"height\":1900},{\"@type\":\"BreadcrumbList\",\"@id\":\"https:\/\/americancollegeusa.com\/produit\/casquette-trucker-tiger\/#breadcrumb\",\"itemListElement\":[{\"@type\":\"ListItem\",\"position\":1,\"name\":\"Accueil\",\"item\":\"https:\/\/americancollegeusa.com\/\"},{\"@type\":\"ListItem\",\"position\":2,\"name\":\"Boutique\",\"item\":\"https:\/\/americancollegeusa.com\/boutique\/\"},{\"@type\":\"ListItem\",\"position\":3,\"name\":\"Casquette Trucker Tiger\"}]},{\"@type\":\"WebSite\",\"@id\":\"https:\/\/americancollegeusa.com\/#website\",\"url\":\"https:\/\/americancollegeusa.com\/\",\"name\":\"American College USA\",\"description\":\"\",\"potentialAction\":[{\"@type\":\"SearchAction\",\"target\":{\"@type\":\"EntryPoint\",\"urlTemplate\":\"https:\/\/americancollegeusa.com\/?s={search_term_string}\"},\"query-input\":{\"@type\":\"PropertyValueSpecification\",\"valueRequired\":true,\"valueName\":\"search_term_string\"}}],\"inLanguage\":\"en-US\"}]}<\/script>\n<!-- \/ Yoast SEO plugin. -->","yoast_head_json":{"title":"Casquette Trucker - Tiger - Amercian College USA","description":"D\u00e9couvrez notre nouvelle casquette trucker Tiger pour homme ! Trendy, confortable et d\u00e9contract\u00e9e, elle vous accompagnera toute la journ\u00e9e !","robots":{"index":"index","follow":"follow","max-snippet":"max-snippet:-1","max-image-preview":"max-image-preview:large","max-video-preview":"max-video-preview:-1"},"canonical":"https:\/\/americancollegeusa.com\/en\/product\/casquette-trucker-tiger\/","og_locale":"en_US","og_type":"article","og_title":"Casquette Trucker - Tiger - Amercian College USA","og_description":"D\u00e9couvrez notre nouvelle casquette trucker Tiger pour homme ! Trendy, confortable et d\u00e9contract\u00e9e, elle vous accompagnera toute la journ\u00e9e !","og_url":"https:\/\/americancollegeusa.com\/en\/product\/casquette-trucker-tiger\/","og_site_name":"American College USA","article_publisher":"https:\/\/www.facebook.com\/AmericanCollegeofficial\/?ref=bookmarks","article_modified_time":"2024-07-24T15:18:35+00:00","og_image":[{"width":1900,"height":1900,"url":"https:\/\/americancollegeusa.com\/wp-content\/uploads\/2019\/10\/AMERICAN_COLLEGE_6_F.jpg","type":"image\/jpeg"}],"twitter_card":"summary_large_image","twitter_misc":{"Est. reading time":"1 minute"},"schema":{"@context":"https:\/\/schema.org","@graph":[{"@type":"WebPage","@id":"https:\/\/americancollegeusa.com\/produit\/casquette-trucker-tiger\/","url":"https:\/\/americancollegeusa.com\/produit\/casquette-trucker-tiger\/","name":"Casquette Trucker - Tiger - Amercian College USA","isPartOf":{"@id":"https:\/\/americancollegeusa.com\/#website"},"primaryImageOfPage":{"@id":"https:\/\/americancollegeusa.com\/produit\/casquette-trucker-tiger\/#primaryimage"},"image":{"@id":"https:\/\/americancollegeusa.com\/produit\/casquette-trucker-tiger\/#primaryimage"},"thumbnailUrl":"https:\/\/americancollegeusa.com\/wp-content\/uploads\/2019\/10\/AMERICAN_COLLEGE_6_F.jpg","datePublished":"2019-10-03T14:52:28+00:00","dateModified":"2024-07-24T15:18:35+00:00","description":"D\u00e9couvrez notre nouvelle casquette trucker Tiger pour homme ! Trendy, confortable et d\u00e9contract\u00e9e, elle vous accompagnera toute la journ\u00e9e !","breadcrumb":{"@id":"https:\/\/americancollegeusa.com\/produit\/casquette-trucker-tiger\/#breadcrumb"},"inLanguage":"en-US","potentialAction":[{"@type":"ReadAction","target":["https:\/\/americancollegeusa.com\/produit\/casquette-trucker-tiger\/"]}]},{"@type":"ImageObject","inLanguage":"en-US","@id":"https:\/\/americancollegeusa.com\/produit\/casquette-trucker-tiger\/#primaryimage","url":"https:\/\/americancollegeusa.com\/wp-content\/uploads\/2019\/10\/AMERICAN_COLLEGE_6_F.jpg","contentUrl":"https:\/\/americancollegeusa.com\/wp-content\/uploads\/2019\/10\/AMERICAN_COLLEGE_6_F.jpg","width":1900,"height":1900},{"@type":"BreadcrumbList","@id":"https:\/\/americancollegeusa.com\/produit\/casquette-trucker-tiger\/#breadcrumb","itemListElement":[{"@type":"ListItem","position":1,"name":"Accueil","item":"https:\/\/americancollegeusa.com\/"},{"@type":"ListItem","position":2,"name":"Boutique","item":"https:\/\/americancollegeusa.com\/boutique\/"},{"@type":"ListItem","position":3,"name":"Casquette Trucker Tiger"}]},{"@type":"WebSite","@id":"https:\/\/americancollegeusa.com\/#website","url":"https:\/\/americancollegeusa.com\/","name":"American College USA","description":"","potentialAction":[{"@type":"SearchAction","target":{"@type":"EntryPoint","urlTemplate":"https:\/\/americancollegeusa.com\/?s={search_term_string}"},"query-input":{"@type":"PropertyValueSpecification","valueRequired":true,"valueName":"search_term_string"}}],"inLanguage":"en-US"}]}},"_links":{"self":[{"href":"https:\/\/americancollegeusa.com\/en\/wp-json\/wp\/v2\/product\/9296","targetHints":{"allow":["GET"]}}],"collection":[{"href":"https:\/\/americancollegeusa.com\/en\/wp-json\/wp\/v2\/product"}],"about":[{"href":"https:\/\/americancollegeusa.com\/en\/wp-json\/wp\/v2\/types\/product"}],"replies":[{"embeddable":true,"href":"https:\/\/americancollegeusa.com\/en\/wp-json\/wp\/v2\/comments?post=9296"}],"wp:featuredmedia":[{"embeddable":true,"href":"https:\/\/americancollegeusa.com\/en\/wp-json\/wp\/v2\/media\/9297"}],"wp:attachment":[{"href":"https:\/\/americancollegeusa.com\/en\/wp-json\/wp\/v2\/media?parent=9296"}],"wp:term":[{"taxonomy":"product_brand","embeddable":true,"href":"https:\/\/americancollegeusa.com\/en\/wp-json\/wp\/v2\/product_brand?post=9296"},{"taxonomy":"product_cat","embeddable":true,"href":"https:\/\/americancollegeusa.com\/en\/wp-json\/wp\/v2\/product_cat?post=9296"},{"taxonomy":"product_tag","embeddable":true,"href":"https:\/\/americancollegeusa.com\/en\/wp-json\/wp\/v2\/product_tag?post=9296"}],"curies":[{"name":"wp","href":"https:\/\/api.w.org\/{rel}","templated":true}]}}