{"id":9256,"date":"2019-10-03T14:38:57","date_gmt":"2019-10-03T12:38:57","guid":{"rendered":"https:\/\/americancollegeusa.com\/?post_type=product&#038;p=9256"},"modified":"2026-04-04T00:59:33","modified_gmt":"2026-04-03T22:59:33","slug":"bombers-kaki","status":"publish","type":"product","link":"https:\/\/americancollegeusa.com\/en\/product\/bombers-kaki\/","title":{"rendered":"Bombers Khaki 104"},"content":{"rendered":"<h2>Rediscover the authentic Flight Jacket, the <span style=\"color: #b1273f;\">Bombers<\/span> original Kaki pour homme\u00a0 !<\/h2>\n<p>The iconic Bombers, the authentic Khaki Flight Jacket for men! It is always difficult to find the ideal jacket, one that will match all your outfits, while giving you a unique and trendy style. So don\u2019t hesitate, try our jacket! Indeed, it is perfect for all seasons, and can be worn at any time of the day. Because a day is a succession of moments and occasions, choose the jacket that combines comfort, elegance and style, and that will adapt to each moment.<\/p>\n<p>Our Bombers are available in several sizes: XS, S, M, L and XL. In fact, you can find it in several color variations: black, navy and khaki. Our jacket has two front pockets, an inside pocket, a slightly quilted lining, and closes with a quality metal zip. You will find the original AC American college badge in hand embroidery on the sleeve! Take advantage of the unequaled elegance and comfort of our materials!<\/p>\n<p>Our Bombers jacket is currently available.<\/p>\n<p>By purchasing a garment from our well-known brand as a guarantee of quality, you are choosing a product that lasts over time. Indeed, solid and well cut, the clothes <a style=\"color: #b1273f;\" href=\"https:\/\/americancollegeusa.com\/en\/\">American College USA<\/a> reflect our desire to bring you a high-end product.<\/p>","protected":false},"excerpt":{"rendered":"<p>Nylon bombers<\/p>\n<p class=\"tab-title bold-medium-title\">Jackets &amp; Coats<\/p>\n<p>&nbsp;<\/p>","protected":false},"featured_media":9794,"comment_status":"open","ping_status":"closed","template":"","meta":{"_et_pb_use_builder":"","_et_pb_old_content":"","_et_gb_content_width":"","_exactmetrics_skip_tracking":false,"_exactmetrics_sitenote_active":false,"_exactmetrics_sitenote_note":"","_exactmetrics_sitenote_category":0},"product_brand":[],"product_cat":[69],"product_tag":[],"class_list":{"0":"post-9256","1":"product","2":"type-product","3":"status-publish","4":"has-post-thumbnail","6":"product_cat-bombers","8":"first","9":"outofstock","10":"taxable","11":"shipping-taxable","12":"purchasable","13":"product-type-variable"},"yoast_head":"<!-- This site is optimized with the Yoast SEO plugin v26.9 - https:\/\/yoast.com\/product\/yoast-seo-wordpress\/ -->\n<title>Flight Jacket - Bombers Kaki -Amercian College USA<\/title>\n<meta name=\"description\" content=\"Faites l&#039;exp\u00e9rience de notre Bombers nouvelle g\u00e9n\u00e9ration Kaki ! 2 poches ext\u00e9rieurs, et un zip en m\u00e9tal, il allie confort et style pour vos journ\u00e9es!\" \/>\n<meta name=\"robots\" content=\"index, follow, max-snippet:-1, max-image-preview:large, max-video-preview:-1\" \/>\n<link rel=\"canonical\" href=\"https:\/\/americancollegeusa.com\/en\/product\/bombers-kaki\/\" \/>\n<meta property=\"og:locale\" content=\"en_US\" \/>\n<meta property=\"og:type\" content=\"article\" \/>\n<meta property=\"og:title\" content=\"Flight Jacket - Bombers Kaki -Amercian College USA\" \/>\n<meta property=\"og:description\" content=\"Faites l&#039;exp\u00e9rience de notre Bombers nouvelle g\u00e9n\u00e9ration Kaki ! 2 poches ext\u00e9rieurs, et un zip en m\u00e9tal, il allie confort et style pour vos journ\u00e9es!\" \/>\n<meta property=\"og:url\" content=\"https:\/\/americancollegeusa.com\/en\/product\/bombers-kaki\/\" \/>\n<meta property=\"og:site_name\" content=\"American College USA\" \/>\n<meta property=\"article:publisher\" content=\"https:\/\/www.facebook.com\/AmericanCollegeofficial\/?ref=bookmarks\" \/>\n<meta property=\"article:modified_time\" content=\"2026-04-03T22:59:33+00:00\" \/>\n<meta property=\"og:image\" content=\"https:\/\/americancollegeusa.com\/wp-content\/uploads\/2019\/10\/AC_20191016_L12_2343-683x1024.jpg\" \/>\n\t<meta property=\"og:image:width\" content=\"683\" \/>\n\t<meta property=\"og:image:height\" content=\"1024\" \/>\n\t<meta property=\"og:image:type\" content=\"image\/jpeg\" \/>\n<meta name=\"twitter:card\" content=\"summary_large_image\" \/>\n<meta name=\"twitter:label1\" content=\"Est. reading time\" \/>\n\t<meta name=\"twitter:data1\" content=\"1 minute\" \/>\n<script type=\"application\/ld+json\" class=\"yoast-schema-graph\">{\"@context\":\"https:\/\/schema.org\",\"@graph\":[{\"@type\":\"WebPage\",\"@id\":\"https:\/\/americancollegeusa.com\/produit\/bombers-kaki\/\",\"url\":\"https:\/\/americancollegeusa.com\/produit\/bombers-kaki\/\",\"name\":\"Flight Jacket - Bombers Kaki -Amercian College USA\",\"isPartOf\":{\"@id\":\"https:\/\/americancollegeusa.com\/#website\"},\"primaryImageOfPage\":{\"@id\":\"https:\/\/americancollegeusa.com\/produit\/bombers-kaki\/#primaryimage\"},\"image\":{\"@id\":\"https:\/\/americancollegeusa.com\/produit\/bombers-kaki\/#primaryimage\"},\"thumbnailUrl\":\"https:\/\/americancollegeusa.com\/wp-content\/uploads\/2019\/10\/AC_20191016_L12_2343.jpg\",\"datePublished\":\"2019-10-03T12:38:57+00:00\",\"dateModified\":\"2026-04-03T22:59:33+00:00\",\"description\":\"Faites l'exp\u00e9rience de notre Bombers nouvelle g\u00e9n\u00e9ration Kaki ! 2 poches ext\u00e9rieurs, et un zip en m\u00e9tal, il allie confort et style pour vos journ\u00e9es!\",\"breadcrumb\":{\"@id\":\"https:\/\/americancollegeusa.com\/produit\/bombers-kaki\/#breadcrumb\"},\"inLanguage\":\"en-US\",\"potentialAction\":[{\"@type\":\"ReadAction\",\"target\":[\"https:\/\/americancollegeusa.com\/produit\/bombers-kaki\/\"]}]},{\"@type\":\"ImageObject\",\"inLanguage\":\"en-US\",\"@id\":\"https:\/\/americancollegeusa.com\/produit\/bombers-kaki\/#primaryimage\",\"url\":\"https:\/\/americancollegeusa.com\/wp-content\/uploads\/2019\/10\/AC_20191016_L12_2343.jpg\",\"contentUrl\":\"https:\/\/americancollegeusa.com\/wp-content\/uploads\/2019\/10\/AC_20191016_L12_2343.jpg\",\"width\":2133,\"height\":3200},{\"@type\":\"BreadcrumbList\",\"@id\":\"https:\/\/americancollegeusa.com\/produit\/bombers-kaki\/#breadcrumb\",\"itemListElement\":[{\"@type\":\"ListItem\",\"position\":1,\"name\":\"Accueil\",\"item\":\"https:\/\/americancollegeusa.com\/\"},{\"@type\":\"ListItem\",\"position\":2,\"name\":\"Boutique\",\"item\":\"https:\/\/americancollegeusa.com\/boutique\/\"},{\"@type\":\"ListItem\",\"position\":3,\"name\":\"Bombers Kaki 104\"}]},{\"@type\":\"WebSite\",\"@id\":\"https:\/\/americancollegeusa.com\/#website\",\"url\":\"https:\/\/americancollegeusa.com\/\",\"name\":\"American College USA\",\"description\":\"\",\"potentialAction\":[{\"@type\":\"SearchAction\",\"target\":{\"@type\":\"EntryPoint\",\"urlTemplate\":\"https:\/\/americancollegeusa.com\/?s={search_term_string}\"},\"query-input\":{\"@type\":\"PropertyValueSpecification\",\"valueRequired\":true,\"valueName\":\"search_term_string\"}}],\"inLanguage\":\"en-US\"}]}<\/script>\n<!-- \/ Yoast SEO plugin. -->","yoast_head_json":{"title":"Flight Jacket - Bombers Kaki -Amercian College USA","description":"Faites l'exp\u00e9rience de notre Bombers nouvelle g\u00e9n\u00e9ration Kaki ! 2 poches ext\u00e9rieurs, et un zip en m\u00e9tal, il allie confort et style pour vos journ\u00e9es!","robots":{"index":"index","follow":"follow","max-snippet":"max-snippet:-1","max-image-preview":"max-image-preview:large","max-video-preview":"max-video-preview:-1"},"canonical":"https:\/\/americancollegeusa.com\/en\/product\/bombers-kaki\/","og_locale":"en_US","og_type":"article","og_title":"Flight Jacket - Bombers Kaki -Amercian College USA","og_description":"Faites l'exp\u00e9rience de notre Bombers nouvelle g\u00e9n\u00e9ration Kaki ! 2 poches ext\u00e9rieurs, et un zip en m\u00e9tal, il allie confort et style pour vos journ\u00e9es!","og_url":"https:\/\/americancollegeusa.com\/en\/product\/bombers-kaki\/","og_site_name":"American College USA","article_publisher":"https:\/\/www.facebook.com\/AmericanCollegeofficial\/?ref=bookmarks","article_modified_time":"2026-04-03T22:59:33+00:00","og_image":[{"width":683,"height":1024,"url":"https:\/\/americancollegeusa.com\/wp-content\/uploads\/2019\/10\/AC_20191016_L12_2343-683x1024.jpg","type":"image\/jpeg"}],"twitter_card":"summary_large_image","twitter_misc":{"Est. reading time":"1 minute"},"schema":{"@context":"https:\/\/schema.org","@graph":[{"@type":"WebPage","@id":"https:\/\/americancollegeusa.com\/produit\/bombers-kaki\/","url":"https:\/\/americancollegeusa.com\/produit\/bombers-kaki\/","name":"Flight Jacket - Bombers Kaki -Amercian College USA","isPartOf":{"@id":"https:\/\/americancollegeusa.com\/#website"},"primaryImageOfPage":{"@id":"https:\/\/americancollegeusa.com\/produit\/bombers-kaki\/#primaryimage"},"image":{"@id":"https:\/\/americancollegeusa.com\/produit\/bombers-kaki\/#primaryimage"},"thumbnailUrl":"https:\/\/americancollegeusa.com\/wp-content\/uploads\/2019\/10\/AC_20191016_L12_2343.jpg","datePublished":"2019-10-03T12:38:57+00:00","dateModified":"2026-04-03T22:59:33+00:00","description":"Faites l'exp\u00e9rience de notre Bombers nouvelle g\u00e9n\u00e9ration Kaki ! 2 poches ext\u00e9rieurs, et un zip en m\u00e9tal, il allie confort et style pour vos journ\u00e9es!","breadcrumb":{"@id":"https:\/\/americancollegeusa.com\/produit\/bombers-kaki\/#breadcrumb"},"inLanguage":"en-US","potentialAction":[{"@type":"ReadAction","target":["https:\/\/americancollegeusa.com\/produit\/bombers-kaki\/"]}]},{"@type":"ImageObject","inLanguage":"en-US","@id":"https:\/\/americancollegeusa.com\/produit\/bombers-kaki\/#primaryimage","url":"https:\/\/americancollegeusa.com\/wp-content\/uploads\/2019\/10\/AC_20191016_L12_2343.jpg","contentUrl":"https:\/\/americancollegeusa.com\/wp-content\/uploads\/2019\/10\/AC_20191016_L12_2343.jpg","width":2133,"height":3200},{"@type":"BreadcrumbList","@id":"https:\/\/americancollegeusa.com\/produit\/bombers-kaki\/#breadcrumb","itemListElement":[{"@type":"ListItem","position":1,"name":"Accueil","item":"https:\/\/americancollegeusa.com\/"},{"@type":"ListItem","position":2,"name":"Boutique","item":"https:\/\/americancollegeusa.com\/boutique\/"},{"@type":"ListItem","position":3,"name":"Bombers Kaki 104"}]},{"@type":"WebSite","@id":"https:\/\/americancollegeusa.com\/#website","url":"https:\/\/americancollegeusa.com\/","name":"American College USA","description":"","potentialAction":[{"@type":"SearchAction","target":{"@type":"EntryPoint","urlTemplate":"https:\/\/americancollegeusa.com\/?s={search_term_string}"},"query-input":{"@type":"PropertyValueSpecification","valueRequired":true,"valueName":"search_term_string"}}],"inLanguage":"en-US"}]}},"_links":{"self":[{"href":"https:\/\/americancollegeusa.com\/en\/wp-json\/wp\/v2\/product\/9256","targetHints":{"allow":["GET"]}}],"collection":[{"href":"https:\/\/americancollegeusa.com\/en\/wp-json\/wp\/v2\/product"}],"about":[{"href":"https:\/\/americancollegeusa.com\/en\/wp-json\/wp\/v2\/types\/product"}],"replies":[{"embeddable":true,"href":"https:\/\/americancollegeusa.com\/en\/wp-json\/wp\/v2\/comments?post=9256"}],"wp:featuredmedia":[{"embeddable":true,"href":"https:\/\/americancollegeusa.com\/en\/wp-json\/wp\/v2\/media\/9794"}],"wp:attachment":[{"href":"https:\/\/americancollegeusa.com\/en\/wp-json\/wp\/v2\/media?parent=9256"}],"wp:term":[{"taxonomy":"product_brand","embeddable":true,"href":"https:\/\/americancollegeusa.com\/en\/wp-json\/wp\/v2\/product_brand?post=9256"},{"taxonomy":"product_cat","embeddable":true,"href":"https:\/\/americancollegeusa.com\/en\/wp-json\/wp\/v2\/product_cat?post=9256"},{"taxonomy":"product_tag","embeddable":true,"href":"https:\/\/americancollegeusa.com\/en\/wp-json\/wp\/v2\/product_tag?post=9256"}],"curies":[{"name":"wp","href":"https:\/\/api.w.org\/{rel}","templated":true}]}}