{"id":8845,"date":"2019-05-20T00:22:46","date_gmt":"2019-05-19T22:22:46","guid":{"rendered":"https:\/\/americancollegeusa.com\/?post_type=product&#038;p=8845"},"modified":"2023-10-10T17:30:07","modified_gmt":"2023-10-10T15:30:07","slug":"the-flight-jacket-noir","status":"publish","type":"product","link":"https:\/\/americancollegeusa.com\/en\/product\/the-flight-jacket-noir\/","title":{"rendered":"The Flight Jacket Black 009"},"content":{"rendered":"<h2>Discover <span style=\"color: #b1273f;\">The Flight Jacket Black <\/span>for men!<\/h2>\n<p>Experience a quality jacket with our Men's Flight Jacket. Ideal for all your outings, whether it's a moment with friends in town, a stroll in the countryside, or a shopping day, our jacket will accompany you everywhere.<\/p>\n<p>The Flight Jacket is available in several sizes: XS, S, M, L and XL. Enjoy the unequaled comfort of our jacket, made of genuine leather, in collaboration with the Schott brand. Indeed, our genuine lambskin jacket combines the well-known college side of our brand Amercian College USA. But also the authenticity which is no longer to demonstrate from the Schott brand.<br \/>\nThe Flight Jacket is a true blend of style. In fact, you will soon be able to do without it to enhance your outfits!<br \/>\nOur jacket is offered with, embroidered on the right, the US Schott patch. As well as, embroidered on the left, the American College AC patch.<br \/>\nTake advantage of our limited series!<\/p>\n<p>Our Flight Jacket is available to order.<\/p>\n<p>By purchasing a garment from our well-known brand as a guarantee of quality, you are choosing a product that lasts over time. Indeed, solid and well cut, the clothes <a style=\"color: #b1273f;\" href=\"https:\/\/americancollegeusa.com\/en\/\">American College USA<\/a> reflect our desire to bring you a high-end product.<\/p>","protected":false},"excerpt":{"rendered":"<p>D\u00e9couvrez The Flight Jacket noir pour homme ! Faites l&rsquo;exp\u00e9rience d&rsquo;un blouson de qualit\u00e9 avec notre Flight Jacket pour homme. Id\u00e9al pour toutes vos sorties, qu&rsquo;il s&rsquo;agisse d&rsquo;un moment entre amis en ville, d&rsquo;une balade \u00e0 la campagne, ou d&rsquo;une journ\u00e9e shopping, notre blouson vous accompagnera partout. The Flight Jacket est disponible en plusieurs tailles [&hellip;]<\/p>","protected":false},"featured_media":9672,"comment_status":"open","ping_status":"closed","template":"","meta":{"_et_pb_use_builder":"","_et_pb_old_content":"","_et_gb_content_width":"","_exactmetrics_skip_tracking":false,"_exactmetrics_sitenote_active":false,"_exactmetrics_sitenote_note":"","_exactmetrics_sitenote_category":0},"product_brand":[],"product_cat":[35,65,26],"product_tag":[],"class_list":{"0":"post-8845","1":"product","2":"type-product","3":"status-publish","4":"has-post-thumbnail","6":"product_cat-blouson","7":"product_cat-blouson-the-flight","8":"product_cat-pre-commande","10":"first","11":"outofstock","12":"taxable","13":"shipping-taxable","14":"purchasable","15":"product-type-variable"},"yoast_head":"<!-- This site is optimized with the Yoast SEO plugin v26.9 - https:\/\/yoast.com\/product\/yoast-seo-wordpress\/ -->\n<title>The Flight Jacket - Noir Uni - American College USA<\/title>\n<meta name=\"description\" content=\"Profitez de notre c\u00e9l\u00e8bre The Flight Jacket, pour une livraison rapide ! Blouson incontournable qui vous accompagnera partout !\" \/>\n<meta name=\"robots\" content=\"index, follow, max-snippet:-1, max-image-preview:large, max-video-preview:-1\" \/>\n<link rel=\"canonical\" href=\"https:\/\/americancollegeusa.com\/en\/product\/the-flight-jacket-noir\/\" \/>\n<meta property=\"og:locale\" content=\"en_US\" \/>\n<meta property=\"og:type\" content=\"article\" \/>\n<meta property=\"og:title\" content=\"The Flight Jacket - Noir Uni - American College USA\" \/>\n<meta property=\"og:description\" content=\"Profitez de notre c\u00e9l\u00e8bre The Flight Jacket, pour une livraison rapide ! Blouson incontournable qui vous accompagnera partout !\" \/>\n<meta property=\"og:url\" content=\"https:\/\/americancollegeusa.com\/en\/product\/the-flight-jacket-noir\/\" \/>\n<meta property=\"og:site_name\" content=\"American College USA\" \/>\n<meta property=\"article:publisher\" content=\"https:\/\/www.facebook.com\/AmericanCollegeofficial\/?ref=bookmarks\" \/>\n<meta property=\"article:modified_time\" content=\"2023-10-10T15:30:07+00:00\" \/>\n<meta property=\"og:image\" content=\"https:\/\/americancollegeusa.com\/wp-content\/uploads\/2019\/05\/AC_20191016_L19_3022-683x1024.jpg\" \/>\n\t<meta property=\"og:image:width\" content=\"683\" \/>\n\t<meta property=\"og:image:height\" content=\"1024\" \/>\n\t<meta property=\"og:image:type\" content=\"image\/jpeg\" \/>\n<meta name=\"twitter:card\" content=\"summary_large_image\" \/>\n<meta name=\"twitter:label1\" content=\"Est. reading time\" \/>\n\t<meta name=\"twitter:data1\" content=\"1 minute\" \/>\n<script type=\"application\/ld+json\" class=\"yoast-schema-graph\">{\"@context\":\"https:\/\/schema.org\",\"@graph\":[{\"@type\":\"WebPage\",\"@id\":\"https:\/\/americancollegeusa.com\/produit\/the-flight-jacket-noir\/\",\"url\":\"https:\/\/americancollegeusa.com\/produit\/the-flight-jacket-noir\/\",\"name\":\"The Flight Jacket - Noir Uni - American College USA\",\"isPartOf\":{\"@id\":\"https:\/\/americancollegeusa.com\/#website\"},\"primaryImageOfPage\":{\"@id\":\"https:\/\/americancollegeusa.com\/produit\/the-flight-jacket-noir\/#primaryimage\"},\"image\":{\"@id\":\"https:\/\/americancollegeusa.com\/produit\/the-flight-jacket-noir\/#primaryimage\"},\"thumbnailUrl\":\"https:\/\/americancollegeusa.com\/wp-content\/uploads\/2019\/05\/AC_20191016_L19_3022.jpg\",\"datePublished\":\"2019-05-19T22:22:46+00:00\",\"dateModified\":\"2023-10-10T15:30:07+00:00\",\"description\":\"Profitez de notre c\u00e9l\u00e8bre The Flight Jacket, pour une livraison rapide ! Blouson incontournable qui vous accompagnera partout !\",\"breadcrumb\":{\"@id\":\"https:\/\/americancollegeusa.com\/produit\/the-flight-jacket-noir\/#breadcrumb\"},\"inLanguage\":\"en-US\",\"potentialAction\":[{\"@type\":\"ReadAction\",\"target\":[\"https:\/\/americancollegeusa.com\/produit\/the-flight-jacket-noir\/\"]}]},{\"@type\":\"ImageObject\",\"inLanguage\":\"en-US\",\"@id\":\"https:\/\/americancollegeusa.com\/produit\/the-flight-jacket-noir\/#primaryimage\",\"url\":\"https:\/\/americancollegeusa.com\/wp-content\/uploads\/2019\/05\/AC_20191016_L19_3022.jpg\",\"contentUrl\":\"https:\/\/americancollegeusa.com\/wp-content\/uploads\/2019\/05\/AC_20191016_L19_3022.jpg\",\"width\":2134,\"height\":3200},{\"@type\":\"BreadcrumbList\",\"@id\":\"https:\/\/americancollegeusa.com\/produit\/the-flight-jacket-noir\/#breadcrumb\",\"itemListElement\":[{\"@type\":\"ListItem\",\"position\":1,\"name\":\"Accueil\",\"item\":\"https:\/\/americancollegeusa.com\/\"},{\"@type\":\"ListItem\",\"position\":2,\"name\":\"Boutique\",\"item\":\"https:\/\/americancollegeusa.com\/boutique\/\"},{\"@type\":\"ListItem\",\"position\":3,\"name\":\"The Flight Jacket Noir 009\"}]},{\"@type\":\"WebSite\",\"@id\":\"https:\/\/americancollegeusa.com\/#website\",\"url\":\"https:\/\/americancollegeusa.com\/\",\"name\":\"American College USA\",\"description\":\"\",\"potentialAction\":[{\"@type\":\"SearchAction\",\"target\":{\"@type\":\"EntryPoint\",\"urlTemplate\":\"https:\/\/americancollegeusa.com\/?s={search_term_string}\"},\"query-input\":{\"@type\":\"PropertyValueSpecification\",\"valueRequired\":true,\"valueName\":\"search_term_string\"}}],\"inLanguage\":\"en-US\"}]}<\/script>\n<!-- \/ Yoast SEO plugin. -->","yoast_head_json":{"title":"The Flight Jacket - Noir Uni - American College USA","description":"Profitez de notre c\u00e9l\u00e8bre The Flight Jacket, pour une livraison rapide ! Blouson incontournable qui vous accompagnera partout !","robots":{"index":"index","follow":"follow","max-snippet":"max-snippet:-1","max-image-preview":"max-image-preview:large","max-video-preview":"max-video-preview:-1"},"canonical":"https:\/\/americancollegeusa.com\/en\/product\/the-flight-jacket-noir\/","og_locale":"en_US","og_type":"article","og_title":"The Flight Jacket - Noir Uni - American College USA","og_description":"Profitez de notre c\u00e9l\u00e8bre The Flight Jacket, pour une livraison rapide ! Blouson incontournable qui vous accompagnera partout !","og_url":"https:\/\/americancollegeusa.com\/en\/product\/the-flight-jacket-noir\/","og_site_name":"American College USA","article_publisher":"https:\/\/www.facebook.com\/AmericanCollegeofficial\/?ref=bookmarks","article_modified_time":"2023-10-10T15:30:07+00:00","og_image":[{"width":683,"height":1024,"url":"https:\/\/americancollegeusa.com\/wp-content\/uploads\/2019\/05\/AC_20191016_L19_3022-683x1024.jpg","type":"image\/jpeg"}],"twitter_card":"summary_large_image","twitter_misc":{"Est. reading time":"1 minute"},"schema":{"@context":"https:\/\/schema.org","@graph":[{"@type":"WebPage","@id":"https:\/\/americancollegeusa.com\/produit\/the-flight-jacket-noir\/","url":"https:\/\/americancollegeusa.com\/produit\/the-flight-jacket-noir\/","name":"The Flight Jacket - Noir Uni - American College USA","isPartOf":{"@id":"https:\/\/americancollegeusa.com\/#website"},"primaryImageOfPage":{"@id":"https:\/\/americancollegeusa.com\/produit\/the-flight-jacket-noir\/#primaryimage"},"image":{"@id":"https:\/\/americancollegeusa.com\/produit\/the-flight-jacket-noir\/#primaryimage"},"thumbnailUrl":"https:\/\/americancollegeusa.com\/wp-content\/uploads\/2019\/05\/AC_20191016_L19_3022.jpg","datePublished":"2019-05-19T22:22:46+00:00","dateModified":"2023-10-10T15:30:07+00:00","description":"Profitez de notre c\u00e9l\u00e8bre The Flight Jacket, pour une livraison rapide ! Blouson incontournable qui vous accompagnera partout !","breadcrumb":{"@id":"https:\/\/americancollegeusa.com\/produit\/the-flight-jacket-noir\/#breadcrumb"},"inLanguage":"en-US","potentialAction":[{"@type":"ReadAction","target":["https:\/\/americancollegeusa.com\/produit\/the-flight-jacket-noir\/"]}]},{"@type":"ImageObject","inLanguage":"en-US","@id":"https:\/\/americancollegeusa.com\/produit\/the-flight-jacket-noir\/#primaryimage","url":"https:\/\/americancollegeusa.com\/wp-content\/uploads\/2019\/05\/AC_20191016_L19_3022.jpg","contentUrl":"https:\/\/americancollegeusa.com\/wp-content\/uploads\/2019\/05\/AC_20191016_L19_3022.jpg","width":2134,"height":3200},{"@type":"BreadcrumbList","@id":"https:\/\/americancollegeusa.com\/produit\/the-flight-jacket-noir\/#breadcrumb","itemListElement":[{"@type":"ListItem","position":1,"name":"Accueil","item":"https:\/\/americancollegeusa.com\/"},{"@type":"ListItem","position":2,"name":"Boutique","item":"https:\/\/americancollegeusa.com\/boutique\/"},{"@type":"ListItem","position":3,"name":"The Flight Jacket Noir 009"}]},{"@type":"WebSite","@id":"https:\/\/americancollegeusa.com\/#website","url":"https:\/\/americancollegeusa.com\/","name":"American College USA","description":"","potentialAction":[{"@type":"SearchAction","target":{"@type":"EntryPoint","urlTemplate":"https:\/\/americancollegeusa.com\/?s={search_term_string}"},"query-input":{"@type":"PropertyValueSpecification","valueRequired":true,"valueName":"search_term_string"}}],"inLanguage":"en-US"}]}},"_links":{"self":[{"href":"https:\/\/americancollegeusa.com\/en\/wp-json\/wp\/v2\/product\/8845","targetHints":{"allow":["GET"]}}],"collection":[{"href":"https:\/\/americancollegeusa.com\/en\/wp-json\/wp\/v2\/product"}],"about":[{"href":"https:\/\/americancollegeusa.com\/en\/wp-json\/wp\/v2\/types\/product"}],"replies":[{"embeddable":true,"href":"https:\/\/americancollegeusa.com\/en\/wp-json\/wp\/v2\/comments?post=8845"}],"wp:featuredmedia":[{"embeddable":true,"href":"https:\/\/americancollegeusa.com\/en\/wp-json\/wp\/v2\/media\/9672"}],"wp:attachment":[{"href":"https:\/\/americancollegeusa.com\/en\/wp-json\/wp\/v2\/media?parent=8845"}],"wp:term":[{"taxonomy":"product_brand","embeddable":true,"href":"https:\/\/americancollegeusa.com\/en\/wp-json\/wp\/v2\/product_brand?post=8845"},{"taxonomy":"product_cat","embeddable":true,"href":"https:\/\/americancollegeusa.com\/en\/wp-json\/wp\/v2\/product_cat?post=8845"},{"taxonomy":"product_tag","embeddable":true,"href":"https:\/\/americancollegeusa.com\/en\/wp-json\/wp\/v2\/product_tag?post=8845"}],"curies":[{"name":"wp","href":"https:\/\/api.w.org\/{rel}","templated":true}]}}