{"id":8805,"date":"2019-05-19T23:20:55","date_gmt":"2019-05-19T21:20:55","guid":{"rendered":"https:\/\/americancollegeusa.com\/?post_type=product&#038;p=8805"},"modified":"2025-01-20T15:45:32","modified_gmt":"2025-01-20T14:45:32","slug":"teddy-varsity-marine-avec-broderie-football","status":"publish","type":"product","link":"https:\/\/americancollegeusa.com\/en\/product\/teddy-varsity-marine-avec-broderie-football\/","title":{"rendered":"Teddy Varsity Marine Football 0070"},"content":{"rendered":"<h2>Discover the <span style=\"color: #b1273f;\">Teddy Varsity <\/span> original navy with Football embroidery for men!<\/h2>\n<p>Enjoy a quality jacket with our unbeatable original Teddy Varsity navy with men's football embroidery! It is always difficult to find the ideal jacket, one that will match all your outfits, while giving you a unique and trendy style. So don\u2019t hesitate, try our jacket! Indeed, it is perfect for all seasons, and can be worn at any time of the day. Because a day is a succession of moments and occasions, choose the jacket that combines comfort, elegance and style, and that will adapt to each moment.<\/p>\n<p>Our Teddy Varsity is available in several sizes: XS, S, M, and L. In fact, you can find it in several color variations: burgundy-white, gray-white, green-white, black-black, navy-white , navy-red-white, black-white and red-white. Our jacket has two front pockets, an inside pocket, a slightly quilted lining, and closes with exterior buttons. In fact, it also has an invisible interior zip. You will find the original AC American college badge in loop on the sleeve! In addition, its front and back and sleeve are 100% wool, and the pockets are 100% real leather. Take advantage of the unequaled elegance and comfort of our materials!<\/p>\n<p>Our Teddy Varsity is currently in stock.<\/p>\n<p>By purchasing a garment from our well-known brand as a guarantee of quality, you are choosing a product that lasts over time. Indeed, solid and well cut, the clothes <a style=\"color: #b1273f;\" href=\"https:\/\/americancollegeusa.com\/en\/\">American College USA<\/a> reflect our desire to bring you a high-end product.<\/p>","protected":false},"excerpt":{"rendered":"<p>Front and back 100% wool<\/p>\n<p>100% genuine leather handle<\/p>\n<p class=\"tab-title bold-medium-title\">Jackets &amp; Coats<\/p>","protected":false},"featured_media":9541,"comment_status":"open","ping_status":"closed","template":"","meta":{"_et_pb_use_builder":"","_et_pb_old_content":"","_et_gb_content_width":"","_exactmetrics_skip_tracking":false,"_exactmetrics_sitenote_active":false,"_exactmetrics_sitenote_note":"","_exactmetrics_sitenote_category":0},"product_brand":[],"product_cat":[46],"product_tag":[],"class_list":{"0":"post-8805","1":"product","2":"type-product","3":"status-publish","4":"has-post-thumbnail","6":"product_cat-blouson-teddy-varsity-blouson","8":"first","9":"instock","10":"taxable","11":"shipping-taxable","12":"purchasable","13":"product-type-variable"},"yoast_head":"<!-- This site is optimized with the Yoast SEO plugin v26.9 - https:\/\/yoast.com\/product\/yoast-seo-wordpress\/ -->\n<title>Teddy Varsity - Noir avec Football Am\u00e9ricain - Amercian College USA<\/title>\n<meta name=\"description\" content=\"Faites l&#039;exp\u00e9rience de notre Teddy Varsity nouvelle g\u00e9n\u00e9ration ! Bouton sur le devant, zip invisible, il allie confort et style pour vos journ\u00e9es!\" \/>\n<meta name=\"robots\" content=\"index, follow, max-snippet:-1, max-image-preview:large, max-video-preview:-1\" \/>\n<link rel=\"canonical\" href=\"https:\/\/americancollegeusa.com\/en\/product\/teddy-varsity-marine-avec-broderie-football\/\" \/>\n<meta property=\"og:locale\" content=\"en_US\" \/>\n<meta property=\"og:type\" content=\"article\" \/>\n<meta property=\"og:title\" content=\"Teddy Varsity - Noir avec Football Am\u00e9ricain - Amercian College USA\" \/>\n<meta property=\"og:description\" content=\"Faites l&#039;exp\u00e9rience de notre Teddy Varsity nouvelle g\u00e9n\u00e9ration ! Bouton sur le devant, zip invisible, il allie confort et style pour vos journ\u00e9es!\" \/>\n<meta property=\"og:url\" content=\"https:\/\/americancollegeusa.com\/en\/product\/teddy-varsity-marine-avec-broderie-football\/\" \/>\n<meta property=\"og:site_name\" content=\"American College USA\" \/>\n<meta property=\"article:publisher\" content=\"https:\/\/www.facebook.com\/AmericanCollegeofficial\/?ref=bookmarks\" \/>\n<meta property=\"article:modified_time\" content=\"2025-01-20T14:45:32+00:00\" \/>\n<meta property=\"og:image\" content=\"https:\/\/americancollegeusa.com\/wp-content\/uploads\/2019\/05\/AC_20191016_L1_0087-683x1024.jpg\" \/>\n\t<meta property=\"og:image:width\" content=\"683\" \/>\n\t<meta property=\"og:image:height\" content=\"1024\" \/>\n\t<meta property=\"og:image:type\" content=\"image\/jpeg\" \/>\n<meta name=\"twitter:card\" content=\"summary_large_image\" \/>\n<meta name=\"twitter:label1\" content=\"Est. reading time\" \/>\n\t<meta name=\"twitter:data1\" content=\"1 minute\" \/>\n<script type=\"application\/ld+json\" class=\"yoast-schema-graph\">{\"@context\":\"https:\/\/schema.org\",\"@graph\":[{\"@type\":\"WebPage\",\"@id\":\"https:\/\/americancollegeusa.com\/produit\/teddy-varsity-marine-avec-broderie-football\/\",\"url\":\"https:\/\/americancollegeusa.com\/produit\/teddy-varsity-marine-avec-broderie-football\/\",\"name\":\"Teddy Varsity - Noir avec Football Am\u00e9ricain - Amercian College USA\",\"isPartOf\":{\"@id\":\"https:\/\/americancollegeusa.com\/#website\"},\"primaryImageOfPage\":{\"@id\":\"https:\/\/americancollegeusa.com\/produit\/teddy-varsity-marine-avec-broderie-football\/#primaryimage\"},\"image\":{\"@id\":\"https:\/\/americancollegeusa.com\/produit\/teddy-varsity-marine-avec-broderie-football\/#primaryimage\"},\"thumbnailUrl\":\"https:\/\/americancollegeusa.com\/wp-content\/uploads\/2019\/05\/AC_20191016_L1_0087.jpg\",\"datePublished\":\"2019-05-19T21:20:55+00:00\",\"dateModified\":\"2025-01-20T14:45:32+00:00\",\"description\":\"Faites l'exp\u00e9rience de notre Teddy Varsity nouvelle g\u00e9n\u00e9ration ! Bouton sur le devant, zip invisible, il allie confort et style pour vos journ\u00e9es!\",\"breadcrumb\":{\"@id\":\"https:\/\/americancollegeusa.com\/produit\/teddy-varsity-marine-avec-broderie-football\/#breadcrumb\"},\"inLanguage\":\"en-US\",\"potentialAction\":[{\"@type\":\"ReadAction\",\"target\":[\"https:\/\/americancollegeusa.com\/produit\/teddy-varsity-marine-avec-broderie-football\/\"]}]},{\"@type\":\"ImageObject\",\"inLanguage\":\"en-US\",\"@id\":\"https:\/\/americancollegeusa.com\/produit\/teddy-varsity-marine-avec-broderie-football\/#primaryimage\",\"url\":\"https:\/\/americancollegeusa.com\/wp-content\/uploads\/2019\/05\/AC_20191016_L1_0087.jpg\",\"contentUrl\":\"https:\/\/americancollegeusa.com\/wp-content\/uploads\/2019\/05\/AC_20191016_L1_0087.jpg\",\"width\":2134,\"height\":3200},{\"@type\":\"BreadcrumbList\",\"@id\":\"https:\/\/americancollegeusa.com\/produit\/teddy-varsity-marine-avec-broderie-football\/#breadcrumb\",\"itemListElement\":[{\"@type\":\"ListItem\",\"position\":1,\"name\":\"Accueil\",\"item\":\"https:\/\/americancollegeusa.com\/\"},{\"@type\":\"ListItem\",\"position\":2,\"name\":\"Boutique\",\"item\":\"https:\/\/americancollegeusa.com\/boutique\/\"},{\"@type\":\"ListItem\",\"position\":3,\"name\":\"Teddy Varsity Marine Football 0070\"}]},{\"@type\":\"WebSite\",\"@id\":\"https:\/\/americancollegeusa.com\/#website\",\"url\":\"https:\/\/americancollegeusa.com\/\",\"name\":\"American College USA\",\"description\":\"\",\"potentialAction\":[{\"@type\":\"SearchAction\",\"target\":{\"@type\":\"EntryPoint\",\"urlTemplate\":\"https:\/\/americancollegeusa.com\/?s={search_term_string}\"},\"query-input\":{\"@type\":\"PropertyValueSpecification\",\"valueRequired\":true,\"valueName\":\"search_term_string\"}}],\"inLanguage\":\"en-US\"}]}<\/script>\n<!-- \/ Yoast SEO plugin. -->","yoast_head_json":{"title":"Teddy Varsity - Noir avec Football Am\u00e9ricain - Amercian College USA","description":"Faites l'exp\u00e9rience de notre Teddy Varsity nouvelle g\u00e9n\u00e9ration ! Bouton sur le devant, zip invisible, il allie confort et style pour vos journ\u00e9es!","robots":{"index":"index","follow":"follow","max-snippet":"max-snippet:-1","max-image-preview":"max-image-preview:large","max-video-preview":"max-video-preview:-1"},"canonical":"https:\/\/americancollegeusa.com\/en\/product\/teddy-varsity-marine-avec-broderie-football\/","og_locale":"en_US","og_type":"article","og_title":"Teddy Varsity - Noir avec Football Am\u00e9ricain - Amercian College USA","og_description":"Faites l'exp\u00e9rience de notre Teddy Varsity nouvelle g\u00e9n\u00e9ration ! Bouton sur le devant, zip invisible, il allie confort et style pour vos journ\u00e9es!","og_url":"https:\/\/americancollegeusa.com\/en\/product\/teddy-varsity-marine-avec-broderie-football\/","og_site_name":"American College USA","article_publisher":"https:\/\/www.facebook.com\/AmericanCollegeofficial\/?ref=bookmarks","article_modified_time":"2025-01-20T14:45:32+00:00","og_image":[{"width":683,"height":1024,"url":"https:\/\/americancollegeusa.com\/wp-content\/uploads\/2019\/05\/AC_20191016_L1_0087-683x1024.jpg","type":"image\/jpeg"}],"twitter_card":"summary_large_image","twitter_misc":{"Est. reading time":"1 minute"},"schema":{"@context":"https:\/\/schema.org","@graph":[{"@type":"WebPage","@id":"https:\/\/americancollegeusa.com\/produit\/teddy-varsity-marine-avec-broderie-football\/","url":"https:\/\/americancollegeusa.com\/produit\/teddy-varsity-marine-avec-broderie-football\/","name":"Teddy Varsity - Noir avec Football Am\u00e9ricain - Amercian College USA","isPartOf":{"@id":"https:\/\/americancollegeusa.com\/#website"},"primaryImageOfPage":{"@id":"https:\/\/americancollegeusa.com\/produit\/teddy-varsity-marine-avec-broderie-football\/#primaryimage"},"image":{"@id":"https:\/\/americancollegeusa.com\/produit\/teddy-varsity-marine-avec-broderie-football\/#primaryimage"},"thumbnailUrl":"https:\/\/americancollegeusa.com\/wp-content\/uploads\/2019\/05\/AC_20191016_L1_0087.jpg","datePublished":"2019-05-19T21:20:55+00:00","dateModified":"2025-01-20T14:45:32+00:00","description":"Faites l'exp\u00e9rience de notre Teddy Varsity nouvelle g\u00e9n\u00e9ration ! Bouton sur le devant, zip invisible, il allie confort et style pour vos journ\u00e9es!","breadcrumb":{"@id":"https:\/\/americancollegeusa.com\/produit\/teddy-varsity-marine-avec-broderie-football\/#breadcrumb"},"inLanguage":"en-US","potentialAction":[{"@type":"ReadAction","target":["https:\/\/americancollegeusa.com\/produit\/teddy-varsity-marine-avec-broderie-football\/"]}]},{"@type":"ImageObject","inLanguage":"en-US","@id":"https:\/\/americancollegeusa.com\/produit\/teddy-varsity-marine-avec-broderie-football\/#primaryimage","url":"https:\/\/americancollegeusa.com\/wp-content\/uploads\/2019\/05\/AC_20191016_L1_0087.jpg","contentUrl":"https:\/\/americancollegeusa.com\/wp-content\/uploads\/2019\/05\/AC_20191016_L1_0087.jpg","width":2134,"height":3200},{"@type":"BreadcrumbList","@id":"https:\/\/americancollegeusa.com\/produit\/teddy-varsity-marine-avec-broderie-football\/#breadcrumb","itemListElement":[{"@type":"ListItem","position":1,"name":"Accueil","item":"https:\/\/americancollegeusa.com\/"},{"@type":"ListItem","position":2,"name":"Boutique","item":"https:\/\/americancollegeusa.com\/boutique\/"},{"@type":"ListItem","position":3,"name":"Teddy Varsity Marine Football 0070"}]},{"@type":"WebSite","@id":"https:\/\/americancollegeusa.com\/#website","url":"https:\/\/americancollegeusa.com\/","name":"American College USA","description":"","potentialAction":[{"@type":"SearchAction","target":{"@type":"EntryPoint","urlTemplate":"https:\/\/americancollegeusa.com\/?s={search_term_string}"},"query-input":{"@type":"PropertyValueSpecification","valueRequired":true,"valueName":"search_term_string"}}],"inLanguage":"en-US"}]}},"_links":{"self":[{"href":"https:\/\/americancollegeusa.com\/en\/wp-json\/wp\/v2\/product\/8805","targetHints":{"allow":["GET"]}}],"collection":[{"href":"https:\/\/americancollegeusa.com\/en\/wp-json\/wp\/v2\/product"}],"about":[{"href":"https:\/\/americancollegeusa.com\/en\/wp-json\/wp\/v2\/types\/product"}],"replies":[{"embeddable":true,"href":"https:\/\/americancollegeusa.com\/en\/wp-json\/wp\/v2\/comments?post=8805"}],"wp:featuredmedia":[{"embeddable":true,"href":"https:\/\/americancollegeusa.com\/en\/wp-json\/wp\/v2\/media\/9541"}],"wp:attachment":[{"href":"https:\/\/americancollegeusa.com\/en\/wp-json\/wp\/v2\/media?parent=8805"}],"wp:term":[{"taxonomy":"product_brand","embeddable":true,"href":"https:\/\/americancollegeusa.com\/en\/wp-json\/wp\/v2\/product_brand?post=8805"},{"taxonomy":"product_cat","embeddable":true,"href":"https:\/\/americancollegeusa.com\/en\/wp-json\/wp\/v2\/product_cat?post=8805"},{"taxonomy":"product_tag","embeddable":true,"href":"https:\/\/americancollegeusa.com\/en\/wp-json\/wp\/v2\/product_tag?post=8805"}],"curies":[{"name":"wp","href":"https:\/\/api.w.org\/{rel}","templated":true}]}}