{"id":8782,"date":"2019-05-19T23:14:53","date_gmt":"2019-05-19T21:14:53","guid":{"rendered":"https:\/\/americancollegeusa.com\/?post_type=product&#038;p=8782"},"modified":"2025-02-10T12:24:45","modified_gmt":"2025-02-10T11:24:45","slug":"teddy-varsity-kaki-tiger","status":"publish","type":"product","link":"https:\/\/americancollegeusa.com\/en\/product\/teddy-varsity-kaki-tiger\/","title":{"rendered":"Teddy Varsity Green Tiger 0072"},"content":{"rendered":"<h2>Discover the <span style=\"color: #b1273f;\">Teddy Varsity <\/span> original Khaki Tiger for men!<\/h2>\n<p>Profitez d&rsquo;un blouson de qualit\u00e9 avec notre ind\u00e9tr\u00f4nable Teddy Varsity orginal gree avec broderie tigre et patch pour homme ! Il est toujours difficile de trouver le blouson id\u00e9al, celui qui s&rsquo;accordera avec toutes vos tenues, tout en vous conf\u00e9rant un style unique et trendy. Alors n&rsquo;h\u00e9sitez plus, essayez notre blouson ! En effet, il est parfait pour toutes les saisons, et peut se porter \u00e0 tout moment de la journ\u00e9e. Car une journ\u00e9e est une succession de moments et d&rsquo;occasions, choisissez le blouson qui allie confort, \u00e9l\u00e9gance et style, et qui s&rsquo;adaptera \u00e0 chaque instant.<\/p>\n<p>Our Teddy Varsity is available in several sizes: XS, S, M, and L. In fact, you can find it in several color variations: burgundy-white, gray-white, green-white, black-black, navy-white , navy-red-white, black-white and red-white. . Our jacket has two front pockets, an inside pocket, a slightly quilted lining, and closes with exterior buttons. In fact, it also has an invisible interior zip. You will find the original AC American college badge in loop on the sleeve! In addition, its front and back and sleeve are 100% wool, and the pockets are 100% real leather. Take advantage of the unequaled elegance and comfort of our materials!<\/p>\n<p>Our Teddy Varsity is currently in stock.<\/p>\n<p>By purchasing a garment from our well-known brand as a guarantee of quality, you are choosing a product that lasts over time. Indeed, solid and well cut, the clothes <a style=\"color: #b1273f;\" href=\"https:\/\/americancollegeusa.com\/en\/\">American College USA<\/a> reflect our desire to bring you a high-end product.<\/p>","protected":false},"excerpt":{"rendered":"<p>Front and back 100% wool<\/p>\n<p>100% genuine leather handle<\/p>\n<p class=\"tab-title bold-medium-title\">Jackets &amp; Coats<\/p>","protected":false},"featured_media":11209,"comment_status":"open","ping_status":"closed","template":"","meta":{"_et_pb_use_builder":"","_et_pb_old_content":"","_et_gb_content_width":"","_exactmetrics_skip_tracking":false,"_exactmetrics_sitenote_active":false,"_exactmetrics_sitenote_note":"","_exactmetrics_sitenote_category":0},"product_brand":[],"product_cat":[46],"product_tag":[],"class_list":{"0":"post-8782","1":"product","2":"type-product","3":"status-publish","4":"has-post-thumbnail","6":"product_cat-blouson-teddy-varsity-blouson","8":"first","9":"instock","10":"taxable","11":"shipping-taxable","12":"purchasable","13":"product-type-variable"},"yoast_head":"<!-- This site is optimized with the Yoast SEO plugin v26.9 - https:\/\/yoast.com\/product\/yoast-seo-wordpress\/ -->\n<title>Teddy Varsity - Kaki Tiger - Amercian College USA<\/title>\n<meta name=\"description\" content=\"Faites l&#039;exp\u00e9rience de notre Teddy Varsity nouvelle g\u00e9n\u00e9ration Tiger ! Bouton sur le devant, zip invisible, il allie confort et style pour vos journ\u00e9es !\" \/>\n<meta name=\"robots\" content=\"index, follow, max-snippet:-1, max-image-preview:large, max-video-preview:-1\" \/>\n<link rel=\"canonical\" href=\"https:\/\/americancollegeusa.com\/en\/product\/teddy-varsity-kaki-tiger\/\" \/>\n<meta property=\"og:locale\" content=\"en_US\" \/>\n<meta property=\"og:type\" content=\"article\" \/>\n<meta property=\"og:title\" content=\"Teddy Varsity - Kaki Tiger - Amercian College USA\" \/>\n<meta property=\"og:description\" content=\"Faites l&#039;exp\u00e9rience de notre Teddy Varsity nouvelle g\u00e9n\u00e9ration Tiger ! Bouton sur le devant, zip invisible, il allie confort et style pour vos journ\u00e9es !\" \/>\n<meta property=\"og:url\" content=\"https:\/\/americancollegeusa.com\/en\/product\/teddy-varsity-kaki-tiger\/\" \/>\n<meta property=\"og:site_name\" content=\"American College USA\" \/>\n<meta property=\"article:publisher\" content=\"https:\/\/www.facebook.com\/AmericanCollegeofficial\/?ref=bookmarks\" \/>\n<meta property=\"article:modified_time\" content=\"2025-02-10T11:24:45+00:00\" \/>\n<meta property=\"og:image\" content=\"https:\/\/americancollegeusa.com\/wp-content\/uploads\/2019\/05\/72-k-devant-vert-1-scaled.jpg\" \/>\n\t<meta property=\"og:image:width\" content=\"1536\" \/>\n\t<meta property=\"og:image:height\" content=\"2560\" \/>\n\t<meta property=\"og:image:type\" content=\"image\/jpeg\" \/>\n<meta name=\"twitter:card\" content=\"summary_large_image\" \/>\n<meta name=\"twitter:label1\" content=\"Est. reading time\" \/>\n\t<meta name=\"twitter:data1\" content=\"2 minutes\" \/>\n<script type=\"application\/ld+json\" class=\"yoast-schema-graph\">{\"@context\":\"https:\/\/schema.org\",\"@graph\":[{\"@type\":\"WebPage\",\"@id\":\"https:\/\/americancollegeusa.com\/produit\/teddy-varsity-kaki-tiger\/\",\"url\":\"https:\/\/americancollegeusa.com\/produit\/teddy-varsity-kaki-tiger\/\",\"name\":\"Teddy Varsity - Kaki Tiger - Amercian College USA\",\"isPartOf\":{\"@id\":\"https:\/\/americancollegeusa.com\/#website\"},\"primaryImageOfPage\":{\"@id\":\"https:\/\/americancollegeusa.com\/produit\/teddy-varsity-kaki-tiger\/#primaryimage\"},\"image\":{\"@id\":\"https:\/\/americancollegeusa.com\/produit\/teddy-varsity-kaki-tiger\/#primaryimage\"},\"thumbnailUrl\":\"https:\/\/americancollegeusa.com\/wp-content\/uploads\/2019\/05\/72-k-devant-vert-1-scaled.jpg\",\"datePublished\":\"2019-05-19T21:14:53+00:00\",\"dateModified\":\"2025-02-10T11:24:45+00:00\",\"description\":\"Faites l'exp\u00e9rience de notre Teddy Varsity nouvelle g\u00e9n\u00e9ration Tiger ! Bouton sur le devant, zip invisible, il allie confort et style pour vos journ\u00e9es !\",\"breadcrumb\":{\"@id\":\"https:\/\/americancollegeusa.com\/produit\/teddy-varsity-kaki-tiger\/#breadcrumb\"},\"inLanguage\":\"en-US\",\"potentialAction\":[{\"@type\":\"ReadAction\",\"target\":[\"https:\/\/americancollegeusa.com\/produit\/teddy-varsity-kaki-tiger\/\"]}]},{\"@type\":\"ImageObject\",\"inLanguage\":\"en-US\",\"@id\":\"https:\/\/americancollegeusa.com\/produit\/teddy-varsity-kaki-tiger\/#primaryimage\",\"url\":\"https:\/\/americancollegeusa.com\/wp-content\/uploads\/2019\/05\/72-k-devant-vert-1-scaled.jpg\",\"contentUrl\":\"https:\/\/americancollegeusa.com\/wp-content\/uploads\/2019\/05\/72-k-devant-vert-1-scaled.jpg\",\"width\":1536,\"height\":2560},{\"@type\":\"BreadcrumbList\",\"@id\":\"https:\/\/americancollegeusa.com\/produit\/teddy-varsity-kaki-tiger\/#breadcrumb\",\"itemListElement\":[{\"@type\":\"ListItem\",\"position\":1,\"name\":\"Accueil\",\"item\":\"https:\/\/americancollegeusa.com\/\"},{\"@type\":\"ListItem\",\"position\":2,\"name\":\"Boutique\",\"item\":\"https:\/\/americancollegeusa.com\/boutique\/\"},{\"@type\":\"ListItem\",\"position\":3,\"name\":\"Teddy Varsity Green Tiger 0072\"}]},{\"@type\":\"WebSite\",\"@id\":\"https:\/\/americancollegeusa.com\/#website\",\"url\":\"https:\/\/americancollegeusa.com\/\",\"name\":\"American College USA\",\"description\":\"\",\"potentialAction\":[{\"@type\":\"SearchAction\",\"target\":{\"@type\":\"EntryPoint\",\"urlTemplate\":\"https:\/\/americancollegeusa.com\/?s={search_term_string}\"},\"query-input\":{\"@type\":\"PropertyValueSpecification\",\"valueRequired\":true,\"valueName\":\"search_term_string\"}}],\"inLanguage\":\"en-US\"}]}<\/script>\n<!-- \/ Yoast SEO plugin. -->","yoast_head_json":{"title":"Teddy Varsity - Kaki Tiger - Amercian College USA","description":"Faites l'exp\u00e9rience de notre Teddy Varsity nouvelle g\u00e9n\u00e9ration Tiger ! Bouton sur le devant, zip invisible, il allie confort et style pour vos journ\u00e9es !","robots":{"index":"index","follow":"follow","max-snippet":"max-snippet:-1","max-image-preview":"max-image-preview:large","max-video-preview":"max-video-preview:-1"},"canonical":"https:\/\/americancollegeusa.com\/en\/product\/teddy-varsity-kaki-tiger\/","og_locale":"en_US","og_type":"article","og_title":"Teddy Varsity - Kaki Tiger - Amercian College USA","og_description":"Faites l'exp\u00e9rience de notre Teddy Varsity nouvelle g\u00e9n\u00e9ration Tiger ! Bouton sur le devant, zip invisible, il allie confort et style pour vos journ\u00e9es !","og_url":"https:\/\/americancollegeusa.com\/en\/product\/teddy-varsity-kaki-tiger\/","og_site_name":"American College USA","article_publisher":"https:\/\/www.facebook.com\/AmericanCollegeofficial\/?ref=bookmarks","article_modified_time":"2025-02-10T11:24:45+00:00","og_image":[{"width":1536,"height":2560,"url":"https:\/\/americancollegeusa.com\/wp-content\/uploads\/2019\/05\/72-k-devant-vert-1-scaled.jpg","type":"image\/jpeg"}],"twitter_card":"summary_large_image","twitter_misc":{"Est. reading time":"2 minutes"},"schema":{"@context":"https:\/\/schema.org","@graph":[{"@type":"WebPage","@id":"https:\/\/americancollegeusa.com\/produit\/teddy-varsity-kaki-tiger\/","url":"https:\/\/americancollegeusa.com\/produit\/teddy-varsity-kaki-tiger\/","name":"Teddy Varsity - Kaki Tiger - Amercian College USA","isPartOf":{"@id":"https:\/\/americancollegeusa.com\/#website"},"primaryImageOfPage":{"@id":"https:\/\/americancollegeusa.com\/produit\/teddy-varsity-kaki-tiger\/#primaryimage"},"image":{"@id":"https:\/\/americancollegeusa.com\/produit\/teddy-varsity-kaki-tiger\/#primaryimage"},"thumbnailUrl":"https:\/\/americancollegeusa.com\/wp-content\/uploads\/2019\/05\/72-k-devant-vert-1-scaled.jpg","datePublished":"2019-05-19T21:14:53+00:00","dateModified":"2025-02-10T11:24:45+00:00","description":"Faites l'exp\u00e9rience de notre Teddy Varsity nouvelle g\u00e9n\u00e9ration Tiger ! Bouton sur le devant, zip invisible, il allie confort et style pour vos journ\u00e9es !","breadcrumb":{"@id":"https:\/\/americancollegeusa.com\/produit\/teddy-varsity-kaki-tiger\/#breadcrumb"},"inLanguage":"en-US","potentialAction":[{"@type":"ReadAction","target":["https:\/\/americancollegeusa.com\/produit\/teddy-varsity-kaki-tiger\/"]}]},{"@type":"ImageObject","inLanguage":"en-US","@id":"https:\/\/americancollegeusa.com\/produit\/teddy-varsity-kaki-tiger\/#primaryimage","url":"https:\/\/americancollegeusa.com\/wp-content\/uploads\/2019\/05\/72-k-devant-vert-1-scaled.jpg","contentUrl":"https:\/\/americancollegeusa.com\/wp-content\/uploads\/2019\/05\/72-k-devant-vert-1-scaled.jpg","width":1536,"height":2560},{"@type":"BreadcrumbList","@id":"https:\/\/americancollegeusa.com\/produit\/teddy-varsity-kaki-tiger\/#breadcrumb","itemListElement":[{"@type":"ListItem","position":1,"name":"Accueil","item":"https:\/\/americancollegeusa.com\/"},{"@type":"ListItem","position":2,"name":"Boutique","item":"https:\/\/americancollegeusa.com\/boutique\/"},{"@type":"ListItem","position":3,"name":"Teddy Varsity Green Tiger 0072"}]},{"@type":"WebSite","@id":"https:\/\/americancollegeusa.com\/#website","url":"https:\/\/americancollegeusa.com\/","name":"American College USA","description":"","potentialAction":[{"@type":"SearchAction","target":{"@type":"EntryPoint","urlTemplate":"https:\/\/americancollegeusa.com\/?s={search_term_string}"},"query-input":{"@type":"PropertyValueSpecification","valueRequired":true,"valueName":"search_term_string"}}],"inLanguage":"en-US"}]}},"_links":{"self":[{"href":"https:\/\/americancollegeusa.com\/en\/wp-json\/wp\/v2\/product\/8782","targetHints":{"allow":["GET"]}}],"collection":[{"href":"https:\/\/americancollegeusa.com\/en\/wp-json\/wp\/v2\/product"}],"about":[{"href":"https:\/\/americancollegeusa.com\/en\/wp-json\/wp\/v2\/types\/product"}],"replies":[{"embeddable":true,"href":"https:\/\/americancollegeusa.com\/en\/wp-json\/wp\/v2\/comments?post=8782"}],"wp:featuredmedia":[{"embeddable":true,"href":"https:\/\/americancollegeusa.com\/en\/wp-json\/wp\/v2\/media\/11209"}],"wp:attachment":[{"href":"https:\/\/americancollegeusa.com\/en\/wp-json\/wp\/v2\/media?parent=8782"}],"wp:term":[{"taxonomy":"product_brand","embeddable":true,"href":"https:\/\/americancollegeusa.com\/en\/wp-json\/wp\/v2\/product_brand?post=8782"},{"taxonomy":"product_cat","embeddable":true,"href":"https:\/\/americancollegeusa.com\/en\/wp-json\/wp\/v2\/product_cat?post=8782"},{"taxonomy":"product_tag","embeddable":true,"href":"https:\/\/americancollegeusa.com\/en\/wp-json\/wp\/v2\/product_tag?post=8782"}],"curies":[{"name":"wp","href":"https:\/\/api.w.org\/{rel}","templated":true}]}}