{"id":7886,"date":"2019-03-31T12:36:18","date_gmt":"2019-03-31T10:36:18","guid":{"rendered":"https:\/\/americancollegeusa.com\/?post_type=product&#038;p=7886"},"modified":"2025-03-23T09:36:33","modified_gmt":"2025-03-23T08:36:33","slug":"sweat-zippe-hoodie-emboss-university-gris","status":"publish","type":"product","link":"https:\/\/americancollegeusa.com\/en\/product\/sweat-zippe-hoodie-emboss-university-gris\/","title":{"rendered":"Gray Emboss University Hoodie Zip Hoody 0038"},"content":{"rendered":"<h2>Discover our Zipped Sweatshirt\u00a0<span style=\"color: #b1273f;\">Emboss University Gray Hoodie!<\/span><\/h2>\n<p>Loungewear enthusiasts will recognize the superior comfort of <a style=\"color: #b1273f;\" href=\"https:\/\/americancollegeusa.com\/en\/product-category\/homme\/hoodies\/\">Hoodies<\/a>\u00a0Gray emboss. While the addicts of <a style=\"text-decoration: none; color: black;\" href=\"https:\/\/fr.wikipedia.org\/wiki\/Sport\">sport<\/a> will appreciate its elastic qualities which allow a nice range of motion.<\/p>\n<p>We offer our product in sizes XS, S, M and L. This sweatshirt is flexible, relaxed and perfectly suited to your outings, moments of relaxation, or sports training.<br \/>\nIn addition, our sweatshirt is also available in a navy version, in the men's category.<br \/>\nIn fact, it is not always easy to find a garment that can be worn all day. Indeed, we often alternate between sporting episodes and moments of relaxation in the city. So do not hesitate, enjoy the comfortable and elegant style of our clothes available on the site!<\/p>\n<p>Our sweatshirt is offered with our logo <strong>American College USA<\/strong> embossed in relief on the chest. The set is cotton and polyester and gray in color.<\/p>\n<p>In fact, by purchasing one of the products of our brand recognized as a guarantee of quality, you are choosing an article that will last over time. Indeed, solid and well cut, the clothes <a style=\"color: #b1273f;\" href=\"https:\/\/americancollegeusa.com\/en\/\">American College USA<\/a> reflect our desire to bring you a high-end product.<\/p>","protected":false},"excerpt":{"rendered":"<p>Available in sizes XS, S, M L, this Gray Emboss Hoodie Jacket for men is made of cotton \/ polyester.<br \/>\nAdorned with the logo <a style=\"color: #b1273f;\" href=\"https:\/\/americancollegeusa.com\/en\/\">American College USA<\/a> embossed on the chest.<\/p>\n<p>&nbsp;<\/p>","protected":false},"featured_media":9466,"comment_status":"open","ping_status":"closed","template":"","meta":{"_et_pb_use_builder":"","_et_pb_old_content":"","_et_gb_content_width":"","_exactmetrics_skip_tracking":false,"_exactmetrics_sitenote_active":false,"_exactmetrics_sitenote_note":"","_exactmetrics_sitenote_category":0},"product_brand":[],"product_cat":[47],"product_tag":[],"class_list":{"0":"post-7886","1":"product","2":"type-product","3":"status-publish","4":"has-post-thumbnail","6":"product_cat-hoodies","8":"first","9":"outofstock","10":"taxable","11":"shipping-taxable","12":"purchasable","13":"product-type-variable"},"yoast_head":"<!-- This site is optimized with the Yoast SEO plugin v26.9 - https:\/\/yoast.com\/product\/yoast-seo-wordpress\/ -->\n<title>Sweat Zipp\u00e9 Hoodie Emboss Gris - American College USA<\/title>\n<meta name=\"description\" content=\"Les adeptes de loungewear sauront reconna\u00eetre le confort sup\u00e9rieur des Sweats Hoodie Emboss Gris, et son logo en relief !\" \/>\n<meta name=\"robots\" content=\"index, follow, max-snippet:-1, max-image-preview:large, max-video-preview:-1\" \/>\n<link rel=\"canonical\" href=\"https:\/\/americancollegeusa.com\/en\/product\/sweat-zippe-hoodie-emboss-university-gris\/\" \/>\n<meta property=\"og:locale\" content=\"en_US\" \/>\n<meta property=\"og:type\" content=\"article\" \/>\n<meta property=\"og:title\" content=\"Sweat Zipp\u00e9 Hoodie Emboss Gris - American College USA\" \/>\n<meta property=\"og:description\" content=\"Les adeptes de loungewear sauront reconna\u00eetre le confort sup\u00e9rieur des Sweats Hoodie Emboss Gris, et son logo en relief !\" \/>\n<meta property=\"og:url\" content=\"https:\/\/americancollegeusa.com\/en\/product\/sweat-zippe-hoodie-emboss-university-gris\/\" \/>\n<meta property=\"og:site_name\" content=\"American College USA\" \/>\n<meta property=\"article:publisher\" content=\"https:\/\/www.facebook.com\/AmericanCollegeofficial\/?ref=bookmarks\" \/>\n<meta property=\"article:modified_time\" content=\"2025-03-23T08:36:33+00:00\" \/>\n<meta property=\"og:image\" content=\"https:\/\/americancollegeusa.com\/wp-content\/uploads\/2019\/03\/AC_SWEAT_0038-1-614x1024.jpg\" \/>\n\t<meta property=\"og:image:width\" content=\"614\" \/>\n\t<meta property=\"og:image:height\" content=\"1024\" \/>\n\t<meta property=\"og:image:type\" content=\"image\/jpeg\" \/>\n<meta name=\"twitter:card\" content=\"summary_large_image\" \/>\n<meta name=\"twitter:label1\" content=\"Est. reading time\" \/>\n\t<meta name=\"twitter:data1\" content=\"1 minute\" \/>\n<script type=\"application\/ld+json\" class=\"yoast-schema-graph\">{\"@context\":\"https:\/\/schema.org\",\"@graph\":[{\"@type\":\"WebPage\",\"@id\":\"https:\/\/americancollegeusa.com\/produit\/sweat-zippe-hoodie-emboss-university-gris\/\",\"url\":\"https:\/\/americancollegeusa.com\/produit\/sweat-zippe-hoodie-emboss-university-gris\/\",\"name\":\"Sweat Zipp\u00e9 Hoodie Emboss Gris - American College USA\",\"isPartOf\":{\"@id\":\"https:\/\/americancollegeusa.com\/#website\"},\"primaryImageOfPage\":{\"@id\":\"https:\/\/americancollegeusa.com\/produit\/sweat-zippe-hoodie-emboss-university-gris\/#primaryimage\"},\"image\":{\"@id\":\"https:\/\/americancollegeusa.com\/produit\/sweat-zippe-hoodie-emboss-university-gris\/#primaryimage\"},\"thumbnailUrl\":\"https:\/\/americancollegeusa.com\/wp-content\/uploads\/2019\/03\/AC_SWEAT_0038-1.jpg\",\"datePublished\":\"2019-03-31T10:36:18+00:00\",\"dateModified\":\"2025-03-23T08:36:33+00:00\",\"description\":\"Les adeptes de loungewear sauront reconna\u00eetre le confort sup\u00e9rieur des Sweats Hoodie Emboss Gris, et son logo en relief !\",\"breadcrumb\":{\"@id\":\"https:\/\/americancollegeusa.com\/produit\/sweat-zippe-hoodie-emboss-university-gris\/#breadcrumb\"},\"inLanguage\":\"en-US\",\"potentialAction\":[{\"@type\":\"ReadAction\",\"target\":[\"https:\/\/americancollegeusa.com\/produit\/sweat-zippe-hoodie-emboss-university-gris\/\"]}]},{\"@type\":\"ImageObject\",\"inLanguage\":\"en-US\",\"@id\":\"https:\/\/americancollegeusa.com\/produit\/sweat-zippe-hoodie-emboss-university-gris\/#primaryimage\",\"url\":\"https:\/\/americancollegeusa.com\/wp-content\/uploads\/2019\/03\/AC_SWEAT_0038-1.jpg\",\"contentUrl\":\"https:\/\/americancollegeusa.com\/wp-content\/uploads\/2019\/03\/AC_SWEAT_0038-1.jpg\",\"width\":3543,\"height\":5906},{\"@type\":\"BreadcrumbList\",\"@id\":\"https:\/\/americancollegeusa.com\/produit\/sweat-zippe-hoodie-emboss-university-gris\/#breadcrumb\",\"itemListElement\":[{\"@type\":\"ListItem\",\"position\":1,\"name\":\"Accueil\",\"item\":\"https:\/\/americancollegeusa.com\/\"},{\"@type\":\"ListItem\",\"position\":2,\"name\":\"Boutique\",\"item\":\"https:\/\/americancollegeusa.com\/boutique\/\"},{\"@type\":\"ListItem\",\"position\":3,\"name\":\"Sweat Zipp\u00e9 Hoodie Emboss University Gris 0038\"}]},{\"@type\":\"WebSite\",\"@id\":\"https:\/\/americancollegeusa.com\/#website\",\"url\":\"https:\/\/americancollegeusa.com\/\",\"name\":\"American College USA\",\"description\":\"\",\"potentialAction\":[{\"@type\":\"SearchAction\",\"target\":{\"@type\":\"EntryPoint\",\"urlTemplate\":\"https:\/\/americancollegeusa.com\/?s={search_term_string}\"},\"query-input\":{\"@type\":\"PropertyValueSpecification\",\"valueRequired\":true,\"valueName\":\"search_term_string\"}}],\"inLanguage\":\"en-US\"}]}<\/script>\n<!-- \/ Yoast SEO plugin. -->","yoast_head_json":{"title":"Sweat Zipp\u00e9 Hoodie Emboss Gris - American College USA","description":"Les adeptes de loungewear sauront reconna\u00eetre le confort sup\u00e9rieur des Sweats Hoodie Emboss Gris, et son logo en relief !","robots":{"index":"index","follow":"follow","max-snippet":"max-snippet:-1","max-image-preview":"max-image-preview:large","max-video-preview":"max-video-preview:-1"},"canonical":"https:\/\/americancollegeusa.com\/en\/product\/sweat-zippe-hoodie-emboss-university-gris\/","og_locale":"en_US","og_type":"article","og_title":"Sweat Zipp\u00e9 Hoodie Emboss Gris - American College USA","og_description":"Les adeptes de loungewear sauront reconna\u00eetre le confort sup\u00e9rieur des Sweats Hoodie Emboss Gris, et son logo en relief !","og_url":"https:\/\/americancollegeusa.com\/en\/product\/sweat-zippe-hoodie-emboss-university-gris\/","og_site_name":"American College USA","article_publisher":"https:\/\/www.facebook.com\/AmericanCollegeofficial\/?ref=bookmarks","article_modified_time":"2025-03-23T08:36:33+00:00","og_image":[{"width":614,"height":1024,"url":"https:\/\/americancollegeusa.com\/wp-content\/uploads\/2019\/03\/AC_SWEAT_0038-1-614x1024.jpg","type":"image\/jpeg"}],"twitter_card":"summary_large_image","twitter_misc":{"Est. reading time":"1 minute"},"schema":{"@context":"https:\/\/schema.org","@graph":[{"@type":"WebPage","@id":"https:\/\/americancollegeusa.com\/produit\/sweat-zippe-hoodie-emboss-university-gris\/","url":"https:\/\/americancollegeusa.com\/produit\/sweat-zippe-hoodie-emboss-university-gris\/","name":"Sweat Zipp\u00e9 Hoodie Emboss Gris - American College USA","isPartOf":{"@id":"https:\/\/americancollegeusa.com\/#website"},"primaryImageOfPage":{"@id":"https:\/\/americancollegeusa.com\/produit\/sweat-zippe-hoodie-emboss-university-gris\/#primaryimage"},"image":{"@id":"https:\/\/americancollegeusa.com\/produit\/sweat-zippe-hoodie-emboss-university-gris\/#primaryimage"},"thumbnailUrl":"https:\/\/americancollegeusa.com\/wp-content\/uploads\/2019\/03\/AC_SWEAT_0038-1.jpg","datePublished":"2019-03-31T10:36:18+00:00","dateModified":"2025-03-23T08:36:33+00:00","description":"Les adeptes de loungewear sauront reconna\u00eetre le confort sup\u00e9rieur des Sweats Hoodie Emboss Gris, et son logo en relief !","breadcrumb":{"@id":"https:\/\/americancollegeusa.com\/produit\/sweat-zippe-hoodie-emboss-university-gris\/#breadcrumb"},"inLanguage":"en-US","potentialAction":[{"@type":"ReadAction","target":["https:\/\/americancollegeusa.com\/produit\/sweat-zippe-hoodie-emboss-university-gris\/"]}]},{"@type":"ImageObject","inLanguage":"en-US","@id":"https:\/\/americancollegeusa.com\/produit\/sweat-zippe-hoodie-emboss-university-gris\/#primaryimage","url":"https:\/\/americancollegeusa.com\/wp-content\/uploads\/2019\/03\/AC_SWEAT_0038-1.jpg","contentUrl":"https:\/\/americancollegeusa.com\/wp-content\/uploads\/2019\/03\/AC_SWEAT_0038-1.jpg","width":3543,"height":5906},{"@type":"BreadcrumbList","@id":"https:\/\/americancollegeusa.com\/produit\/sweat-zippe-hoodie-emboss-university-gris\/#breadcrumb","itemListElement":[{"@type":"ListItem","position":1,"name":"Accueil","item":"https:\/\/americancollegeusa.com\/"},{"@type":"ListItem","position":2,"name":"Boutique","item":"https:\/\/americancollegeusa.com\/boutique\/"},{"@type":"ListItem","position":3,"name":"Sweat Zipp\u00e9 Hoodie Emboss University Gris 0038"}]},{"@type":"WebSite","@id":"https:\/\/americancollegeusa.com\/#website","url":"https:\/\/americancollegeusa.com\/","name":"American College USA","description":"","potentialAction":[{"@type":"SearchAction","target":{"@type":"EntryPoint","urlTemplate":"https:\/\/americancollegeusa.com\/?s={search_term_string}"},"query-input":{"@type":"PropertyValueSpecification","valueRequired":true,"valueName":"search_term_string"}}],"inLanguage":"en-US"}]}},"_links":{"self":[{"href":"https:\/\/americancollegeusa.com\/en\/wp-json\/wp\/v2\/product\/7886","targetHints":{"allow":["GET"]}}],"collection":[{"href":"https:\/\/americancollegeusa.com\/en\/wp-json\/wp\/v2\/product"}],"about":[{"href":"https:\/\/americancollegeusa.com\/en\/wp-json\/wp\/v2\/types\/product"}],"replies":[{"embeddable":true,"href":"https:\/\/americancollegeusa.com\/en\/wp-json\/wp\/v2\/comments?post=7886"}],"wp:featuredmedia":[{"embeddable":true,"href":"https:\/\/americancollegeusa.com\/en\/wp-json\/wp\/v2\/media\/9466"}],"wp:attachment":[{"href":"https:\/\/americancollegeusa.com\/en\/wp-json\/wp\/v2\/media?parent=7886"}],"wp:term":[{"taxonomy":"product_brand","embeddable":true,"href":"https:\/\/americancollegeusa.com\/en\/wp-json\/wp\/v2\/product_brand?post=7886"},{"taxonomy":"product_cat","embeddable":true,"href":"https:\/\/americancollegeusa.com\/en\/wp-json\/wp\/v2\/product_cat?post=7886"},{"taxonomy":"product_tag","embeddable":true,"href":"https:\/\/americancollegeusa.com\/en\/wp-json\/wp\/v2\/product_tag?post=7886"}],"curies":[{"name":"wp","href":"https:\/\/api.w.org\/{rel}","templated":true}]}}