{"id":7059,"date":"2019-03-28T18:27:23","date_gmt":"2019-03-28T17:27:23","guid":{"rendered":"https:\/\/americancollegeusa.com\/?post_type=product&#038;p=7059"},"modified":"2025-05-17T10:01:48","modified_gmt":"2025-05-17T08:01:48","slug":"the-fleece-jacket-ecusson-rouge","status":"publish","type":"product","link":"https:\/\/americancollegeusa.com\/en\/product\/the-fleece-jacket-ecusson-rouge\/","title":{"rendered":"The Fleece Jacket Ecusson \u2013 Red 058"},"content":{"rendered":"<h2>Discover the <span style=\"color: #b1273f;\">Fleece Jacket Ecusson Red for men !<\/span><\/h2>\n<p>Loungewear fans will appreciate the superior comfort of <a style=\"color: #b1273f;\" href=\"https:\/\/americancollegeusa.com\/en\/product-category\/homme\/hoodies\/\">Fleece Jackets<\/a> men's red badge. While the followers of <a style=\"text-decoration: none; color: black;\" href=\"https:\/\/fr.wikipedia.org\/wiki\/Sport\">sport<\/a> will benefit from its elastic material which allows ample movements. Indeed, you are looking for a garment that adapts to each moment of the day? Try the Jackets from our Fleece Jacket range! Enjoy a trendy relaxed style, combining comfort and elegance. And don't hesitate to wear our Jacket both in the gym and in the city!<\/p>\n<p>Our Jacket is available in sizes XS, S, M and L. In addition, you can find it in variations of gray, navy and black, as well as its female version in the woman category. In fact, this zipped hooded sweatshirt is flexible, relaxed and perfectly suited to your outings. But also during your moments of relaxation, or sports training.<br \/>\nAdjustable drawstring hood, ribbed cuffs and hem. This sweatshirt is offered with a badge <strong>American College USA<\/strong> embroidered on the heart. And finally, the set is cotton and polyester and red in color.<\/p>\n<p>Choose durable clothing over time by purchasing a product from our brand known for quality and reliability. In fact, solid and well cut, the clothes <a style=\"color: #b1273f;\" href=\"https:\/\/americancollegeusa.com\/en\/\">American College USA<\/a> reflect our desire to bring you a high-end product.<\/p>","protected":false},"excerpt":{"rendered":"<p>Available in sizes XS, S, M L, this Red Men's Fleece Jacket is in cotton \/ polyester.<br \/>\nAdjustable drawstring hood, ribbed cuffs and hem. escutcheon <strong>American College USA<\/strong> embroidered on the heart. The set is cotton and polyester and red in color.<\/p>\n<p>&nbsp;<\/p>","protected":false},"featured_media":9472,"comment_status":"open","ping_status":"closed","template":"","meta":{"_et_pb_use_builder":"","_et_pb_old_content":"","_et_gb_content_width":"","_exactmetrics_skip_tracking":false,"_exactmetrics_sitenote_active":false,"_exactmetrics_sitenote_note":"","_exactmetrics_sitenote_category":0},"product_brand":[],"product_cat":[47,48],"product_tag":[],"class_list":{"0":"post-7059","1":"product","2":"type-product","3":"status-publish","4":"has-post-thumbnail","6":"product_cat-hoodies","7":"product_cat-hoodies-femme","9":"first","10":"outofstock","11":"taxable","12":"shipping-taxable","13":"purchasable","14":"product-type-variable"},"yoast_head":"<!-- This site is optimized with the Yoast SEO plugin v26.9 - https:\/\/yoast.com\/product\/yoast-seo-wordpress\/ -->\n<title>The Fleece Jacket \u00e9cusson Red Homme - American College USA<\/title>\n<meta name=\"description\" content=\"D\u00e9couvrez notre Fleece Jacket \u00e9cusson rouge Homme. Les poignets et ourlets sont c\u00f4tel\u00e9s. \u00c9cusson American College USA brod\u00e9 sur le c\u0153ur !\" \/>\n<meta name=\"robots\" content=\"index, follow, max-snippet:-1, max-image-preview:large, max-video-preview:-1\" \/>\n<link rel=\"canonical\" href=\"https:\/\/americancollegeusa.com\/en\/product\/the-fleece-jacket-ecusson-rouge\/\" \/>\n<meta property=\"og:locale\" content=\"en_US\" \/>\n<meta property=\"og:type\" content=\"article\" \/>\n<meta property=\"og:title\" content=\"The Fleece Jacket \u00e9cusson Red Homme - American College USA\" \/>\n<meta property=\"og:description\" content=\"D\u00e9couvrez notre Fleece Jacket \u00e9cusson rouge Homme. Les poignets et ourlets sont c\u00f4tel\u00e9s. \u00c9cusson American College USA brod\u00e9 sur le c\u0153ur !\" \/>\n<meta property=\"og:url\" content=\"https:\/\/americancollegeusa.com\/en\/product\/the-fleece-jacket-ecusson-rouge\/\" \/>\n<meta property=\"og:site_name\" content=\"American College USA\" \/>\n<meta property=\"article:publisher\" content=\"https:\/\/www.facebook.com\/AmericanCollegeofficial\/?ref=bookmarks\" \/>\n<meta property=\"article:modified_time\" content=\"2025-05-17T08:01:48+00:00\" \/>\n<meta property=\"og:image\" content=\"https:\/\/americancollegeusa.com\/wp-content\/uploads\/2019\/03\/AC_SWEAT_0058_RED_1-614x1024.jpg\" \/>\n\t<meta property=\"og:image:width\" content=\"614\" \/>\n\t<meta property=\"og:image:height\" content=\"1024\" \/>\n\t<meta property=\"og:image:type\" content=\"image\/jpeg\" \/>\n<meta name=\"twitter:card\" content=\"summary_large_image\" \/>\n<meta name=\"twitter:label1\" content=\"Est. reading time\" \/>\n\t<meta name=\"twitter:data1\" content=\"1 minute\" \/>\n<script type=\"application\/ld+json\" class=\"yoast-schema-graph\">{\"@context\":\"https:\/\/schema.org\",\"@graph\":[{\"@type\":\"WebPage\",\"@id\":\"https:\/\/americancollegeusa.com\/produit\/the-fleece-jacket-ecusson-rouge\/\",\"url\":\"https:\/\/americancollegeusa.com\/produit\/the-fleece-jacket-ecusson-rouge\/\",\"name\":\"The Fleece Jacket \u00e9cusson Red Homme - American College USA\",\"isPartOf\":{\"@id\":\"https:\/\/americancollegeusa.com\/#website\"},\"primaryImageOfPage\":{\"@id\":\"https:\/\/americancollegeusa.com\/produit\/the-fleece-jacket-ecusson-rouge\/#primaryimage\"},\"image\":{\"@id\":\"https:\/\/americancollegeusa.com\/produit\/the-fleece-jacket-ecusson-rouge\/#primaryimage\"},\"thumbnailUrl\":\"https:\/\/americancollegeusa.com\/wp-content\/uploads\/2019\/03\/AC_SWEAT_0058_RED_1.jpg\",\"datePublished\":\"2019-03-28T17:27:23+00:00\",\"dateModified\":\"2025-05-17T08:01:48+00:00\",\"description\":\"D\u00e9couvrez notre Fleece Jacket \u00e9cusson rouge Homme. Les poignets et ourlets sont c\u00f4tel\u00e9s. \u00c9cusson American College USA brod\u00e9 sur le c\u0153ur !\",\"breadcrumb\":{\"@id\":\"https:\/\/americancollegeusa.com\/produit\/the-fleece-jacket-ecusson-rouge\/#breadcrumb\"},\"inLanguage\":\"en-US\",\"potentialAction\":[{\"@type\":\"ReadAction\",\"target\":[\"https:\/\/americancollegeusa.com\/produit\/the-fleece-jacket-ecusson-rouge\/\"]}]},{\"@type\":\"ImageObject\",\"inLanguage\":\"en-US\",\"@id\":\"https:\/\/americancollegeusa.com\/produit\/the-fleece-jacket-ecusson-rouge\/#primaryimage\",\"url\":\"https:\/\/americancollegeusa.com\/wp-content\/uploads\/2019\/03\/AC_SWEAT_0058_RED_1.jpg\",\"contentUrl\":\"https:\/\/americancollegeusa.com\/wp-content\/uploads\/2019\/03\/AC_SWEAT_0058_RED_1.jpg\",\"width\":3543,\"height\":5906},{\"@type\":\"BreadcrumbList\",\"@id\":\"https:\/\/americancollegeusa.com\/produit\/the-fleece-jacket-ecusson-rouge\/#breadcrumb\",\"itemListElement\":[{\"@type\":\"ListItem\",\"position\":1,\"name\":\"Accueil\",\"item\":\"https:\/\/americancollegeusa.com\/\"},{\"@type\":\"ListItem\",\"position\":2,\"name\":\"Boutique\",\"item\":\"https:\/\/americancollegeusa.com\/boutique\/\"},{\"@type\":\"ListItem\",\"position\":3,\"name\":\"The Fleece Jacket Ecusson &#8211; Red 058\"}]},{\"@type\":\"WebSite\",\"@id\":\"https:\/\/americancollegeusa.com\/#website\",\"url\":\"https:\/\/americancollegeusa.com\/\",\"name\":\"American College USA\",\"description\":\"\",\"potentialAction\":[{\"@type\":\"SearchAction\",\"target\":{\"@type\":\"EntryPoint\",\"urlTemplate\":\"https:\/\/americancollegeusa.com\/?s={search_term_string}\"},\"query-input\":{\"@type\":\"PropertyValueSpecification\",\"valueRequired\":true,\"valueName\":\"search_term_string\"}}],\"inLanguage\":\"en-US\"}]}<\/script>\n<!-- \/ Yoast SEO plugin. -->","yoast_head_json":{"title":"The Fleece Jacket \u00e9cusson Red Homme - American College USA","description":"D\u00e9couvrez notre Fleece Jacket \u00e9cusson rouge Homme. Les poignets et ourlets sont c\u00f4tel\u00e9s. \u00c9cusson American College USA brod\u00e9 sur le c\u0153ur !","robots":{"index":"index","follow":"follow","max-snippet":"max-snippet:-1","max-image-preview":"max-image-preview:large","max-video-preview":"max-video-preview:-1"},"canonical":"https:\/\/americancollegeusa.com\/en\/product\/the-fleece-jacket-ecusson-rouge\/","og_locale":"en_US","og_type":"article","og_title":"The Fleece Jacket \u00e9cusson Red Homme - American College USA","og_description":"D\u00e9couvrez notre Fleece Jacket \u00e9cusson rouge Homme. Les poignets et ourlets sont c\u00f4tel\u00e9s. \u00c9cusson American College USA brod\u00e9 sur le c\u0153ur !","og_url":"https:\/\/americancollegeusa.com\/en\/product\/the-fleece-jacket-ecusson-rouge\/","og_site_name":"American College USA","article_publisher":"https:\/\/www.facebook.com\/AmericanCollegeofficial\/?ref=bookmarks","article_modified_time":"2025-05-17T08:01:48+00:00","og_image":[{"width":614,"height":1024,"url":"https:\/\/americancollegeusa.com\/wp-content\/uploads\/2019\/03\/AC_SWEAT_0058_RED_1-614x1024.jpg","type":"image\/jpeg"}],"twitter_card":"summary_large_image","twitter_misc":{"Est. reading time":"1 minute"},"schema":{"@context":"https:\/\/schema.org","@graph":[{"@type":"WebPage","@id":"https:\/\/americancollegeusa.com\/produit\/the-fleece-jacket-ecusson-rouge\/","url":"https:\/\/americancollegeusa.com\/produit\/the-fleece-jacket-ecusson-rouge\/","name":"The Fleece Jacket \u00e9cusson Red Homme - American College USA","isPartOf":{"@id":"https:\/\/americancollegeusa.com\/#website"},"primaryImageOfPage":{"@id":"https:\/\/americancollegeusa.com\/produit\/the-fleece-jacket-ecusson-rouge\/#primaryimage"},"image":{"@id":"https:\/\/americancollegeusa.com\/produit\/the-fleece-jacket-ecusson-rouge\/#primaryimage"},"thumbnailUrl":"https:\/\/americancollegeusa.com\/wp-content\/uploads\/2019\/03\/AC_SWEAT_0058_RED_1.jpg","datePublished":"2019-03-28T17:27:23+00:00","dateModified":"2025-05-17T08:01:48+00:00","description":"D\u00e9couvrez notre Fleece Jacket \u00e9cusson rouge Homme. Les poignets et ourlets sont c\u00f4tel\u00e9s. \u00c9cusson American College USA brod\u00e9 sur le c\u0153ur !","breadcrumb":{"@id":"https:\/\/americancollegeusa.com\/produit\/the-fleece-jacket-ecusson-rouge\/#breadcrumb"},"inLanguage":"en-US","potentialAction":[{"@type":"ReadAction","target":["https:\/\/americancollegeusa.com\/produit\/the-fleece-jacket-ecusson-rouge\/"]}]},{"@type":"ImageObject","inLanguage":"en-US","@id":"https:\/\/americancollegeusa.com\/produit\/the-fleece-jacket-ecusson-rouge\/#primaryimage","url":"https:\/\/americancollegeusa.com\/wp-content\/uploads\/2019\/03\/AC_SWEAT_0058_RED_1.jpg","contentUrl":"https:\/\/americancollegeusa.com\/wp-content\/uploads\/2019\/03\/AC_SWEAT_0058_RED_1.jpg","width":3543,"height":5906},{"@type":"BreadcrumbList","@id":"https:\/\/americancollegeusa.com\/produit\/the-fleece-jacket-ecusson-rouge\/#breadcrumb","itemListElement":[{"@type":"ListItem","position":1,"name":"Accueil","item":"https:\/\/americancollegeusa.com\/"},{"@type":"ListItem","position":2,"name":"Boutique","item":"https:\/\/americancollegeusa.com\/boutique\/"},{"@type":"ListItem","position":3,"name":"The Fleece Jacket Ecusson &#8211; Red 058"}]},{"@type":"WebSite","@id":"https:\/\/americancollegeusa.com\/#website","url":"https:\/\/americancollegeusa.com\/","name":"American College USA","description":"","potentialAction":[{"@type":"SearchAction","target":{"@type":"EntryPoint","urlTemplate":"https:\/\/americancollegeusa.com\/?s={search_term_string}"},"query-input":{"@type":"PropertyValueSpecification","valueRequired":true,"valueName":"search_term_string"}}],"inLanguage":"en-US"}]}},"_links":{"self":[{"href":"https:\/\/americancollegeusa.com\/en\/wp-json\/wp\/v2\/product\/7059","targetHints":{"allow":["GET"]}}],"collection":[{"href":"https:\/\/americancollegeusa.com\/en\/wp-json\/wp\/v2\/product"}],"about":[{"href":"https:\/\/americancollegeusa.com\/en\/wp-json\/wp\/v2\/types\/product"}],"replies":[{"embeddable":true,"href":"https:\/\/americancollegeusa.com\/en\/wp-json\/wp\/v2\/comments?post=7059"}],"wp:featuredmedia":[{"embeddable":true,"href":"https:\/\/americancollegeusa.com\/en\/wp-json\/wp\/v2\/media\/9472"}],"wp:attachment":[{"href":"https:\/\/americancollegeusa.com\/en\/wp-json\/wp\/v2\/media?parent=7059"}],"wp:term":[{"taxonomy":"product_brand","embeddable":true,"href":"https:\/\/americancollegeusa.com\/en\/wp-json\/wp\/v2\/product_brand?post=7059"},{"taxonomy":"product_cat","embeddable":true,"href":"https:\/\/americancollegeusa.com\/en\/wp-json\/wp\/v2\/product_cat?post=7059"},{"taxonomy":"product_tag","embeddable":true,"href":"https:\/\/americancollegeusa.com\/en\/wp-json\/wp\/v2\/product_tag?post=7059"}],"curies":[{"name":"wp","href":"https:\/\/api.w.org\/{rel}","templated":true}]}}