{"id":6398,"date":"2019-03-27T15:09:50","date_gmt":"2019-03-27T14:09:50","guid":{"rendered":"https:\/\/americancollegeusa.com\/?post_type=product&#038;p=6398"},"modified":"2022-03-08T03:21:47","modified_gmt":"2022-03-08T02:21:47","slug":"the-fleece-pants-bombers-pantalon-jogging-logo-femme-noir","status":"publish","type":"product","link":"https:\/\/americancollegeusa.com\/en\/product\/the-fleece-pants-bombers-pantalon-jogging-logo-femme-noir\/","title":{"rendered":"The Fleece Pants &#8211; Bombers logo Femme noir"},"content":{"rendered":"<h2>D\u00e9couvrez notre pantalon de jogging en noir pour femme avec logo, <span style=\"color: #b1273f;\">The Fleece Pants<\/span><\/h2>\n<p>Adorned with the emblem <strong>American College USA<\/strong>, also present on our <a style=\"color: #b1273f;\" href=\"https:\/\/americancollegeusa.com\/en\/product-category\/femme\/blouson\/blouson-teddy-varsity-blouson\/\">Bombers<\/a>, notre pantalon de jogging pour femme en noir avec logo est en coton et polyester. Vous cherchez une tenue qui allie confort et style, pour un moment \u00e0 la salle comme \u00e0 la ville ? N&rsquo;h\u00e9sitez plus, essayez notre collection The Fleece Pants !<\/p>\n<p>Notre pantalon de jogging pour femme est disponible en tailles XS, S, M et L. De plus, vous pouvez retrouver sa version grise, marine et anthracite, ainsi que la d\u00e9clinaison masculine dans la cat\u00e9gorie homme. La taille et les chevilles sont \u00e0 nos couleurs et l&rsquo;ensemble est en noir.<br \/>\nIndeed, trendy, light, relaxed, flexible, <span style=\"color: #b1273f;\">The Fleece Pants<\/span> s&rsquo;adapte autant aux moments de d\u00e9tente, de sorties, qu&rsquo;aux entra\u00eenement sportifs ! Les adeptes de loungewear sauront reconna\u00eetre le confort sup\u00e9rieur des Fleece Pants. Andis que les mordus de <a style=\"text-decoration: none; color: black;\" href=\"https:\/\/fr.wikipedia.org\/wiki\/Sport\">sport<\/a> will appreciate its elastic qualities which allow a nice range of motion.<\/p>\n<p>When you buy a garment from our brand known as a guarantee of quality, you are choosing a product that lasts over time. Indeed, solid and well cut, the clothes <a style=\"color: #b1273f;\" href=\"https:\/\/americancollegeusa.com\/en\/\">American College USA<\/a> reflect our desire to bring you a high-end product.<\/p>","protected":false},"excerpt":{"rendered":"<p>Disponible en tailles XS, S, M L, ce pantalon de jogging est en coton\/polyester et de couleur noire<br \/>\nAdorned with a badge <a style=\"color: #b1273f;\" href=\"https:\/\/americancollegeusa.com\/en\/\">American College USA<\/a>.<\/p>","protected":false},"featured_media":7845,"comment_status":"open","ping_status":"closed","template":"","meta":{"_et_pb_use_builder":"","_et_pb_old_content":"","_et_gb_content_width":"","_exactmetrics_skip_tracking":false,"_exactmetrics_sitenote_active":false,"_exactmetrics_sitenote_note":"","_exactmetrics_sitenote_category":0},"product_brand":[],"product_cat":[15],"product_tag":[],"class_list":{"0":"post-6398","1":"product","2":"type-product","3":"status-publish","4":"has-post-thumbnail","6":"product_cat-non-classe","8":"first","9":"instock","10":"taxable","11":"shipping-taxable","12":"purchasable","13":"product-type-variable"},"yoast_head":"<!-- This site is optimized with the Yoast SEO plugin v26.9 - https:\/\/yoast.com\/product\/yoast-seo-wordpress\/ -->\n<title>pantalon jogging femme noir logo - The Fleece Pants<\/title>\n<meta name=\"description\" content=\"Essayez notre pantalon de jogging pour femme noir avec logo , The Fleece Pants ! Bien coup\u00e9 et agr\u00e9able \u00e0 porter, pour un style cool et trendy\" \/>\n<meta name=\"robots\" content=\"index, follow, max-snippet:-1, max-image-preview:large, max-video-preview:-1\" \/>\n<link rel=\"canonical\" href=\"https:\/\/americancollegeusa.com\/en\/product\/the-fleece-pants-bombers-pantalon-jogging-logo-femme-noir\/\" \/>\n<meta property=\"og:locale\" content=\"en_US\" \/>\n<meta property=\"og:type\" content=\"article\" \/>\n<meta property=\"og:title\" content=\"pantalon jogging femme noir logo - The Fleece Pants\" \/>\n<meta property=\"og:description\" content=\"Essayez notre pantalon de jogging pour femme noir avec logo , The Fleece Pants ! Bien coup\u00e9 et agr\u00e9able \u00e0 porter, pour un style cool et trendy\" \/>\n<meta property=\"og:url\" content=\"https:\/\/americancollegeusa.com\/en\/product\/the-fleece-pants-bombers-pantalon-jogging-logo-femme-noir\/\" \/>\n<meta property=\"og:site_name\" content=\"American College USA\" \/>\n<meta property=\"article:publisher\" content=\"https:\/\/www.facebook.com\/AmericanCollegeofficial\/?ref=bookmarks\" \/>\n<meta property=\"article:modified_time\" content=\"2022-03-08T02:21:47+00:00\" \/>\n<meta property=\"og:image\" content=\"https:\/\/americancollegeusa.com\/wp-content\/uploads\/2019\/03\/IMG_4179.jpg\" \/>\n\t<meta property=\"og:image:width\" content=\"637\" \/>\n\t<meta property=\"og:image:height\" content=\"1500\" \/>\n\t<meta property=\"og:image:type\" content=\"image\/jpeg\" \/>\n<meta name=\"twitter:card\" content=\"summary_large_image\" \/>\n<meta name=\"twitter:label1\" content=\"Est. reading time\" \/>\n\t<meta name=\"twitter:data1\" content=\"1 minute\" \/>\n<script type=\"application\/ld+json\" class=\"yoast-schema-graph\">{\"@context\":\"https:\/\/schema.org\",\"@graph\":[{\"@type\":\"WebPage\",\"@id\":\"https:\/\/americancollegeusa.com\/produit\/the-fleece-pants-bombers-pantalon-jogging-logo-femme-noir\/\",\"url\":\"https:\/\/americancollegeusa.com\/produit\/the-fleece-pants-bombers-pantalon-jogging-logo-femme-noir\/\",\"name\":\"pantalon jogging femme noir logo - The Fleece Pants\",\"isPartOf\":{\"@id\":\"https:\/\/americancollegeusa.com\/#website\"},\"primaryImageOfPage\":{\"@id\":\"https:\/\/americancollegeusa.com\/produit\/the-fleece-pants-bombers-pantalon-jogging-logo-femme-noir\/#primaryimage\"},\"image\":{\"@id\":\"https:\/\/americancollegeusa.com\/produit\/the-fleece-pants-bombers-pantalon-jogging-logo-femme-noir\/#primaryimage\"},\"thumbnailUrl\":\"https:\/\/americancollegeusa.com\/wp-content\/uploads\/2019\/03\/IMG_4179.jpg\",\"datePublished\":\"2019-03-27T14:09:50+00:00\",\"dateModified\":\"2022-03-08T02:21:47+00:00\",\"description\":\"Essayez notre pantalon de jogging pour femme noir avec logo , The Fleece Pants ! Bien coup\u00e9 et agr\u00e9able \u00e0 porter, pour un style cool et trendy\",\"breadcrumb\":{\"@id\":\"https:\/\/americancollegeusa.com\/produit\/the-fleece-pants-bombers-pantalon-jogging-logo-femme-noir\/#breadcrumb\"},\"inLanguage\":\"en-US\",\"potentialAction\":[{\"@type\":\"ReadAction\",\"target\":[\"https:\/\/americancollegeusa.com\/produit\/the-fleece-pants-bombers-pantalon-jogging-logo-femme-noir\/\"]}]},{\"@type\":\"ImageObject\",\"inLanguage\":\"en-US\",\"@id\":\"https:\/\/americancollegeusa.com\/produit\/the-fleece-pants-bombers-pantalon-jogging-logo-femme-noir\/#primaryimage\",\"url\":\"https:\/\/americancollegeusa.com\/wp-content\/uploads\/2019\/03\/IMG_4179.jpg\",\"contentUrl\":\"https:\/\/americancollegeusa.com\/wp-content\/uploads\/2019\/03\/IMG_4179.jpg\",\"width\":637,\"height\":1500,\"caption\":\"The Fleece Pants with Bombers Logo noir recto - Pantalon de jogging pour femme noir avec logo\"},{\"@type\":\"BreadcrumbList\",\"@id\":\"https:\/\/americancollegeusa.com\/produit\/the-fleece-pants-bombers-pantalon-jogging-logo-femme-noir\/#breadcrumb\",\"itemListElement\":[{\"@type\":\"ListItem\",\"position\":1,\"name\":\"Accueil\",\"item\":\"https:\/\/americancollegeusa.com\/\"},{\"@type\":\"ListItem\",\"position\":2,\"name\":\"Boutique\",\"item\":\"https:\/\/americancollegeusa.com\/boutique\/\"},{\"@type\":\"ListItem\",\"position\":3,\"name\":\"The Fleece Pants &#8211; Bombers logo Femme noir\"}]},{\"@type\":\"WebSite\",\"@id\":\"https:\/\/americancollegeusa.com\/#website\",\"url\":\"https:\/\/americancollegeusa.com\/\",\"name\":\"American College USA\",\"description\":\"\",\"potentialAction\":[{\"@type\":\"SearchAction\",\"target\":{\"@type\":\"EntryPoint\",\"urlTemplate\":\"https:\/\/americancollegeusa.com\/?s={search_term_string}\"},\"query-input\":{\"@type\":\"PropertyValueSpecification\",\"valueRequired\":true,\"valueName\":\"search_term_string\"}}],\"inLanguage\":\"en-US\"}]}<\/script>\n<!-- \/ Yoast SEO plugin. -->","yoast_head_json":{"title":"pantalon jogging femme noir logo - The Fleece Pants","description":"Essayez notre pantalon de jogging pour femme noir avec logo , The Fleece Pants ! Bien coup\u00e9 et agr\u00e9able \u00e0 porter, pour un style cool et trendy","robots":{"index":"index","follow":"follow","max-snippet":"max-snippet:-1","max-image-preview":"max-image-preview:large","max-video-preview":"max-video-preview:-1"},"canonical":"https:\/\/americancollegeusa.com\/en\/product\/the-fleece-pants-bombers-pantalon-jogging-logo-femme-noir\/","og_locale":"en_US","og_type":"article","og_title":"pantalon jogging femme noir logo - The Fleece Pants","og_description":"Essayez notre pantalon de jogging pour femme noir avec logo , The Fleece Pants ! Bien coup\u00e9 et agr\u00e9able \u00e0 porter, pour un style cool et trendy","og_url":"https:\/\/americancollegeusa.com\/en\/product\/the-fleece-pants-bombers-pantalon-jogging-logo-femme-noir\/","og_site_name":"American College USA","article_publisher":"https:\/\/www.facebook.com\/AmericanCollegeofficial\/?ref=bookmarks","article_modified_time":"2022-03-08T02:21:47+00:00","og_image":[{"width":637,"height":1500,"url":"https:\/\/americancollegeusa.com\/wp-content\/uploads\/2019\/03\/IMG_4179.jpg","type":"image\/jpeg"}],"twitter_card":"summary_large_image","twitter_misc":{"Est. reading time":"1 minute"},"schema":{"@context":"https:\/\/schema.org","@graph":[{"@type":"WebPage","@id":"https:\/\/americancollegeusa.com\/produit\/the-fleece-pants-bombers-pantalon-jogging-logo-femme-noir\/","url":"https:\/\/americancollegeusa.com\/produit\/the-fleece-pants-bombers-pantalon-jogging-logo-femme-noir\/","name":"pantalon jogging femme noir logo - The Fleece Pants","isPartOf":{"@id":"https:\/\/americancollegeusa.com\/#website"},"primaryImageOfPage":{"@id":"https:\/\/americancollegeusa.com\/produit\/the-fleece-pants-bombers-pantalon-jogging-logo-femme-noir\/#primaryimage"},"image":{"@id":"https:\/\/americancollegeusa.com\/produit\/the-fleece-pants-bombers-pantalon-jogging-logo-femme-noir\/#primaryimage"},"thumbnailUrl":"https:\/\/americancollegeusa.com\/wp-content\/uploads\/2019\/03\/IMG_4179.jpg","datePublished":"2019-03-27T14:09:50+00:00","dateModified":"2022-03-08T02:21:47+00:00","description":"Essayez notre pantalon de jogging pour femme noir avec logo , The Fleece Pants ! Bien coup\u00e9 et agr\u00e9able \u00e0 porter, pour un style cool et trendy","breadcrumb":{"@id":"https:\/\/americancollegeusa.com\/produit\/the-fleece-pants-bombers-pantalon-jogging-logo-femme-noir\/#breadcrumb"},"inLanguage":"en-US","potentialAction":[{"@type":"ReadAction","target":["https:\/\/americancollegeusa.com\/produit\/the-fleece-pants-bombers-pantalon-jogging-logo-femme-noir\/"]}]},{"@type":"ImageObject","inLanguage":"en-US","@id":"https:\/\/americancollegeusa.com\/produit\/the-fleece-pants-bombers-pantalon-jogging-logo-femme-noir\/#primaryimage","url":"https:\/\/americancollegeusa.com\/wp-content\/uploads\/2019\/03\/IMG_4179.jpg","contentUrl":"https:\/\/americancollegeusa.com\/wp-content\/uploads\/2019\/03\/IMG_4179.jpg","width":637,"height":1500,"caption":"The Fleece Pants with Bombers Logo noir recto - Pantalon de jogging pour femme noir avec logo"},{"@type":"BreadcrumbList","@id":"https:\/\/americancollegeusa.com\/produit\/the-fleece-pants-bombers-pantalon-jogging-logo-femme-noir\/#breadcrumb","itemListElement":[{"@type":"ListItem","position":1,"name":"Accueil","item":"https:\/\/americancollegeusa.com\/"},{"@type":"ListItem","position":2,"name":"Boutique","item":"https:\/\/americancollegeusa.com\/boutique\/"},{"@type":"ListItem","position":3,"name":"The Fleece Pants &#8211; Bombers logo Femme noir"}]},{"@type":"WebSite","@id":"https:\/\/americancollegeusa.com\/#website","url":"https:\/\/americancollegeusa.com\/","name":"American College USA","description":"","potentialAction":[{"@type":"SearchAction","target":{"@type":"EntryPoint","urlTemplate":"https:\/\/americancollegeusa.com\/?s={search_term_string}"},"query-input":{"@type":"PropertyValueSpecification","valueRequired":true,"valueName":"search_term_string"}}],"inLanguage":"en-US"}]}},"_links":{"self":[{"href":"https:\/\/americancollegeusa.com\/en\/wp-json\/wp\/v2\/product\/6398","targetHints":{"allow":["GET"]}}],"collection":[{"href":"https:\/\/americancollegeusa.com\/en\/wp-json\/wp\/v2\/product"}],"about":[{"href":"https:\/\/americancollegeusa.com\/en\/wp-json\/wp\/v2\/types\/product"}],"replies":[{"embeddable":true,"href":"https:\/\/americancollegeusa.com\/en\/wp-json\/wp\/v2\/comments?post=6398"}],"wp:featuredmedia":[{"embeddable":true,"href":"https:\/\/americancollegeusa.com\/en\/wp-json\/wp\/v2\/media\/7845"}],"wp:attachment":[{"href":"https:\/\/americancollegeusa.com\/en\/wp-json\/wp\/v2\/media?parent=6398"}],"wp:term":[{"taxonomy":"product_brand","embeddable":true,"href":"https:\/\/americancollegeusa.com\/en\/wp-json\/wp\/v2\/product_brand?post=6398"},{"taxonomy":"product_cat","embeddable":true,"href":"https:\/\/americancollegeusa.com\/en\/wp-json\/wp\/v2\/product_cat?post=6398"},{"taxonomy":"product_tag","embeddable":true,"href":"https:\/\/americancollegeusa.com\/en\/wp-json\/wp\/v2\/product_tag?post=6398"}],"curies":[{"name":"wp","href":"https:\/\/api.w.org\/{rel}","templated":true}]}}