{"id":5929,"date":"2019-03-27T14:46:05","date_gmt":"2019-03-27T13:46:05","guid":{"rendered":"https:\/\/americancollegeusa.com\/?post_type=product&#038;p=5929"},"modified":"2025-07-08T11:04:09","modified_gmt":"2025-07-08T09:04:09","slug":"the-fleece-pants-bombers-logo-pantalon-jogging-marine-logo","status":"publish","type":"product","link":"https:\/\/americancollegeusa.com\/en\/product\/the-fleece-pants-bombers-logo-pantalon-jogging-marine-logo\/","title":{"rendered":"Fleece pants - Bombers logo Navy 0036"},"content":{"rendered":"<h2>Discover our men's navy jogging pants with logo:\u00a0<span style=\"color: #b1273f;\"><span style=\"caret-color: #b1273f;\">Fleece pants<\/span><\/span><\/h2>\n<p>Adorned with the emblem <strong>American College USA<\/strong>, also present on our <a style=\"color: #b1273f;\" href=\"https:\/\/americancollegeusa.com\/en\/product-category\/homme\/blouson\/blouson-teddy-varsity-blouson\/\">Bombers<\/a>, our navy jogging pants with logo are in cotton and polyester. It is often difficult to find the ideal garment to wear on any occasion. So do not hesitate, take advantage of our jogging pants which combine style and comfort to accompany you at every moment of the day!<\/p>\n<p>Our jogging pants are available in several sizes: XS, S, M and L. In addition, the waist and ankles are in our colors and the whole is navy blue. You can also find the gray, anthracite and black version of our product.<br \/>\nIndeed, trendy, light, relaxed, flexible, Fleece Pants adapts as much to moments of relaxation, outings, as to sports training! Loungewear enthusiasts will recognize the superior comfort of Fleece Pants while fans of <a style=\"text-decoration: none; color: black;\" href=\"https:\/\/fr.wikipedia.org\/wiki\/Sport\">sport<\/a> will appreciate its elastic qualities which allow a nice range of motion.<\/p>\n<p>When you buy a garment from our brand known as a guarantee of quality, you are choosing a product that lasts over time. Indeed, solid and well cut, the clothes <a style=\"color: #b1273f;\" href=\"https:\/\/americancollegeusa.com\/en\/\">American College USA<\/a> reflect our desire to bring you a high-end product.<\/p>","protected":false},"excerpt":{"rendered":"<p>Available in sizes XS, S, M L, these jogging pants are made of cotton \/ polyester and navy.<br \/>\nAdorned with a badge <a style=\"color: #b1273f;\" href=\"https:\/\/americancollegeusa.com\/en\/\">American College USA<\/a>.<\/p>","protected":false},"featured_media":9507,"comment_status":"open","ping_status":"closed","template":"","meta":{"_et_pb_use_builder":"","_et_pb_old_content":"","_et_gb_content_width":"","_exactmetrics_skip_tracking":false,"_exactmetrics_sitenote_active":false,"_exactmetrics_sitenote_note":"","_exactmetrics_sitenote_category":0},"product_brand":[],"product_cat":[39,40],"product_tag":[],"class_list":{"0":"post-5929","1":"product","2":"type-product","3":"status-publish","4":"has-post-thumbnail","6":"product_cat-pantalons","7":"product_cat-pantalons-femme","9":"first","10":"outofstock","11":"taxable","12":"shipping-taxable","13":"purchasable","14":"product-type-variable"},"yoast_head":"<!-- This site is optimized with the Yoast SEO plugin v26.9 - https:\/\/yoast.com\/product\/yoast-seo-wordpress\/ -->\n<title>The Fleece Pants bombers logo Marine - Jogging - American College USA<\/title>\n<meta name=\"description\" content=\"Trendy, d\u00e9contract\u00e9, souple, The Fleece Pants est un pantalon jogging Marine avec logo adapt\u00e9 autant aux moments de d\u00e9tente, qu&#039;aux entra\u00eenement sportifs !\" \/>\n<meta name=\"robots\" content=\"index, follow, max-snippet:-1, max-image-preview:large, max-video-preview:-1\" \/>\n<link rel=\"canonical\" href=\"https:\/\/americancollegeusa.com\/en\/product\/the-fleece-pants-bombers-logo-pantalon-jogging-marine-logo\/\" \/>\n<meta property=\"og:locale\" content=\"en_US\" \/>\n<meta property=\"og:type\" content=\"article\" \/>\n<meta property=\"og:title\" content=\"The Fleece Pants bombers logo Marine - Jogging - American College USA\" \/>\n<meta property=\"og:description\" content=\"Trendy, d\u00e9contract\u00e9, souple, The Fleece Pants est un pantalon jogging Marine avec logo adapt\u00e9 autant aux moments de d\u00e9tente, qu&#039;aux entra\u00eenement sportifs !\" \/>\n<meta property=\"og:url\" content=\"https:\/\/americancollegeusa.com\/en\/product\/the-fleece-pants-bombers-logo-pantalon-jogging-marine-logo\/\" \/>\n<meta property=\"og:site_name\" content=\"American College USA\" \/>\n<meta property=\"article:publisher\" content=\"https:\/\/www.facebook.com\/AmericanCollegeofficial\/?ref=bookmarks\" \/>\n<meta property=\"article:modified_time\" content=\"2025-07-08T09:04:09+00:00\" \/>\n<meta property=\"og:image\" content=\"https:\/\/americancollegeusa.com\/wp-content\/uploads\/2019\/03\/0036-marine-dev.jpg\" \/>\n\t<meta property=\"og:image:width\" content=\"3543\" \/>\n\t<meta property=\"og:image:height\" content=\"5906\" \/>\n\t<meta property=\"og:image:type\" content=\"image\/jpeg\" \/>\n<meta name=\"twitter:card\" content=\"summary_large_image\" \/>\n<meta name=\"twitter:label1\" content=\"Est. reading time\" \/>\n\t<meta name=\"twitter:data1\" content=\"1 minute\" \/>\n<script type=\"application\/ld+json\" class=\"yoast-schema-graph\">{\"@context\":\"https:\/\/schema.org\",\"@graph\":[{\"@type\":\"WebPage\",\"@id\":\"https:\/\/americancollegeusa.com\/produit\/the-fleece-pants-bombers-logo-pantalon-jogging-marine-logo\/\",\"url\":\"https:\/\/americancollegeusa.com\/produit\/the-fleece-pants-bombers-logo-pantalon-jogging-marine-logo\/\",\"name\":\"The Fleece Pants bombers logo Marine - Jogging - American College USA\",\"isPartOf\":{\"@id\":\"https:\/\/americancollegeusa.com\/#website\"},\"primaryImageOfPage\":{\"@id\":\"https:\/\/americancollegeusa.com\/produit\/the-fleece-pants-bombers-logo-pantalon-jogging-marine-logo\/#primaryimage\"},\"image\":{\"@id\":\"https:\/\/americancollegeusa.com\/produit\/the-fleece-pants-bombers-logo-pantalon-jogging-marine-logo\/#primaryimage\"},\"thumbnailUrl\":\"https:\/\/americancollegeusa.com\/wp-content\/uploads\/2019\/03\/0036-marine-dev.jpg\",\"datePublished\":\"2019-03-27T13:46:05+00:00\",\"dateModified\":\"2025-07-08T09:04:09+00:00\",\"description\":\"Trendy, d\u00e9contract\u00e9, souple, The Fleece Pants est un pantalon jogging Marine avec logo adapt\u00e9 autant aux moments de d\u00e9tente, qu'aux entra\u00eenement sportifs !\",\"breadcrumb\":{\"@id\":\"https:\/\/americancollegeusa.com\/produit\/the-fleece-pants-bombers-logo-pantalon-jogging-marine-logo\/#breadcrumb\"},\"inLanguage\":\"en-US\",\"potentialAction\":[{\"@type\":\"ReadAction\",\"target\":[\"https:\/\/americancollegeusa.com\/produit\/the-fleece-pants-bombers-logo-pantalon-jogging-marine-logo\/\"]}]},{\"@type\":\"ImageObject\",\"inLanguage\":\"en-US\",\"@id\":\"https:\/\/americancollegeusa.com\/produit\/the-fleece-pants-bombers-logo-pantalon-jogging-marine-logo\/#primaryimage\",\"url\":\"https:\/\/americancollegeusa.com\/wp-content\/uploads\/2019\/03\/0036-marine-dev.jpg\",\"contentUrl\":\"https:\/\/americancollegeusa.com\/wp-content\/uploads\/2019\/03\/0036-marine-dev.jpg\",\"width\":3543,\"height\":5906},{\"@type\":\"BreadcrumbList\",\"@id\":\"https:\/\/americancollegeusa.com\/produit\/the-fleece-pants-bombers-logo-pantalon-jogging-marine-logo\/#breadcrumb\",\"itemListElement\":[{\"@type\":\"ListItem\",\"position\":1,\"name\":\"Accueil\",\"item\":\"https:\/\/americancollegeusa.com\/\"},{\"@type\":\"ListItem\",\"position\":2,\"name\":\"Boutique\",\"item\":\"https:\/\/americancollegeusa.com\/boutique\/\"},{\"@type\":\"ListItem\",\"position\":3,\"name\":\"Pantalon Molleton &#8211; Bombers logo Marine 0036\"}]},{\"@type\":\"WebSite\",\"@id\":\"https:\/\/americancollegeusa.com\/#website\",\"url\":\"https:\/\/americancollegeusa.com\/\",\"name\":\"American College USA\",\"description\":\"\",\"potentialAction\":[{\"@type\":\"SearchAction\",\"target\":{\"@type\":\"EntryPoint\",\"urlTemplate\":\"https:\/\/americancollegeusa.com\/?s={search_term_string}\"},\"query-input\":{\"@type\":\"PropertyValueSpecification\",\"valueRequired\":true,\"valueName\":\"search_term_string\"}}],\"inLanguage\":\"en-US\"}]}<\/script>\n<!-- \/ Yoast SEO plugin. -->","yoast_head_json":{"title":"The Fleece Pants bombers logo Marine - Jogging - American College USA","description":"Trendy, d\u00e9contract\u00e9, souple, The Fleece Pants est un pantalon jogging Marine avec logo adapt\u00e9 autant aux moments de d\u00e9tente, qu'aux entra\u00eenement sportifs !","robots":{"index":"index","follow":"follow","max-snippet":"max-snippet:-1","max-image-preview":"max-image-preview:large","max-video-preview":"max-video-preview:-1"},"canonical":"https:\/\/americancollegeusa.com\/en\/product\/the-fleece-pants-bombers-logo-pantalon-jogging-marine-logo\/","og_locale":"en_US","og_type":"article","og_title":"The Fleece Pants bombers logo Marine - Jogging - American College USA","og_description":"Trendy, d\u00e9contract\u00e9, souple, The Fleece Pants est un pantalon jogging Marine avec logo adapt\u00e9 autant aux moments de d\u00e9tente, qu'aux entra\u00eenement sportifs !","og_url":"https:\/\/americancollegeusa.com\/en\/product\/the-fleece-pants-bombers-logo-pantalon-jogging-marine-logo\/","og_site_name":"American College USA","article_publisher":"https:\/\/www.facebook.com\/AmericanCollegeofficial\/?ref=bookmarks","article_modified_time":"2025-07-08T09:04:09+00:00","og_image":[{"width":3543,"height":5906,"url":"https:\/\/americancollegeusa.com\/wp-content\/uploads\/2019\/03\/0036-marine-dev.jpg","type":"image\/jpeg"}],"twitter_card":"summary_large_image","twitter_misc":{"Est. reading time":"1 minute"},"schema":{"@context":"https:\/\/schema.org","@graph":[{"@type":"WebPage","@id":"https:\/\/americancollegeusa.com\/produit\/the-fleece-pants-bombers-logo-pantalon-jogging-marine-logo\/","url":"https:\/\/americancollegeusa.com\/produit\/the-fleece-pants-bombers-logo-pantalon-jogging-marine-logo\/","name":"The Fleece Pants bombers logo Marine - Jogging - American College USA","isPartOf":{"@id":"https:\/\/americancollegeusa.com\/#website"},"primaryImageOfPage":{"@id":"https:\/\/americancollegeusa.com\/produit\/the-fleece-pants-bombers-logo-pantalon-jogging-marine-logo\/#primaryimage"},"image":{"@id":"https:\/\/americancollegeusa.com\/produit\/the-fleece-pants-bombers-logo-pantalon-jogging-marine-logo\/#primaryimage"},"thumbnailUrl":"https:\/\/americancollegeusa.com\/wp-content\/uploads\/2019\/03\/0036-marine-dev.jpg","datePublished":"2019-03-27T13:46:05+00:00","dateModified":"2025-07-08T09:04:09+00:00","description":"Trendy, d\u00e9contract\u00e9, souple, The Fleece Pants est un pantalon jogging Marine avec logo adapt\u00e9 autant aux moments de d\u00e9tente, qu'aux entra\u00eenement sportifs !","breadcrumb":{"@id":"https:\/\/americancollegeusa.com\/produit\/the-fleece-pants-bombers-logo-pantalon-jogging-marine-logo\/#breadcrumb"},"inLanguage":"en-US","potentialAction":[{"@type":"ReadAction","target":["https:\/\/americancollegeusa.com\/produit\/the-fleece-pants-bombers-logo-pantalon-jogging-marine-logo\/"]}]},{"@type":"ImageObject","inLanguage":"en-US","@id":"https:\/\/americancollegeusa.com\/produit\/the-fleece-pants-bombers-logo-pantalon-jogging-marine-logo\/#primaryimage","url":"https:\/\/americancollegeusa.com\/wp-content\/uploads\/2019\/03\/0036-marine-dev.jpg","contentUrl":"https:\/\/americancollegeusa.com\/wp-content\/uploads\/2019\/03\/0036-marine-dev.jpg","width":3543,"height":5906},{"@type":"BreadcrumbList","@id":"https:\/\/americancollegeusa.com\/produit\/the-fleece-pants-bombers-logo-pantalon-jogging-marine-logo\/#breadcrumb","itemListElement":[{"@type":"ListItem","position":1,"name":"Accueil","item":"https:\/\/americancollegeusa.com\/"},{"@type":"ListItem","position":2,"name":"Boutique","item":"https:\/\/americancollegeusa.com\/boutique\/"},{"@type":"ListItem","position":3,"name":"Pantalon Molleton &#8211; Bombers logo Marine 0036"}]},{"@type":"WebSite","@id":"https:\/\/americancollegeusa.com\/#website","url":"https:\/\/americancollegeusa.com\/","name":"American College USA","description":"","potentialAction":[{"@type":"SearchAction","target":{"@type":"EntryPoint","urlTemplate":"https:\/\/americancollegeusa.com\/?s={search_term_string}"},"query-input":{"@type":"PropertyValueSpecification","valueRequired":true,"valueName":"search_term_string"}}],"inLanguage":"en-US"}]}},"_links":{"self":[{"href":"https:\/\/americancollegeusa.com\/en\/wp-json\/wp\/v2\/product\/5929","targetHints":{"allow":["GET"]}}],"collection":[{"href":"https:\/\/americancollegeusa.com\/en\/wp-json\/wp\/v2\/product"}],"about":[{"href":"https:\/\/americancollegeusa.com\/en\/wp-json\/wp\/v2\/types\/product"}],"replies":[{"embeddable":true,"href":"https:\/\/americancollegeusa.com\/en\/wp-json\/wp\/v2\/comments?post=5929"}],"wp:featuredmedia":[{"embeddable":true,"href":"https:\/\/americancollegeusa.com\/en\/wp-json\/wp\/v2\/media\/9507"}],"wp:attachment":[{"href":"https:\/\/americancollegeusa.com\/en\/wp-json\/wp\/v2\/media?parent=5929"}],"wp:term":[{"taxonomy":"product_brand","embeddable":true,"href":"https:\/\/americancollegeusa.com\/en\/wp-json\/wp\/v2\/product_brand?post=5929"},{"taxonomy":"product_cat","embeddable":true,"href":"https:\/\/americancollegeusa.com\/en\/wp-json\/wp\/v2\/product_cat?post=5929"},{"taxonomy":"product_tag","embeddable":true,"href":"https:\/\/americancollegeusa.com\/en\/wp-json\/wp\/v2\/product_tag?post=5929"}],"curies":[{"name":"wp","href":"https:\/\/api.w.org\/{rel}","templated":true}]}}