{"id":1287,"date":"2019-03-26T15:59:06","date_gmt":"2019-03-26T14:59:06","guid":{"rendered":"https:\/\/americancollegeusa.com\/?post_type=product&#038;p=1287"},"modified":"2025-09-29T12:05:31","modified_gmt":"2025-09-29T10:05:31","slug":"teddy-varsity-homme-bordeaux-blanc","status":"publish","type":"product","link":"https:\/\/americancollegeusa.com\/en\/product\/teddy-varsity-homme-bordeaux-blanc\/","title":{"rendered":"Teddy Varsity Burgundy-White 008M"},"content":{"rendered":"<h2>Discover <span style=\"color: #b1273f;\">Teddy Varsity <\/span> original Burgundy-White pour homme, un classique qui ne se d\u00e9mode jamais !<\/h2>\n<p>Enjoy a quality jacket with our unbeatable Teddy Varsity orginal Burgundy-White for men! It is always difficult to find the ideal jacket, one that will match all your outfits, while giving you a unique and trendy style. So don\u2019t hesitate, try our jacket! Indeed, it is ideal for all seasons, and can be worn at any time of the day. Because a day is a succession of moments and occasions, choose the jacket that combines comfort, elegance and style, and that will adapt to each moment.<\/p>\n<p>Our Teddy Varsity is available in several sizes: XS, S, M, and L. In fact, you can find it in several color variations: gray-white, green-white, black-black, gray-black, navy-white , navy-red-white, black-white and red-white. You can also discover their female versions in the female category. Our jacket has two front pockets, an inside pocket, a slightly quilted lining, and closes with exterior buttons. In fact, it also has an invisible interior zip. You will find the original AC American college badge in loop on the sleeve! In addition, its front and back are 100% wool, and the sleeves are 100% real leather. Take advantage of the unequaled elegance and comfort of our materials!<\/p>\n<p>Our Teddy Varsity is currently in stock.<\/p>\n<p>By purchasing a garment from our well-known brand as a guarantee of quality, you are choosing a product that lasts over time. Indeed, solid and well cut, the clothes <a style=\"color: #b1273f;\" href=\"https:\/\/americancollegeusa.com\/en\/\">American College USA<\/a> reflect our desire to bring you a high-end product.<\/p>","protected":false},"excerpt":{"rendered":"<p><strong>Description :<\/strong><\/p>\n<p><span class=\"s1\">Veste avec zip invisible int\u00e9rieur et boutons<\/span><\/p>\n<p>Coupe droite<\/p>\n<p><span class=\"s1\">Manches longues<\/span><\/p>\n<p>Poches lat\u00e9rales<\/p>\n<p>Broderies sur les manches<\/p>\n<p><strong>Mati\u00e8res :\u00a0<\/strong><\/p>\n<p>100% Laine sur le devant et le dos<\/p>\n<p>100% real leather handle<\/p>\n<p class=\"tab-title bold-medium-title\">","protected":false},"featured_media":9524,"comment_status":"open","ping_status":"closed","template":"","meta":{"_et_pb_use_builder":"","_et_pb_old_content":"","_et_gb_content_width":"","_exactmetrics_skip_tracking":false,"_exactmetrics_sitenote_active":false,"_exactmetrics_sitenote_note":"","_exactmetrics_sitenote_category":0},"product_brand":[],"product_cat":[46],"product_tag":[],"class_list":{"0":"post-1287","1":"product","2":"type-product","3":"status-publish","4":"has-post-thumbnail","6":"product_cat-blouson-teddy-varsity-blouson","8":"first","9":"instock","10":"taxable","11":"shipping-taxable","12":"purchasable","13":"product-type-variable"},"yoast_head":"<!-- This site is optimized with the Yoast SEO plugin v26.9 - https:\/\/yoast.com\/product\/yoast-seo-wordpress\/ -->\n<title>Teddy Varsity - Burgundy\/White - American College USA<\/title>\n<meta name=\"description\" content=\"D\u00e9couvrez en pr\u00e9commande notre Teddy Varsity Burgundy-White nouvelle g\u00e9n\u00e9ration ! Dos et devant 100% laine, manches cuir, un confort in\u00e9gal\u00e9 !\" \/>\n<meta name=\"robots\" content=\"index, follow, max-snippet:-1, max-image-preview:large, max-video-preview:-1\" \/>\n<link rel=\"canonical\" href=\"https:\/\/americancollegeusa.com\/en\/product\/teddy-varsity-homme-bordeaux-blanc\/\" \/>\n<meta property=\"og:locale\" content=\"en_US\" \/>\n<meta property=\"og:type\" content=\"article\" \/>\n<meta property=\"og:title\" content=\"Teddy Varsity - Burgundy\/White - American College USA\" \/>\n<meta property=\"og:description\" content=\"D\u00e9couvrez en pr\u00e9commande notre Teddy Varsity Burgundy-White nouvelle g\u00e9n\u00e9ration ! Dos et devant 100% laine, manches cuir, un confort in\u00e9gal\u00e9 !\" \/>\n<meta property=\"og:url\" content=\"https:\/\/americancollegeusa.com\/en\/product\/teddy-varsity-homme-bordeaux-blanc\/\" \/>\n<meta property=\"og:site_name\" content=\"American College USA\" \/>\n<meta property=\"article:publisher\" content=\"https:\/\/www.facebook.com\/AmericanCollegeofficial\/?ref=bookmarks\" \/>\n<meta property=\"article:modified_time\" content=\"2025-09-29T10:05:31+00:00\" \/>\n<meta property=\"og:image\" content=\"https:\/\/americancollegeusa.com\/wp-content\/uploads\/2019\/03\/AC_20191016_L23_3631-683x1024.jpg\" \/>\n\t<meta property=\"og:image:width\" content=\"683\" \/>\n\t<meta property=\"og:image:height\" content=\"1024\" \/>\n\t<meta property=\"og:image:type\" content=\"image\/jpeg\" \/>\n<meta name=\"twitter:card\" content=\"summary_large_image\" \/>\n<meta name=\"twitter:label1\" content=\"Est. reading time\" \/>\n\t<meta name=\"twitter:data1\" content=\"2 minutes\" \/>\n<script type=\"application\/ld+json\" class=\"yoast-schema-graph\">{\"@context\":\"https:\/\/schema.org\",\"@graph\":[{\"@type\":\"WebPage\",\"@id\":\"https:\/\/americancollegeusa.com\/produit\/teddy-varsity-homme-bordeaux-blanc\/\",\"url\":\"https:\/\/americancollegeusa.com\/produit\/teddy-varsity-homme-bordeaux-blanc\/\",\"name\":\"Teddy Varsity - Burgundy\/White - American College USA\",\"isPartOf\":{\"@id\":\"https:\/\/americancollegeusa.com\/#website\"},\"primaryImageOfPage\":{\"@id\":\"https:\/\/americancollegeusa.com\/produit\/teddy-varsity-homme-bordeaux-blanc\/#primaryimage\"},\"image\":{\"@id\":\"https:\/\/americancollegeusa.com\/produit\/teddy-varsity-homme-bordeaux-blanc\/#primaryimage\"},\"thumbnailUrl\":\"https:\/\/americancollegeusa.com\/wp-content\/uploads\/2019\/03\/AC_20191016_L23_3631.jpg\",\"datePublished\":\"2019-03-26T14:59:06+00:00\",\"dateModified\":\"2025-09-29T10:05:31+00:00\",\"description\":\"D\u00e9couvrez en pr\u00e9commande notre Teddy Varsity Burgundy-White nouvelle g\u00e9n\u00e9ration ! Dos et devant 100% laine, manches cuir, un confort in\u00e9gal\u00e9 !\",\"breadcrumb\":{\"@id\":\"https:\/\/americancollegeusa.com\/produit\/teddy-varsity-homme-bordeaux-blanc\/#breadcrumb\"},\"inLanguage\":\"en-US\",\"potentialAction\":[{\"@type\":\"ReadAction\",\"target\":[\"https:\/\/americancollegeusa.com\/produit\/teddy-varsity-homme-bordeaux-blanc\/\"]}]},{\"@type\":\"ImageObject\",\"inLanguage\":\"en-US\",\"@id\":\"https:\/\/americancollegeusa.com\/produit\/teddy-varsity-homme-bordeaux-blanc\/#primaryimage\",\"url\":\"https:\/\/americancollegeusa.com\/wp-content\/uploads\/2019\/03\/AC_20191016_L23_3631.jpg\",\"contentUrl\":\"https:\/\/americancollegeusa.com\/wp-content\/uploads\/2019\/03\/AC_20191016_L23_3631.jpg\",\"width\":2134,\"height\":3200},{\"@type\":\"BreadcrumbList\",\"@id\":\"https:\/\/americancollegeusa.com\/produit\/teddy-varsity-homme-bordeaux-blanc\/#breadcrumb\",\"itemListElement\":[{\"@type\":\"ListItem\",\"position\":1,\"name\":\"Accueil\",\"item\":\"https:\/\/americancollegeusa.com\/\"},{\"@type\":\"ListItem\",\"position\":2,\"name\":\"Boutique\",\"item\":\"https:\/\/americancollegeusa.com\/boutique\/\"},{\"@type\":\"ListItem\",\"position\":3,\"name\":\"Teddy Varsity Burgundy-White 008M\"}]},{\"@type\":\"WebSite\",\"@id\":\"https:\/\/americancollegeusa.com\/#website\",\"url\":\"https:\/\/americancollegeusa.com\/\",\"name\":\"American College USA\",\"description\":\"\",\"potentialAction\":[{\"@type\":\"SearchAction\",\"target\":{\"@type\":\"EntryPoint\",\"urlTemplate\":\"https:\/\/americancollegeusa.com\/?s={search_term_string}\"},\"query-input\":{\"@type\":\"PropertyValueSpecification\",\"valueRequired\":true,\"valueName\":\"search_term_string\"}}],\"inLanguage\":\"en-US\"}]}<\/script>\n<!-- \/ Yoast SEO plugin. -->","yoast_head_json":{"title":"Teddy Varsity - Burgundy\/White - American College USA","description":"D\u00e9couvrez en pr\u00e9commande notre Teddy Varsity Burgundy-White nouvelle g\u00e9n\u00e9ration ! Dos et devant 100% laine, manches cuir, un confort in\u00e9gal\u00e9 !","robots":{"index":"index","follow":"follow","max-snippet":"max-snippet:-1","max-image-preview":"max-image-preview:large","max-video-preview":"max-video-preview:-1"},"canonical":"https:\/\/americancollegeusa.com\/en\/product\/teddy-varsity-homme-bordeaux-blanc\/","og_locale":"en_US","og_type":"article","og_title":"Teddy Varsity - Burgundy\/White - American College USA","og_description":"D\u00e9couvrez en pr\u00e9commande notre Teddy Varsity Burgundy-White nouvelle g\u00e9n\u00e9ration ! Dos et devant 100% laine, manches cuir, un confort in\u00e9gal\u00e9 !","og_url":"https:\/\/americancollegeusa.com\/en\/product\/teddy-varsity-homme-bordeaux-blanc\/","og_site_name":"American College USA","article_publisher":"https:\/\/www.facebook.com\/AmericanCollegeofficial\/?ref=bookmarks","article_modified_time":"2025-09-29T10:05:31+00:00","og_image":[{"width":683,"height":1024,"url":"https:\/\/americancollegeusa.com\/wp-content\/uploads\/2019\/03\/AC_20191016_L23_3631-683x1024.jpg","type":"image\/jpeg"}],"twitter_card":"summary_large_image","twitter_misc":{"Est. reading time":"2 minutes"},"schema":{"@context":"https:\/\/schema.org","@graph":[{"@type":"WebPage","@id":"https:\/\/americancollegeusa.com\/produit\/teddy-varsity-homme-bordeaux-blanc\/","url":"https:\/\/americancollegeusa.com\/produit\/teddy-varsity-homme-bordeaux-blanc\/","name":"Teddy Varsity - Burgundy\/White - American College USA","isPartOf":{"@id":"https:\/\/americancollegeusa.com\/#website"},"primaryImageOfPage":{"@id":"https:\/\/americancollegeusa.com\/produit\/teddy-varsity-homme-bordeaux-blanc\/#primaryimage"},"image":{"@id":"https:\/\/americancollegeusa.com\/produit\/teddy-varsity-homme-bordeaux-blanc\/#primaryimage"},"thumbnailUrl":"https:\/\/americancollegeusa.com\/wp-content\/uploads\/2019\/03\/AC_20191016_L23_3631.jpg","datePublished":"2019-03-26T14:59:06+00:00","dateModified":"2025-09-29T10:05:31+00:00","description":"D\u00e9couvrez en pr\u00e9commande notre Teddy Varsity Burgundy-White nouvelle g\u00e9n\u00e9ration ! Dos et devant 100% laine, manches cuir, un confort in\u00e9gal\u00e9 !","breadcrumb":{"@id":"https:\/\/americancollegeusa.com\/produit\/teddy-varsity-homme-bordeaux-blanc\/#breadcrumb"},"inLanguage":"en-US","potentialAction":[{"@type":"ReadAction","target":["https:\/\/americancollegeusa.com\/produit\/teddy-varsity-homme-bordeaux-blanc\/"]}]},{"@type":"ImageObject","inLanguage":"en-US","@id":"https:\/\/americancollegeusa.com\/produit\/teddy-varsity-homme-bordeaux-blanc\/#primaryimage","url":"https:\/\/americancollegeusa.com\/wp-content\/uploads\/2019\/03\/AC_20191016_L23_3631.jpg","contentUrl":"https:\/\/americancollegeusa.com\/wp-content\/uploads\/2019\/03\/AC_20191016_L23_3631.jpg","width":2134,"height":3200},{"@type":"BreadcrumbList","@id":"https:\/\/americancollegeusa.com\/produit\/teddy-varsity-homme-bordeaux-blanc\/#breadcrumb","itemListElement":[{"@type":"ListItem","position":1,"name":"Accueil","item":"https:\/\/americancollegeusa.com\/"},{"@type":"ListItem","position":2,"name":"Boutique","item":"https:\/\/americancollegeusa.com\/boutique\/"},{"@type":"ListItem","position":3,"name":"Teddy Varsity Burgundy-White 008M"}]},{"@type":"WebSite","@id":"https:\/\/americancollegeusa.com\/#website","url":"https:\/\/americancollegeusa.com\/","name":"American College USA","description":"","potentialAction":[{"@type":"SearchAction","target":{"@type":"EntryPoint","urlTemplate":"https:\/\/americancollegeusa.com\/?s={search_term_string}"},"query-input":{"@type":"PropertyValueSpecification","valueRequired":true,"valueName":"search_term_string"}}],"inLanguage":"en-US"}]}},"_links":{"self":[{"href":"https:\/\/americancollegeusa.com\/en\/wp-json\/wp\/v2\/product\/1287","targetHints":{"allow":["GET"]}}],"collection":[{"href":"https:\/\/americancollegeusa.com\/en\/wp-json\/wp\/v2\/product"}],"about":[{"href":"https:\/\/americancollegeusa.com\/en\/wp-json\/wp\/v2\/types\/product"}],"replies":[{"embeddable":true,"href":"https:\/\/americancollegeusa.com\/en\/wp-json\/wp\/v2\/comments?post=1287"}],"wp:featuredmedia":[{"embeddable":true,"href":"https:\/\/americancollegeusa.com\/en\/wp-json\/wp\/v2\/media\/9524"}],"wp:attachment":[{"href":"https:\/\/americancollegeusa.com\/en\/wp-json\/wp\/v2\/media?parent=1287"}],"wp:term":[{"taxonomy":"product_brand","embeddable":true,"href":"https:\/\/americancollegeusa.com\/en\/wp-json\/wp\/v2\/product_brand?post=1287"},{"taxonomy":"product_cat","embeddable":true,"href":"https:\/\/americancollegeusa.com\/en\/wp-json\/wp\/v2\/product_cat?post=1287"},{"taxonomy":"product_tag","embeddable":true,"href":"https:\/\/americancollegeusa.com\/en\/wp-json\/wp\/v2\/product_tag?post=1287"}],"curies":[{"name":"wp","href":"https:\/\/api.w.org\/{rel}","templated":true}]}}