{"id":1208,"date":"2019-03-26T15:58:02","date_gmt":"2019-03-26T14:58:02","guid":{"rendered":"https:\/\/americancollegeusa.com\/?post_type=product&#038;p=1208"},"modified":"2026-03-13T18:07:32","modified_gmt":"2026-03-13T17:07:32","slug":"teddy-varsity-homme-black-black","status":"publish","type":"product","link":"https:\/\/americancollegeusa.com\/en\/product\/teddy-varsity-homme-black-black\/","title":{"rendered":"Teddy Varsity Black-Black 008M"},"content":{"rendered":"<h2>Discover <span style=\"color: #b1273f;\">Teddy Varsity <\/span> original black-black pour homme, un classique qui ne se d\u00e9mode jamais !<\/h2>\n<p>Enjoy a quality jacket with our unbeatable Teddy Varsity orginal black-black for men! It is always difficult to find the ideal jacket, one that will match all your outfits, while giving you a unique and trendy style. So don\u2019t hesitate, try our jacket! Indeed, it is ideal for all seasons, and can be worn at any time of the day. Because a day is a succession of moments and occasions, choose the jacket that combines comfort, elegance and style, and that will adapt to each moment. Our Teddy Varsity is available in several sizes: XS, S, M, and L. In fact, you can find it in several color variations: burgundy-white, gray-white, green-white, gray-black, navy-white , navy-red-white, black-white and red-white. You can also discover their female versions in the female category. Our jacket has two front pockets, an inside pocket, a slightly quilted lining, and closes with exterior buttons. In fact, it also has an invisible interior zip. You will find the original AC American college badge in loop on the sleeve! In addition, its front and back are 100% wool, and the sleeves are 100% real leather. Take advantage of the unequaled elegance and comfort of our materials! Our Teddy Varsity is currently in stock. By purchasing a garment from our well-known brand as a guarantee of quality, you are choosing a product that lasts over time. Indeed, solid and well cut, the clothes <a style=\"color: #b1273f;\" href=\"https:\/\/americancollegeusa.com\/en\/\">American College USA<\/a> reflect our desire to bring you a high-end product.<\/p>","protected":false},"excerpt":{"rendered":"<p><strong>Description :<\/strong><\/p>\n<p><span class=\"s1\">Veste avec zip et boutons<\/span><\/p>\n<p>Coupe droite<\/p>\n<p><span class=\"s1\">Manches longues<\/span><\/p>\n<p>Poches lat\u00e9rales<\/p>\n<p>Broderies et patch sur l&rsquo;avant et les manches<\/p>\n<p><strong>Mati\u00e8res :\u00a0<\/strong><\/p>\n<p>100% Laine sur le devant et le dos<\/p>\n<p>100% real leather handle<\/p>\n<p>&nbsp;<\/p>\n<p class=\"tab-title bold-medium-title\">","protected":false},"featured_media":9535,"comment_status":"open","ping_status":"closed","template":"","meta":{"_et_pb_use_builder":"off","_et_pb_old_content":"<h2>D\u00e9couvrez <span style=\"color: #b1273f\">Teddy Varsity <\/span> original black-black pour homme !<\/h2>\r\nProfitez d'un blouson de qualit\u00e9 avec notre ind\u00e9tr\u00f4nable Teddy Varsity orginal black-black pour homme ! Il est toujours difficile de trouver le blouson id\u00e9al, celui qui s'accordera avec toutes vos tenues, tout en vous conf\u00e9rant un style unique et trendy. Alors n'h\u00e9sitez plus, essayez notre blouson ! En effet, il est id\u00e9al pour toutes les saisons, et peut se porter \u00e0 tout moment de la journ\u00e9e. Car une journ\u00e9e est une succession de moments et d'occasions, choisissez le blouson qui allie confort, \u00e9l\u00e9gance et style, et qui s'adaptera \u00e0 chaque instant.\r\n\r\nNotre Teddy Varsity est disponible en plusieurs tailles : XS, S, M, et L. De fait, vous pouvez le retrouver dans plusieurs variations de couleur : bordeaux-blanc, gris-blanc, vert-blanc, gris-black, marine-blanc, marine-rouge-blanc, noir-blanc et rouge-blanc. Vous pouvez \u00e9galement d\u00e9couvrir leurs versions f\u00e9minines dans la cat\u00e9gorie femme. Notre blouson poss\u00e8de deux poches avant, une poche int\u00e9rieure, une doublure l\u00e9g\u00e8rement matelass\u00e9e, et se ferme avec des boutons ext\u00e9rieurs. De fait, il poss\u00e8de \u00e9galement un zip int\u00e9rieur invisible. Vous retrouverez le badge original AC American coll\u00e8ge en bouclette sur la manche ! De plus, son devant et son dos sont 100% en laine, et les manches sont 100% en cuir v\u00e9ritable. Profitez de l'\u00e9l\u00e9gance et du confort in\u00e9gal\u00e9 de nos mati\u00e8res !\r\n\r\nNotre Teddy Varsity est actuellement en stock.\r\n\r\nEn achetant un v\u00eatement de notre marque bien connue comme gage de qualit\u00e9, vous faites le choix d'un produit qui dure dans le temps. En effet, solides et bien coup\u00e9s, les v\u00eatements <a style=\"color: #b1273f\" href=\"https:\/\/americancollegeusa.com\/\">American College USA<\/a> refl\u00e8tent notre volont\u00e9 de vous apporter un produit haut de gamme.","_et_gb_content_width":"","_exactmetrics_skip_tracking":false,"_exactmetrics_sitenote_active":false,"_exactmetrics_sitenote_note":"","_exactmetrics_sitenote_category":0},"product_brand":[],"product_cat":[46],"product_tag":[],"class_list":{"0":"post-1208","1":"product","2":"type-product","3":"status-publish","4":"has-post-thumbnail","6":"product_cat-blouson-teddy-varsity-blouson","8":"first","9":"instock","10":"taxable","11":"shipping-taxable","12":"purchasable","13":"product-type-variable"},"yoast_head":"<!-- This site is optimized with the Yoast SEO plugin v26.9 - https:\/\/yoast.com\/product\/yoast-seo-wordpress\/ -->\n<title>Teddy Black Varsity Jacket Veste Manteaux Blouson Veste universitaire Veste am\u00e9ricaine<\/title>\n<meta name=\"description\" content=\"Essayez notre Teddy Varsity Black-Black nouvelle g\u00e9n\u00e9ration ! Avec sa composition de laine et de cuir v\u00e9ritable, un alli\u00e9 confort pour toute la journ\u00e9e !\" \/>\n<meta name=\"robots\" content=\"index, follow, max-snippet:-1, max-image-preview:large, max-video-preview:-1\" \/>\n<link rel=\"canonical\" href=\"https:\/\/americancollegeusa.com\/en\/product\/teddy-varsity-homme-black-black\/\" \/>\n<meta property=\"og:locale\" content=\"en_US\" \/>\n<meta property=\"og:type\" content=\"article\" \/>\n<meta property=\"og:title\" content=\"Teddy Black Varsity Jacket Veste Manteaux Blouson Veste universitaire Veste am\u00e9ricaine\" \/>\n<meta property=\"og:description\" content=\"Essayez notre Teddy Varsity Black-Black nouvelle g\u00e9n\u00e9ration ! Avec sa composition de laine et de cuir v\u00e9ritable, un alli\u00e9 confort pour toute la journ\u00e9e !\" \/>\n<meta property=\"og:url\" content=\"https:\/\/americancollegeusa.com\/en\/product\/teddy-varsity-homme-black-black\/\" \/>\n<meta property=\"og:site_name\" content=\"American College USA\" \/>\n<meta property=\"article:publisher\" content=\"https:\/\/www.facebook.com\/AmericanCollegeofficial\/?ref=bookmarks\" \/>\n<meta property=\"article:modified_time\" content=\"2026-03-13T17:07:32+00:00\" \/>\n<meta property=\"og:image\" content=\"https:\/\/americancollegeusa.com\/wp-content\/uploads\/2019\/03\/AC_20191016_L27_3989-683x1024.jpg\" \/>\n\t<meta property=\"og:image:width\" content=\"683\" \/>\n\t<meta property=\"og:image:height\" content=\"1024\" \/>\n\t<meta property=\"og:image:type\" content=\"image\/jpeg\" \/>\n<meta name=\"twitter:card\" content=\"summary_large_image\" \/>\n<meta name=\"twitter:label1\" content=\"Est. reading time\" \/>\n\t<meta name=\"twitter:data1\" content=\"2 minutes\" \/>\n<script type=\"application\/ld+json\" class=\"yoast-schema-graph\">{\"@context\":\"https:\/\/schema.org\",\"@graph\":[{\"@type\":\"WebPage\",\"@id\":\"https:\/\/americancollegeusa.com\/produit\/teddy-varsity-homme-black-black\/\",\"url\":\"https:\/\/americancollegeusa.com\/produit\/teddy-varsity-homme-black-black\/\",\"name\":\"Teddy Black Varsity Jacket Veste Manteaux Blouson Veste universitaire Veste am\u00e9ricaine\",\"isPartOf\":{\"@id\":\"https:\/\/americancollegeusa.com\/#website\"},\"primaryImageOfPage\":{\"@id\":\"https:\/\/americancollegeusa.com\/produit\/teddy-varsity-homme-black-black\/#primaryimage\"},\"image\":{\"@id\":\"https:\/\/americancollegeusa.com\/produit\/teddy-varsity-homme-black-black\/#primaryimage\"},\"thumbnailUrl\":\"https:\/\/americancollegeusa.com\/wp-content\/uploads\/2019\/03\/AC_20191016_L27_3989.jpg\",\"datePublished\":\"2019-03-26T14:58:02+00:00\",\"dateModified\":\"2026-03-13T17:07:32+00:00\",\"description\":\"Essayez notre Teddy Varsity Black-Black nouvelle g\u00e9n\u00e9ration ! Avec sa composition de laine et de cuir v\u00e9ritable, un alli\u00e9 confort pour toute la journ\u00e9e !\",\"breadcrumb\":{\"@id\":\"https:\/\/americancollegeusa.com\/produit\/teddy-varsity-homme-black-black\/#breadcrumb\"},\"inLanguage\":\"en-US\",\"potentialAction\":[{\"@type\":\"ReadAction\",\"target\":[\"https:\/\/americancollegeusa.com\/produit\/teddy-varsity-homme-black-black\/\"]}]},{\"@type\":\"ImageObject\",\"inLanguage\":\"en-US\",\"@id\":\"https:\/\/americancollegeusa.com\/produit\/teddy-varsity-homme-black-black\/#primaryimage\",\"url\":\"https:\/\/americancollegeusa.com\/wp-content\/uploads\/2019\/03\/AC_20191016_L27_3989.jpg\",\"contentUrl\":\"https:\/\/americancollegeusa.com\/wp-content\/uploads\/2019\/03\/AC_20191016_L27_3989.jpg\",\"width\":2133,\"height\":3200},{\"@type\":\"BreadcrumbList\",\"@id\":\"https:\/\/americancollegeusa.com\/produit\/teddy-varsity-homme-black-black\/#breadcrumb\",\"itemListElement\":[{\"@type\":\"ListItem\",\"position\":1,\"name\":\"Accueil\",\"item\":\"https:\/\/americancollegeusa.com\/\"},{\"@type\":\"ListItem\",\"position\":2,\"name\":\"Boutique\",\"item\":\"https:\/\/americancollegeusa.com\/boutique\/\"},{\"@type\":\"ListItem\",\"position\":3,\"name\":\"Teddy Varsity Black-Black 008M\"}]},{\"@type\":\"WebSite\",\"@id\":\"https:\/\/americancollegeusa.com\/#website\",\"url\":\"https:\/\/americancollegeusa.com\/\",\"name\":\"American College USA\",\"description\":\"\",\"potentialAction\":[{\"@type\":\"SearchAction\",\"target\":{\"@type\":\"EntryPoint\",\"urlTemplate\":\"https:\/\/americancollegeusa.com\/?s={search_term_string}\"},\"query-input\":{\"@type\":\"PropertyValueSpecification\",\"valueRequired\":true,\"valueName\":\"search_term_string\"}}],\"inLanguage\":\"en-US\"}]}<\/script>\n<!-- \/ Yoast SEO plugin. -->","yoast_head_json":{"title":"Teddy Black Varsity Jacket Veste Manteaux Blouson Veste universitaire Veste am\u00e9ricaine","description":"Essayez notre Teddy Varsity Black-Black nouvelle g\u00e9n\u00e9ration ! Avec sa composition de laine et de cuir v\u00e9ritable, un alli\u00e9 confort pour toute la journ\u00e9e !","robots":{"index":"index","follow":"follow","max-snippet":"max-snippet:-1","max-image-preview":"max-image-preview:large","max-video-preview":"max-video-preview:-1"},"canonical":"https:\/\/americancollegeusa.com\/en\/product\/teddy-varsity-homme-black-black\/","og_locale":"en_US","og_type":"article","og_title":"Teddy Black Varsity Jacket Veste Manteaux Blouson Veste universitaire Veste am\u00e9ricaine","og_description":"Essayez notre Teddy Varsity Black-Black nouvelle g\u00e9n\u00e9ration ! Avec sa composition de laine et de cuir v\u00e9ritable, un alli\u00e9 confort pour toute la journ\u00e9e !","og_url":"https:\/\/americancollegeusa.com\/en\/product\/teddy-varsity-homme-black-black\/","og_site_name":"American College USA","article_publisher":"https:\/\/www.facebook.com\/AmericanCollegeofficial\/?ref=bookmarks","article_modified_time":"2026-03-13T17:07:32+00:00","og_image":[{"width":683,"height":1024,"url":"https:\/\/americancollegeusa.com\/wp-content\/uploads\/2019\/03\/AC_20191016_L27_3989-683x1024.jpg","type":"image\/jpeg"}],"twitter_card":"summary_large_image","twitter_misc":{"Est. reading time":"2 minutes"},"schema":{"@context":"https:\/\/schema.org","@graph":[{"@type":"WebPage","@id":"https:\/\/americancollegeusa.com\/produit\/teddy-varsity-homme-black-black\/","url":"https:\/\/americancollegeusa.com\/produit\/teddy-varsity-homme-black-black\/","name":"Teddy Black Varsity Jacket Veste Manteaux Blouson Veste universitaire Veste am\u00e9ricaine","isPartOf":{"@id":"https:\/\/americancollegeusa.com\/#website"},"primaryImageOfPage":{"@id":"https:\/\/americancollegeusa.com\/produit\/teddy-varsity-homme-black-black\/#primaryimage"},"image":{"@id":"https:\/\/americancollegeusa.com\/produit\/teddy-varsity-homme-black-black\/#primaryimage"},"thumbnailUrl":"https:\/\/americancollegeusa.com\/wp-content\/uploads\/2019\/03\/AC_20191016_L27_3989.jpg","datePublished":"2019-03-26T14:58:02+00:00","dateModified":"2026-03-13T17:07:32+00:00","description":"Essayez notre Teddy Varsity Black-Black nouvelle g\u00e9n\u00e9ration ! Avec sa composition de laine et de cuir v\u00e9ritable, un alli\u00e9 confort pour toute la journ\u00e9e !","breadcrumb":{"@id":"https:\/\/americancollegeusa.com\/produit\/teddy-varsity-homme-black-black\/#breadcrumb"},"inLanguage":"en-US","potentialAction":[{"@type":"ReadAction","target":["https:\/\/americancollegeusa.com\/produit\/teddy-varsity-homme-black-black\/"]}]},{"@type":"ImageObject","inLanguage":"en-US","@id":"https:\/\/americancollegeusa.com\/produit\/teddy-varsity-homme-black-black\/#primaryimage","url":"https:\/\/americancollegeusa.com\/wp-content\/uploads\/2019\/03\/AC_20191016_L27_3989.jpg","contentUrl":"https:\/\/americancollegeusa.com\/wp-content\/uploads\/2019\/03\/AC_20191016_L27_3989.jpg","width":2133,"height":3200},{"@type":"BreadcrumbList","@id":"https:\/\/americancollegeusa.com\/produit\/teddy-varsity-homme-black-black\/#breadcrumb","itemListElement":[{"@type":"ListItem","position":1,"name":"Accueil","item":"https:\/\/americancollegeusa.com\/"},{"@type":"ListItem","position":2,"name":"Boutique","item":"https:\/\/americancollegeusa.com\/boutique\/"},{"@type":"ListItem","position":3,"name":"Teddy Varsity Black-Black 008M"}]},{"@type":"WebSite","@id":"https:\/\/americancollegeusa.com\/#website","url":"https:\/\/americancollegeusa.com\/","name":"American College USA","description":"","potentialAction":[{"@type":"SearchAction","target":{"@type":"EntryPoint","urlTemplate":"https:\/\/americancollegeusa.com\/?s={search_term_string}"},"query-input":{"@type":"PropertyValueSpecification","valueRequired":true,"valueName":"search_term_string"}}],"inLanguage":"en-US"}]}},"_links":{"self":[{"href":"https:\/\/americancollegeusa.com\/en\/wp-json\/wp\/v2\/product\/1208","targetHints":{"allow":["GET"]}}],"collection":[{"href":"https:\/\/americancollegeusa.com\/en\/wp-json\/wp\/v2\/product"}],"about":[{"href":"https:\/\/americancollegeusa.com\/en\/wp-json\/wp\/v2\/types\/product"}],"replies":[{"embeddable":true,"href":"https:\/\/americancollegeusa.com\/en\/wp-json\/wp\/v2\/comments?post=1208"}],"wp:featuredmedia":[{"embeddable":true,"href":"https:\/\/americancollegeusa.com\/en\/wp-json\/wp\/v2\/media\/9535"}],"wp:attachment":[{"href":"https:\/\/americancollegeusa.com\/en\/wp-json\/wp\/v2\/media?parent=1208"}],"wp:term":[{"taxonomy":"product_brand","embeddable":true,"href":"https:\/\/americancollegeusa.com\/en\/wp-json\/wp\/v2\/product_brand?post=1208"},{"taxonomy":"product_cat","embeddable":true,"href":"https:\/\/americancollegeusa.com\/en\/wp-json\/wp\/v2\/product_cat?post=1208"},{"taxonomy":"product_tag","embeddable":true,"href":"https:\/\/americancollegeusa.com\/en\/wp-json\/wp\/v2\/product_tag?post=1208"}],"curies":[{"name":"wp","href":"https:\/\/api.w.org\/{rel}","templated":true}]}}