{"id":11839,"date":"2023-03-16T17:42:18","date_gmt":"2023-03-16T16:42:18","guid":{"rendered":"https:\/\/americancollegeusa.com\/?post_type=product&#038;p=11839"},"modified":"2023-04-19T12:08:56","modified_gmt":"2023-04-19T10:08:56","slug":"ac-1-basket-navy-white","status":"publish","type":"product","link":"https:\/\/americancollegeusa.com\/en\/product\/ac-1-basket-navy-white\/","title":{"rendered":"AC-1 Basket Navy\/White"},"content":{"rendered":"<h2>D\u00e9couvrez nos nouvelles\u00a0<span style=\"color: #b1273f;\">Sneakers <\/span>for men!<\/h2>\n<p>Experience a comfortable and stylish pair of shoes with our <strong>Sneakers American College<\/strong>\u00a0navy-white pour homme. Les chaussures sont l&rsquo;accessoire incontournable de la journ\u00e9e. En effet, il faut qu&rsquo;elles soient confortables \u00e0 vos pieds, et d&rsquo;une solidit\u00e9 \u00e0 toute \u00e9preuve, car elles vont vous suivre toute la journ\u00e9e. De plus, il faut trouver la paire qui s&rsquo;accorde avec justesse \u00e0 votre style ! Alors ne cherchez plus, et essayez nos Sneackers de luxe pour une qualit\u00e9 irr\u00e9prochable et un style college ind\u00e9modable !<\/p>\n<p>Nos Sneakers sont disponibles en plusieurs tailles : 40, 41, 42, 43 et 44. Alliez \u00e9l\u00e9gance et confort avec nos diff\u00e9rents mod\u00e8les pr\u00e9sent\u00e9s sur le site !<\/p>\n<p>By purchasing a product from our well-known brand as a guarantee of quality, you are choosing a product that lasts over time. Indeed, solid and well cut, the clothes <a style=\"color: #b1273f;\" href=\"https:\/\/americancollegeusa.com\/en\/\">American College USA<\/a> reflect our desire to bring you a high-end product.<\/p>","protected":false},"excerpt":{"rendered":"<p>D\u00e9couvrez nos nouvelles\u00a0Sneakers pour homme ! Faites l&rsquo;exp\u00e9rience d&rsquo;une paire de chaussures confortables et styl\u00e9es avec nos Sneakers American College\u00a0navy-white pour homme. Les chaussures sont l&rsquo;accessoire incontournable de la journ\u00e9e. En effet, il faut qu&rsquo;elles soient confortables \u00e0 vos pieds, et d&rsquo;une solidit\u00e9 \u00e0 toute \u00e9preuve, car elles vont vous suivre toute la journ\u00e9e. De [&hellip;]<\/p>","protected":false},"featured_media":11840,"comment_status":"closed","ping_status":"closed","template":"","meta":{"_et_pb_use_builder":"","_et_pb_old_content":"","_et_gb_content_width":"","_exactmetrics_skip_tracking":false,"_exactmetrics_sitenote_active":false,"_exactmetrics_sitenote_note":"","_exactmetrics_sitenote_category":0},"product_brand":[],"product_cat":[15,50,22,25],"product_tag":[],"class_list":{"0":"post-11839","1":"product","2":"type-product","3":"status-publish","4":"has-post-thumbnail","6":"product_cat-non-classe","7":"product_cat-chaussures-homme","8":"product_cat-vetement-homme","9":"product_cat-nouveautes","11":"first","12":"outofstock","13":"taxable","14":"shipping-taxable","15":"purchasable","16":"product-type-simple"},"yoast_head":"<!-- This site is optimized with the Yoast SEO plugin v26.9 - https:\/\/yoast.com\/product\/yoast-seo-wordpress\/ -->\n<title>AC-1 Basket Navy\/White - American College USA<\/title>\n<meta name=\"description\" content=\"Essayez nos nouvelles Sneakers Navy &amp; White pour homme ! Ces Sneakers de luxe sont disponibles en plusieurs tailles sur notre site !\" \/>\n<meta name=\"robots\" content=\"index, follow, max-snippet:-1, max-image-preview:large, max-video-preview:-1\" \/>\n<link rel=\"canonical\" href=\"https:\/\/americancollegeusa.com\/en\/product\/ac-1-basket-navy-white\/\" \/>\n<meta property=\"og:locale\" content=\"en_US\" \/>\n<meta property=\"og:type\" content=\"article\" \/>\n<meta property=\"og:title\" content=\"AC-1 Basket Navy\/White - American College USA\" \/>\n<meta property=\"og:description\" content=\"Essayez nos nouvelles Sneakers Navy &amp; White pour homme ! Ces Sneakers de luxe sont disponibles en plusieurs tailles sur notre site !\" \/>\n<meta property=\"og:url\" content=\"https:\/\/americancollegeusa.com\/en\/product\/ac-1-basket-navy-white\/\" \/>\n<meta property=\"og:site_name\" content=\"American College USA\" \/>\n<meta property=\"article:publisher\" content=\"https:\/\/www.facebook.com\/AmericanCollegeofficial\/?ref=bookmarks\" \/>\n<meta property=\"article:modified_time\" content=\"2023-04-19T10:08:56+00:00\" \/>\n<meta property=\"og:image\" content=\"https:\/\/americancollegeusa.com\/wp-content\/uploads\/2023\/03\/AC-1-BASKET.jpg\" \/>\n\t<meta property=\"og:image:width\" content=\"1666\" \/>\n\t<meta property=\"og:image:height\" content=\"1666\" \/>\n\t<meta property=\"og:image:type\" content=\"image\/jpeg\" \/>\n<meta name=\"twitter:card\" content=\"summary_large_image\" \/>\n<meta name=\"twitter:label1\" content=\"Est. reading time\" \/>\n\t<meta name=\"twitter:data1\" content=\"1 minute\" \/>\n<script type=\"application\/ld+json\" class=\"yoast-schema-graph\">{\"@context\":\"https:\/\/schema.org\",\"@graph\":[{\"@type\":\"WebPage\",\"@id\":\"https:\/\/americancollegeusa.com\/produit\/ac-1-basket-navy-white\/\",\"url\":\"https:\/\/americancollegeusa.com\/produit\/ac-1-basket-navy-white\/\",\"name\":\"AC-1 Basket Navy\/White - American College USA\",\"isPartOf\":{\"@id\":\"https:\/\/americancollegeusa.com\/#website\"},\"primaryImageOfPage\":{\"@id\":\"https:\/\/americancollegeusa.com\/produit\/ac-1-basket-navy-white\/#primaryimage\"},\"image\":{\"@id\":\"https:\/\/americancollegeusa.com\/produit\/ac-1-basket-navy-white\/#primaryimage\"},\"thumbnailUrl\":\"https:\/\/americancollegeusa.com\/wp-content\/uploads\/2023\/03\/AC-1-BASKET.jpg\",\"datePublished\":\"2023-03-16T16:42:18+00:00\",\"dateModified\":\"2023-04-19T10:08:56+00:00\",\"description\":\"Essayez nos nouvelles Sneakers Navy & White pour homme ! Ces Sneakers de luxe sont disponibles en plusieurs tailles sur notre site !\",\"breadcrumb\":{\"@id\":\"https:\/\/americancollegeusa.com\/produit\/ac-1-basket-navy-white\/#breadcrumb\"},\"inLanguage\":\"en-US\",\"potentialAction\":[{\"@type\":\"ReadAction\",\"target\":[\"https:\/\/americancollegeusa.com\/produit\/ac-1-basket-navy-white\/\"]}]},{\"@type\":\"ImageObject\",\"inLanguage\":\"en-US\",\"@id\":\"https:\/\/americancollegeusa.com\/produit\/ac-1-basket-navy-white\/#primaryimage\",\"url\":\"https:\/\/americancollegeusa.com\/wp-content\/uploads\/2023\/03\/AC-1-BASKET.jpg\",\"contentUrl\":\"https:\/\/americancollegeusa.com\/wp-content\/uploads\/2023\/03\/AC-1-BASKET.jpg\",\"width\":1666,\"height\":1666},{\"@type\":\"BreadcrumbList\",\"@id\":\"https:\/\/americancollegeusa.com\/produit\/ac-1-basket-navy-white\/#breadcrumb\",\"itemListElement\":[{\"@type\":\"ListItem\",\"position\":1,\"name\":\"Accueil\",\"item\":\"https:\/\/americancollegeusa.com\/\"},{\"@type\":\"ListItem\",\"position\":2,\"name\":\"Boutique\",\"item\":\"https:\/\/americancollegeusa.com\/boutique\/\"},{\"@type\":\"ListItem\",\"position\":3,\"name\":\"AC-1 Basket Navy\/White\"}]},{\"@type\":\"WebSite\",\"@id\":\"https:\/\/americancollegeusa.com\/#website\",\"url\":\"https:\/\/americancollegeusa.com\/\",\"name\":\"American College USA\",\"description\":\"\",\"potentialAction\":[{\"@type\":\"SearchAction\",\"target\":{\"@type\":\"EntryPoint\",\"urlTemplate\":\"https:\/\/americancollegeusa.com\/?s={search_term_string}\"},\"query-input\":{\"@type\":\"PropertyValueSpecification\",\"valueRequired\":true,\"valueName\":\"search_term_string\"}}],\"inLanguage\":\"en-US\"}]}<\/script>\n<!-- \/ Yoast SEO plugin. -->","yoast_head_json":{"title":"AC-1 Basket Navy\/White - American College USA","description":"Essayez nos nouvelles Sneakers Navy & White pour homme ! Ces Sneakers de luxe sont disponibles en plusieurs tailles sur notre site !","robots":{"index":"index","follow":"follow","max-snippet":"max-snippet:-1","max-image-preview":"max-image-preview:large","max-video-preview":"max-video-preview:-1"},"canonical":"https:\/\/americancollegeusa.com\/en\/product\/ac-1-basket-navy-white\/","og_locale":"en_US","og_type":"article","og_title":"AC-1 Basket Navy\/White - American College USA","og_description":"Essayez nos nouvelles Sneakers Navy & White pour homme ! Ces Sneakers de luxe sont disponibles en plusieurs tailles sur notre site !","og_url":"https:\/\/americancollegeusa.com\/en\/product\/ac-1-basket-navy-white\/","og_site_name":"American College USA","article_publisher":"https:\/\/www.facebook.com\/AmericanCollegeofficial\/?ref=bookmarks","article_modified_time":"2023-04-19T10:08:56+00:00","og_image":[{"width":1666,"height":1666,"url":"https:\/\/americancollegeusa.com\/wp-content\/uploads\/2023\/03\/AC-1-BASKET.jpg","type":"image\/jpeg"}],"twitter_card":"summary_large_image","twitter_misc":{"Est. reading time":"1 minute"},"schema":{"@context":"https:\/\/schema.org","@graph":[{"@type":"WebPage","@id":"https:\/\/americancollegeusa.com\/produit\/ac-1-basket-navy-white\/","url":"https:\/\/americancollegeusa.com\/produit\/ac-1-basket-navy-white\/","name":"AC-1 Basket Navy\/White - American College USA","isPartOf":{"@id":"https:\/\/americancollegeusa.com\/#website"},"primaryImageOfPage":{"@id":"https:\/\/americancollegeusa.com\/produit\/ac-1-basket-navy-white\/#primaryimage"},"image":{"@id":"https:\/\/americancollegeusa.com\/produit\/ac-1-basket-navy-white\/#primaryimage"},"thumbnailUrl":"https:\/\/americancollegeusa.com\/wp-content\/uploads\/2023\/03\/AC-1-BASKET.jpg","datePublished":"2023-03-16T16:42:18+00:00","dateModified":"2023-04-19T10:08:56+00:00","description":"Essayez nos nouvelles Sneakers Navy & White pour homme ! Ces Sneakers de luxe sont disponibles en plusieurs tailles sur notre site !","breadcrumb":{"@id":"https:\/\/americancollegeusa.com\/produit\/ac-1-basket-navy-white\/#breadcrumb"},"inLanguage":"en-US","potentialAction":[{"@type":"ReadAction","target":["https:\/\/americancollegeusa.com\/produit\/ac-1-basket-navy-white\/"]}]},{"@type":"ImageObject","inLanguage":"en-US","@id":"https:\/\/americancollegeusa.com\/produit\/ac-1-basket-navy-white\/#primaryimage","url":"https:\/\/americancollegeusa.com\/wp-content\/uploads\/2023\/03\/AC-1-BASKET.jpg","contentUrl":"https:\/\/americancollegeusa.com\/wp-content\/uploads\/2023\/03\/AC-1-BASKET.jpg","width":1666,"height":1666},{"@type":"BreadcrumbList","@id":"https:\/\/americancollegeusa.com\/produit\/ac-1-basket-navy-white\/#breadcrumb","itemListElement":[{"@type":"ListItem","position":1,"name":"Accueil","item":"https:\/\/americancollegeusa.com\/"},{"@type":"ListItem","position":2,"name":"Boutique","item":"https:\/\/americancollegeusa.com\/boutique\/"},{"@type":"ListItem","position":3,"name":"AC-1 Basket Navy\/White"}]},{"@type":"WebSite","@id":"https:\/\/americancollegeusa.com\/#website","url":"https:\/\/americancollegeusa.com\/","name":"American College USA","description":"","potentialAction":[{"@type":"SearchAction","target":{"@type":"EntryPoint","urlTemplate":"https:\/\/americancollegeusa.com\/?s={search_term_string}"},"query-input":{"@type":"PropertyValueSpecification","valueRequired":true,"valueName":"search_term_string"}}],"inLanguage":"en-US"}]}},"_links":{"self":[{"href":"https:\/\/americancollegeusa.com\/en\/wp-json\/wp\/v2\/product\/11839","targetHints":{"allow":["GET"]}}],"collection":[{"href":"https:\/\/americancollegeusa.com\/en\/wp-json\/wp\/v2\/product"}],"about":[{"href":"https:\/\/americancollegeusa.com\/en\/wp-json\/wp\/v2\/types\/product"}],"replies":[{"embeddable":true,"href":"https:\/\/americancollegeusa.com\/en\/wp-json\/wp\/v2\/comments?post=11839"}],"wp:featuredmedia":[{"embeddable":true,"href":"https:\/\/americancollegeusa.com\/en\/wp-json\/wp\/v2\/media\/11840"}],"wp:attachment":[{"href":"https:\/\/americancollegeusa.com\/en\/wp-json\/wp\/v2\/media?parent=11839"}],"wp:term":[{"taxonomy":"product_brand","embeddable":true,"href":"https:\/\/americancollegeusa.com\/en\/wp-json\/wp\/v2\/product_brand?post=11839"},{"taxonomy":"product_cat","embeddable":true,"href":"https:\/\/americancollegeusa.com\/en\/wp-json\/wp\/v2\/product_cat?post=11839"},{"taxonomy":"product_tag","embeddable":true,"href":"https:\/\/americancollegeusa.com\/en\/wp-json\/wp\/v2\/product_tag?post=11839"}],"curies":[{"name":"wp","href":"https:\/\/api.w.org\/{rel}","templated":true}]}}