{"id":11322,"date":"2022-04-28T14:55:05","date_gmt":"2022-04-28T12:55:05","guid":{"rendered":"https:\/\/americancollegeusa.com\/?post_type=product&#038;p=11322"},"modified":"2024-12-02T12:14:09","modified_gmt":"2024-12-02T11:14:09","slug":"teddy-varsity-navy-cream-ac-6","status":"publish","type":"product","link":"https:\/\/americancollegeusa.com\/en\/product\/teddy-varsity-navy-cream-ac-6\/","title":{"rendered":"Teddy Varsity Navy\/Cream AC-6"},"content":{"rendered":"<h2>Discover the <span style=\"color: #b1273f;\">Teddy Varsity <\/span> original Navy-Cream pour homme avec ses nombreux patchs \u00e0 l&rsquo;am\u00e9ricaine !<\/h2>\n<p>Profitez d&rsquo;un blouson de qualit\u00e9 avec notre ind\u00e9tr\u00f4nable Teddy Varsity original Navy-Cream pour homme ! Il est toujours difficile de trouver le blouson id\u00e9al, celui qui s&rsquo;accordera avec toutes vos tenues, tout en vous conf\u00e9rant un style unique et trendy. Alors n&rsquo;h\u00e9sitez plus, essayez notre blouson ! En effet, il est parfait pour toutes les saisons, et peut se porter \u00e0 tout moment de la journ\u00e9e. Car une journ\u00e9e est une succession de moments et d&rsquo;occasions, choisissez le blouson qui allie confort, \u00e9l\u00e9gance et style, et qui s&rsquo;adaptera \u00e0 chaque instant. Notre Teddy Varsity est disponible en plusieurs tailles : S, M, L, XL et XXL. Vous pouvez \u00e9galement d\u00e9couvrir leurs versions f\u00e9minines dans la cat\u00e9gorie femme. Notre blouson poss\u00e8de deux poches avant, une poche int\u00e9rieure, une doublure l\u00e9g\u00e8rement matelass\u00e9e, et se ferme avec des boutons ext\u00e9rieurs. De fait, il poss\u00e8de \u00e9galement un zip int\u00e9rieur invisible. Vous retrouverez de nombreux patchs sur le devant et les manches ! De plus, son devant et son dos sont 100% en laine, et les manches sont 100% en cuir v\u00e9ritable couleur beige. Profitez de l&rsquo;\u00e9l\u00e9gance et du confort in\u00e9gal\u00e9 de nos mati\u00e8res ! Notre Teddy Varsity est actuellement en stock. En achetant un v\u00eatement de notre marque bien connue comme gage de qualit\u00e9, vous faites le choix d&rsquo;un produit qui dure dans le temps. En effet, solides et bien coup\u00e9s, les v\u00eatements <a style=\"color: #b1273f;\" href=\"https:\/\/americancollegeusa.com\/en\/\">American College USA<\/a> reflect our desire to bring you a high-end product.<\/p>","protected":false},"excerpt":{"rendered":"<p><strong>Description :<\/strong><\/p>\n<p><span class=\"s1\">Veste avec zip et boutons<\/span><\/p>\n<p>Coupe droite<\/p>\n<p><span class=\"s1\">Manches longues couleur beige<\/span><\/p>\n<p>Poches lat\u00e9rales<\/p>\n<p>Broderies et patch sur l&rsquo;avant et les manches<\/p>\n<p><strong>Mati\u00e8res :\u00a0<\/strong><\/p>\n<p>100% Laine sur le devant et le dos<\/p>\n<p>100% real leather handle<\/p>\n<p>&nbsp;<\/p>","protected":false},"featured_media":11439,"comment_status":"open","ping_status":"closed","template":"","meta":{"_et_pb_use_builder":"off","_et_pb_old_content":"<h2>D\u00e9couvrez le <span style=\"color: #b1273f\">Teddy Varsity <\/span> original Rouge-jaune pour homme la couleur de MICHAEL JACKSON !<\/h2>\r\nProfitez d'un blouson de qualit\u00e9 avec notre ind\u00e9tr\u00f4nable Teddy Varsity orginal Rouge-jaune pour homme ! Il est toujours difficile de trouver le blouson id\u00e9al, celui qui s'accordera avec toutes vos tenues, tout en vous conf\u00e9rant un style unique et trendy. Alors n'h\u00e9sitez plus, essayez notre blouson ! En effet, il est parfait pour toutes les saisons, et peut se porter \u00e0 tout moment de la journ\u00e9e. Car une journ\u00e9e est une succession de moments et d'occasions, choisissez le blouson qui allie confort, \u00e9l\u00e9gance et style, et qui s'adaptera \u00e0 chaque instant.\r\n\r\nNotre Teddy Varsity est disponible en plusieurs tailles : XS, S, M, et L. De fait, vous pouvez le retrouver dans plusieurs variations de couleur : bordeaux-blanc, gris-blanc, vert-blanc, black-black, marine-blanc, marine-rouge-blanc, noir-blanc et rouge-blanc. Vous pouvez \u00e9galement d\u00e9couvrir leurs versions f\u00e9minines dans la cat\u00e9gorie femme. Notre blouson poss\u00e8de deux poches avant, une poche int\u00e9rieure, une doublure l\u00e9g\u00e8rement matelass\u00e9e, et se ferme avec des boutons ext\u00e9rieurs. De fait, il poss\u00e8de \u00e9galement un zip int\u00e9rieur invisible. Vous retrouverez le badge original AC American coll\u00e8ge en bouclette sur la manche ! De plus, son devant et son dos sont 100% en laine, et les manches sont 100% en cuir v\u00e9ritable. Profitez de l'\u00e9l\u00e9gance et du confort in\u00e9gal\u00e9 de nos mati\u00e8res !\r\n\r\nNotre Teddy Varsity est actuellement en stock\r\n\r\nEn achetant un v\u00eatement de notre marque bien connue comme gage de qualit\u00e9, vous faites le choix d'un produit qui dure dans le temps. En effet, solides et bien coup\u00e9s, les v\u00eatements <a style=\"color: #b1273f\" href=\"https:\/\/americancollegeusa.com\/\">American College USA<\/a> refl\u00e8tent notre volont\u00e9 de vous apporter un produit haut de gamme.","_et_gb_content_width":"","_exactmetrics_skip_tracking":false,"_exactmetrics_sitenote_active":false,"_exactmetrics_sitenote_note":"","_exactmetrics_sitenote_category":0},"product_brand":[],"product_cat":[46,25],"product_tag":[],"class_list":{"0":"post-11322","1":"product","2":"type-product","3":"status-publish","4":"has-post-thumbnail","6":"product_cat-blouson-teddy-varsity-blouson","7":"product_cat-nouveautes","9":"first","10":"outofstock","11":"taxable","12":"shipping-taxable","13":"purchasable","14":"product-type-variable"},"yoast_head":"<!-- This site is optimized with the Yoast SEO plugin v26.9 - https:\/\/yoast.com\/product\/yoast-seo-wordpress\/ -->\n<title>Teddy Varsity - Navy\/Cream - American College USA<\/title>\n<meta name=\"description\" content=\"Faites l&#039;exp\u00e9rience de notre Teddy Varsity nouvelle g\u00e9n\u00e9ration Navy &amp; Cream ! Avec ses nombreux patchs; il allie confort et style pour vos journ\u00e9es!\" \/>\n<meta name=\"robots\" content=\"index, follow, max-snippet:-1, max-image-preview:large, max-video-preview:-1\" \/>\n<link rel=\"canonical\" href=\"https:\/\/americancollegeusa.com\/en\/product\/teddy-varsity-navy-cream-ac-6\/\" \/>\n<meta property=\"og:locale\" content=\"en_US\" \/>\n<meta property=\"og:type\" content=\"article\" \/>\n<meta property=\"og:title\" content=\"Teddy Varsity - Navy\/Cream - American College USA\" \/>\n<meta property=\"og:description\" content=\"Faites l&#039;exp\u00e9rience de notre Teddy Varsity nouvelle g\u00e9n\u00e9ration Navy &amp; Cream ! Avec ses nombreux patchs; il allie confort et style pour vos journ\u00e9es!\" \/>\n<meta property=\"og:url\" content=\"https:\/\/americancollegeusa.com\/en\/product\/teddy-varsity-navy-cream-ac-6\/\" \/>\n<meta property=\"og:site_name\" content=\"American College USA\" \/>\n<meta property=\"article:publisher\" content=\"https:\/\/www.facebook.com\/AmericanCollegeofficial\/?ref=bookmarks\" \/>\n<meta property=\"article:modified_time\" content=\"2024-12-02T11:14:09+00:00\" \/>\n<meta property=\"og:image\" content=\"https:\/\/americancollegeusa.com\/wp-content\/uploads\/2022\/04\/AC_26042022_L5_32.jpg\" \/>\n\t<meta property=\"og:image:width\" content=\"1333\" \/>\n\t<meta property=\"og:image:height\" content=\"2000\" \/>\n\t<meta property=\"og:image:type\" content=\"image\/jpeg\" \/>\n<meta name=\"twitter:card\" content=\"summary_large_image\" \/>\n<meta name=\"twitter:label1\" content=\"Est. reading time\" \/>\n\t<meta name=\"twitter:data1\" content=\"2 minutes\" \/>\n<script type=\"application\/ld+json\" class=\"yoast-schema-graph\">{\"@context\":\"https:\/\/schema.org\",\"@graph\":[{\"@type\":\"WebPage\",\"@id\":\"https:\/\/americancollegeusa.com\/produit\/teddy-varsity-navy-cream-ac-6\/\",\"url\":\"https:\/\/americancollegeusa.com\/produit\/teddy-varsity-navy-cream-ac-6\/\",\"name\":\"Teddy Varsity - Navy\/Cream - American College USA\",\"isPartOf\":{\"@id\":\"https:\/\/americancollegeusa.com\/#website\"},\"primaryImageOfPage\":{\"@id\":\"https:\/\/americancollegeusa.com\/produit\/teddy-varsity-navy-cream-ac-6\/#primaryimage\"},\"image\":{\"@id\":\"https:\/\/americancollegeusa.com\/produit\/teddy-varsity-navy-cream-ac-6\/#primaryimage\"},\"thumbnailUrl\":\"https:\/\/americancollegeusa.com\/wp-content\/uploads\/2022\/04\/AC_26042022_L5_32.jpg\",\"datePublished\":\"2022-04-28T12:55:05+00:00\",\"dateModified\":\"2024-12-02T11:14:09+00:00\",\"description\":\"Faites l'exp\u00e9rience de notre Teddy Varsity nouvelle g\u00e9n\u00e9ration Navy & Cream ! Avec ses nombreux patchs; il allie confort et style pour vos journ\u00e9es!\",\"breadcrumb\":{\"@id\":\"https:\/\/americancollegeusa.com\/produit\/teddy-varsity-navy-cream-ac-6\/#breadcrumb\"},\"inLanguage\":\"en-US\",\"potentialAction\":[{\"@type\":\"ReadAction\",\"target\":[\"https:\/\/americancollegeusa.com\/produit\/teddy-varsity-navy-cream-ac-6\/\"]}]},{\"@type\":\"ImageObject\",\"inLanguage\":\"en-US\",\"@id\":\"https:\/\/americancollegeusa.com\/produit\/teddy-varsity-navy-cream-ac-6\/#primaryimage\",\"url\":\"https:\/\/americancollegeusa.com\/wp-content\/uploads\/2022\/04\/AC_26042022_L5_32.jpg\",\"contentUrl\":\"https:\/\/americancollegeusa.com\/wp-content\/uploads\/2022\/04\/AC_26042022_L5_32.jpg\",\"width\":1333,\"height\":2000},{\"@type\":\"BreadcrumbList\",\"@id\":\"https:\/\/americancollegeusa.com\/produit\/teddy-varsity-navy-cream-ac-6\/#breadcrumb\",\"itemListElement\":[{\"@type\":\"ListItem\",\"position\":1,\"name\":\"Accueil\",\"item\":\"https:\/\/americancollegeusa.com\/\"},{\"@type\":\"ListItem\",\"position\":2,\"name\":\"Boutique\",\"item\":\"https:\/\/americancollegeusa.com\/boutique\/\"},{\"@type\":\"ListItem\",\"position\":3,\"name\":\"Teddy Varsity Navy\/Cream AC-6\"}]},{\"@type\":\"WebSite\",\"@id\":\"https:\/\/americancollegeusa.com\/#website\",\"url\":\"https:\/\/americancollegeusa.com\/\",\"name\":\"American College USA\",\"description\":\"\",\"potentialAction\":[{\"@type\":\"SearchAction\",\"target\":{\"@type\":\"EntryPoint\",\"urlTemplate\":\"https:\/\/americancollegeusa.com\/?s={search_term_string}\"},\"query-input\":{\"@type\":\"PropertyValueSpecification\",\"valueRequired\":true,\"valueName\":\"search_term_string\"}}],\"inLanguage\":\"en-US\"}]}<\/script>\n<!-- \/ Yoast SEO plugin. -->","yoast_head_json":{"title":"Teddy Varsity - Navy\/Cream - American College USA","description":"Faites l'exp\u00e9rience de notre Teddy Varsity nouvelle g\u00e9n\u00e9ration Navy & Cream ! Avec ses nombreux patchs; il allie confort et style pour vos journ\u00e9es!","robots":{"index":"index","follow":"follow","max-snippet":"max-snippet:-1","max-image-preview":"max-image-preview:large","max-video-preview":"max-video-preview:-1"},"canonical":"https:\/\/americancollegeusa.com\/en\/product\/teddy-varsity-navy-cream-ac-6\/","og_locale":"en_US","og_type":"article","og_title":"Teddy Varsity - Navy\/Cream - American College USA","og_description":"Faites l'exp\u00e9rience de notre Teddy Varsity nouvelle g\u00e9n\u00e9ration Navy & Cream ! Avec ses nombreux patchs; il allie confort et style pour vos journ\u00e9es!","og_url":"https:\/\/americancollegeusa.com\/en\/product\/teddy-varsity-navy-cream-ac-6\/","og_site_name":"American College USA","article_publisher":"https:\/\/www.facebook.com\/AmericanCollegeofficial\/?ref=bookmarks","article_modified_time":"2024-12-02T11:14:09+00:00","og_image":[{"width":1333,"height":2000,"url":"https:\/\/americancollegeusa.com\/wp-content\/uploads\/2022\/04\/AC_26042022_L5_32.jpg","type":"image\/jpeg"}],"twitter_card":"summary_large_image","twitter_misc":{"Est. reading time":"2 minutes"},"schema":{"@context":"https:\/\/schema.org","@graph":[{"@type":"WebPage","@id":"https:\/\/americancollegeusa.com\/produit\/teddy-varsity-navy-cream-ac-6\/","url":"https:\/\/americancollegeusa.com\/produit\/teddy-varsity-navy-cream-ac-6\/","name":"Teddy Varsity - Navy\/Cream - American College USA","isPartOf":{"@id":"https:\/\/americancollegeusa.com\/#website"},"primaryImageOfPage":{"@id":"https:\/\/americancollegeusa.com\/produit\/teddy-varsity-navy-cream-ac-6\/#primaryimage"},"image":{"@id":"https:\/\/americancollegeusa.com\/produit\/teddy-varsity-navy-cream-ac-6\/#primaryimage"},"thumbnailUrl":"https:\/\/americancollegeusa.com\/wp-content\/uploads\/2022\/04\/AC_26042022_L5_32.jpg","datePublished":"2022-04-28T12:55:05+00:00","dateModified":"2024-12-02T11:14:09+00:00","description":"Faites l'exp\u00e9rience de notre Teddy Varsity nouvelle g\u00e9n\u00e9ration Navy & Cream ! Avec ses nombreux patchs; il allie confort et style pour vos journ\u00e9es!","breadcrumb":{"@id":"https:\/\/americancollegeusa.com\/produit\/teddy-varsity-navy-cream-ac-6\/#breadcrumb"},"inLanguage":"en-US","potentialAction":[{"@type":"ReadAction","target":["https:\/\/americancollegeusa.com\/produit\/teddy-varsity-navy-cream-ac-6\/"]}]},{"@type":"ImageObject","inLanguage":"en-US","@id":"https:\/\/americancollegeusa.com\/produit\/teddy-varsity-navy-cream-ac-6\/#primaryimage","url":"https:\/\/americancollegeusa.com\/wp-content\/uploads\/2022\/04\/AC_26042022_L5_32.jpg","contentUrl":"https:\/\/americancollegeusa.com\/wp-content\/uploads\/2022\/04\/AC_26042022_L5_32.jpg","width":1333,"height":2000},{"@type":"BreadcrumbList","@id":"https:\/\/americancollegeusa.com\/produit\/teddy-varsity-navy-cream-ac-6\/#breadcrumb","itemListElement":[{"@type":"ListItem","position":1,"name":"Accueil","item":"https:\/\/americancollegeusa.com\/"},{"@type":"ListItem","position":2,"name":"Boutique","item":"https:\/\/americancollegeusa.com\/boutique\/"},{"@type":"ListItem","position":3,"name":"Teddy Varsity Navy\/Cream AC-6"}]},{"@type":"WebSite","@id":"https:\/\/americancollegeusa.com\/#website","url":"https:\/\/americancollegeusa.com\/","name":"American College USA","description":"","potentialAction":[{"@type":"SearchAction","target":{"@type":"EntryPoint","urlTemplate":"https:\/\/americancollegeusa.com\/?s={search_term_string}"},"query-input":{"@type":"PropertyValueSpecification","valueRequired":true,"valueName":"search_term_string"}}],"inLanguage":"en-US"}]}},"_links":{"self":[{"href":"https:\/\/americancollegeusa.com\/en\/wp-json\/wp\/v2\/product\/11322","targetHints":{"allow":["GET"]}}],"collection":[{"href":"https:\/\/americancollegeusa.com\/en\/wp-json\/wp\/v2\/product"}],"about":[{"href":"https:\/\/americancollegeusa.com\/en\/wp-json\/wp\/v2\/types\/product"}],"replies":[{"embeddable":true,"href":"https:\/\/americancollegeusa.com\/en\/wp-json\/wp\/v2\/comments?post=11322"}],"wp:featuredmedia":[{"embeddable":true,"href":"https:\/\/americancollegeusa.com\/en\/wp-json\/wp\/v2\/media\/11439"}],"wp:attachment":[{"href":"https:\/\/americancollegeusa.com\/en\/wp-json\/wp\/v2\/media?parent=11322"}],"wp:term":[{"taxonomy":"product_brand","embeddable":true,"href":"https:\/\/americancollegeusa.com\/en\/wp-json\/wp\/v2\/product_brand?post=11322"},{"taxonomy":"product_cat","embeddable":true,"href":"https:\/\/americancollegeusa.com\/en\/wp-json\/wp\/v2\/product_cat?post=11322"},{"taxonomy":"product_tag","embeddable":true,"href":"https:\/\/americancollegeusa.com\/en\/wp-json\/wp\/v2\/product_tag?post=11322"}],"curies":[{"name":"wp","href":"https:\/\/api.w.org\/{rel}","templated":true}]}}