{"id":10990,"date":"2021-09-01T14:32:50","date_gmt":"2021-09-01T12:32:50","guid":{"rendered":"https:\/\/americancollegeusa.com\/?post_type=product&#038;p=10990"},"modified":"2026-04-04T03:31:11","modified_gmt":"2026-04-04T01:31:11","slug":"teddy-varsity-marine-red-white-008f-regular","status":"publish","type":"product","link":"https:\/\/americancollegeusa.com\/en\/product\/teddy-varsity-marine-red-white-008f-regular\/","title":{"rendered":"Teddy Varsity Marine-Red-White 008F Regular"},"content":{"rendered":"<h2>Discover the <span style=\"color: #b1273f;\">Teddy Varsity <\/span> original Marine-Red-White pour Femme !<\/h2>\n<p>Profitez d&rsquo;un blouson de qualit\u00e9 avec notre ind\u00e9tr\u00f4nable Teddy Varsity orginal Marine-Red-White\u00a0 ! Il est toujours difficile de trouver le blouson id\u00e9al, celui qui s&rsquo;accordera avec toutes vos tenues, tout en vous conf\u00e9rant un style unique et trendy. Alors n&rsquo;h\u00e9sitez plus, essayez notre blouson ! En effet, il est parfait pour toutes les saisons, et peut se porter \u00e0 tout moment de la journ\u00e9e. Car une journ\u00e9e est une succession de moments et d&rsquo;occasions, choisissez le blouson qui allie confort, \u00e9l\u00e9gance et style, et qui s&rsquo;adaptera \u00e0 chaque instant.<\/p>\n<p>Our Teddy Varsity is available in several sizes: XS, S, M, and L. In fact, you can find it in several color variations: burgundy-white, gray-white, green-white, black-black, gray-black , navy-white, black-white and red-white. You can also discover their female versions in the female category. Our jacket has two front pockets, an inside pocket, a slightly quilted lining, and closes with exterior buttons. In fact, it also has an invisible interior zip. You will find the original AC American college badge in loop on the sleeve! In addition, its front and back are 100% wool, and the sleeves are 100% real leather. Take advantage of the unequaled elegance and comfort of our materials!<\/p>\n<p>Our Teddy Varsity is currently in stock.<\/p>\n<p>By purchasing a garment from our well-known brand as a guarantee of quality, you are choosing a product that lasts over time. Indeed, solid and well cut, the clothes <a style=\"color: #b1273f;\" href=\"https:\/\/americancollegeusa.com\/en\/\">American College USA<\/a> reflect our desire to bring you a high-end product.<\/p>","protected":false},"excerpt":{"rendered":"<p>New generation Teddy button + invisible concealed zip<\/p>\n<p>Front and back 100% wool<\/p>\n<p>100% real leather handle<\/p>\n<p class=\"tab-title bold-medium-title\">Jackets &amp; Coats<\/p>\n<p>&nbsp;<\/p>","protected":false},"featured_media":9362,"comment_status":"open","ping_status":"closed","template":"","meta":{"_et_pb_use_builder":"","_et_pb_old_content":"","_et_gb_content_width":"","_exactmetrics_skip_tracking":false,"_exactmetrics_sitenote_active":false,"_exactmetrics_sitenote_note":"","_exactmetrics_sitenote_category":0},"product_brand":[],"product_cat":[45],"product_tag":[],"class_list":{"0":"post-10990","1":"product","2":"type-product","3":"status-publish","4":"has-post-thumbnail","6":"product_cat-blouson-teddy-varsity","8":"first","9":"instock","10":"taxable","11":"shipping-taxable","12":"purchasable","13":"product-type-variable"},"yoast_head":"<!-- This site is optimized with the Yoast SEO plugin v26.9 - https:\/\/yoast.com\/product\/yoast-seo-wordpress\/ -->\n<title>Teddy Varsity - New Original - Amercian College USA<\/title>\n<meta name=\"description\" content=\"Profitez d&#039;un produit d&#039;exception, notre Teddy Varsity New Original nouvelle g\u00e9n\u00e9ration ! Elegant et confortable, un alli\u00e9 pour toute la journ\u00e9e !\" \/>\n<meta name=\"robots\" content=\"index, follow, max-snippet:-1, max-image-preview:large, max-video-preview:-1\" \/>\n<link rel=\"canonical\" href=\"https:\/\/americancollegeusa.com\/en\/product\/teddy-varsity-marine-red-white-008f-regular\/\" \/>\n<meta property=\"og:locale\" content=\"en_US\" \/>\n<meta property=\"og:type\" content=\"article\" \/>\n<meta property=\"og:title\" content=\"Teddy Varsity - New Original - Amercian College USA\" \/>\n<meta property=\"og:description\" content=\"Profitez d&#039;un produit d&#039;exception, notre Teddy Varsity New Original nouvelle g\u00e9n\u00e9ration ! Elegant et confortable, un alli\u00e9 pour toute la journ\u00e9e !\" \/>\n<meta property=\"og:url\" content=\"https:\/\/americancollegeusa.com\/en\/product\/teddy-varsity-marine-red-white-008f-regular\/\" \/>\n<meta property=\"og:site_name\" content=\"American College USA\" \/>\n<meta property=\"article:publisher\" content=\"https:\/\/www.facebook.com\/AmericanCollegeofficial\/?ref=bookmarks\" \/>\n<meta property=\"article:modified_time\" content=\"2026-04-04T01:31:11+00:00\" \/>\n<meta property=\"og:image\" content=\"https:\/\/americancollegeusa.com\/wp-content\/uploads\/2019\/02\/varsity-navy-whte-red-614x1024.jpg\" \/>\n\t<meta property=\"og:image:width\" content=\"614\" \/>\n\t<meta property=\"og:image:height\" content=\"1024\" \/>\n\t<meta property=\"og:image:type\" content=\"image\/jpeg\" \/>\n<meta name=\"twitter:card\" content=\"summary_large_image\" \/>\n<meta name=\"twitter:label1\" content=\"Est. reading time\" \/>\n\t<meta name=\"twitter:data1\" content=\"2 minutes\" \/>\n<script type=\"application\/ld+json\" class=\"yoast-schema-graph\">{\"@context\":\"https:\/\/schema.org\",\"@graph\":[{\"@type\":\"WebPage\",\"@id\":\"https:\/\/americancollegeusa.com\/produit\/teddy-varsity-marine-red-white-008f-regular\/\",\"url\":\"https:\/\/americancollegeusa.com\/produit\/teddy-varsity-marine-red-white-008f-regular\/\",\"name\":\"Teddy Varsity - New Original - Amercian College USA\",\"isPartOf\":{\"@id\":\"https:\/\/americancollegeusa.com\/#website\"},\"primaryImageOfPage\":{\"@id\":\"https:\/\/americancollegeusa.com\/produit\/teddy-varsity-marine-red-white-008f-regular\/#primaryimage\"},\"image\":{\"@id\":\"https:\/\/americancollegeusa.com\/produit\/teddy-varsity-marine-red-white-008f-regular\/#primaryimage\"},\"thumbnailUrl\":\"https:\/\/americancollegeusa.com\/wp-content\/uploads\/2019\/02\/varsity-navy-whte-red.jpg\",\"datePublished\":\"2021-09-01T12:32:50+00:00\",\"dateModified\":\"2026-04-04T01:31:11+00:00\",\"description\":\"Profitez d'un produit d'exception, notre Teddy Varsity New Original nouvelle g\u00e9n\u00e9ration ! Elegant et confortable, un alli\u00e9 pour toute la journ\u00e9e !\",\"breadcrumb\":{\"@id\":\"https:\/\/americancollegeusa.com\/produit\/teddy-varsity-marine-red-white-008f-regular\/#breadcrumb\"},\"inLanguage\":\"en-US\",\"potentialAction\":[{\"@type\":\"ReadAction\",\"target\":[\"https:\/\/americancollegeusa.com\/produit\/teddy-varsity-marine-red-white-008f-regular\/\"]}]},{\"@type\":\"ImageObject\",\"inLanguage\":\"en-US\",\"@id\":\"https:\/\/americancollegeusa.com\/produit\/teddy-varsity-marine-red-white-008f-regular\/#primaryimage\",\"url\":\"https:\/\/americancollegeusa.com\/wp-content\/uploads\/2019\/02\/varsity-navy-whte-red.jpg\",\"contentUrl\":\"https:\/\/americancollegeusa.com\/wp-content\/uploads\/2019\/02\/varsity-navy-whte-red.jpg\",\"width\":3543,\"height\":5906},{\"@type\":\"BreadcrumbList\",\"@id\":\"https:\/\/americancollegeusa.com\/produit\/teddy-varsity-marine-red-white-008f-regular\/#breadcrumb\",\"itemListElement\":[{\"@type\":\"ListItem\",\"position\":1,\"name\":\"Accueil\",\"item\":\"https:\/\/americancollegeusa.com\/\"},{\"@type\":\"ListItem\",\"position\":2,\"name\":\"Boutique\",\"item\":\"https:\/\/americancollegeusa.com\/boutique\/\"},{\"@type\":\"ListItem\",\"position\":3,\"name\":\"Teddy Varsity Marine-Red-White 008F Regular\"}]},{\"@type\":\"WebSite\",\"@id\":\"https:\/\/americancollegeusa.com\/#website\",\"url\":\"https:\/\/americancollegeusa.com\/\",\"name\":\"American College USA\",\"description\":\"\",\"potentialAction\":[{\"@type\":\"SearchAction\",\"target\":{\"@type\":\"EntryPoint\",\"urlTemplate\":\"https:\/\/americancollegeusa.com\/?s={search_term_string}\"},\"query-input\":{\"@type\":\"PropertyValueSpecification\",\"valueRequired\":true,\"valueName\":\"search_term_string\"}}],\"inLanguage\":\"en-US\"}]}<\/script>\n<!-- \/ Yoast SEO plugin. -->","yoast_head_json":{"title":"Teddy Varsity - New Original - Amercian College USA","description":"Profitez d'un produit d'exception, notre Teddy Varsity New Original nouvelle g\u00e9n\u00e9ration ! Elegant et confortable, un alli\u00e9 pour toute la journ\u00e9e !","robots":{"index":"index","follow":"follow","max-snippet":"max-snippet:-1","max-image-preview":"max-image-preview:large","max-video-preview":"max-video-preview:-1"},"canonical":"https:\/\/americancollegeusa.com\/en\/product\/teddy-varsity-marine-red-white-008f-regular\/","og_locale":"en_US","og_type":"article","og_title":"Teddy Varsity - New Original - Amercian College USA","og_description":"Profitez d'un produit d'exception, notre Teddy Varsity New Original nouvelle g\u00e9n\u00e9ration ! Elegant et confortable, un alli\u00e9 pour toute la journ\u00e9e !","og_url":"https:\/\/americancollegeusa.com\/en\/product\/teddy-varsity-marine-red-white-008f-regular\/","og_site_name":"American College USA","article_publisher":"https:\/\/www.facebook.com\/AmericanCollegeofficial\/?ref=bookmarks","article_modified_time":"2026-04-04T01:31:11+00:00","og_image":[{"width":614,"height":1024,"url":"https:\/\/americancollegeusa.com\/wp-content\/uploads\/2019\/02\/varsity-navy-whte-red-614x1024.jpg","type":"image\/jpeg"}],"twitter_card":"summary_large_image","twitter_misc":{"Est. reading time":"2 minutes"},"schema":{"@context":"https:\/\/schema.org","@graph":[{"@type":"WebPage","@id":"https:\/\/americancollegeusa.com\/produit\/teddy-varsity-marine-red-white-008f-regular\/","url":"https:\/\/americancollegeusa.com\/produit\/teddy-varsity-marine-red-white-008f-regular\/","name":"Teddy Varsity - New Original - Amercian College USA","isPartOf":{"@id":"https:\/\/americancollegeusa.com\/#website"},"primaryImageOfPage":{"@id":"https:\/\/americancollegeusa.com\/produit\/teddy-varsity-marine-red-white-008f-regular\/#primaryimage"},"image":{"@id":"https:\/\/americancollegeusa.com\/produit\/teddy-varsity-marine-red-white-008f-regular\/#primaryimage"},"thumbnailUrl":"https:\/\/americancollegeusa.com\/wp-content\/uploads\/2019\/02\/varsity-navy-whte-red.jpg","datePublished":"2021-09-01T12:32:50+00:00","dateModified":"2026-04-04T01:31:11+00:00","description":"Profitez d'un produit d'exception, notre Teddy Varsity New Original nouvelle g\u00e9n\u00e9ration ! Elegant et confortable, un alli\u00e9 pour toute la journ\u00e9e !","breadcrumb":{"@id":"https:\/\/americancollegeusa.com\/produit\/teddy-varsity-marine-red-white-008f-regular\/#breadcrumb"},"inLanguage":"en-US","potentialAction":[{"@type":"ReadAction","target":["https:\/\/americancollegeusa.com\/produit\/teddy-varsity-marine-red-white-008f-regular\/"]}]},{"@type":"ImageObject","inLanguage":"en-US","@id":"https:\/\/americancollegeusa.com\/produit\/teddy-varsity-marine-red-white-008f-regular\/#primaryimage","url":"https:\/\/americancollegeusa.com\/wp-content\/uploads\/2019\/02\/varsity-navy-whte-red.jpg","contentUrl":"https:\/\/americancollegeusa.com\/wp-content\/uploads\/2019\/02\/varsity-navy-whte-red.jpg","width":3543,"height":5906},{"@type":"BreadcrumbList","@id":"https:\/\/americancollegeusa.com\/produit\/teddy-varsity-marine-red-white-008f-regular\/#breadcrumb","itemListElement":[{"@type":"ListItem","position":1,"name":"Accueil","item":"https:\/\/americancollegeusa.com\/"},{"@type":"ListItem","position":2,"name":"Boutique","item":"https:\/\/americancollegeusa.com\/boutique\/"},{"@type":"ListItem","position":3,"name":"Teddy Varsity Marine-Red-White 008F Regular"}]},{"@type":"WebSite","@id":"https:\/\/americancollegeusa.com\/#website","url":"https:\/\/americancollegeusa.com\/","name":"American College USA","description":"","potentialAction":[{"@type":"SearchAction","target":{"@type":"EntryPoint","urlTemplate":"https:\/\/americancollegeusa.com\/?s={search_term_string}"},"query-input":{"@type":"PropertyValueSpecification","valueRequired":true,"valueName":"search_term_string"}}],"inLanguage":"en-US"}]}},"_links":{"self":[{"href":"https:\/\/americancollegeusa.com\/en\/wp-json\/wp\/v2\/product\/10990","targetHints":{"allow":["GET"]}}],"collection":[{"href":"https:\/\/americancollegeusa.com\/en\/wp-json\/wp\/v2\/product"}],"about":[{"href":"https:\/\/americancollegeusa.com\/en\/wp-json\/wp\/v2\/types\/product"}],"replies":[{"embeddable":true,"href":"https:\/\/americancollegeusa.com\/en\/wp-json\/wp\/v2\/comments?post=10990"}],"wp:featuredmedia":[{"embeddable":true,"href":"https:\/\/americancollegeusa.com\/en\/wp-json\/wp\/v2\/media\/9362"}],"wp:attachment":[{"href":"https:\/\/americancollegeusa.com\/en\/wp-json\/wp\/v2\/media?parent=10990"}],"wp:term":[{"taxonomy":"product_brand","embeddable":true,"href":"https:\/\/americancollegeusa.com\/en\/wp-json\/wp\/v2\/product_brand?post=10990"},{"taxonomy":"product_cat","embeddable":true,"href":"https:\/\/americancollegeusa.com\/en\/wp-json\/wp\/v2\/product_cat?post=10990"},{"taxonomy":"product_tag","embeddable":true,"href":"https:\/\/americancollegeusa.com\/en\/wp-json\/wp\/v2\/product_tag?post=10990"}],"curies":[{"name":"wp","href":"https:\/\/api.w.org\/{rel}","templated":true}]}}