{"id":10695,"date":"2020-12-13T18:09:01","date_gmt":"2020-12-13T17:09:01","guid":{"rendered":"https:\/\/americancollegeusa.com\/?post_type=product&#038;p=10695"},"modified":"2022-03-07T16:22:25","modified_gmt":"2022-03-07T15:22:25","slug":"bathrobes","status":"publish","type":"product","link":"https:\/\/americancollegeusa.com\/en\/product\/bathrobes\/","title":{"rendered":"Bathrobes AC"},"content":{"rendered":"<h2>Bathrobes AC<\/h2>\n<p>Votre Bathrobes avec votre marque pr\u00e9f\u00e9r\u00e9<\/p>","protected":false},"excerpt":{"rendered":"<p>Bathrobes\u00a0 American College USA<\/p>\n<p>Embroidered logo on the front<\/p>\n<p>&nbsp;<\/p>\n<p>&nbsp;<\/p>","protected":false},"featured_media":10696,"comment_status":"open","ping_status":"closed","template":"","meta":{"_et_pb_use_builder":"","_et_pb_old_content":"","_et_gb_content_width":"","_exactmetrics_skip_tracking":false,"_exactmetrics_sitenote_active":false,"_exactmetrics_sitenote_note":"","_exactmetrics_sitenote_category":0},"product_brand":[],"product_cat":[15],"product_tag":[],"class_list":{"0":"post-10695","1":"product","2":"type-product","3":"status-publish","4":"has-post-thumbnail","6":"product_cat-non-classe","8":"first","9":"outofstock","10":"taxable","11":"shipping-taxable","12":"purchasable","13":"product-type-simple"},"yoast_head":"<!-- This site is optimized with the Yoast SEO plugin v26.9 - https:\/\/yoast.com\/product\/yoast-seo-wordpress\/ -->\n<title>Casquette Trucker - Red AC - Amercian College USA<\/title>\n<meta name=\"description\" content=\"D\u00e9couvrez notre nouvelle casquette trucker Red pour homme ! Trendy, confortable et d\u00e9contract\u00e9e, elle vous accompagnera toute la journ\u00e9e !\" \/>\n<meta name=\"robots\" content=\"index, follow, max-snippet:-1, max-image-preview:large, max-video-preview:-1\" \/>\n<link rel=\"canonical\" href=\"https:\/\/americancollegeusa.com\/en\/product\/bathrobes\/\" \/>\n<meta property=\"og:locale\" content=\"en_US\" \/>\n<meta property=\"og:type\" content=\"article\" \/>\n<meta property=\"og:title\" content=\"Casquette Trucker - Red AC - Amercian College USA\" \/>\n<meta property=\"og:description\" content=\"D\u00e9couvrez notre nouvelle casquette trucker Red pour homme ! Trendy, confortable et d\u00e9contract\u00e9e, elle vous accompagnera toute la journ\u00e9e !\" \/>\n<meta property=\"og:url\" content=\"https:\/\/americancollegeusa.com\/en\/product\/bathrobes\/\" \/>\n<meta property=\"og:site_name\" content=\"American College USA\" \/>\n<meta property=\"article:publisher\" content=\"https:\/\/www.facebook.com\/AmericanCollegeofficial\/?ref=bookmarks\" \/>\n<meta property=\"article:modified_time\" content=\"2022-03-07T15:22:25+00:00\" \/>\n<meta property=\"og:image\" content=\"https:\/\/americancollegeusa.com\/wp-content\/uploads\/2020\/12\/Bathrobes-AC-1024x1024.jpg\" \/>\n\t<meta property=\"og:image:width\" content=\"1024\" \/>\n\t<meta property=\"og:image:height\" content=\"1024\" \/>\n\t<meta property=\"og:image:type\" content=\"image\/jpeg\" \/>\n<meta name=\"twitter:card\" content=\"summary_large_image\" \/>\n<script type=\"application\/ld+json\" class=\"yoast-schema-graph\">{\"@context\":\"https:\/\/schema.org\",\"@graph\":[{\"@type\":\"WebPage\",\"@id\":\"https:\/\/americancollegeusa.com\/produit\/bathrobes\/\",\"url\":\"https:\/\/americancollegeusa.com\/produit\/bathrobes\/\",\"name\":\"Casquette Trucker - Red AC - Amercian College USA\",\"isPartOf\":{\"@id\":\"https:\/\/americancollegeusa.com\/#website\"},\"primaryImageOfPage\":{\"@id\":\"https:\/\/americancollegeusa.com\/produit\/bathrobes\/#primaryimage\"},\"image\":{\"@id\":\"https:\/\/americancollegeusa.com\/produit\/bathrobes\/#primaryimage\"},\"thumbnailUrl\":\"https:\/\/americancollegeusa.com\/wp-content\/uploads\/2020\/12\/Bathrobes-AC.jpg\",\"datePublished\":\"2020-12-13T17:09:01+00:00\",\"dateModified\":\"2022-03-07T15:22:25+00:00\",\"description\":\"D\u00e9couvrez notre nouvelle casquette trucker Red pour homme ! Trendy, confortable et d\u00e9contract\u00e9e, elle vous accompagnera toute la journ\u00e9e !\",\"breadcrumb\":{\"@id\":\"https:\/\/americancollegeusa.com\/produit\/bathrobes\/#breadcrumb\"},\"inLanguage\":\"en-US\",\"potentialAction\":[{\"@type\":\"ReadAction\",\"target\":[\"https:\/\/americancollegeusa.com\/produit\/bathrobes\/\"]}]},{\"@type\":\"ImageObject\",\"inLanguage\":\"en-US\",\"@id\":\"https:\/\/americancollegeusa.com\/produit\/bathrobes\/#primaryimage\",\"url\":\"https:\/\/americancollegeusa.com\/wp-content\/uploads\/2020\/12\/Bathrobes-AC.jpg\",\"contentUrl\":\"https:\/\/americancollegeusa.com\/wp-content\/uploads\/2020\/12\/Bathrobes-AC.jpg\",\"width\":2381,\"height\":2380},{\"@type\":\"BreadcrumbList\",\"@id\":\"https:\/\/americancollegeusa.com\/produit\/bathrobes\/#breadcrumb\",\"itemListElement\":[{\"@type\":\"ListItem\",\"position\":1,\"name\":\"Accueil\",\"item\":\"https:\/\/americancollegeusa.com\/\"},{\"@type\":\"ListItem\",\"position\":2,\"name\":\"Boutique\",\"item\":\"https:\/\/americancollegeusa.com\/boutique\/\"},{\"@type\":\"ListItem\",\"position\":3,\"name\":\"Bathrobes AC\"}]},{\"@type\":\"WebSite\",\"@id\":\"https:\/\/americancollegeusa.com\/#website\",\"url\":\"https:\/\/americancollegeusa.com\/\",\"name\":\"American College USA\",\"description\":\"\",\"potentialAction\":[{\"@type\":\"SearchAction\",\"target\":{\"@type\":\"EntryPoint\",\"urlTemplate\":\"https:\/\/americancollegeusa.com\/?s={search_term_string}\"},\"query-input\":{\"@type\":\"PropertyValueSpecification\",\"valueRequired\":true,\"valueName\":\"search_term_string\"}}],\"inLanguage\":\"en-US\"}]}<\/script>\n<!-- \/ Yoast SEO plugin. -->","yoast_head_json":{"title":"Casquette Trucker - Red AC - Amercian College USA","description":"D\u00e9couvrez notre nouvelle casquette trucker Red pour homme ! Trendy, confortable et d\u00e9contract\u00e9e, elle vous accompagnera toute la journ\u00e9e !","robots":{"index":"index","follow":"follow","max-snippet":"max-snippet:-1","max-image-preview":"max-image-preview:large","max-video-preview":"max-video-preview:-1"},"canonical":"https:\/\/americancollegeusa.com\/en\/product\/bathrobes\/","og_locale":"en_US","og_type":"article","og_title":"Casquette Trucker - Red AC - Amercian College USA","og_description":"D\u00e9couvrez notre nouvelle casquette trucker Red pour homme ! Trendy, confortable et d\u00e9contract\u00e9e, elle vous accompagnera toute la journ\u00e9e !","og_url":"https:\/\/americancollegeusa.com\/en\/product\/bathrobes\/","og_site_name":"American College USA","article_publisher":"https:\/\/www.facebook.com\/AmericanCollegeofficial\/?ref=bookmarks","article_modified_time":"2022-03-07T15:22:25+00:00","og_image":[{"width":1024,"height":1024,"url":"https:\/\/americancollegeusa.com\/wp-content\/uploads\/2020\/12\/Bathrobes-AC-1024x1024.jpg","type":"image\/jpeg"}],"twitter_card":"summary_large_image","schema":{"@context":"https:\/\/schema.org","@graph":[{"@type":"WebPage","@id":"https:\/\/americancollegeusa.com\/produit\/bathrobes\/","url":"https:\/\/americancollegeusa.com\/produit\/bathrobes\/","name":"Casquette Trucker - Red AC - Amercian College USA","isPartOf":{"@id":"https:\/\/americancollegeusa.com\/#website"},"primaryImageOfPage":{"@id":"https:\/\/americancollegeusa.com\/produit\/bathrobes\/#primaryimage"},"image":{"@id":"https:\/\/americancollegeusa.com\/produit\/bathrobes\/#primaryimage"},"thumbnailUrl":"https:\/\/americancollegeusa.com\/wp-content\/uploads\/2020\/12\/Bathrobes-AC.jpg","datePublished":"2020-12-13T17:09:01+00:00","dateModified":"2022-03-07T15:22:25+00:00","description":"D\u00e9couvrez notre nouvelle casquette trucker Red pour homme ! Trendy, confortable et d\u00e9contract\u00e9e, elle vous accompagnera toute la journ\u00e9e !","breadcrumb":{"@id":"https:\/\/americancollegeusa.com\/produit\/bathrobes\/#breadcrumb"},"inLanguage":"en-US","potentialAction":[{"@type":"ReadAction","target":["https:\/\/americancollegeusa.com\/produit\/bathrobes\/"]}]},{"@type":"ImageObject","inLanguage":"en-US","@id":"https:\/\/americancollegeusa.com\/produit\/bathrobes\/#primaryimage","url":"https:\/\/americancollegeusa.com\/wp-content\/uploads\/2020\/12\/Bathrobes-AC.jpg","contentUrl":"https:\/\/americancollegeusa.com\/wp-content\/uploads\/2020\/12\/Bathrobes-AC.jpg","width":2381,"height":2380},{"@type":"BreadcrumbList","@id":"https:\/\/americancollegeusa.com\/produit\/bathrobes\/#breadcrumb","itemListElement":[{"@type":"ListItem","position":1,"name":"Accueil","item":"https:\/\/americancollegeusa.com\/"},{"@type":"ListItem","position":2,"name":"Boutique","item":"https:\/\/americancollegeusa.com\/boutique\/"},{"@type":"ListItem","position":3,"name":"Bathrobes AC"}]},{"@type":"WebSite","@id":"https:\/\/americancollegeusa.com\/#website","url":"https:\/\/americancollegeusa.com\/","name":"American College USA","description":"","potentialAction":[{"@type":"SearchAction","target":{"@type":"EntryPoint","urlTemplate":"https:\/\/americancollegeusa.com\/?s={search_term_string}"},"query-input":{"@type":"PropertyValueSpecification","valueRequired":true,"valueName":"search_term_string"}}],"inLanguage":"en-US"}]}},"_links":{"self":[{"href":"https:\/\/americancollegeusa.com\/en\/wp-json\/wp\/v2\/product\/10695","targetHints":{"allow":["GET"]}}],"collection":[{"href":"https:\/\/americancollegeusa.com\/en\/wp-json\/wp\/v2\/product"}],"about":[{"href":"https:\/\/americancollegeusa.com\/en\/wp-json\/wp\/v2\/types\/product"}],"replies":[{"embeddable":true,"href":"https:\/\/americancollegeusa.com\/en\/wp-json\/wp\/v2\/comments?post=10695"}],"wp:featuredmedia":[{"embeddable":true,"href":"https:\/\/americancollegeusa.com\/en\/wp-json\/wp\/v2\/media\/10696"}],"wp:attachment":[{"href":"https:\/\/americancollegeusa.com\/en\/wp-json\/wp\/v2\/media?parent=10695"}],"wp:term":[{"taxonomy":"product_brand","embeddable":true,"href":"https:\/\/americancollegeusa.com\/en\/wp-json\/wp\/v2\/product_brand?post=10695"},{"taxonomy":"product_cat","embeddable":true,"href":"https:\/\/americancollegeusa.com\/en\/wp-json\/wp\/v2\/product_cat?post=10695"},{"taxonomy":"product_tag","embeddable":true,"href":"https:\/\/americancollegeusa.com\/en\/wp-json\/wp\/v2\/product_tag?post=10695"}],"curies":[{"name":"wp","href":"https:\/\/api.w.org\/{rel}","templated":true}]}}