{"id":10680,"date":"2020-12-13T17:35:39","date_gmt":"2020-12-13T16:35:39","guid":{"rendered":"https:\/\/americancollegeusa.com\/?post_type=product&#038;p=10680"},"modified":"2022-04-25T11:39:13","modified_gmt":"2022-04-25T09:39:13","slug":"mens-suits","status":"publish","type":"product","link":"https:\/\/americancollegeusa.com\/en\/product\/mens-suits\/","title":{"rendered":"MEN&rsquo;S SUITS BURGUNDY"},"content":{"rendered":"<h2>Discover <span style=\"color: #b1273f;\">The Men&rsquo;s Suits<\/span><\/h2>\n<p>Faites l&rsquo;exp\u00e9rience de notre costume de qualit\u00e9<\/p>","protected":false},"excerpt":{"rendered":"<p>D\u00e9couvrez The Men&rsquo;s Suits Faites l&rsquo;exp\u00e9rience de notre costume de qualit\u00e9<\/p>","protected":false},"featured_media":10686,"comment_status":"open","ping_status":"closed","template":"","meta":{"_et_pb_use_builder":"","_et_pb_old_content":"","_et_gb_content_width":"","_exactmetrics_skip_tracking":false,"_exactmetrics_sitenote_active":false,"_exactmetrics_sitenote_note":"","_exactmetrics_sitenote_category":0},"product_brand":[],"product_cat":[15],"product_tag":[],"class_list":{"0":"post-10680","1":"product","2":"type-product","3":"status-publish","4":"has-post-thumbnail","6":"product_cat-non-classe","8":"first","9":"instock","10":"taxable","11":"shipping-taxable","12":"purchasable","13":"product-type-variable"},"yoast_head":"<!-- This site is optimized with the Yoast SEO plugin v26.9 - https:\/\/yoast.com\/product\/yoast-seo-wordpress\/ -->\n<title>The Flight Jacket - Marine Col Blanc - American College USA<\/title>\n<meta name=\"description\" content=\"Profitez de notre c\u00e9l\u00e8bre The Flight Jacket, pour une livraison rapide ! Blouson incontournable qui vous accompagnera partout !\" \/>\n<meta name=\"robots\" content=\"index, follow, max-snippet:-1, max-image-preview:large, max-video-preview:-1\" \/>\n<link rel=\"canonical\" href=\"https:\/\/americancollegeusa.com\/en\/product\/mens-suits\/\" \/>\n<meta property=\"og:locale\" content=\"en_US\" \/>\n<meta property=\"og:type\" content=\"article\" \/>\n<meta property=\"og:title\" content=\"The Flight Jacket - Marine Col Blanc - American College USA\" \/>\n<meta property=\"og:description\" content=\"Profitez de notre c\u00e9l\u00e8bre The Flight Jacket, pour une livraison rapide ! Blouson incontournable qui vous accompagnera partout !\" \/>\n<meta property=\"og:url\" content=\"https:\/\/americancollegeusa.com\/en\/product\/mens-suits\/\" \/>\n<meta property=\"og:site_name\" content=\"American College USA\" \/>\n<meta property=\"article:publisher\" content=\"https:\/\/www.facebook.com\/AmericanCollegeofficial\/?ref=bookmarks\" \/>\n<meta property=\"article:modified_time\" content=\"2022-04-25T09:39:13+00:00\" \/>\n<meta property=\"og:image\" content=\"https:\/\/americancollegeusa.com\/wp-content\/uploads\/2020\/12\/MENS-SUITS-922x1024.jpg\" \/>\n\t<meta property=\"og:image:width\" content=\"922\" \/>\n\t<meta property=\"og:image:height\" content=\"1024\" \/>\n\t<meta property=\"og:image:type\" content=\"image\/jpeg\" \/>\n<meta name=\"twitter:card\" content=\"summary_large_image\" \/>\n<script type=\"application\/ld+json\" class=\"yoast-schema-graph\">{\"@context\":\"https:\/\/schema.org\",\"@graph\":[{\"@type\":\"WebPage\",\"@id\":\"https:\/\/americancollegeusa.com\/produit\/mens-suits\/\",\"url\":\"https:\/\/americancollegeusa.com\/produit\/mens-suits\/\",\"name\":\"The Flight Jacket - Marine Col Blanc - American College USA\",\"isPartOf\":{\"@id\":\"https:\/\/americancollegeusa.com\/#website\"},\"primaryImageOfPage\":{\"@id\":\"https:\/\/americancollegeusa.com\/produit\/mens-suits\/#primaryimage\"},\"image\":{\"@id\":\"https:\/\/americancollegeusa.com\/produit\/mens-suits\/#primaryimage\"},\"thumbnailUrl\":\"https:\/\/americancollegeusa.com\/wp-content\/uploads\/2020\/12\/MENS-SUITS.jpg\",\"datePublished\":\"2020-12-13T16:35:39+00:00\",\"dateModified\":\"2022-04-25T09:39:13+00:00\",\"description\":\"Profitez de notre c\u00e9l\u00e8bre The Flight Jacket, pour une livraison rapide ! Blouson incontournable qui vous accompagnera partout !\",\"breadcrumb\":{\"@id\":\"https:\/\/americancollegeusa.com\/produit\/mens-suits\/#breadcrumb\"},\"inLanguage\":\"en-US\",\"potentialAction\":[{\"@type\":\"ReadAction\",\"target\":[\"https:\/\/americancollegeusa.com\/produit\/mens-suits\/\"]}]},{\"@type\":\"ImageObject\",\"inLanguage\":\"en-US\",\"@id\":\"https:\/\/americancollegeusa.com\/produit\/mens-suits\/#primaryimage\",\"url\":\"https:\/\/americancollegeusa.com\/wp-content\/uploads\/2020\/12\/MENS-SUITS.jpg\",\"contentUrl\":\"https:\/\/americancollegeusa.com\/wp-content\/uploads\/2020\/12\/MENS-SUITS.jpg\",\"width\":1800,\"height\":2000},{\"@type\":\"BreadcrumbList\",\"@id\":\"https:\/\/americancollegeusa.com\/produit\/mens-suits\/#breadcrumb\",\"itemListElement\":[{\"@type\":\"ListItem\",\"position\":1,\"name\":\"Accueil\",\"item\":\"https:\/\/americancollegeusa.com\/\"},{\"@type\":\"ListItem\",\"position\":2,\"name\":\"Boutique\",\"item\":\"https:\/\/americancollegeusa.com\/boutique\/\"},{\"@type\":\"ListItem\",\"position\":3,\"name\":\"MEN&#8217;S SUITS BURGUNDY\"}]},{\"@type\":\"WebSite\",\"@id\":\"https:\/\/americancollegeusa.com\/#website\",\"url\":\"https:\/\/americancollegeusa.com\/\",\"name\":\"American College USA\",\"description\":\"\",\"potentialAction\":[{\"@type\":\"SearchAction\",\"target\":{\"@type\":\"EntryPoint\",\"urlTemplate\":\"https:\/\/americancollegeusa.com\/?s={search_term_string}\"},\"query-input\":{\"@type\":\"PropertyValueSpecification\",\"valueRequired\":true,\"valueName\":\"search_term_string\"}}],\"inLanguage\":\"en-US\"}]}<\/script>\n<!-- \/ Yoast SEO plugin. -->","yoast_head_json":{"title":"The Flight Jacket - Marine Col Blanc - American College USA","description":"Profitez de notre c\u00e9l\u00e8bre The Flight Jacket, pour une livraison rapide ! Blouson incontournable qui vous accompagnera partout !","robots":{"index":"index","follow":"follow","max-snippet":"max-snippet:-1","max-image-preview":"max-image-preview:large","max-video-preview":"max-video-preview:-1"},"canonical":"https:\/\/americancollegeusa.com\/en\/product\/mens-suits\/","og_locale":"en_US","og_type":"article","og_title":"The Flight Jacket - Marine Col Blanc - American College USA","og_description":"Profitez de notre c\u00e9l\u00e8bre The Flight Jacket, pour une livraison rapide ! Blouson incontournable qui vous accompagnera partout !","og_url":"https:\/\/americancollegeusa.com\/en\/product\/mens-suits\/","og_site_name":"American College USA","article_publisher":"https:\/\/www.facebook.com\/AmericanCollegeofficial\/?ref=bookmarks","article_modified_time":"2022-04-25T09:39:13+00:00","og_image":[{"width":922,"height":1024,"url":"https:\/\/americancollegeusa.com\/wp-content\/uploads\/2020\/12\/MENS-SUITS-922x1024.jpg","type":"image\/jpeg"}],"twitter_card":"summary_large_image","schema":{"@context":"https:\/\/schema.org","@graph":[{"@type":"WebPage","@id":"https:\/\/americancollegeusa.com\/produit\/mens-suits\/","url":"https:\/\/americancollegeusa.com\/produit\/mens-suits\/","name":"The Flight Jacket - Marine Col Blanc - American College USA","isPartOf":{"@id":"https:\/\/americancollegeusa.com\/#website"},"primaryImageOfPage":{"@id":"https:\/\/americancollegeusa.com\/produit\/mens-suits\/#primaryimage"},"image":{"@id":"https:\/\/americancollegeusa.com\/produit\/mens-suits\/#primaryimage"},"thumbnailUrl":"https:\/\/americancollegeusa.com\/wp-content\/uploads\/2020\/12\/MENS-SUITS.jpg","datePublished":"2020-12-13T16:35:39+00:00","dateModified":"2022-04-25T09:39:13+00:00","description":"Profitez de notre c\u00e9l\u00e8bre The Flight Jacket, pour une livraison rapide ! Blouson incontournable qui vous accompagnera partout !","breadcrumb":{"@id":"https:\/\/americancollegeusa.com\/produit\/mens-suits\/#breadcrumb"},"inLanguage":"en-US","potentialAction":[{"@type":"ReadAction","target":["https:\/\/americancollegeusa.com\/produit\/mens-suits\/"]}]},{"@type":"ImageObject","inLanguage":"en-US","@id":"https:\/\/americancollegeusa.com\/produit\/mens-suits\/#primaryimage","url":"https:\/\/americancollegeusa.com\/wp-content\/uploads\/2020\/12\/MENS-SUITS.jpg","contentUrl":"https:\/\/americancollegeusa.com\/wp-content\/uploads\/2020\/12\/MENS-SUITS.jpg","width":1800,"height":2000},{"@type":"BreadcrumbList","@id":"https:\/\/americancollegeusa.com\/produit\/mens-suits\/#breadcrumb","itemListElement":[{"@type":"ListItem","position":1,"name":"Accueil","item":"https:\/\/americancollegeusa.com\/"},{"@type":"ListItem","position":2,"name":"Boutique","item":"https:\/\/americancollegeusa.com\/boutique\/"},{"@type":"ListItem","position":3,"name":"MEN&#8217;S SUITS BURGUNDY"}]},{"@type":"WebSite","@id":"https:\/\/americancollegeusa.com\/#website","url":"https:\/\/americancollegeusa.com\/","name":"American College USA","description":"","potentialAction":[{"@type":"SearchAction","target":{"@type":"EntryPoint","urlTemplate":"https:\/\/americancollegeusa.com\/?s={search_term_string}"},"query-input":{"@type":"PropertyValueSpecification","valueRequired":true,"valueName":"search_term_string"}}],"inLanguage":"en-US"}]}},"_links":{"self":[{"href":"https:\/\/americancollegeusa.com\/en\/wp-json\/wp\/v2\/product\/10680","targetHints":{"allow":["GET"]}}],"collection":[{"href":"https:\/\/americancollegeusa.com\/en\/wp-json\/wp\/v2\/product"}],"about":[{"href":"https:\/\/americancollegeusa.com\/en\/wp-json\/wp\/v2\/types\/product"}],"replies":[{"embeddable":true,"href":"https:\/\/americancollegeusa.com\/en\/wp-json\/wp\/v2\/comments?post=10680"}],"wp:featuredmedia":[{"embeddable":true,"href":"https:\/\/americancollegeusa.com\/en\/wp-json\/wp\/v2\/media\/10686"}],"wp:attachment":[{"href":"https:\/\/americancollegeusa.com\/en\/wp-json\/wp\/v2\/media?parent=10680"}],"wp:term":[{"taxonomy":"product_brand","embeddable":true,"href":"https:\/\/americancollegeusa.com\/en\/wp-json\/wp\/v2\/product_brand?post=10680"},{"taxonomy":"product_cat","embeddable":true,"href":"https:\/\/americancollegeusa.com\/en\/wp-json\/wp\/v2\/product_cat?post=10680"},{"taxonomy":"product_tag","embeddable":true,"href":"https:\/\/americancollegeusa.com\/en\/wp-json\/wp\/v2\/product_tag?post=10680"}],"curies":[{"name":"wp","href":"https:\/\/api.w.org\/{rel}","templated":true}]}}