{"id":10023,"date":"2019-11-28T16:43:37","date_gmt":"2019-11-28T15:43:37","guid":{"rendered":"https:\/\/americancollegeusa.com\/?post_type=product&#038;p=10023"},"modified":"2022-05-12T14:16:46","modified_gmt":"2022-05-12T12:16:46","slug":"bombers-marine-patch","status":"publish","type":"product","link":"https:\/\/americancollegeusa.com\/en\/product\/bombers-marine-patch\/","title":{"rendered":"Bombers Navy Patch"},"content":{"rendered":"<h2>Discover the authentic Bombers Patch Marine for men!<\/h2>\n<p>L&rsquo;authentique Bombers \u00a0Patch Marine\u00a0en Noir pour homme ! Il est toujours difficile de trouver le blouson id\u00e9al, celui qui s&rsquo;accordera avec toutes vos tenues, tout en vous conf\u00e9rant un style unique et trendy. Alors n&rsquo;h\u00e9sitez plus, essayez notre blouson ! En effet, il est parfait pour toutes les saisons, et peut se porter \u00e0 tout moment de la journ\u00e9e. Car une journ\u00e9e est une succession de moments et d&rsquo;occasions, choisissez le blouson qui allie confort, \u00e9l\u00e9gance et style, et qui s&rsquo;adaptera \u00e0 chaque instant. Notre Bombers est disponible en M. De fait, vous pouvez le retrouver dans plusieurs variations de couleur : noir, kaki et marine. Notre blouson poss\u00e8de deux poches avant, une poche int\u00e9rieure, le Bombers For Summer est non doubl\u00e9, et se ferme avec un zip m\u00e9tal de qualit\u00e9. Vous retrouverez le badge original AC American coll\u00e8ge en broderie main sur la manche ! Profitez de l&rsquo;\u00e9l\u00e9gance et du confort in\u00e9gal\u00e9 de nos mati\u00e8res ! Notre le Bombers Noir patch est actuellement disponible. En achetant un v\u00eatement de notre marque bien connue comme gage de qualit\u00e9, vous faites le choix d&rsquo;un produit qui dure dans le temps. En effet, solides et bien coup\u00e9s, les v\u00eatements <a style=\"color: #b1273f;\" href=\"https:\/\/americancollegeusa.com\/en\/\">American College USA<\/a> reflect our desire to bring you a high-end product.<\/p>","protected":false},"excerpt":{"rendered":"<p>Unlined nylon starter<\/p>\n<p class=\"tab-title bold-medium-title\">Jackets &amp; Coats<\/p>\n<p>&nbsp;<\/p>","protected":false},"featured_media":10025,"comment_status":"open","ping_status":"closed","template":"","meta":{"_et_pb_use_builder":"off","_et_pb_old_content":"<h2>D\u00e9couvrez l'authentique Bombers Patch Marine pour homme !<\/h2>\r\nL'authentique Bombers \u00a0Patch Marine\u00a0en Noir pour homme ! Il est toujours difficile de trouver le blouson id\u00e9al, celui qui s'accordera avec toutes vos tenues, tout en vous conf\u00e9rant un style unique et trendy. Alors n'h\u00e9sitez plus, essayez notre blouson ! En effet, il est parfait pour toutes les saisons, et peut se porter \u00e0 tout moment de la journ\u00e9e. Car une journ\u00e9e est une succession de moments et d'occasions, choisissez le blouson qui allie confort, \u00e9l\u00e9gance et style, et qui s'adaptera \u00e0 chaque instant.\r\n\r\nNotre Bombers est disponible en M. De fait, vous pouvez le retrouver dans plusieurs variations de couleur : noir, kaki et marine. Notre blouson poss\u00e8de deux poches avant, une poche int\u00e9rieure, le Bombers For Summer est non doubl\u00e9, et se ferme avec un zip m\u00e9tal de qualit\u00e9. Vous retrouverez le badge original AC American coll\u00e8ge en broderie main sur la manche ! Profitez de l'\u00e9l\u00e9gance et du confort in\u00e9gal\u00e9 de nos mati\u00e8res !\r\n\r\nNotre le Bombers Noir patch est actuellement disponible.\r\n\r\nEn achetant un v\u00eatement de notre marque bien connue comme gage de qualit\u00e9, vous faites le choix d'un produit qui dure dans le temps. En effet, solides et bien coup\u00e9s, les v\u00eatements <a style=\"color: #b1273f\" href=\"https:\/\/americancollegeusa.com\/\">American College USA<\/a> refl\u00e8tent notre volont\u00e9 de vous apporter un produit haut de gamme.","_et_gb_content_width":"","_exactmetrics_skip_tracking":false,"_exactmetrics_sitenote_active":false,"_exactmetrics_sitenote_note":"","_exactmetrics_sitenote_category":0},"product_brand":[],"product_cat":[69],"product_tag":[],"class_list":{"0":"post-10023","1":"product","2":"type-product","3":"status-publish","4":"has-post-thumbnail","6":"product_cat-bombers","8":"first","9":"outofstock","10":"taxable","11":"shipping-taxable","12":"purchasable","13":"product-type-variable"},"yoast_head":"<!-- This site is optimized with the Yoast SEO plugin v26.9 - https:\/\/yoast.com\/product\/yoast-seo-wordpress\/ -->\n<title>Bombers Patch Marine - Amercian College USA<\/title>\n<meta name=\"description\" content=\"Faites l&#039;exp\u00e9rience de notre Bombers Patch Marine nouvelle g\u00e9n\u00e9ration Noir ! 2 poches ext\u00e9rieurs, et un zip en m\u00e9tal, il allie confort et style pour vos journ\u00e9es!\" \/>\n<meta name=\"robots\" content=\"index, follow, max-snippet:-1, max-image-preview:large, max-video-preview:-1\" \/>\n<link rel=\"canonical\" href=\"https:\/\/americancollegeusa.com\/en\/product\/bombers-marine-patch\/\" \/>\n<meta property=\"og:locale\" content=\"en_US\" \/>\n<meta property=\"og:type\" content=\"article\" \/>\n<meta property=\"og:title\" content=\"Bombers Patch Marine - Amercian College USA\" \/>\n<meta property=\"og:description\" content=\"Faites l&#039;exp\u00e9rience de notre Bombers Patch Marine nouvelle g\u00e9n\u00e9ration Noir ! 2 poches ext\u00e9rieurs, et un zip en m\u00e9tal, il allie confort et style pour vos journ\u00e9es!\" \/>\n<meta property=\"og:url\" content=\"https:\/\/americancollegeusa.com\/en\/product\/bombers-marine-patch\/\" \/>\n<meta property=\"og:site_name\" content=\"American College USA\" \/>\n<meta property=\"article:publisher\" content=\"https:\/\/www.facebook.com\/AmericanCollegeofficial\/?ref=bookmarks\" \/>\n<meta property=\"article:modified_time\" content=\"2022-05-12T12:16:46+00:00\" \/>\n<meta property=\"og:image\" content=\"https:\/\/americancollegeusa.com\/wp-content\/uploads\/2019\/11\/BL104_patch-scaled.jpg\" \/>\n\t<meta property=\"og:image:width\" content=\"1536\" \/>\n\t<meta property=\"og:image:height\" content=\"2560\" \/>\n\t<meta property=\"og:image:type\" content=\"image\/jpeg\" \/>\n<meta name=\"twitter:card\" content=\"summary_large_image\" \/>\n<meta name=\"twitter:label1\" content=\"Est. reading time\" \/>\n\t<meta name=\"twitter:data1\" content=\"1 minute\" \/>\n<script type=\"application\/ld+json\" class=\"yoast-schema-graph\">{\"@context\":\"https:\/\/schema.org\",\"@graph\":[{\"@type\":\"WebPage\",\"@id\":\"https:\/\/americancollegeusa.com\/produit\/bombers-marine-patch\/\",\"url\":\"https:\/\/americancollegeusa.com\/produit\/bombers-marine-patch\/\",\"name\":\"Bombers Patch Marine - Amercian College USA\",\"isPartOf\":{\"@id\":\"https:\/\/americancollegeusa.com\/#website\"},\"primaryImageOfPage\":{\"@id\":\"https:\/\/americancollegeusa.com\/produit\/bombers-marine-patch\/#primaryimage\"},\"image\":{\"@id\":\"https:\/\/americancollegeusa.com\/produit\/bombers-marine-patch\/#primaryimage\"},\"thumbnailUrl\":\"https:\/\/americancollegeusa.com\/wp-content\/uploads\/2019\/11\/BL104_patch-scaled.jpg\",\"datePublished\":\"2019-11-28T15:43:37+00:00\",\"dateModified\":\"2022-05-12T12:16:46+00:00\",\"description\":\"Faites l'exp\u00e9rience de notre Bombers Patch Marine nouvelle g\u00e9n\u00e9ration Noir ! 2 poches ext\u00e9rieurs, et un zip en m\u00e9tal, il allie confort et style pour vos journ\u00e9es!\",\"breadcrumb\":{\"@id\":\"https:\/\/americancollegeusa.com\/produit\/bombers-marine-patch\/#breadcrumb\"},\"inLanguage\":\"en-US\",\"potentialAction\":[{\"@type\":\"ReadAction\",\"target\":[\"https:\/\/americancollegeusa.com\/produit\/bombers-marine-patch\/\"]}]},{\"@type\":\"ImageObject\",\"inLanguage\":\"en-US\",\"@id\":\"https:\/\/americancollegeusa.com\/produit\/bombers-marine-patch\/#primaryimage\",\"url\":\"https:\/\/americancollegeusa.com\/wp-content\/uploads\/2019\/11\/BL104_patch-scaled.jpg\",\"contentUrl\":\"https:\/\/americancollegeusa.com\/wp-content\/uploads\/2019\/11\/BL104_patch-scaled.jpg\",\"width\":1536,\"height\":2560},{\"@type\":\"BreadcrumbList\",\"@id\":\"https:\/\/americancollegeusa.com\/produit\/bombers-marine-patch\/#breadcrumb\",\"itemListElement\":[{\"@type\":\"ListItem\",\"position\":1,\"name\":\"Accueil\",\"item\":\"https:\/\/americancollegeusa.com\/\"},{\"@type\":\"ListItem\",\"position\":2,\"name\":\"Boutique\",\"item\":\"https:\/\/americancollegeusa.com\/boutique\/\"},{\"@type\":\"ListItem\",\"position\":3,\"name\":\"Bombers Marine Patch\"}]},{\"@type\":\"WebSite\",\"@id\":\"https:\/\/americancollegeusa.com\/#website\",\"url\":\"https:\/\/americancollegeusa.com\/\",\"name\":\"American College USA\",\"description\":\"\",\"potentialAction\":[{\"@type\":\"SearchAction\",\"target\":{\"@type\":\"EntryPoint\",\"urlTemplate\":\"https:\/\/americancollegeusa.com\/?s={search_term_string}\"},\"query-input\":{\"@type\":\"PropertyValueSpecification\",\"valueRequired\":true,\"valueName\":\"search_term_string\"}}],\"inLanguage\":\"en-US\"}]}<\/script>\n<!-- \/ Yoast SEO plugin. -->","yoast_head_json":{"title":"Bombers Patch Marine - Amercian College USA","description":"Faites l'exp\u00e9rience de notre Bombers Patch Marine nouvelle g\u00e9n\u00e9ration Noir ! 2 poches ext\u00e9rieurs, et un zip en m\u00e9tal, il allie confort et style pour vos journ\u00e9es!","robots":{"index":"index","follow":"follow","max-snippet":"max-snippet:-1","max-image-preview":"max-image-preview:large","max-video-preview":"max-video-preview:-1"},"canonical":"https:\/\/americancollegeusa.com\/en\/product\/bombers-marine-patch\/","og_locale":"en_US","og_type":"article","og_title":"Bombers Patch Marine - Amercian College USA","og_description":"Faites l'exp\u00e9rience de notre Bombers Patch Marine nouvelle g\u00e9n\u00e9ration Noir ! 2 poches ext\u00e9rieurs, et un zip en m\u00e9tal, il allie confort et style pour vos journ\u00e9es!","og_url":"https:\/\/americancollegeusa.com\/en\/product\/bombers-marine-patch\/","og_site_name":"American College USA","article_publisher":"https:\/\/www.facebook.com\/AmericanCollegeofficial\/?ref=bookmarks","article_modified_time":"2022-05-12T12:16:46+00:00","og_image":[{"width":1536,"height":2560,"url":"https:\/\/americancollegeusa.com\/wp-content\/uploads\/2019\/11\/BL104_patch-scaled.jpg","type":"image\/jpeg"}],"twitter_card":"summary_large_image","twitter_misc":{"Est. reading time":"1 minute"},"schema":{"@context":"https:\/\/schema.org","@graph":[{"@type":"WebPage","@id":"https:\/\/americancollegeusa.com\/produit\/bombers-marine-patch\/","url":"https:\/\/americancollegeusa.com\/produit\/bombers-marine-patch\/","name":"Bombers Patch Marine - Amercian College USA","isPartOf":{"@id":"https:\/\/americancollegeusa.com\/#website"},"primaryImageOfPage":{"@id":"https:\/\/americancollegeusa.com\/produit\/bombers-marine-patch\/#primaryimage"},"image":{"@id":"https:\/\/americancollegeusa.com\/produit\/bombers-marine-patch\/#primaryimage"},"thumbnailUrl":"https:\/\/americancollegeusa.com\/wp-content\/uploads\/2019\/11\/BL104_patch-scaled.jpg","datePublished":"2019-11-28T15:43:37+00:00","dateModified":"2022-05-12T12:16:46+00:00","description":"Faites l'exp\u00e9rience de notre Bombers Patch Marine nouvelle g\u00e9n\u00e9ration Noir ! 2 poches ext\u00e9rieurs, et un zip en m\u00e9tal, il allie confort et style pour vos journ\u00e9es!","breadcrumb":{"@id":"https:\/\/americancollegeusa.com\/produit\/bombers-marine-patch\/#breadcrumb"},"inLanguage":"en-US","potentialAction":[{"@type":"ReadAction","target":["https:\/\/americancollegeusa.com\/produit\/bombers-marine-patch\/"]}]},{"@type":"ImageObject","inLanguage":"en-US","@id":"https:\/\/americancollegeusa.com\/produit\/bombers-marine-patch\/#primaryimage","url":"https:\/\/americancollegeusa.com\/wp-content\/uploads\/2019\/11\/BL104_patch-scaled.jpg","contentUrl":"https:\/\/americancollegeusa.com\/wp-content\/uploads\/2019\/11\/BL104_patch-scaled.jpg","width":1536,"height":2560},{"@type":"BreadcrumbList","@id":"https:\/\/americancollegeusa.com\/produit\/bombers-marine-patch\/#breadcrumb","itemListElement":[{"@type":"ListItem","position":1,"name":"Accueil","item":"https:\/\/americancollegeusa.com\/"},{"@type":"ListItem","position":2,"name":"Boutique","item":"https:\/\/americancollegeusa.com\/boutique\/"},{"@type":"ListItem","position":3,"name":"Bombers Marine Patch"}]},{"@type":"WebSite","@id":"https:\/\/americancollegeusa.com\/#website","url":"https:\/\/americancollegeusa.com\/","name":"American College USA","description":"","potentialAction":[{"@type":"SearchAction","target":{"@type":"EntryPoint","urlTemplate":"https:\/\/americancollegeusa.com\/?s={search_term_string}"},"query-input":{"@type":"PropertyValueSpecification","valueRequired":true,"valueName":"search_term_string"}}],"inLanguage":"en-US"}]}},"_links":{"self":[{"href":"https:\/\/americancollegeusa.com\/en\/wp-json\/wp\/v2\/product\/10023","targetHints":{"allow":["GET"]}}],"collection":[{"href":"https:\/\/americancollegeusa.com\/en\/wp-json\/wp\/v2\/product"}],"about":[{"href":"https:\/\/americancollegeusa.com\/en\/wp-json\/wp\/v2\/types\/product"}],"replies":[{"embeddable":true,"href":"https:\/\/americancollegeusa.com\/en\/wp-json\/wp\/v2\/comments?post=10023"}],"wp:featuredmedia":[{"embeddable":true,"href":"https:\/\/americancollegeusa.com\/en\/wp-json\/wp\/v2\/media\/10025"}],"wp:attachment":[{"href":"https:\/\/americancollegeusa.com\/en\/wp-json\/wp\/v2\/media?parent=10023"}],"wp:term":[{"taxonomy":"product_brand","embeddable":true,"href":"https:\/\/americancollegeusa.com\/en\/wp-json\/wp\/v2\/product_brand?post=10023"},{"taxonomy":"product_cat","embeddable":true,"href":"https:\/\/americancollegeusa.com\/en\/wp-json\/wp\/v2\/product_cat?post=10023"},{"taxonomy":"product_tag","embeddable":true,"href":"https:\/\/americancollegeusa.com\/en\/wp-json\/wp\/v2\/product_tag?post=10023"}],"curies":[{"name":"wp","href":"https:\/\/api.w.org\/{rel}","templated":true}]}}