{"id":10015,"date":"2019-11-28T15:41:02","date_gmt":"2019-11-28T14:41:02","guid":{"rendered":"https:\/\/americancollegeusa.com\/?post_type=product&#038;p=10015"},"modified":"2025-08-01T08:30:06","modified_gmt":"2025-08-01T06:30:06","slug":"t-shirt-ac-marine","status":"publish","type":"product","link":"https:\/\/americancollegeusa.com\/en\/product\/t-shirt-ac-marine\/","title":{"rendered":"AC Red Marine T-shirt"},"content":{"rendered":"<h2>Discover our T-Shirt<span style=\"color: #b1273f;\">\u00a0AC Marine men<\/span><\/h2>\n<p>Les adeptes de loungewear sauront reconna\u00eetre le confort sup\u00e9rieur des T-shirt AC Marine homme, tandis que les mordus de <a style=\"text-decoration: none; color: black;\" href=\"https:\/\/fr.wikipedia.org\/wiki\/Sport\">sport<\/a> appr\u00e9cieront ses qualit\u00e9s \u00e9lastiques qui permettent une belle amplitude de mouvement. Ce T-shirt est souple, d\u00e9contract\u00e9 et parfaitement adapt\u00e9 \u00e0 vos sorties et moments de d\u00e9tentes.<\/p>\n<p>In fact, it is not always easy to find a garment that can be worn all day. So do not hesitate, enjoy the comfortable and elegant style of our clothes available on the site!<\/p>\n<p>Notre T-shirt est propos\u00e9 avec notre logo <strong>AC<\/strong> embossed on the chest. The set is made of cotton and polyester and in navy color and the logo in red color.<\/p>\n<p>En achetant un des produits de notre marque reconnue comme gage de qualit\u00e9, vous faites le choix d&rsquo;un article qui durera dans le temps. En effet, solides et bien coup\u00e9s, les v\u00eatements <a style=\"color: #b1273f;\" href=\"https:\/\/americancollegeusa.com\/en\/\">American College USA<\/a> refl\u00e8tent notre volont\u00e9 de vous apporter un produit haut de gamme et durable.<\/p>","protected":false},"excerpt":{"rendered":"<p>Available in sizes M, this men's navy AC vest is made of cotton \/ polyester.<br \/>\nAdorned with the logo <a style=\"color: #b1273f;\" href=\"https:\/\/americancollegeusa.com\/en\/\">American College USA<\/a> embossed on the chest.<\/p>","protected":false},"featured_media":10011,"comment_status":"open","ping_status":"closed","template":"","meta":{"_et_pb_use_builder":"","_et_pb_old_content":"","_et_gb_content_width":"","_exactmetrics_skip_tracking":false,"_exactmetrics_sitenote_active":false,"_exactmetrics_sitenote_note":"","_exactmetrics_sitenote_category":0},"product_brand":[],"product_cat":[42],"product_tag":[],"class_list":{"0":"post-10015","1":"product","2":"type-product","3":"status-publish","4":"has-post-thumbnail","6":"product_cat-t-shirt-homme-polo","8":"first","9":"instock","10":"taxable","11":"shipping-taxable","12":"purchasable","13":"product-type-variable"},"yoast_head":"<!-- This site is optimized with the Yoast SEO plugin v26.9 - https:\/\/yoast.com\/product\/yoast-seo-wordpress\/ -->\n<title>T-shirt AC - Marine Homme - American College USA<\/title>\n<meta name=\"description\" content=\"Les adeptes de loungewear sauront reconna\u00eetre le confort sup\u00e9rieur du T-shirt AC et son logo en relief !\" \/>\n<meta name=\"robots\" content=\"index, follow, max-snippet:-1, max-image-preview:large, max-video-preview:-1\" \/>\n<link rel=\"canonical\" href=\"https:\/\/americancollegeusa.com\/en\/product\/t-shirt-ac-marine\/\" \/>\n<meta property=\"og:locale\" content=\"en_US\" \/>\n<meta property=\"og:type\" content=\"article\" \/>\n<meta property=\"og:title\" content=\"T-shirt AC - Marine Homme - American College USA\" \/>\n<meta property=\"og:description\" content=\"Les adeptes de loungewear sauront reconna\u00eetre le confort sup\u00e9rieur du T-shirt AC et son logo en relief !\" \/>\n<meta property=\"og:url\" content=\"https:\/\/americancollegeusa.com\/en\/product\/t-shirt-ac-marine\/\" \/>\n<meta property=\"og:site_name\" content=\"American College USA\" \/>\n<meta property=\"article:publisher\" content=\"https:\/\/www.facebook.com\/AmericanCollegeofficial\/?ref=bookmarks\" \/>\n<meta property=\"article:modified_time\" content=\"2025-08-01T06:30:06+00:00\" \/>\n<meta property=\"og:image\" content=\"https:\/\/americancollegeusa.com\/wp-content\/uploads\/2019\/11\/AC_20191016_L17_2859-scaled.jpg\" \/>\n\t<meta property=\"og:image:width\" content=\"1707\" \/>\n\t<meta property=\"og:image:height\" content=\"2560\" \/>\n\t<meta property=\"og:image:type\" content=\"image\/jpeg\" \/>\n<meta name=\"twitter:card\" content=\"summary_large_image\" \/>\n<meta name=\"twitter:label1\" content=\"Est. reading time\" \/>\n\t<meta name=\"twitter:data1\" content=\"1 minute\" \/>\n<script type=\"application\/ld+json\" class=\"yoast-schema-graph\">{\"@context\":\"https:\/\/schema.org\",\"@graph\":[{\"@type\":\"WebPage\",\"@id\":\"https:\/\/americancollegeusa.com\/produit\/t-shirt-ac-marine\/\",\"url\":\"https:\/\/americancollegeusa.com\/produit\/t-shirt-ac-marine\/\",\"name\":\"T-shirt AC - Marine Homme - American College USA\",\"isPartOf\":{\"@id\":\"https:\/\/americancollegeusa.com\/#website\"},\"primaryImageOfPage\":{\"@id\":\"https:\/\/americancollegeusa.com\/produit\/t-shirt-ac-marine\/#primaryimage\"},\"image\":{\"@id\":\"https:\/\/americancollegeusa.com\/produit\/t-shirt-ac-marine\/#primaryimage\"},\"thumbnailUrl\":\"https:\/\/americancollegeusa.com\/wp-content\/uploads\/2019\/11\/AC_20191016_L17_2859-scaled.jpg\",\"datePublished\":\"2019-11-28T14:41:02+00:00\",\"dateModified\":\"2025-08-01T06:30:06+00:00\",\"description\":\"Les adeptes de loungewear sauront reconna\u00eetre le confort sup\u00e9rieur du T-shirt AC et son logo en relief !\",\"breadcrumb\":{\"@id\":\"https:\/\/americancollegeusa.com\/produit\/t-shirt-ac-marine\/#breadcrumb\"},\"inLanguage\":\"en-US\",\"potentialAction\":[{\"@type\":\"ReadAction\",\"target\":[\"https:\/\/americancollegeusa.com\/produit\/t-shirt-ac-marine\/\"]}]},{\"@type\":\"ImageObject\",\"inLanguage\":\"en-US\",\"@id\":\"https:\/\/americancollegeusa.com\/produit\/t-shirt-ac-marine\/#primaryimage\",\"url\":\"https:\/\/americancollegeusa.com\/wp-content\/uploads\/2019\/11\/AC_20191016_L17_2859-scaled.jpg\",\"contentUrl\":\"https:\/\/americancollegeusa.com\/wp-content\/uploads\/2019\/11\/AC_20191016_L17_2859-scaled.jpg\",\"width\":1707,\"height\":2560},{\"@type\":\"BreadcrumbList\",\"@id\":\"https:\/\/americancollegeusa.com\/produit\/t-shirt-ac-marine\/#breadcrumb\",\"itemListElement\":[{\"@type\":\"ListItem\",\"position\":1,\"name\":\"Accueil\",\"item\":\"https:\/\/americancollegeusa.com\/\"},{\"@type\":\"ListItem\",\"position\":2,\"name\":\"Boutique\",\"item\":\"https:\/\/americancollegeusa.com\/boutique\/\"},{\"@type\":\"ListItem\",\"position\":3,\"name\":\"T-shrit Marine logo AC Rouge\"}]},{\"@type\":\"WebSite\",\"@id\":\"https:\/\/americancollegeusa.com\/#website\",\"url\":\"https:\/\/americancollegeusa.com\/\",\"name\":\"American College USA\",\"description\":\"\",\"potentialAction\":[{\"@type\":\"SearchAction\",\"target\":{\"@type\":\"EntryPoint\",\"urlTemplate\":\"https:\/\/americancollegeusa.com\/?s={search_term_string}\"},\"query-input\":{\"@type\":\"PropertyValueSpecification\",\"valueRequired\":true,\"valueName\":\"search_term_string\"}}],\"inLanguage\":\"en-US\"}]}<\/script>\n<!-- \/ Yoast SEO plugin. -->","yoast_head_json":{"title":"T-shirt AC - Marine Homme - American College USA","description":"Les adeptes de loungewear sauront reconna\u00eetre le confort sup\u00e9rieur du T-shirt AC et son logo en relief !","robots":{"index":"index","follow":"follow","max-snippet":"max-snippet:-1","max-image-preview":"max-image-preview:large","max-video-preview":"max-video-preview:-1"},"canonical":"https:\/\/americancollegeusa.com\/en\/product\/t-shirt-ac-marine\/","og_locale":"en_US","og_type":"article","og_title":"T-shirt AC - Marine Homme - American College USA","og_description":"Les adeptes de loungewear sauront reconna\u00eetre le confort sup\u00e9rieur du T-shirt AC et son logo en relief !","og_url":"https:\/\/americancollegeusa.com\/en\/product\/t-shirt-ac-marine\/","og_site_name":"American College USA","article_publisher":"https:\/\/www.facebook.com\/AmericanCollegeofficial\/?ref=bookmarks","article_modified_time":"2025-08-01T06:30:06+00:00","og_image":[{"width":1707,"height":2560,"url":"https:\/\/americancollegeusa.com\/wp-content\/uploads\/2019\/11\/AC_20191016_L17_2859-scaled.jpg","type":"image\/jpeg"}],"twitter_card":"summary_large_image","twitter_misc":{"Est. reading time":"1 minute"},"schema":{"@context":"https:\/\/schema.org","@graph":[{"@type":"WebPage","@id":"https:\/\/americancollegeusa.com\/produit\/t-shirt-ac-marine\/","url":"https:\/\/americancollegeusa.com\/produit\/t-shirt-ac-marine\/","name":"T-shirt AC - Marine Homme - American College USA","isPartOf":{"@id":"https:\/\/americancollegeusa.com\/#website"},"primaryImageOfPage":{"@id":"https:\/\/americancollegeusa.com\/produit\/t-shirt-ac-marine\/#primaryimage"},"image":{"@id":"https:\/\/americancollegeusa.com\/produit\/t-shirt-ac-marine\/#primaryimage"},"thumbnailUrl":"https:\/\/americancollegeusa.com\/wp-content\/uploads\/2019\/11\/AC_20191016_L17_2859-scaled.jpg","datePublished":"2019-11-28T14:41:02+00:00","dateModified":"2025-08-01T06:30:06+00:00","description":"Les adeptes de loungewear sauront reconna\u00eetre le confort sup\u00e9rieur du T-shirt AC et son logo en relief !","breadcrumb":{"@id":"https:\/\/americancollegeusa.com\/produit\/t-shirt-ac-marine\/#breadcrumb"},"inLanguage":"en-US","potentialAction":[{"@type":"ReadAction","target":["https:\/\/americancollegeusa.com\/produit\/t-shirt-ac-marine\/"]}]},{"@type":"ImageObject","inLanguage":"en-US","@id":"https:\/\/americancollegeusa.com\/produit\/t-shirt-ac-marine\/#primaryimage","url":"https:\/\/americancollegeusa.com\/wp-content\/uploads\/2019\/11\/AC_20191016_L17_2859-scaled.jpg","contentUrl":"https:\/\/americancollegeusa.com\/wp-content\/uploads\/2019\/11\/AC_20191016_L17_2859-scaled.jpg","width":1707,"height":2560},{"@type":"BreadcrumbList","@id":"https:\/\/americancollegeusa.com\/produit\/t-shirt-ac-marine\/#breadcrumb","itemListElement":[{"@type":"ListItem","position":1,"name":"Accueil","item":"https:\/\/americancollegeusa.com\/"},{"@type":"ListItem","position":2,"name":"Boutique","item":"https:\/\/americancollegeusa.com\/boutique\/"},{"@type":"ListItem","position":3,"name":"T-shrit Marine logo AC Rouge"}]},{"@type":"WebSite","@id":"https:\/\/americancollegeusa.com\/#website","url":"https:\/\/americancollegeusa.com\/","name":"American College USA","description":"","potentialAction":[{"@type":"SearchAction","target":{"@type":"EntryPoint","urlTemplate":"https:\/\/americancollegeusa.com\/?s={search_term_string}"},"query-input":{"@type":"PropertyValueSpecification","valueRequired":true,"valueName":"search_term_string"}}],"inLanguage":"en-US"}]}},"_links":{"self":[{"href":"https:\/\/americancollegeusa.com\/en\/wp-json\/wp\/v2\/product\/10015","targetHints":{"allow":["GET"]}}],"collection":[{"href":"https:\/\/americancollegeusa.com\/en\/wp-json\/wp\/v2\/product"}],"about":[{"href":"https:\/\/americancollegeusa.com\/en\/wp-json\/wp\/v2\/types\/product"}],"replies":[{"embeddable":true,"href":"https:\/\/americancollegeusa.com\/en\/wp-json\/wp\/v2\/comments?post=10015"}],"wp:featuredmedia":[{"embeddable":true,"href":"https:\/\/americancollegeusa.com\/en\/wp-json\/wp\/v2\/media\/10011"}],"wp:attachment":[{"href":"https:\/\/americancollegeusa.com\/en\/wp-json\/wp\/v2\/media?parent=10015"}],"wp:term":[{"taxonomy":"product_brand","embeddable":true,"href":"https:\/\/americancollegeusa.com\/en\/wp-json\/wp\/v2\/product_brand?post=10015"},{"taxonomy":"product_cat","embeddable":true,"href":"https:\/\/americancollegeusa.com\/en\/wp-json\/wp\/v2\/product_cat?post=10015"},{"taxonomy":"product_tag","embeddable":true,"href":"https:\/\/americancollegeusa.com\/en\/wp-json\/wp\/v2\/product_tag?post=10015"}],"curies":[{"name":"wp","href":"https:\/\/api.w.org\/{rel}","templated":true}]}}