{"id":3,"date":"2019-01-04T09:37:20","date_gmt":"2019-01-04T08:37:20","guid":{"rendered":"https:\/\/americancollegeusa.com\/\/?page_id=3"},"modified":"2023-04-27T11:51:38","modified_gmt":"2023-04-27T09:51:38","slug":"politique-de-confidentialite","status":"publish","type":"page","link":"https:\/\/americancollegeusa.com\/en\/politique-de-confidentialite\/","title":{"rendered":"Politique de confidentialit\u00e9"},"content":{"rendered":"<p>[et_pb_section fb_built=\u00a0\u00bb1&Prime; _builder_version=\u00a0\u00bb4.16&Prime; global_colors_info=\u00a0\u00bb{}\u00a0\u00bb][et_pb_row _builder_version=\u00a0\u00bb4.16&Prime; background_size=\u00a0\u00bbinitial\u00a0\u00bb background_position=\u00a0\u00bbtop_left\u00a0\u00bb background_repeat=\u00a0\u00bbrepeat\u00a0\u00bb global_colors_info=\u00a0\u00bb{}\u00a0\u00bb][et_pb_column type=\u00a0\u00bb4_4&Prime; _builder_version=\u00a0\u00bb4.16&Prime; custom_padding=\u00a0\u00bb|||\u00a0\u00bb global_colors_info=\u00a0\u00bb{}\u00a0\u00bb custom_padding__hover=\u00a0\u00bb|||\u00a0\u00bb][et_pb_text _builder_version=\u00a0\u00bb4.16&Prime; background_size=\u00a0\u00bbinitial\u00a0\u00bb background_position=\u00a0\u00bbtop_left\u00a0\u00bb background_repeat=\u00a0\u00bbrepeat\u00a0\u00bb global_colors_info=\u00a0\u00bb{}\u00a0\u00bb]<!-- divi:heading --><\/p>\n<p><b>Qui sommes-nous\u00a0?<\/b><\/p>\n<p>&nbsp;<\/p>\n<p>American College, nous sommes localis\u00e9s \u00e0 Neuilly-sur-Seine (92200). L\u2019adresse de notre site Web est\u00a0: https:\/\/americancollegeusa.com\/.\u00a0<\/p>\n<p>&nbsp;<\/p>\n<p><b>Utilisation des donn\u00e9es personnelles collect\u00e9es<\/b><\/p>\n<p>&nbsp;<\/p>\n<p>Dans le cadre des consultations du site Internet americancollegeusa.com MICADAN peut recueillir et enregistrer les donn\u00e9es suivantes:<br \/>\u2013 donn\u00e9es r\u00e9sultant de l\u2019utilisation du site (pages charg\u00e9es par exemple),<br \/>\u2013 donn\u00e9es non personnelles li\u00e9es aux proc\u00e9dures aff\u00e9rentes \u00e0 l\u2019utilisation du site (adresses li\u00e9es aux protocoles Internet, adresses IP, etc.),<br \/>\u2013 donn\u00e9es personnelles et autres donn\u00e9es communiqu\u00e9es par les visiteurs qui remplissent un formulaire ou prennent part \u00e0 un jeu-concours, enqu\u00eate et op\u00e9ration similaire sur le site americancollegeusa.com,<br \/>\u2013 R\u00e9actions aux informations ou offres qui sont soumises par e-mail ou via les r\u00e9seaux sociaux.<\/p>\n<p>&nbsp;<\/p>\n<p><b>Cookies<\/b><\/p>\n<p>&nbsp;<\/p>\n<p>Si vous d\u00e9posez un commentaire sur notre site, il vous sera propos\u00e9 d\u2019enregistrer votre nom, adresse de messagerie et site web dans des cookies. C\u2019est uniquement pour votre confort afin de ne pas avoir \u00e0 saisir ces informations si vous d\u00e9posez un autre commentaire plus tard. Ces cookies expirent au bout d\u2019un an.<\/p>\n<p>&nbsp;<\/p>\n<p>Si vous avez un compte et que vous vous connectez sur ce site, un cookie temporaire sera cr\u00e9\u00e9 afin de d\u00e9terminer si votre navigateur accepte les cookies. Il ne contient pas de donn\u00e9es personnelles et sera supprim\u00e9 automatiquement \u00e0 la fermeture de votre navigateur.<\/p>\n<p>&nbsp;<\/p>\n<p>Lorsque vous vous connecterez, nous mettrons en place un certain nombre de cookies pour enregistrer vos informations de connexion et vos pr\u00e9f\u00e9rences d\u2019\u00e9cran. La dur\u00e9e de vie d\u2019un cookie de connexion est de deux jours, celle d\u2019un cookie d\u2019option d\u2019\u00e9cran est d\u2019un an. Si vous cochez \u00ab\u00a0Se souvenir de moi\u00a0\u00bb, votre cookie de connexion sera conserv\u00e9 pendant deux semaines. Si vous vous d\u00e9connectez de votre compte, le cookie de connexion sera effac\u00e9.<\/p>\n<p>&nbsp;<\/p>\n<p>En modifiant ou en publiant une publication, un cookie suppl\u00e9mentaire sera enregistr\u00e9 dans votre navigateur. Ce cookie ne comprend aucune donn\u00e9e personnelle. Il indique simplement l\u2019ID de la publication que vous venez de modifier. Il expire au bout d\u2019un jour.<\/p>\n<p>&nbsp;<\/p>\n<p><b>Contenu embarqu\u00e9 depuis d\u2019autres sites<\/b><\/p>\n<p>&nbsp;<\/p>\n<p>Les articles de ce site peuvent inclure des contenus int\u00e9gr\u00e9s (par exemple des vid\u00e9os, images, articles\u2026). Le contenu int\u00e9gr\u00e9 depuis d\u2019autres sites se comporte de la m\u00eame mani\u00e8re que si le visiteur se rendait sur cet autre site.<\/p>\n<p>&nbsp;<\/p>\n<p>Ces sites web pourraient collecter des donn\u00e9es sur vous, utiliser des cookies, embarquer des outils de suivis tiers, suivre vos interactions avec ces contenus embarqu\u00e9s si vous disposez d\u2019un compte connect\u00e9 sur leur site web.<\/p>\n<p>&nbsp;<\/p>\n<p><b>Utilisation et transmission de vos donn\u00e9es personnelles<\/b><\/p>\n<p>&nbsp;<\/p>\n<p>Les donn\u00e9es personnelles peuvent \u00eatre utilis\u00e9es pour proposer aux clients ou autres personnes des informations et offres susceptibles de les int\u00e9resser, principalement sous forme d\u2019email ou de publicit\u00e9s.<br \/>Toute personne ainsi d\u00e9march\u00e9e peut demander de ne pas recevoir de telles formes de publicit\u00e9 en se d\u00e9sabonnant du service de newsletter\/emailing.<\/p>\n<p>&nbsp;<\/p>\n<p><b>Dur\u00e9es de stockage de vos donn\u00e9es<\/b><\/p>\n<p>&nbsp;<\/p>\n<p>Si vous laissez un commentaire, le commentaire et ses m\u00e9tadonn\u00e9es sont conserv\u00e9s ind\u00e9finiment. Cela permet de reconna\u00eetre et approuver automatiquement les commentaires suivants au lieu de les laisser dans la file de mod\u00e9ration.<\/p>\n<p>&nbsp;<\/p>\n<p>Pour les utilisateurs et utilisatrices qui s\u2019enregistrent sur notre site (si cela est possible), nous stockons \u00e9galement les donn\u00e9es personnelles indiqu\u00e9es dans leur profil. Tous les utilisateurs et utilisatrices peuvent voir, modifier ou supprimer leurs informations personnelles \u00e0 tout moment (\u00e0 l\u2019exception de leur nom d\u2019utilisateur\u00b7ice). Les gestionnaires du site peuvent aussi voir et modifier ces informations.<\/p>\n<p>&nbsp;<\/p>\n<p><b>Les droits que vous avez sur vos donn\u00e9es<\/b><\/p>\n<p>&nbsp;<\/p>\n<p>Si vous avez un compte ou si vous avez laiss\u00e9 des commentaires sur le site, vous pouvez demander \u00e0 recevoir un fichier contenant toutes les donn\u00e9es personnelles que nous poss\u00e9dons \u00e0 votre sujet, incluant celles que vous nous avez fournies. Vous pouvez \u00e9galement demander la suppression des donn\u00e9es personnelles vous concernant. Cela ne prend pas en compte les donn\u00e9es stock\u00e9es \u00e0 des fins administratives, l\u00e9gales ou pour des raisons de s\u00e9curit\u00e9.<\/p>\n<p>&nbsp;<\/p>\n<p><b>Informations de contact<\/b><\/p>\n<p>&nbsp;<\/p>\n<p>Pour les demande concernant la vie priv\u00e9e, merci de passer par la page\u00a0<a href=\"https:\/\/www.americancollegusa.com\/\"><span>Nous\u00a0Contacter<\/span><\/a>.<\/p>\n<p>&nbsp;<\/p>\n<p><b>Informations suppl\u00e9mentaires<\/b><\/p>\n<p>&nbsp;<\/p>\n<p>Le site Internet americancollegeusa.com est h\u00e9berg\u00e9 en France chez OVH. Toutes les mesures n\u00e9cessaires ont \u00e9t\u00e9 prises aupr\u00e8s de notre partenaire afin de garantir la confidentialit\u00e9 et la s\u00e9curit\u00e9 des informations y transitant.<\/p>\n<p>&nbsp;<\/p>\n<p>&nbsp;<\/p>\n<p>&nbsp;<\/p>\n<p>&nbsp;<\/p>\n<p>&nbsp;<\/p>\n<p>&nbsp;<\/p>\n<p>&nbsp;<\/p>\n<p>&nbsp;<\/p>\n<p>&nbsp;<\/p>\n<p><!-- \/divi:paragraph -->[\/et_pb_text][\/et_pb_column][\/et_pb_row][\/et_pb_section]<\/p>","protected":false},"excerpt":{"rendered":"<p>Qui sommes-nous\u00a0? &nbsp; American College, nous sommes localis\u00e9s \u00e0 Neuilly-sur-Seine (92200). L\u2019adresse de notre site Web est\u00a0: https:\/\/americancollegeusa.com\/.\u00a0 &nbsp; Utilisation des donn\u00e9es personnelles collect\u00e9es &nbsp; Dans le cadre des consultations du site Internet americancollegeusa.com MICADAN peut recueillir et enregistrer les donn\u00e9es suivantes:\u2013 donn\u00e9es r\u00e9sultant de l\u2019utilisation du site (pages charg\u00e9es par exemple),\u2013 donn\u00e9es non personnelles [&hellip;]<\/p>","protected":false},"author":18,"featured_media":0,"parent":0,"menu_order":0,"comment_status":"closed","ping_status":"open","template":"","meta":{"_et_pb_use_builder":"on","_et_pb_old_content":"<!-- wp:heading -->\n<h2>Qui sommes-nous&nbsp;?<\/h2>\n<!-- \/wp:heading -->\n\n<!-- wp:paragraph -->\n<p>SARL MICADAN, nous sommes localis\u00e9s \u00e0 Aubervilliers (93300). L\u2019adresse de notre site Web est&nbsp;: https:\/\/americancollegeusa.com\/.<\/p>\n<!-- \/wp:paragraph -->\n\n<!-- wp:heading -->\n<h2>Utilisation des donn\u00e9es personnelles collect\u00e9es<\/h2>\n<!-- \/wp:heading -->\n\n<!-- wp:paragraph -->\n<p> Dans le cadre des consultations du site Internet americancollegeusa.com MICADAN peut recueillir et enregistrer les donn\u00e9es suivantes:<br>\u2013 donn\u00e9es r\u00e9sultant de l\u2019utilisation du site (pages charg\u00e9es par exemple),<br>\u2013 donn\u00e9es non personnelles li\u00e9es aux proc\u00e9dures aff\u00e9rentes \u00e0 l\u2019utilisation du site (adresses li\u00e9es aux protocoles Internet, adresses IP, etc.),<br>\u2013 donn\u00e9es personnelles et autres donn\u00e9es communiqu\u00e9es par les visiteurs qui remplissent un formulaire ou prennent part \u00e0 un jeu-concours, enqu\u00eate et op\u00e9ration similaire sur le site americancollegeusa.com,<br>\u2013 R\u00e9actions aux informations ou offres qui sont soumises par e-mail ou via les r\u00e9seaux sociaux. <\/p>\n<!-- \/wp:paragraph -->\n\n<!-- wp:heading {\"level\":3} -->\n<h3>Cookies<\/h3>\n<!-- \/wp:heading -->\n\n<!-- wp:paragraph -->\n<p>Si vous d\u00e9posez un commentaire sur notre site, il vous sera propos\u00e9 d\u2019enregistrer votre nom, adresse de messagerie et site web dans des cookies. C\u2019est uniquement pour votre confort afin de ne pas avoir \u00e0 saisir ces informations si vous d\u00e9posez un autre commentaire plus tard. Ces cookies expirent au bout d\u2019un an.<\/p>\n<!-- \/wp:paragraph -->\n\n<!-- wp:paragraph -->\n<p>Si vous avez un compte et que vous vous connectez sur ce site, un cookie temporaire sera cr\u00e9\u00e9 afin de d\u00e9terminer si votre navigateur accepte les cookies. Il ne contient pas de donn\u00e9es personnelles et sera supprim\u00e9 automatiquement \u00e0 la fermeture de votre navigateur.<\/p>\n<!-- \/wp:paragraph -->\n\n<!-- wp:paragraph -->\n<p>Lorsque vous vous connecterez, nous mettrons en place un certain nombre de cookies pour enregistrer vos informations de connexion et vos pr\u00e9f\u00e9rences d\u2019\u00e9cran. La dur\u00e9e de vie d\u2019un cookie de connexion est de deux jours, celle d\u2019un cookie d\u2019option d\u2019\u00e9cran est d\u2019un an. Si vous cochez \u00ab&nbsp;Se souvenir de moi&nbsp;\u00bb, votre cookie de connexion sera conserv\u00e9 pendant deux semaines. Si vous vous d\u00e9connectez de votre compte, le cookie de connexion sera effac\u00e9.<\/p>\n<!-- \/wp:paragraph -->\n\n<!-- wp:paragraph -->\n<p>En modifiant ou en publiant une publication, un cookie suppl\u00e9mentaire sera enregistr\u00e9 dans votre navigateur. Ce cookie ne comprend aucune donn\u00e9e personnelle. Il indique simplement l\u2019ID de la publication que vous venez de modifier. Il expire au bout d\u2019un jour.<\/p>\n<!-- \/wp:paragraph -->\n\n<!-- wp:heading {\"level\":3} -->\n<h3>Contenu embarqu\u00e9 depuis d\u2019autres sites<\/h3>\n<!-- \/wp:heading -->\n\n<!-- wp:paragraph -->\n<p>Les articles de ce site peuvent inclure des contenus int\u00e9gr\u00e9s (par exemple des vid\u00e9os, images, articles\u2026). Le contenu int\u00e9gr\u00e9 depuis d\u2019autres sites se comporte de la m\u00eame mani\u00e8re que si le visiteur se rendait sur cet autre site.<\/p>\n<!-- \/wp:paragraph -->\n\n<!-- wp:paragraph -->\n<p>Ces sites web pourraient collecter des donn\u00e9es sur vous, utiliser des cookies, embarquer des outils de suivis tiers, suivre vos interactions avec ces contenus embarqu\u00e9s si vous disposez d\u2019un compte connect\u00e9 sur leur site web.<\/p>\n<!-- \/wp:paragraph -->\n\n<!-- wp:heading -->\n<h2>Utilisation et transmission de vos donn\u00e9es personnelles<\/h2>\n<!-- \/wp:heading -->\n\n<!-- wp:paragraph -->\n<p>\n\nLes donn\u00e9es personnelles peuvent \u00eatre utilis\u00e9es pour proposer aux clients ou autres personnes des informations et offres susceptibles de les int\u00e9resser, principalement sous forme d\u2019email ou de publicit\u00e9s.<br>Toute personne ainsi d\u00e9march\u00e9e peut demander de ne pas recevoir de telles formes de publicit\u00e9 en se d\u00e9sabonnant du service de newsletter\/emailing.\n\n<\/p>\n<!-- \/wp:paragraph -->\n\n<!-- wp:heading -->\n<h2>Dur\u00e9es de stockage de vos donn\u00e9es<\/h2>\n<!-- \/wp:heading -->\n\n<!-- wp:paragraph -->\n<p>Si vous laissez un commentaire, le commentaire et ses m\u00e9tadonn\u00e9es sont conserv\u00e9s ind\u00e9finiment. Cela permet de reconna\u00eetre et approuver automatiquement les commentaires suivants au lieu de les laisser dans la file de mod\u00e9ration.<\/p>\n<!-- \/wp:paragraph -->\n\n<!-- wp:paragraph -->\n<p>Pour les utilisateurs et utilisatrices qui s\u2019enregistrent sur notre site (si cela est possible), nous stockons \u00e9galement les donn\u00e9es personnelles indiqu\u00e9es dans leur profil. Tous les utilisateurs et utilisatrices peuvent voir, modifier ou supprimer leurs informations personnelles \u00e0 tout moment (\u00e0 l\u2019exception de leur nom d\u2019utilisateur\u00b7ice). Les gestionnaires du site peuvent aussi voir et modifier ces informations.<\/p>\n<!-- \/wp:paragraph -->\n\n<!-- wp:heading -->\n<h2>Les droits que vous avez sur vos donn\u00e9es<\/h2>\n<!-- \/wp:heading -->\n\n<!-- wp:paragraph -->\n<p>Si vous avez un compte ou si vous avez laiss\u00e9 des commentaires sur le site, vous pouvez demander \u00e0 recevoir un fichier contenant toutes les donn\u00e9es personnelles que nous poss\u00e9dons \u00e0 votre sujet, incluant celles que vous nous avez fournies. Vous pouvez \u00e9galement demander la suppression des donn\u00e9es personnelles vous concernant. Cela ne prend pas en compte les donn\u00e9es stock\u00e9es \u00e0 des fins administratives, l\u00e9gales ou pour des raisons de s\u00e9curit\u00e9.<\/p>\n<!-- \/wp:paragraph -->\n\n<!-- wp:heading -->\n<h2>Informations de contact<\/h2>\n<!-- \/wp:heading -->\n\n<!-- wp:paragraph -->\n<p>Pour les demande concernant la vie priv\u00e9e, merci de passer par la page&nbsp;<a href=\"https:\/\/www.americancollegusa.com\">Nous&nbsp;Contacter<\/a>.<\/p>\n<!-- \/wp:paragraph -->\n\n<!-- wp:heading -->\n<h2>Informations suppl\u00e9mentaires<\/h2>\n<!-- \/wp:heading -->\n\n<!-- wp:paragraph -->\n<p> Le site Internet americancollegeusa.com est h\u00e9berg\u00e9 en France chez OVH. Toutes les mesures n\u00e9cessaires ont \u00e9t\u00e9 prises aupr\u00e8s de notre partenaire afin de garantir la confidentialit\u00e9 et la s\u00e9curit\u00e9 des informations y transitant. <\/p>\n<!-- \/wp:paragraph -->","_et_gb_content_width":"","_exactmetrics_skip_tracking":false,"_exactmetrics_sitenote_active":false,"_exactmetrics_sitenote_note":"","_exactmetrics_sitenote_category":0,"footnotes":""},"class_list":["post-3","page","type-page","status-publish","hentry"],"yoast_head":"<!-- This site is optimized with the Yoast SEO plugin v26.9 - https:\/\/yoast.com\/product\/yoast-seo-wordpress\/ -->\n<title>Politique de confidentialit\u00e9 - American College USA<\/title>\n<meta name=\"robots\" content=\"index, follow, max-snippet:-1, max-image-preview:large, max-video-preview:-1\" \/>\n<link rel=\"canonical\" href=\"https:\/\/americancollegeusa.com\/en\/politique-de-confidentialite\/\" \/>\n<meta property=\"og:locale\" content=\"en_US\" \/>\n<meta property=\"og:type\" content=\"article\" \/>\n<meta property=\"og:title\" content=\"Politique de confidentialit\u00e9 - American College USA\" \/>\n<meta property=\"og:description\" content=\"Qui sommes-nous\u00a0? &nbsp; American College, nous sommes localis\u00e9s \u00e0 Neuilly-sur-Seine (92200). L\u2019adresse de notre site Web est\u00a0: https:\/\/americancollegeusa.com\/.\u00a0 &nbsp; Utilisation des donn\u00e9es personnelles collect\u00e9es &nbsp; Dans le cadre des consultations du site Internet americancollegeusa.com MICADAN peut recueillir et enregistrer les donn\u00e9es suivantes:\u2013 donn\u00e9es r\u00e9sultant de l\u2019utilisation du site (pages charg\u00e9es par exemple),\u2013 donn\u00e9es non personnelles [&hellip;]\" \/>\n<meta property=\"og:url\" content=\"https:\/\/americancollegeusa.com\/en\/politique-de-confidentialite\/\" \/>\n<meta property=\"og:site_name\" content=\"American College USA\" \/>\n<meta property=\"article:publisher\" content=\"https:\/\/www.facebook.com\/AmericanCollegeofficial\/?ref=bookmarks\" \/>\n<meta property=\"article:modified_time\" content=\"2023-04-27T09:51:38+00:00\" \/>\n<meta name=\"twitter:card\" content=\"summary_large_image\" \/>\n<meta name=\"twitter:label1\" content=\"Est. reading time\" \/>\n\t<meta name=\"twitter:data1\" content=\"4 minutes\" \/>\n<script type=\"application\/ld+json\" class=\"yoast-schema-graph\">{\"@context\":\"https:\/\/schema.org\",\"@graph\":[{\"@type\":\"WebPage\",\"@id\":\"https:\/\/americancollegeusa.com\/politique-de-confidentialite\/\",\"url\":\"https:\/\/americancollegeusa.com\/politique-de-confidentialite\/\",\"name\":\"Politique de confidentialit\u00e9 - American College USA\",\"isPartOf\":{\"@id\":\"https:\/\/americancollegeusa.com\/#website\"},\"datePublished\":\"2019-01-04T08:37:20+00:00\",\"dateModified\":\"2023-04-27T09:51:38+00:00\",\"breadcrumb\":{\"@id\":\"https:\/\/americancollegeusa.com\/politique-de-confidentialite\/#breadcrumb\"},\"inLanguage\":\"en-US\",\"potentialAction\":[{\"@type\":\"ReadAction\",\"target\":[\"https:\/\/americancollegeusa.com\/politique-de-confidentialite\/\"]}]},{\"@type\":\"BreadcrumbList\",\"@id\":\"https:\/\/americancollegeusa.com\/politique-de-confidentialite\/#breadcrumb\",\"itemListElement\":[{\"@type\":\"ListItem\",\"position\":1,\"name\":\"Accueil\",\"item\":\"https:\/\/americancollegeusa.com\/\"},{\"@type\":\"ListItem\",\"position\":2,\"name\":\"Politique de confidentialit\u00e9\"}]},{\"@type\":\"WebSite\",\"@id\":\"https:\/\/americancollegeusa.com\/#website\",\"url\":\"https:\/\/americancollegeusa.com\/\",\"name\":\"American College USA\",\"description\":\"\",\"potentialAction\":[{\"@type\":\"SearchAction\",\"target\":{\"@type\":\"EntryPoint\",\"urlTemplate\":\"https:\/\/americancollegeusa.com\/?s={search_term_string}\"},\"query-input\":{\"@type\":\"PropertyValueSpecification\",\"valueRequired\":true,\"valueName\":\"search_term_string\"}}],\"inLanguage\":\"en-US\"}]}<\/script>\n<!-- \/ Yoast SEO plugin. -->","yoast_head_json":{"title":"Politique de confidentialit\u00e9 - American College USA","robots":{"index":"index","follow":"follow","max-snippet":"max-snippet:-1","max-image-preview":"max-image-preview:large","max-video-preview":"max-video-preview:-1"},"canonical":"https:\/\/americancollegeusa.com\/en\/politique-de-confidentialite\/","og_locale":"en_US","og_type":"article","og_title":"Politique de confidentialit\u00e9 - American College USA","og_description":"Qui sommes-nous\u00a0? &nbsp; American College, nous sommes localis\u00e9s \u00e0 Neuilly-sur-Seine (92200). L\u2019adresse de notre site Web est\u00a0: https:\/\/americancollegeusa.com\/.\u00a0 &nbsp; Utilisation des donn\u00e9es personnelles collect\u00e9es &nbsp; Dans le cadre des consultations du site Internet americancollegeusa.com MICADAN peut recueillir et enregistrer les donn\u00e9es suivantes:\u2013 donn\u00e9es r\u00e9sultant de l\u2019utilisation du site (pages charg\u00e9es par exemple),\u2013 donn\u00e9es non personnelles [&hellip;]","og_url":"https:\/\/americancollegeusa.com\/en\/politique-de-confidentialite\/","og_site_name":"American College USA","article_publisher":"https:\/\/www.facebook.com\/AmericanCollegeofficial\/?ref=bookmarks","article_modified_time":"2023-04-27T09:51:38+00:00","twitter_card":"summary_large_image","twitter_misc":{"Est. reading time":"4 minutes"},"schema":{"@context":"https:\/\/schema.org","@graph":[{"@type":"WebPage","@id":"https:\/\/americancollegeusa.com\/politique-de-confidentialite\/","url":"https:\/\/americancollegeusa.com\/politique-de-confidentialite\/","name":"Politique de confidentialit\u00e9 - American College USA","isPartOf":{"@id":"https:\/\/americancollegeusa.com\/#website"},"datePublished":"2019-01-04T08:37:20+00:00","dateModified":"2023-04-27T09:51:38+00:00","breadcrumb":{"@id":"https:\/\/americancollegeusa.com\/politique-de-confidentialite\/#breadcrumb"},"inLanguage":"en-US","potentialAction":[{"@type":"ReadAction","target":["https:\/\/americancollegeusa.com\/politique-de-confidentialite\/"]}]},{"@type":"BreadcrumbList","@id":"https:\/\/americancollegeusa.com\/politique-de-confidentialite\/#breadcrumb","itemListElement":[{"@type":"ListItem","position":1,"name":"Accueil","item":"https:\/\/americancollegeusa.com\/"},{"@type":"ListItem","position":2,"name":"Politique de confidentialit\u00e9"}]},{"@type":"WebSite","@id":"https:\/\/americancollegeusa.com\/#website","url":"https:\/\/americancollegeusa.com\/","name":"American College USA","description":"","potentialAction":[{"@type":"SearchAction","target":{"@type":"EntryPoint","urlTemplate":"https:\/\/americancollegeusa.com\/?s={search_term_string}"},"query-input":{"@type":"PropertyValueSpecification","valueRequired":true,"valueName":"search_term_string"}}],"inLanguage":"en-US"}]}},"_links":{"self":[{"href":"https:\/\/americancollegeusa.com\/en\/wp-json\/wp\/v2\/pages\/3","targetHints":{"allow":["GET"]}}],"collection":[{"href":"https:\/\/americancollegeusa.com\/en\/wp-json\/wp\/v2\/pages"}],"about":[{"href":"https:\/\/americancollegeusa.com\/en\/wp-json\/wp\/v2\/types\/page"}],"author":[{"embeddable":true,"href":"https:\/\/americancollegeusa.com\/en\/wp-json\/wp\/v2\/users\/18"}],"replies":[{"embeddable":true,"href":"https:\/\/americancollegeusa.com\/en\/wp-json\/wp\/v2\/comments?post=3"}],"version-history":[{"count":7,"href":"https:\/\/americancollegeusa.com\/en\/wp-json\/wp\/v2\/pages\/3\/revisions"}],"predecessor-version":[{"id":11926,"href":"https:\/\/americancollegeusa.com\/en\/wp-json\/wp\/v2\/pages\/3\/revisions\/11926"}],"wp:attachment":[{"href":"https:\/\/americancollegeusa.com\/en\/wp-json\/wp\/v2\/media?parent=3"}],"curies":[{"name":"wp","href":"https:\/\/api.w.org\/{rel}","templated":true}]}}