{"id":297,"date":"2019-01-18T12:37:57","date_gmt":"2019-01-18T11:37:57","guid":{"rendered":"https:\/\/americancollegeusa.com\/?page_id=297"},"modified":"2019-12-10T16:59:27","modified_gmt":"2019-12-10T15:59:27","slug":"paiement-securise","status":"publish","type":"page","link":"https:\/\/americancollegeusa.com\/en\/paiement-securise\/","title":{"rendered":"Paiement S\u00e9curis\u00e9"},"content":{"rendered":"<p>[et_pb_section fb_built=\u00a0\u00bb1&Prime; _builder_version=\u00a0\u00bb3.22&Prime;][et_pb_row _builder_version=\u00a0\u00bb3.25&Prime;][et_pb_column type=\u00a0\u00bb4_4&Prime; _builder_version=\u00a0\u00bb3.25&Prime; custom_padding=\u00a0\u00bb|||\u00a0\u00bb custom_padding__hover=\u00a0\u00bb|||\u00a0\u00bb][et_pb_text _builder_version=\u00a0\u00bb4.0.8&Prime; hover_enabled=\u00a0\u00bb0&Prime;]<\/p>\n<h1>Un paiement s\u00e9curis\u00e9 avec Stripe<\/h1>\n<p>Lorsque vous fa\u00eetes des achats sur notre plateforme, vous b\u00e9n\u00e9ficiez d&rsquo;un canal de paiement enti\u00e8rement s\u00e9curis\u00e9 et conforme aux normes et directives les plus rigoureuses du secteur : Stripe.<\/p>\n<p>Stripe respecte les plus hauts standards de s\u00e9curit\u00e9 du paiement en ligne !<\/p>\n<p>Les paiements par carte bancaire (Bleue, Visa, Mastercard) s\u2019effectuent dans leur totalit\u00e9 \u00e0 la fin de la commande.<br \/>\nTous les paiements par carte bancaire sont 100% s\u00e9curis\u00e9s par la plateforme Stripe, conform\u00e9ment aux dispositifs de s\u00e9curit\u00e9 interbancaires fran\u00e7ais et internationaux. Stripe permet \u00e0 l\u2019internaute d\u2019effectuer ses achats en ligne en toute s\u00e9curit\u00e9 et en toute s\u00e9r\u00e9nit\u00e9.<\/p>\n<p>Vos donn\u00e9es bancaires sont crypt\u00e9es (technologie SSL). Elles ne circulent pas en clair sur internet et ne peuvent \u00eatre intercept\u00e9es. Vos donn\u00e9es bancaires (num\u00e9ro de carte, date expiration\u2026) ne nous sont en aucun cas communiqu\u00e9es.<\/p>\n<p>Un paiement avec Stripe est-il s\u00fbr ?<\/p>\n<p>Lors d\u2019un achat sur internet \u00e9quip\u00e9 de Stripe, l\u2019ensemble de la transaction s\u2019effectue sur notre site bancaire en mode crypt\u00e9. Vous quittez temporairement le site du commer\u00e7ant en toute transparence pour enregistrer vos coordonn\u00e9es bancaires. C\u2019est la garantie que : le commer\u00e7ant ne conna\u00eetra jamais votre num\u00e9ro de carte !<br \/>\nStripe ne pourra rien savoir du d\u00e9tail de vos achats puisque seul le montant total et le num\u00e9ro de commande nous sont transmis par le marchand.<\/p>\n<p>Quelles s\u00e9curit\u00e9s utilise Stripe ?<\/p>\n<p>Stripe utilise le syst\u00e8me normalis\u00e9 de cryptage appel\u00e9 \u00ab le protocole SSL \u00bb. Il se concr\u00e9tise, lorsque vous \u00eates sur la page de paiement, par :<br \/>\nUn cadenas ferm\u00e9 dans le coin de votre navigateur.<br \/>\nLe mode https:\/\/ au lieu de http:\/\/ dans la barre d\u2019adresse de votre navigateur.<br \/>\nLorsque vous passez de mode non-crypt\u00e9 en mode crypt\u00e9 (et inversement), les navigateurs affichent un message vous pr\u00e9venant du changement. V\u00e9rifiez ces \u00e9l\u00e9ments avant la saisie de donn\u00e9es confidentielles, c\u2019est un gage de s\u00e9curit\u00e9. Afin d\u2019utiliser les protocoles les plus puissants, nous vous recommandons l\u2019usage d\u2019un navigateur de derni\u00e8re version.<\/p>\n<p>Stripe utilise les m\u00e9thodes suivantes de s\u00e9curisation de ses pages de paiement :<\/p>\n<p>Tous les num\u00e9ros de carte sont chiffr\u00e9s sur disque avec AES-256.<br \/>\nL\u2019infrastructure de Stripe pour le stockage, le d\u00e9chiffrage et la transmission des num\u00e9ros de carte s\u2019ex\u00e9cute de mani\u00e8re ind\u00e9pendante, sans partager aucune information sensible avec les services principaux de Stripe.<\/p>\n<p>La s\u00e9curit\u00e9 chez Stripe, ce sont aussi les certifications et licences suivantes :<br \/>\n-Certification PCI DSS de niveau 1 License de transfert mon\u00e9taire aux Etats-Unis<br \/>\n-Conforme \u00e0 la directive europ\u00e9enne DSP2 et \u00e0 l\u2019authentification forte du client<br \/>\n-Rapports SSAE18\/ SOC 1 Type 1 et 2 Licence E-money en Europe<\/p>\n<p>Quelles sont les informations n\u00e9cessaires pour utiliser Stripe ?<\/p>\n<p>Stripe vous demandera les informations suivantes :<br \/>\n-le num\u00e9ro de carte bancaire ou de carte privative (num\u00e9ros \u00e0 15 ou 16 chiffres)<br \/>\n-la date d\u2019expiration<br \/>\n-le cryptogramme visuel (3 ou 4 derniers chiffres sur la bande de signature de votre carte)<\/p>\n<p>Avec le d\u00e9ploiement du 3D Secure (reconnaissable avec les logos \u00ab Verifed By Visa \u00bb ou \u00ab MasterCard SecureCode \u00bb) votre banque vous demandera \u00e9galement lors du paiement de vous authentifier par une information confidentielle \u00e0 saisir sur une page internet de votre propre banque.<\/p>\n<p>\u00c0 QUOI CORRESPOND LE PIRATAGE INTERNET ?<\/p>\n<p>Le risque de voir \u00ab pirater \u00bb votre num\u00e9ro de carte bancaire lorsque vous achetez un produit sur un site internet \u00e9quip\u00e9 de Stripe est infime.<br \/>\nLes usages frauduleux des num\u00e9ros de cartes bancaires existent. Ils r\u00e9sultent le plus souvent d\u2019un autre ph\u00e9nom\u00e8ne : un individu mal intentionn\u00e9 ayant trouv\u00e9 ou vol\u00e9 un num\u00e9ro de carte bancaire utilise ce num\u00e9ro pour faire ses achats sur le net.<br \/>\nLe num\u00e9ro de carte bancaire est valide, puisque son v\u00e9ritable porteur l\u2019utilise dans l\u2019insouciance. Les syst\u00e8mes de v\u00e9rification de validit\u00e9 des cartes bancaires ne peuvent donc rep\u00e9rer le contrevenant. Seul le 3D Secure r\u00e9duit ce risque car vous devez en plus vous authentifier aupr\u00e8s de votre banque.<\/p>\n<p>En savoir plus sur Stripe <a href=\"https:\/\/stripe.com\/fr\/payments?locale=fr\">ici<\/a>.[\/et_pb_text][\/et_pb_column][\/et_pb_row][et_pb_row _builder_version=\u00a0\u00bb4.0.8&Prime;][et_pb_column _builder_version=\u00a0\u00bb4.0.8&Prime; type=\u00a0\u00bb4_4&Prime;][et_pb_image src=\u00a0\u00bbhttps:\/\/americancollegeusa.com\/wp-content\/uploads\/2019\/01\/secure-stripe-payment-logo.png\u00a0\u00bb _builder_version=\u00a0\u00bb4.0.8&Prime; hover_enabled=\u00a0\u00bb0&Prime; align=\u00a0\u00bbcenter\u00a0\u00bb][\/et_pb_image][\/et_pb_column][\/et_pb_row][\/et_pb_section]<\/p>","protected":false},"excerpt":{"rendered":"<p>Un paiement s\u00e9curis\u00e9 avec Stripe Lorsque vous fa\u00eetes des achats sur notre plateforme, vous b\u00e9n\u00e9ficiez d&rsquo;un canal de paiement enti\u00e8rement s\u00e9curis\u00e9 et conforme aux normes et directives les plus rigoureuses du secteur : Stripe. Stripe respecte les plus hauts standards de s\u00e9curit\u00e9 du paiement en ligne ! Les paiements par carte bancaire (Bleue, Visa, Mastercard) [&hellip;]<\/p>","protected":false},"author":18,"featured_media":0,"parent":0,"menu_order":0,"comment_status":"closed","ping_status":"closed","template":"","meta":{"_et_pb_use_builder":"on","_et_pb_old_content":"","_et_gb_content_width":"","_exactmetrics_skip_tracking":false,"_exactmetrics_sitenote_active":false,"_exactmetrics_sitenote_note":"","_exactmetrics_sitenote_category":0,"footnotes":""},"class_list":["post-297","page","type-page","status-publish","hentry"],"yoast_head":"<!-- This site is optimized with the Yoast SEO plugin v26.9 - https:\/\/yoast.com\/product\/yoast-seo-wordpress\/ -->\n<title>Paiement S\u00e9curis\u00e9 - American College USA<\/title>\n<meta name=\"robots\" content=\"index, follow, max-snippet:-1, max-image-preview:large, max-video-preview:-1\" \/>\n<link rel=\"canonical\" href=\"https:\/\/americancollegeusa.com\/en\/paiement-securise\/\" \/>\n<meta property=\"og:locale\" content=\"en_US\" \/>\n<meta property=\"og:type\" content=\"article\" \/>\n<meta property=\"og:title\" content=\"Paiement S\u00e9curis\u00e9 - American College USA\" \/>\n<meta property=\"og:description\" content=\"Un paiement s\u00e9curis\u00e9 avec Stripe Lorsque vous fa\u00eetes des achats sur notre plateforme, vous b\u00e9n\u00e9ficiez d&#039;un canal de paiement enti\u00e8rement s\u00e9curis\u00e9 et conforme aux normes et directives les plus rigoureuses du secteur : Stripe. Stripe respecte les plus hauts standards de s\u00e9curit\u00e9 du paiement en ligne ! Les paiements par carte bancaire (Bleue, Visa, Mastercard) [&hellip;]\" \/>\n<meta property=\"og:url\" content=\"https:\/\/americancollegeusa.com\/en\/paiement-securise\/\" \/>\n<meta property=\"og:site_name\" content=\"American College USA\" \/>\n<meta property=\"article:publisher\" content=\"https:\/\/www.facebook.com\/AmericanCollegeofficial\/?ref=bookmarks\" \/>\n<meta property=\"article:modified_time\" content=\"2019-12-10T15:59:27+00:00\" \/>\n<meta name=\"twitter:card\" content=\"summary_large_image\" \/>\n<meta name=\"twitter:label1\" content=\"Est. reading time\" \/>\n\t<meta name=\"twitter:data1\" content=\"4 minutes\" \/>\n<script type=\"application\/ld+json\" class=\"yoast-schema-graph\">{\"@context\":\"https:\/\/schema.org\",\"@graph\":[{\"@type\":\"WebPage\",\"@id\":\"https:\/\/americancollegeusa.com\/en\/paiement-securise\/\",\"url\":\"https:\/\/americancollegeusa.com\/en\/paiement-securise\/\",\"name\":\"Paiement S\u00e9curis\u00e9 - American College USA\",\"isPartOf\":{\"@id\":\"https:\/\/americancollegeusa.com\/#website\"},\"datePublished\":\"2019-01-18T11:37:57+00:00\",\"dateModified\":\"2019-12-10T15:59:27+00:00\",\"breadcrumb\":{\"@id\":\"https:\/\/americancollegeusa.com\/en\/paiement-securise\/#breadcrumb\"},\"inLanguage\":\"en-US\",\"potentialAction\":[{\"@type\":\"ReadAction\",\"target\":[\"https:\/\/americancollegeusa.com\/en\/paiement-securise\/\"]}]},{\"@type\":\"BreadcrumbList\",\"@id\":\"https:\/\/americancollegeusa.com\/en\/paiement-securise\/#breadcrumb\",\"itemListElement\":[{\"@type\":\"ListItem\",\"position\":1,\"name\":\"Accueil\",\"item\":\"https:\/\/americancollegeusa.com\/\"},{\"@type\":\"ListItem\",\"position\":2,\"name\":\"Paiement S\u00e9curis\u00e9\"}]},{\"@type\":\"WebSite\",\"@id\":\"https:\/\/americancollegeusa.com\/#website\",\"url\":\"https:\/\/americancollegeusa.com\/\",\"name\":\"American College USA\",\"description\":\"\",\"potentialAction\":[{\"@type\":\"SearchAction\",\"target\":{\"@type\":\"EntryPoint\",\"urlTemplate\":\"https:\/\/americancollegeusa.com\/?s={search_term_string}\"},\"query-input\":{\"@type\":\"PropertyValueSpecification\",\"valueRequired\":true,\"valueName\":\"search_term_string\"}}],\"inLanguage\":\"en-US\"}]}<\/script>\n<!-- \/ Yoast SEO plugin. -->","yoast_head_json":{"title":"Paiement S\u00e9curis\u00e9 - American College USA","robots":{"index":"index","follow":"follow","max-snippet":"max-snippet:-1","max-image-preview":"max-image-preview:large","max-video-preview":"max-video-preview:-1"},"canonical":"https:\/\/americancollegeusa.com\/en\/paiement-securise\/","og_locale":"en_US","og_type":"article","og_title":"Paiement S\u00e9curis\u00e9 - American College USA","og_description":"Un paiement s\u00e9curis\u00e9 avec Stripe Lorsque vous fa\u00eetes des achats sur notre plateforme, vous b\u00e9n\u00e9ficiez d'un canal de paiement enti\u00e8rement s\u00e9curis\u00e9 et conforme aux normes et directives les plus rigoureuses du secteur : Stripe. Stripe respecte les plus hauts standards de s\u00e9curit\u00e9 du paiement en ligne ! Les paiements par carte bancaire (Bleue, Visa, Mastercard) [&hellip;]","og_url":"https:\/\/americancollegeusa.com\/en\/paiement-securise\/","og_site_name":"American College USA","article_publisher":"https:\/\/www.facebook.com\/AmericanCollegeofficial\/?ref=bookmarks","article_modified_time":"2019-12-10T15:59:27+00:00","twitter_card":"summary_large_image","twitter_misc":{"Est. reading time":"4 minutes"},"schema":{"@context":"https:\/\/schema.org","@graph":[{"@type":"WebPage","@id":"https:\/\/americancollegeusa.com\/en\/paiement-securise\/","url":"https:\/\/americancollegeusa.com\/en\/paiement-securise\/","name":"Paiement S\u00e9curis\u00e9 - American College USA","isPartOf":{"@id":"https:\/\/americancollegeusa.com\/#website"},"datePublished":"2019-01-18T11:37:57+00:00","dateModified":"2019-12-10T15:59:27+00:00","breadcrumb":{"@id":"https:\/\/americancollegeusa.com\/en\/paiement-securise\/#breadcrumb"},"inLanguage":"en-US","potentialAction":[{"@type":"ReadAction","target":["https:\/\/americancollegeusa.com\/en\/paiement-securise\/"]}]},{"@type":"BreadcrumbList","@id":"https:\/\/americancollegeusa.com\/en\/paiement-securise\/#breadcrumb","itemListElement":[{"@type":"ListItem","position":1,"name":"Accueil","item":"https:\/\/americancollegeusa.com\/"},{"@type":"ListItem","position":2,"name":"Paiement S\u00e9curis\u00e9"}]},{"@type":"WebSite","@id":"https:\/\/americancollegeusa.com\/#website","url":"https:\/\/americancollegeusa.com\/","name":"American College USA","description":"","potentialAction":[{"@type":"SearchAction","target":{"@type":"EntryPoint","urlTemplate":"https:\/\/americancollegeusa.com\/?s={search_term_string}"},"query-input":{"@type":"PropertyValueSpecification","valueRequired":true,"valueName":"search_term_string"}}],"inLanguage":"en-US"}]}},"_links":{"self":[{"href":"https:\/\/americancollegeusa.com\/en\/wp-json\/wp\/v2\/pages\/297","targetHints":{"allow":["GET"]}}],"collection":[{"href":"https:\/\/americancollegeusa.com\/en\/wp-json\/wp\/v2\/pages"}],"about":[{"href":"https:\/\/americancollegeusa.com\/en\/wp-json\/wp\/v2\/types\/page"}],"author":[{"embeddable":true,"href":"https:\/\/americancollegeusa.com\/en\/wp-json\/wp\/v2\/users\/18"}],"replies":[{"embeddable":true,"href":"https:\/\/americancollegeusa.com\/en\/wp-json\/wp\/v2\/comments?post=297"}],"version-history":[{"count":4,"href":"https:\/\/americancollegeusa.com\/en\/wp-json\/wp\/v2\/pages\/297\/revisions"}],"predecessor-version":[{"id":10055,"href":"https:\/\/americancollegeusa.com\/en\/wp-json\/wp\/v2\/pages\/297\/revisions\/10055"}],"wp:attachment":[{"href":"https:\/\/americancollegeusa.com\/en\/wp-json\/wp\/v2\/media?parent=297"}],"curies":[{"name":"wp","href":"https:\/\/api.w.org\/{rel}","templated":true}]}}